{"id":202883,"date":"2024-10-09T12:15:25","date_gmt":"2024-10-09T10:15:25","guid":{"rendered":"https:\/\/www.secondastrada.com\/it\/?page_id=202883"},"modified":"2025-06-12T10:09:42","modified_gmt":"2025-06-12T08:09:42","slug":"capsule-donna","status":"publish","type":"page","link":"https:\/\/www.secondastrada.com\/it\/capsule-donna\/","title":{"rendered":"CAPSULE DONNA"},"content":{"rendered":"<section class=\"l-section wpb_row height_medium\"><div class=\"l-section-h i-cf\"><div class=\"g-cols vc_row via_grid cols_1 laptops-cols_inherit tablets-cols_inherit mobiles-cols_1 valign_top type_default stacking_default\"><div class=\"wpb_column vc_column_container\"><div class=\"vc_column-inner\"><div class=\"wpb_text_column\"><div class=\"wpb_wrapper\"><h4><span>Scopri le nostre capsule: una selezione di capi essenziali ideati per essere un must-have del tuo guardaroba. Combinando gli elementi selezionati, potrai creare una molteplicit\u00e0 di outfit sempre diversi. \u00c8 la soluzione perfetta per esprimere la tua personalit\u00e0 in ogni contesto con sorprendente facilit\u00e0!<\/span><\/h4>\n<\/div><\/div><\/div><\/div><\/div><\/div><\/section><section class=\"l-section wpb_row height_medium\"><div class=\"l-section-h i-cf\"><div class=\"g-cols vc_row via_grid cols_4 laptops-cols_inherit tablets-cols_inherit mobiles-cols_1 valign_top type_default stacking_default\"><div class=\"wpb_column vc_column_container\"><div class=\"vc_column-inner\"><div class=\"w-image align_none\"><a href=\"https:\/\/www.secondastrada.com\/it\/tag\/boho-chic-capsule\/\" aria-label=\"capsule donna boho chic\" class=\"w-image-h\"><img decoding=\"async\" width=\"576\" height=\"1024\" src=\"https:\/\/www.secondastrada.com\/wp-content\/uploads\/2025\/06\/capsule-donna-boho-chic-576x1024.jpg\" class=\"attachment-large size-large\" alt=\"\" loading=\"lazy\" srcset=\"https:\/\/www.secondastrada.com\/wp-content\/uploads\/2025\/06\/capsule-donna-boho-chic-576x1024.jpg 576w, https:\/\/www.secondastrada.com\/wp-content\/uploads\/2025\/06\/capsule-donna-boho-chic-169x300.jpg 169w, https:\/\/www.secondastrada.com\/wp-content\/uploads\/2025\/06\/capsule-donna-boho-chic-225x400.jpg 225w, https:\/\/www.secondastrada.com\/wp-content\/uploads\/2025\/06\/capsule-donna-boho-chic-600x1067.jpg 600w, https:\/\/www.secondastrada.com\/wp-content\/uploads\/2025\/06\/capsule-donna-boho-chic.jpg 1080w\" sizes=\"(max-width: 576px) 100vw, 576px\" \/><\/a><\/div><\/div><\/div><div class=\"wpb_column vc_column_container\"><div class=\"vc_column-inner\"><div class=\"w-image align_none\"><a href=\"https:\/\/www.secondastrada.com\/it\/tag\/lino-e-leggerezza-capsule-donna\/\" aria-label=\"capsule donna\" class=\"w-image-h\"><img decoding=\"async\" width=\"576\" height=\"1024\" src=\"https:\/\/www.secondastrada.com\/wp-content\/uploads\/2025\/06\/capsule-donna-576x1024.jpg\" class=\"attachment-large size-large\" alt=\"\" loading=\"lazy\" srcset=\"https:\/\/www.secondastrada.com\/wp-content\/uploads\/2025\/06\/capsule-donna-576x1024.jpg 576w, https:\/\/www.secondastrada.com\/wp-content\/uploads\/2025\/06\/capsule-donna-169x300.jpg 169w, https:\/\/www.secondastrada.com\/wp-content\/uploads\/2025\/06\/capsule-donna-225x400.jpg 225w, https:\/\/www.secondastrada.com\/wp-content\/uploads\/2025\/06\/capsule-donna-600x1067.jpg 600w, https:\/\/www.secondastrada.com\/wp-content\/uploads\/2025\/06\/capsule-donna.jpg 1080w\" sizes=\"(max-width: 576px) 100vw, 576px\" \/><\/a><\/div><\/div><\/div><div class=\"wpb_column vc_column_container\"><div class=\"vc_column-inner\"><div class=\"w-image align_none\"><a href=\"https:\/\/www.secondastrada.com\/it\/tag\/denim-lovers-capsule-donna\/\" aria-label=\"capsule donna\" class=\"w-image-h\"><img decoding=\"async\" width=\"576\" height=\"1024\" src=\"https:\/\/www.secondastrada.com\/wp-content\/uploads\/2025\/05\/capsule-donna-1-576x1024.jpg\" class=\"attachment-large size-large\" alt=\"\" loading=\"lazy\" srcset=\"https:\/\/www.secondastrada.com\/wp-content\/uploads\/2025\/05\/capsule-donna-1-576x1024.jpg 576w, https:\/\/www.secondastrada.com\/wp-content\/uploads\/2025\/05\/capsule-donna-1-169x300.jpg 169w, https:\/\/www.secondastrada.com\/wp-content\/uploads\/2025\/05\/capsule-donna-1-225x400.jpg 225w, https:\/\/www.secondastrada.com\/wp-content\/uploads\/2025\/05\/capsule-donna-1-600x1067.jpg 600w, https:\/\/www.secondastrada.com\/wp-content\/uploads\/2025\/05\/capsule-donna-1.jpg 1080w\" sizes=\"(max-width: 576px) 100vw, 576px\" \/><\/a><\/div><\/div><\/div><div class=\"wpb_column vc_column_container\"><div class=\"vc_column-inner\"><div class=\"w-image align_none\"><a href=\"https:\/\/www.secondastrada.com\/it\/tag\/spring-basic-capsule-donna\/\" aria-label=\"capsule spring basic donna\" class=\"w-image-h\"><img decoding=\"async\" width=\"576\" height=\"1024\" src=\"https:\/\/www.secondastrada.com\/wp-content\/uploads\/2025\/06\/capsule-spring-basic-donna-576x1024.jpg\" class=\"attachment-large size-large\" alt=\"\" loading=\"lazy\" srcset=\"https:\/\/www.secondastrada.com\/wp-content\/uploads\/2025\/06\/capsule-spring-basic-donna-576x1024.jpg 576w, https:\/\/www.secondastrada.com\/wp-content\/uploads\/2025\/06\/capsule-spring-basic-donna-169x300.jpg 169w, https:\/\/www.secondastrada.com\/wp-content\/uploads\/2025\/06\/capsule-spring-basic-donna-225x400.jpg 225w, https:\/\/www.secondastrada.com\/wp-content\/uploads\/2025\/06\/capsule-spring-basic-donna-600x1067.jpg 600w, https:\/\/www.secondastrada.com\/wp-content\/uploads\/2025\/06\/capsule-spring-basic-donna.jpg 1080w\" sizes=\"(max-width: 576px) 100vw, 576px\" \/><\/a><\/div><\/div><\/div><\/div><\/div><\/section>\n","protected":false},"excerpt":{"rendered":"Scopri le nostre capsule: una selezione di capi essenziali ideati per essere un must-have del tuo guardaroba. Combinando gli elementi selezionati, potrai creare una molteplicit\u00e0 di outfit sempre diversi. \u00c8 la soluzione perfetta per esprimere la tua personalit\u00e0 in ogni contesto con sorprendente facilit\u00e0!","protected":false},"author":3,"featured_media":0,"parent":0,"menu_order":0,"comment_status":"closed","ping_status":"closed","template":"","meta":{"inline_featured_image":false,"footnotes":""},"class_list":["post-202883","page","type-page","status-publish","hentry"],"acf":[],"yoast_head":"<!-- This site is optimized with the Yoast SEO plugin v22.3 - https:\/\/yoast.com\/wordpress\/plugins\/seo\/ -->\n<title>CAPSULE DONNA - Seconda Strada<\/title>\n<meta name=\"robots\" content=\"index, follow, max-snippet:-1, max-image-preview:large, max-video-preview:-1\" \/>\n<link rel=\"canonical\" href=\"https:\/\/www.secondastrada.com\/it\/capsule-donna\/\" \/>\n<meta property=\"og:locale\" content=\"it_IT\" \/>\n<meta property=\"og:type\" content=\"article\" \/>\n<meta property=\"og:title\" content=\"CAPSULE DONNA - Seconda Strada\" \/>\n<meta property=\"og:url\" content=\"https:\/\/www.secondastrada.com\/it\/capsule-donna\/\" \/>\n<meta property=\"og:site_name\" content=\"Seconda Strada\" \/>\n<meta property=\"article:modified_time\" content=\"2025-06-12T08:09:42+00:00\" \/>\n<meta name=\"twitter:card\" content=\"summary_large_image\" \/>\n<meta name=\"twitter:label1\" content=\"Tempo di lettura stimato\" \/>\n\t<meta name=\"twitter:data1\" content=\"1 minuto\" \/>\n<!-- \/ Yoast SEO plugin. -->","yoast_head_json":{"title":"CAPSULE DONNA - Seconda Strada","robots":{"index":"index","follow":"follow","max-snippet":"max-snippet:-1","max-image-preview":"max-image-preview:large","max-video-preview":"max-video-preview:-1"},"canonical":"https:\/\/www.secondastrada.com\/it\/capsule-donna\/","og_locale":"it_IT","og_type":"article","og_title":"CAPSULE DONNA - Seconda Strada","og_url":"https:\/\/www.secondastrada.com\/it\/capsule-donna\/","og_site_name":"Seconda Strada","article_modified_time":"2025-06-12T08:09:42+00:00","twitter_card":"summary_large_image","twitter_misc":{"Tempo di lettura stimato":"1 minuto"},"schema":{"@context":"https:\/\/schema.org","@graph":[{"@type":"WebPage","@id":"https:\/\/www.secondastrada.com\/it\/capsule-donna\/","url":"https:\/\/www.secondastrada.com\/it\/capsule-donna\/","name":"CAPSULE DONNA - Seconda Strada","isPartOf":{"@id":"https:\/\/www.secondastrada.com\/it\/#website"},"datePublished":"2024-10-09T10:15:25+00:00","dateModified":"2025-06-12T08:09:42+00:00","breadcrumb":{"@id":"https:\/\/www.secondastrada.com\/it\/capsule-donna\/#breadcrumb"},"inLanguage":"it-IT","potentialAction":[{"@type":"ReadAction","target":["https:\/\/www.secondastrada.com\/it\/capsule-donna\/"]}]},{"@type":"BreadcrumbList","@id":"https:\/\/www.secondastrada.com\/it\/capsule-donna\/#breadcrumb","itemListElement":[{"@type":"ListItem","position":1,"name":"Home","item":"https:\/\/www.secondastrada.com\/it\/"},{"@type":"ListItem","position":2,"name":"CAPSULE DONNA"}]},{"@type":"WebSite","@id":"https:\/\/www.secondastrada.com\/it\/#website","url":"https:\/\/www.secondastrada.com\/it\/","name":"Seconda Strada","description":"","publisher":{"@id":"https:\/\/www.secondastrada.com\/it\/#organization"},"potentialAction":[{"@type":"SearchAction","target":{"@type":"EntryPoint","urlTemplate":"https:\/\/www.secondastrada.com\/it\/?s={search_term_string}"},"query-input":"required name=search_term_string"}],"inLanguage":"it-IT"},{"@type":"Organization","@id":"https:\/\/www.secondastrada.com\/it\/#organization","name":"Seconda Strada","url":"https:\/\/www.secondastrada.com\/it\/","logo":{"@type":"ImageObject","inLanguage":"it-IT","@id":"https:\/\/www.secondastrada.com\/it\/#\/schema\/logo\/image\/","url":"https:\/\/www.secondastrada.com\/wp-content\/uploads\/2023\/11\/secondastrada-logo.svg","contentUrl":"https:\/\/www.secondastrada.com\/wp-content\/uploads\/2023\/11\/secondastrada-logo.svg","width":353,"height":47,"caption":"Seconda Strada"},"image":{"@id":"https:\/\/www.secondastrada.com\/it\/#\/schema\/logo\/image\/"}}]}},"_links":{"self":[{"href":"https:\/\/www.secondastrada.com\/it\/wp-json\/wp\/v2\/pages\/202883"}],"collection":[{"href":"https:\/\/www.secondastrada.com\/it\/wp-json\/wp\/v2\/pages"}],"about":[{"href":"https:\/\/www.secondastrada.com\/it\/wp-json\/wp\/v2\/types\/page"}],"author":[{"embeddable":true,"href":"https:\/\/www.secondastrada.com\/it\/wp-json\/wp\/v2\/users\/3"}],"replies":[{"embeddable":true,"href":"https:\/\/www.secondastrada.com\/it\/wp-json\/wp\/v2\/comments?post=202883"}],"version-history":[{"count":5,"href":"https:\/\/www.secondastrada.com\/it\/wp-json\/wp\/v2\/pages\/202883\/revisions"}],"predecessor-version":[{"id":282722,"href":"https:\/\/www.secondastrada.com\/it\/wp-json\/wp\/v2\/pages\/202883\/revisions\/282722"}],"wp:attachment":[{"href":"https:\/\/www.secondastrada.com\/it\/wp-json\/wp\/v2\/media?parent=202883"}],"curies":[{"name":"wp","href":"https:\/\/api.w.org\/{rel}","templated":true}]}}