{"id":3220,"date":"2024-02-29T12:02:31","date_gmt":"2024-02-29T11:02:31","guid":{"rendered":"http:\/\/secondastrada.com\/?page_id=3220"},"modified":"2024-03-11T16:47:21","modified_gmt":"2024-03-11T15:47:21","slug":"servizio-clienti","status":"publish","type":"page","link":"https:\/\/www.secondastrada.com\/it\/servizio-clienti\/","title":{"rendered":"Servizio clienti"},"content":{"rendered":"<section class=\"l-section wpb_row us_custom_ff10e8d5 height_medium\"><div class=\"l-section-h i-cf\"><div class=\"g-cols vc_row via_grid cols_1 laptops-cols_inherit tablets-cols_inherit mobiles-cols_1 valign_top type_default stacking_default\"><div class=\"wpb_column vc_column_container\"><div class=\"vc_column-inner\"><nav class=\"g-breadcrumbs us_custom_b03640aa bread-style separator_icon align_none\" itemscope itemtype=\"http:\/\/schema.org\/BreadcrumbList\"><div class=\"g-breadcrumbs-item\" itemscope itemprop=\"itemListElement\" itemtype=\"http:\/\/schema.org\/ListItem\"><a itemprop=\"item\" href=\"https:\/\/www.secondastrada.com\/it\/\"><span itemprop=\"name\">Home<\/span><\/a><meta itemprop=\"position\" content=\"1\"\/><\/div><div class=\"g-breadcrumbs-separator\"><i class=\"far fa-angle-right\"><\/i><\/div><div class=\"g-breadcrumbs-item\">Pagine<\/div><\/nav><\/div><\/div><\/div><\/div><\/section><section class=\"l-section wpb_row us_custom_887a049b height_medium\"><div class=\"l-section-h i-cf\"><div class=\"g-cols vc_row via_grid cols_1 laptops-cols_inherit tablets-cols_inherit mobiles-cols_1 valign_top type_default stacking_default\"><div class=\"wpb_column vc_column_container\"><div class=\"vc_column-inner\"><div class=\"wpb_text_column us_custom_4de3ce74 fs-50 txt-uppercase\"><div class=\"wpb_wrapper\"><h1>Servizio clienti<\/h1>\n<\/div><\/div><div class=\"g-cols wpb_row us_custom_3090c82c row-border row-servizio-c via_grid cols_3 laptops-cols_inherit tablets-cols_inherit mobiles-cols_1 valign_top type_default stacking_default\" style=\"--columns-gap:10px;\"><div class=\"wpb_column vc_column_container\"><div class=\"vc_column-inner\"><div class=\"w-iconbox iconpos_top style_default color_primary align_center no_text\"><div class=\"w-iconbox-icon\" style=\"font-size:3rem;\"><i class=\"fal fa-box-open\"><\/i><\/div><div class=\"w-iconbox-meta\"><p class=\"w-iconbox-title\" style=\"font-size:1.5rem;\">Resi<\/p><\/div><\/div><div class=\"w-btn-wrapper align_center\"><a class=\"w-btn us-btn-style_2 btn-text btn-servizio-c\" href=\"\/it\/servizio-clienti\/resi\"><span class=\"w-btn-label\">Leggi tutto<\/span><\/a><\/div><\/div><\/div><div class=\"wpb_column vc_column_container\"><div class=\"vc_column-inner\"><div class=\"w-iconbox iconpos_top style_default color_primary align_center no_text icontype_img\"><div class=\"w-iconbox-icon\" style=\"font-size:3rem;\"><?xml version=\"1.0\" encoding=\"UTF-8\"?>\n<!-- Uploaded to: SVG Repo, www.svgrepo.com, Transformed by: SVG Repo Mixer Tools -->\n<svg xmlns=\"http:\/\/www.w3.org\/2000\/svg\" xmlns:xlink=\"http:\/\/www.w3.org\/1999\/xlink\" version=\"1.1\" id=\"Capa_1\" width=\"800px\" height=\"800px\" viewBox=\"0 0 156.199 156.199\" xml:space=\"preserve\" fill=\"#144361\">\n\n<g id=\"SVGRepo_bgCarrier\" stroke-width=\"0\"><\/g>\n\n<g id=\"SVGRepo_tracerCarrier\" stroke-linecap=\"round\" stroke-linejoin=\"round\"><\/g>\n\n<g id=\"SVGRepo_iconCarrier\"> <g> <path style=\"fill:#144361;\" d=\"M102.496,45.204h-2.499v-0.012l-77.613-0.368l32.958-32.959l-8.277-8.28L0,50.65l47.882,47.889 l8.28-8.28l-33.719-33.73l71.642,0.346v0.04h8.417c23.151,0,41.993,18.838,41.993,41.997c0,23.151-18.842,41.992-41.993,41.992H0 v11.711h102.496c29.613,0,53.703-24.09,53.703-53.703C156.199,69.293,132.109,45.204,102.496,45.204z\"><\/path> <\/g> <\/g>\n\n<\/svg>\n<\/div><div class=\"w-iconbox-meta\"><p class=\"w-iconbox-title\" style=\"font-size:1.5rem;\">Rimborsi<\/p><\/div><\/div><div class=\"w-btn-wrapper align_center\"><a class=\"w-btn us-btn-style_2 btn-text btn-servizio-c\" title=\"Rimborsi\" href=\"\/it\/servizio-clienti\/rimborsi\/\"><span class=\"w-btn-label\">Leggi tutto<\/span><\/a><\/div><\/div><\/div><div class=\"wpb_column vc_column_container\"><div class=\"vc_column-inner\"><div class=\"w-iconbox iconpos_top style_default color_primary align_center no_text icontype_img\"><div class=\"w-iconbox-icon\" style=\"font-size:3rem;\"><?xml version=\"1.0\" encoding=\"UTF-8\"?>\n<!-- Uploaded to: SVG Repo, www.svgrepo.com, Transformed by: SVG Repo Mixer Tools -->\n<svg xmlns=\"http:\/\/www.w3.org\/2000\/svg\" xmlns:xlink=\"http:\/\/www.w3.org\/1999\/xlink\" fill=\"#144361\" height=\"800px\" width=\"800px\" version=\"1.1\" id=\"Capa_1\" viewBox=\"0 0 246.037 246.037\" xml:space=\"preserve\">\n\n<g id=\"SVGRepo_bgCarrier\" stroke-width=\"0\"><\/g>\n\n<g id=\"SVGRepo_tracerCarrier\" stroke-linecap=\"round\" stroke-linejoin=\"round\"><\/g>\n\n<g id=\"SVGRepo_iconCarrier\"> <g> <path d=\"M217.984,40.463H28.053C12.585,40.463,0,53.048,0,68.516v109.005c0,15.468,12.585,28.053,28.053,28.053h189.932 c15.468,0,28.053-12.585,28.053-28.053V68.516C246.037,53.048,233.453,40.463,217.984,40.463z M28.053,56.463h189.932 c6.646,0,12.053,5.407,12.053,12.053v10.697H16V68.516C16,61.87,21.407,56.463,28.053,56.463z M217.984,189.574H28.053 c-6.646,0-12.053-5.407-12.053-12.053v-63.717h214.037v63.717C230.037,184.167,224.63,189.574,217.984,189.574z\"><\/path> <circle cx=\"207.091\" cy=\"161.077\" r=\"8.767\"><\/circle> <circle cx=\"183.236\" cy=\"161.077\" r=\"8.767\"><\/circle> <circle cx=\"159.381\" cy=\"161.077\" r=\"8.767\"><\/circle> <circle cx=\"102.255\" cy=\"161.077\" r=\"8.767\"><\/circle> <circle cx=\"78.4\" cy=\"161.077\" r=\"8.767\"><\/circle> <circle cx=\"126.11\" cy=\"161.077\" r=\"8.767\"><\/circle> <\/g> <\/g>\n\n<\/svg>\n<\/div><div class=\"w-iconbox-meta\"><p class=\"w-iconbox-title\" style=\"font-size:1.5rem;\">Pagamenti<\/p><\/div><\/div><div class=\"w-btn-wrapper align_center\"><a class=\"w-btn us-btn-style_2 btn-text btn-servizio-c\" title=\"Pagamenti\" href=\"\/it\/servizio-clienti\/pagamenti\/\"><span class=\"w-btn-label\">Leggi tutto<\/span><\/a><\/div><\/div><\/div><\/div><div class=\"g-cols wpb_row us_custom_3090c82c row-border row-servizio-c via_grid cols_3 laptops-cols_inherit tablets-cols_inherit mobiles-cols_1 valign_top type_default stacking_default\" style=\"--columns-gap:10px;\"><div class=\"wpb_column vc_column_container\"><div class=\"vc_column-inner\"><div class=\"w-iconbox iconpos_top style_default color_primary align_center no_text icontype_img\"><div class=\"w-iconbox-icon\" style=\"font-size:3rem;\"><?xml version=\"1.0\" encoding=\"UTF-8\"?>\n<!-- Uploaded to: SVG Repo, www.svgrepo.com, Transformed by: SVG Repo Mixer Tools -->\n<svg xmlns=\"http:\/\/www.w3.org\/2000\/svg\" fill=\"#144361\" width=\"800px\" height=\"800px\" viewBox=\"0 0 32 32\">\n  <g id=\"SVGRepo_bgCarrier\" stroke-width=\"0\"><\/g>\n  <g id=\"SVGRepo_tracerCarrier\" stroke-linecap=\"round\" stroke-linejoin=\"round\"><\/g>\n  <g id=\"SVGRepo_iconCarrier\">\n    <path d=\"M 0 6 L 0 8 L 19 8 L 19 23 L 12.84375 23 C 12.398438 21.28125 10.851563 20 9 20 C 7.148438 20 5.601563 21.28125 5.15625 23 L 4 23 L 4 18 L 2 18 L 2 25 L 5.15625 25 C 5.601563 26.71875 7.148438 28 9 28 C 10.851563 28 12.398438 26.71875 12.84375 25 L 21.15625 25 C 21.601563 26.71875 23.148438 28 25 28 C 26.851563 28 28.398438 26.71875 28.84375 25 L 32 25 L 32 16.84375 L 31.9375 16.6875 L 29.9375 10.6875 L 29.71875 10 L 21 10 L 21 6 Z M 1 10 L 1 12 L 10 12 L 10 10 Z M 21 12 L 28.28125 12 L 30 17.125 L 30 23 L 28.84375 23 C 28.398438 21.28125 26.851563 20 25 20 C 23.148438 20 21.601563 21.28125 21.15625 23 L 21 23 Z M 2 14 L 2 16 L 8 16 L 8 14 Z M 9 22 C 10.117188 22 11 22.882813 11 24 C 11 25.117188 10.117188 26 9 26 C 7.882813 26 7 25.117188 7 24 C 7 22.882813 7.882813 22 9 22 Z M 25 22 C 26.117188 22 27 22.882813 27 24 C 27 25.117188 26.117188 26 25 26 C 23.882813 26 23 25.117188 23 24 C 23 22.882813 23.882813 22 25 22 Z\"><\/path>\n  <\/g>\n<\/svg>\n<\/div><div class=\"w-iconbox-meta\"><p class=\"w-iconbox-title\" style=\"font-size:1.5rem;\">Spedizione<\/p><\/div><\/div><div class=\"w-btn-wrapper align_center\"><a class=\"w-btn us-btn-style_2 btn-text btn-servizio-c\" title=\"Spedizioni\" href=\"\/it\/servizio-clienti\/spedizioni\/\"><span class=\"w-btn-label\">Leggi tutto<\/span><\/a><\/div><\/div><\/div><div class=\"wpb_column vc_column_container\"><div class=\"vc_column-inner\"><div class=\"w-iconbox iconpos_top style_default color_primary align_center no_text\"><div class=\"w-iconbox-icon\" style=\"font-size:3rem;\"><i class=\"fas fa-headset\"><\/i><\/div><div class=\"w-iconbox-meta\"><p class=\"w-iconbox-title\" style=\"font-size:1.5rem;\">Assistenza e contatti<\/p><\/div><\/div><div class=\"w-btn-wrapper align_center\"><a class=\"w-btn us-btn-style_2 btn-text btn-servizio-c\" title=\"Contatti\" href=\"\/it\/servizio-clienti\/assistenza\/\"><span class=\"w-btn-label\">Leggi tutto<\/span><\/a><\/div><\/div><\/div><div class=\"wpb_column vc_column_container\"><div class=\"vc_column-inner\"><div class=\"w-iconbox iconpos_top style_default color_primary align_center no_text\"><div class=\"w-iconbox-icon\" style=\"font-size:3rem;\"><i class=\"fal fa-gift-card\"><\/i><\/div><div class=\"w-iconbox-meta\"><p class=\"w-iconbox-title\" style=\"font-size:1.5rem;\">Buoni sconto<\/p><\/div><\/div><div class=\"w-btn-wrapper align_center\"><a class=\"w-btn us-btn-style_2 btn-text btn-servizio-c\" title=\"Buoni sconto\" href=\"\/it\/servizio-clienti\/buoni-sconto\/\"><span class=\"w-btn-label\">Leggi tutto<\/span><\/a><\/div><\/div><\/div><\/div><div class=\"g-cols wpb_row us_custom_4de3ce74 row-border row-servizio-c via_grid cols_3 laptops-cols_inherit tablets-cols_inherit mobiles-cols_1 valign_top type_default stacking_default\" style=\"--columns-gap:10px;\"><div class=\"wpb_column vc_column_container\"><div class=\"vc_column-inner\"><div class=\"w-iconbox iconpos_top style_default color_primary align_center no_text\"><div class=\"w-iconbox-icon\" style=\"font-size:3rem;\"><i class=\"fal fa-user-secret\"><\/i><\/div><div class=\"w-iconbox-meta\"><p class=\"w-iconbox-title\" style=\"font-size:1.5rem;\">Privacy Policy<\/p><\/div><\/div><div class=\"w-btn-wrapper align_center\"><a class=\"w-btn us-btn-style_2 btn-text btn-servizio-c\" title=\"Spedizioni\" href=\"\/it\/servizio-clienti\/privacy-policy\/\"><span class=\"w-btn-label\">Leggi tutto<\/span><\/a><\/div><\/div><\/div><div class=\"wpb_column vc_column_container\"><div class=\"vc_column-inner\"><div class=\"w-iconbox iconpos_top style_default color_primary align_center no_text\"><div class=\"w-iconbox-icon\" style=\"font-size:3rem;\"><i class=\"fal fa-users\"><\/i><\/div><div class=\"w-iconbox-meta\"><p class=\"w-iconbox-title\" style=\"font-size:1.5rem;\">Lavora con noi<\/p><\/div><\/div><div class=\"w-btn-wrapper align_center\"><a class=\"w-btn us-btn-style_2 btn-text btn-servizio-c\" title=\"Lavora con noi\" href=\"\/it\/servizio-clienti\/lavora-con-noi\/\"><span class=\"w-btn-label\">Leggi tutto<\/span><\/a><\/div><\/div><\/div><div class=\"wpb_column vc_column_container\"><div class=\"vc_column-inner\"><div class=\"w-iconbox iconpos_top style_default color_primary align_center no_text\"><div class=\"w-iconbox-icon\" style=\"font-size:3rem;\"><i class=\"fal fa-file-search\"><\/i><\/div><div class=\"w-iconbox-meta\"><p class=\"w-iconbox-title\" style=\"font-size:1.5rem;\">Termini e condizioni<\/p><\/div><\/div><div class=\"w-btn-wrapper align_center\"><a class=\"w-btn us-btn-style_2 btn-text btn-servizio-c\" title=\"Termini e condizioni\" href=\"\/it\/servizio-clienti\/termini-e-condizioni\/\"><span class=\"w-btn-label\">Leggi tutto<\/span><\/a><\/div><\/div><\/div><\/div><\/div><\/div><\/div><\/div><\/section><section class=\"l-section wpb_row height_medium width_custom\" style=\"--site-content-width:820px;\"><div class=\"l-section-h i-cf\"><div class=\"g-cols vc_row via_grid cols_1 laptops-cols_inherit tablets-cols_inherit mobiles-cols_1 valign_top type_default stacking_default\"><div class=\"wpb_column vc_column_container\"><div class=\"vc_column-inner\"><div class=\"wpb_text_column us_custom_2dbf7b3f\"><div class=\"wpb_wrapper\"><h2>Domande frequenti<\/h2>\n<\/div><\/div><div class=\"w-tabs style_default switch_click accordion type_togglable has_scrolling remove_indents\" style=\"--sections-title-size:inherit\"><div class=\"w-tabs-sections titles-align_none icon_chevron cpos_right\"><div class=\"w-tabs-section\" id=\"s62f\" itemscope itemprop=\"mainEntity\" itemtype=\"https:\/\/schema.org\/Question\"><button class=\"w-tabs-section-header\" aria-controls=\"content-s62f\" aria-expanded=\"false\"><div class=\"w-tabs-section-title\" itemprop=\"name\">Come effetture un reso?<\/div><div class=\"w-tabs-section-control\"><\/div><\/button><div  class=\"w-tabs-section-content\" id=\"content-s62f\" itemscope itemprop=\"acceptedAnswer\" itemtype=\"https:\/\/schema.org\/Answer\"><div class=\"w-tabs-section-content-h i-cf\" itemprop=\"text\"><div class=\"wpb_text_column\"><div class=\"wpb_wrapper\"><p>Il cliente pu\u00f2 recedere dal contratto di acquisto stipulato con Seconda Strada S.r.l. inviando una comunicazione a Seconda Strada srl, Via Verdi 5 21020 Bodio Lomnago (VA) entro 14 giorni dalla data di ricezione della merce.<\/p>\n<p>La comunicazione deve essere inviata a mezzo mail all&#8217;indirizzo info@secondastrada.com<br \/>\nIl cliente \u00e8 tenuto altres\u00ec a restituire il prodotto (nella confezione originale e in perfette condizioni) a Seconda Strada srl, Via Verdi 5 21020 Bodio Lomnago (VA) entro 14 giorni dalla data di ricezione della merce.<\/p>\n<\/div><\/div><\/div><\/div><\/div><div class=\"w-tabs-section\" id=\"l6d4\" itemscope itemprop=\"mainEntity\" itemtype=\"https:\/\/schema.org\/Question\"><button class=\"w-tabs-section-header\" aria-controls=\"content-l6d4\" aria-expanded=\"false\"><div class=\"w-tabs-section-title\" itemprop=\"name\">L\u2019ordine pu\u00f2 essere modificato o annullato?<\/div><div class=\"w-tabs-section-control\"><\/div><\/button><div  class=\"w-tabs-section-content\" id=\"content-l6d4\" itemscope itemprop=\"acceptedAnswer\" itemtype=\"https:\/\/schema.org\/Answer\"><div class=\"w-tabs-section-content-h i-cf\" itemprop=\"text\"><div class=\"wpb_text_column\"><div class=\"wpb_wrapper\"><p>L\u2019annullamento di un ordine effettuato sul sito www.secondastrada.com possono essere eseguiti entro 3 ore dall\u2019invio della richiesta dell\u2019ordine. Nel caso in cui la merce fosse gi\u00e0 stata inviata, non \u00e8 pi\u00f9 possibile modificare o annullare l\u2019ordine inviato. L\u2019annullamento pu\u00f2 avvenire solo se viene inviata la email a\u00a0info@secondastrada.com<\/p>\n<\/div><\/div><\/div><\/div><\/div><div class=\"w-tabs-section\" id=\"i783\" itemscope itemprop=\"mainEntity\" itemtype=\"https:\/\/schema.org\/Question\"><button class=\"w-tabs-section-header\" aria-controls=\"content-i783\" aria-expanded=\"false\"><div class=\"w-tabs-section-title\" itemprop=\"name\">Tra quanti giorni arriver\u00e0 l\u2019ordine?<\/div><div class=\"w-tabs-section-control\"><\/div><\/button><div  class=\"w-tabs-section-content\" id=\"content-i783\" itemscope itemprop=\"acceptedAnswer\" itemtype=\"https:\/\/schema.org\/Answer\"><div class=\"w-tabs-section-content-h i-cf\" itemprop=\"text\"><div class=\"wpb_text_column\"><div class=\"wpb_wrapper\"><p>La spedizione dell\u2019ordine \u00e8 garantita entro 24h, mentre la consegna avverr\u00e0 entro 48h dalla data di spedizione, ad eccezione di isole, Calabria e zone non facilmente raggiungibili, per le quali le tempistiche potrebbero allungarsi (fino a 5 giorni). Ti ricordiamo che durante ponti e festivit\u00e0 la consegna entro 48 ore potrebbe non essere garantita.<br \/>\nNei periodi di maggiore picco (saldi, Natale ecc..)le spedizioni potrebbero subire ritardi<\/p>\n<p>lo stato di avanzamento dell\u2019ordine \u00e8 monitorabile all\u2019interno dell\u2019account personale. Al momento della presa in carico del pacco da parte del corriere, verr\u00e0 inviata una mail con il link attraverso il quale sar\u00e0 possibile monitorare la spedizione.<\/p>\n<\/div><\/div><\/div><\/div><\/div><div class=\"w-tabs-section\" id=\"z818\" itemscope itemprop=\"mainEntity\" itemtype=\"https:\/\/schema.org\/Question\"><button class=\"w-tabs-section-header\" aria-controls=\"content-z818\" aria-expanded=\"false\"><div class=\"w-tabs-section-title\" itemprop=\"name\">\u00c8 possibile pagare alla consegna?<\/div><div class=\"w-tabs-section-control\"><\/div><\/button><div  class=\"w-tabs-section-content\" id=\"content-z818\" itemscope itemprop=\"acceptedAnswer\" itemtype=\"https:\/\/schema.org\/Answer\"><div class=\"w-tabs-section-content-h i-cf\" itemprop=\"text\"><div class=\"wpb_text_column\"><div class=\"wpb_wrapper\"><p>Per pagare alla consegna \u00e8 necessario selezionare nella fase di ordine la voce \u201ccontrassegno\u201d posta nelle diverse modalit\u00e0 di pagamento. Ricordiamo che il contrassegno prevede un supplemento di 5\u20ac da aggiungere all\u2019importo totale dell\u2019ordine.<\/p>\n<\/div><\/div><\/div><\/div><\/div><div class=\"w-tabs-section\" id=\"z8c9\" itemscope itemprop=\"mainEntity\" itemtype=\"https:\/\/schema.org\/Question\"><button class=\"w-tabs-section-header\" aria-controls=\"content-z8c9\" aria-expanded=\"false\"><div class=\"w-tabs-section-title\" itemprop=\"name\">Come effettuare un ordine?<\/div><div class=\"w-tabs-section-control\"><\/div><\/button><div  class=\"w-tabs-section-content\" id=\"content-z8c9\" itemscope itemprop=\"acceptedAnswer\" itemtype=\"https:\/\/schema.org\/Answer\"><div class=\"w-tabs-section-content-h i-cf\" itemprop=\"text\"><div class=\"wpb_text_column\"><div class=\"wpb_wrapper\"><p>Dopo aver effettuato un ordine su www.secondastrada.com il cliente potr\u00e0 verificarne tutti i dettagli facendo accesso\u00a0 al proprio account inserendo l\u2019e-mail e la password che ha scelto al momento della registrazione e cliccando su \u2018I miei ordini\u2019. Dall\u2019account, il cliente potr\u00e0 visualizzare la data, il contenuto, l&#8217;importo e l&#8217;indirizzo di spedizione dell\u2019ordine, oltre allo stato di elaborazione. Dall\u2019account personale \u00e8 inoltre possibile contattare il nostro Servizio Clienti dalla sezione \u2018Messaggi\u2019 ed effettuare la Procedura di reso online per ogni ordine che sia gi\u00e0 stato consegnato.<\/p>\n<p>Il cliente che ha effettuato l\u2019ordine come &#8220;<strong>guest<\/strong>&#8221; e vuole fare un reso deve accedere alla pagina\u00a0<strong>Dova si trova il mio ordine<\/strong> e inserire i dati richiesti.<\/p>\n<\/div><\/div><\/div><\/div><\/div><div class=\"w-tabs-section\" id=\"u965\" itemscope itemprop=\"mainEntity\" itemtype=\"https:\/\/schema.org\/Question\"><button class=\"w-tabs-section-header\" aria-controls=\"content-u965\" aria-expanded=\"false\"><div class=\"w-tabs-section-title\" itemprop=\"name\">Dove si trova il mio ordine?<\/div><div class=\"w-tabs-section-control\"><\/div><\/button><div  class=\"w-tabs-section-content\" id=\"content-u965\" itemscope itemprop=\"acceptedAnswer\" itemtype=\"https:\/\/schema.org\/Answer\"><div class=\"w-tabs-section-content-h i-cf\" itemprop=\"text\"><div class=\"wpb_text_column\"><div class=\"wpb_wrapper\"><p>Traccia il tuo ordine anche se non sei un utente registrato. Inserisci il codice ordine e il codice di avviamento postale presente nel tuo indirizzo di fatturazione.<\/p>\n<\/div><\/div><\/div><\/div><\/div><\/div><\/div><\/div><\/div><\/div><\/div><\/section>\n","protected":false},"excerpt":{"rendered":"HomePagine Servizio clienti ResiLeggi tutto RimborsiLeggi tutto PagamentiLeggi tutto SpedizioneLeggi tuttoAssistenza e contattiLeggi tuttoBuoni scontoLeggi tuttoPrivacy PolicyLeggi tuttoLavora con noiLeggi tuttoTermini e condizioniLeggi tutto Domande frequenti Come effetture un reso?Il cliente pu\u00f2 recedere dal contratto di acquisto stipulato con Seconda Strada S.r.l. inviando una comunicazione a Seconda Strada srl, Via Verdi 5 21020 Bodio Lomnago...","protected":false},"author":1,"featured_media":0,"parent":0,"menu_order":0,"comment_status":"closed","ping_status":"closed","template":"","meta":{"inline_featured_image":false,"footnotes":""},"class_list":["post-3220","page","type-page","status-publish","hentry"],"acf":[],"yoast_head":"<!-- This site is optimized with the Yoast SEO plugin v22.3 - https:\/\/yoast.com\/wordpress\/plugins\/seo\/ -->\n<title>Servizio clienti - Seconda Strada<\/title>\n<meta name=\"robots\" content=\"index, follow, max-snippet:-1, max-image-preview:large, max-video-preview:-1\" \/>\n<link rel=\"canonical\" href=\"https:\/\/www.secondastrada.com\/it\/servizio-clienti\/\" \/>\n<meta property=\"og:locale\" content=\"it_IT\" \/>\n<meta property=\"og:type\" content=\"article\" \/>\n<meta property=\"og:title\" content=\"Servizio clienti - Seconda Strada\" \/>\n<meta property=\"og:url\" content=\"https:\/\/www.secondastrada.com\/it\/servizio-clienti\/\" \/>\n<meta property=\"og:site_name\" content=\"Seconda Strada\" \/>\n<meta property=\"article:modified_time\" content=\"2024-03-11T15:47:21+00:00\" \/>\n<meta name=\"twitter:card\" content=\"summary_large_image\" \/>\n<meta name=\"twitter:label1\" content=\"Tempo di lettura stimato\" \/>\n\t<meta name=\"twitter:data1\" content=\"4 minuti\" \/>\n<!-- \/ Yoast SEO plugin. -->","yoast_head_json":{"title":"Servizio clienti - Seconda Strada","robots":{"index":"index","follow":"follow","max-snippet":"max-snippet:-1","max-image-preview":"max-image-preview:large","max-video-preview":"max-video-preview:-1"},"canonical":"https:\/\/www.secondastrada.com\/it\/servizio-clienti\/","og_locale":"it_IT","og_type":"article","og_title":"Servizio clienti - Seconda Strada","og_url":"https:\/\/www.secondastrada.com\/it\/servizio-clienti\/","og_site_name":"Seconda Strada","article_modified_time":"2024-03-11T15:47:21+00:00","twitter_card":"summary_large_image","twitter_misc":{"Tempo di lettura stimato":"4 minuti"},"schema":{"@context":"https:\/\/schema.org","@graph":[{"@type":"WebPage","@id":"https:\/\/www.secondastrada.com\/it\/servizio-clienti\/","url":"https:\/\/www.secondastrada.com\/it\/servizio-clienti\/","name":"Servizio clienti - Seconda Strada","isPartOf":{"@id":"https:\/\/www.secondastrada.com\/it\/#website"},"datePublished":"2024-02-29T11:02:31+00:00","dateModified":"2024-03-11T15:47:21+00:00","breadcrumb":{"@id":"https:\/\/www.secondastrada.com\/it\/servizio-clienti\/#breadcrumb"},"inLanguage":"it-IT","potentialAction":[{"@type":"ReadAction","target":["https:\/\/www.secondastrada.com\/it\/servizio-clienti\/"]}]},{"@type":"BreadcrumbList","@id":"https:\/\/www.secondastrada.com\/it\/servizio-clienti\/#breadcrumb","itemListElement":[{"@type":"ListItem","position":1,"name":"Home","item":"https:\/\/www.secondastrada.com\/it\/"},{"@type":"ListItem","position":2,"name":"Servizio clienti"}]},{"@type":"WebSite","@id":"https:\/\/www.secondastrada.com\/it\/#website","url":"https:\/\/www.secondastrada.com\/it\/","name":"Seconda Strada","description":"","publisher":{"@id":"https:\/\/www.secondastrada.com\/it\/#organization"},"potentialAction":[{"@type":"SearchAction","target":{"@type":"EntryPoint","urlTemplate":"https:\/\/www.secondastrada.com\/it\/?s={search_term_string}"},"query-input":"required name=search_term_string"}],"inLanguage":"it-IT"},{"@type":"Organization","@id":"https:\/\/www.secondastrada.com\/it\/#organization","name":"Seconda Strada","url":"https:\/\/www.secondastrada.com\/it\/","logo":{"@type":"ImageObject","inLanguage":"it-IT","@id":"https:\/\/www.secondastrada.com\/it\/#\/schema\/logo\/image\/","url":"https:\/\/www.secondastrada.com\/wp-content\/uploads\/2023\/11\/secondastrada-logo.svg","contentUrl":"https:\/\/www.secondastrada.com\/wp-content\/uploads\/2023\/11\/secondastrada-logo.svg","width":353,"height":47,"caption":"Seconda Strada"},"image":{"@id":"https:\/\/www.secondastrada.com\/it\/#\/schema\/logo\/image\/"}}]}},"_links":{"self":[{"href":"https:\/\/www.secondastrada.com\/it\/wp-json\/wp\/v2\/pages\/3220"}],"collection":[{"href":"https:\/\/www.secondastrada.com\/it\/wp-json\/wp\/v2\/pages"}],"about":[{"href":"https:\/\/www.secondastrada.com\/it\/wp-json\/wp\/v2\/types\/page"}],"author":[{"embeddable":true,"href":"https:\/\/www.secondastrada.com\/it\/wp-json\/wp\/v2\/users\/1"}],"replies":[{"embeddable":true,"href":"https:\/\/www.secondastrada.com\/it\/wp-json\/wp\/v2\/comments?post=3220"}],"version-history":[{"count":0,"href":"https:\/\/www.secondastrada.com\/it\/wp-json\/wp\/v2\/pages\/3220\/revisions"}],"wp:attachment":[{"href":"https:\/\/www.secondastrada.com\/it\/wp-json\/wp\/v2\/media?parent=3220"}],"curies":[{"name":"wp","href":"https:\/\/api.w.org\/{rel}","templated":true}]}}