{"id":3250,"date":"2024-02-29T12:57:53","date_gmt":"2024-02-29T11:57:53","guid":{"rendered":"http:\/\/secondastrada.com\/?page_id=3250"},"modified":"2024-07-31T12:06:59","modified_gmt":"2024-07-31T10:06:59","slug":"assistenza","status":"publish","type":"page","link":"https:\/\/www.secondastrada.com\/it\/servizio-clienti\/assistenza\/","title":{"rendered":"Assistenza"},"content":{"rendered":"<section class=\"l-section wpb_row us_custom_ff10e8d5 height_medium\"><div class=\"l-section-h i-cf\"><div class=\"g-cols vc_row via_grid cols_1 laptops-cols_inherit tablets-cols_inherit mobiles-cols_1 valign_top type_default stacking_default\"><div class=\"wpb_column vc_column_container\"><div class=\"vc_column-inner\"><nav class=\"g-breadcrumbs us_custom_b03640aa bread-style separator_icon align_none\" itemscope itemtype=\"http:\/\/schema.org\/BreadcrumbList\"><div class=\"g-breadcrumbs-item\" itemscope itemprop=\"itemListElement\" itemtype=\"http:\/\/schema.org\/ListItem\"><a itemprop=\"item\" href=\"https:\/\/www.secondastrada.com\/it\/\"><span itemprop=\"name\">Home<\/span><\/a><meta itemprop=\"position\" content=\"1\"\/><\/div><div class=\"g-breadcrumbs-separator\"><i class=\"far fa-angle-right\"><\/i><\/div><div class=\"g-breadcrumbs-item\">Pagine<\/div><\/nav><\/div><\/div><\/div><\/div><\/section><section class=\"l-section wpb_row us_custom_887a049b height_medium\"><div class=\"l-section-h i-cf\"><div class=\"g-cols vc_row via_grid cols_1 laptops-cols_inherit tablets-cols_inherit mobiles-cols_1 valign_top type_default stacking_default\"><div class=\"wpb_column vc_column_container\"><div class=\"vc_column-inner\"><div class=\"wpb_text_column txt-uppercase fs-50 pb-60\"><div class=\"wpb_wrapper\"><h1>Assistenza e contatti<\/h1>\n<\/div><\/div><div class=\"wpb_text_column\"><div class=\"wpb_wrapper\"><p><strong>CONTATTACI<\/strong><br \/>\nPer tutte le informazioni e i chiarimenti il cliente pu\u00f2 scrivere una comunicazione all\u2019indirizzo email: <a href=\"mailto:info@secondastrada.com\">info@secondastrada.com<\/a> oppure un messaggio al numero whatsapp 3403777287<\/p>\n<p>Il nostro servizio clienti resta a disposizione di tutti i clienti dal luned\u00ec al venerd\u00ec dalle 8.00 alle 17.00, mentre lo store online \u00e8 aperto 24 ore al giorno, 365 giorni all\u2019anno.<\/p>\n<p><strong>CHIAMACI<\/strong><br \/>\nIl nostro servizio clienti \u00e8 pronto a dare tutte le informazioni sull\u2019acquisto, i prodotti e i servizi di\u00a0<a href=\"http:\/\/www.secondastrada.com\/\">www.secondastrada.com<\/a><\/p>\n<p>Per parlare con i nostri operatori telefonare o scrivere al numero whatsapp 3403777287 dalle 08.00 alle 17.00<\/p>\n<\/div><\/div><\/div><\/div><\/div><\/div><\/section>\n","protected":false},"excerpt":{"rendered":"HomePagineAssistenza e contatti CONTATTACI Per tutte le informazioni e i chiarimenti il cliente pu\u00f2 scrivere una comunicazione all\u2019indirizzo email: info@secondastrada.com oppure un messaggio al numero whatsapp 3403777287 Il nostro servizio clienti resta a disposizione di tutti i clienti dal luned\u00ec al venerd\u00ec dalle 8.00 alle 17.00, mentre lo store online \u00e8 aperto 24 ore al...","protected":false},"author":1,"featured_media":0,"parent":3220,"menu_order":0,"comment_status":"closed","ping_status":"closed","template":"","meta":{"inline_featured_image":false,"footnotes":""},"class_list":["post-3250","page","type-page","status-publish","hentry"],"acf":[],"yoast_head":"<!-- This site is optimized with the Yoast SEO plugin v22.3 - https:\/\/yoast.com\/wordpress\/plugins\/seo\/ -->\n<title>Assistenza - Seconda Strada<\/title>\n<meta name=\"robots\" content=\"index, follow, max-snippet:-1, max-image-preview:large, max-video-preview:-1\" \/>\n<link rel=\"canonical\" href=\"https:\/\/www.secondastrada.com\/it\/servizio-clienti\/assistenza\/\" \/>\n<meta property=\"og:locale\" content=\"it_IT\" \/>\n<meta property=\"og:type\" content=\"article\" \/>\n<meta property=\"og:title\" content=\"Assistenza - Seconda Strada\" \/>\n<meta property=\"og:url\" content=\"https:\/\/www.secondastrada.com\/it\/servizio-clienti\/assistenza\/\" \/>\n<meta property=\"og:site_name\" content=\"Seconda Strada\" \/>\n<meta property=\"article:modified_time\" content=\"2024-07-31T10:06:59+00:00\" \/>\n<meta name=\"twitter:card\" content=\"summary_large_image\" \/>\n<meta name=\"twitter:label1\" content=\"Tempo di lettura stimato\" \/>\n\t<meta name=\"twitter:data1\" content=\"1 minuto\" \/>\n<!-- \/ Yoast SEO plugin. -->","yoast_head_json":{"title":"Assistenza - Seconda Strada","robots":{"index":"index","follow":"follow","max-snippet":"max-snippet:-1","max-image-preview":"max-image-preview:large","max-video-preview":"max-video-preview:-1"},"canonical":"https:\/\/www.secondastrada.com\/it\/servizio-clienti\/assistenza\/","og_locale":"it_IT","og_type":"article","og_title":"Assistenza - Seconda Strada","og_url":"https:\/\/www.secondastrada.com\/it\/servizio-clienti\/assistenza\/","og_site_name":"Seconda Strada","article_modified_time":"2024-07-31T10:06:59+00:00","twitter_card":"summary_large_image","twitter_misc":{"Tempo di lettura stimato":"1 minuto"},"schema":{"@context":"https:\/\/schema.org","@graph":[{"@type":"WebPage","@id":"https:\/\/www.secondastrada.com\/it\/servizio-clienti\/assistenza\/","url":"https:\/\/www.secondastrada.com\/it\/servizio-clienti\/assistenza\/","name":"Assistenza - Seconda Strada","isPartOf":{"@id":"https:\/\/www.secondastrada.com\/it\/#website"},"datePublished":"2024-02-29T11:57:53+00:00","dateModified":"2024-07-31T10:06:59+00:00","breadcrumb":{"@id":"https:\/\/www.secondastrada.com\/it\/servizio-clienti\/assistenza\/#breadcrumb"},"inLanguage":"it-IT","potentialAction":[{"@type":"ReadAction","target":["https:\/\/www.secondastrada.com\/it\/servizio-clienti\/assistenza\/"]}]},{"@type":"BreadcrumbList","@id":"https:\/\/www.secondastrada.com\/it\/servizio-clienti\/assistenza\/#breadcrumb","itemListElement":[{"@type":"ListItem","position":1,"name":"Home","item":"https:\/\/www.secondastrada.com\/it\/"},{"@type":"ListItem","position":2,"name":"Servizio clienti","item":"https:\/\/www.secondastrada.com\/it\/servizio-clienti\/"},{"@type":"ListItem","position":3,"name":"Assistenza"}]},{"@type":"WebSite","@id":"https:\/\/www.secondastrada.com\/it\/#website","url":"https:\/\/www.secondastrada.com\/it\/","name":"Seconda Strada","description":"","publisher":{"@id":"https:\/\/www.secondastrada.com\/it\/#organization"},"potentialAction":[{"@type":"SearchAction","target":{"@type":"EntryPoint","urlTemplate":"https:\/\/www.secondastrada.com\/it\/?s={search_term_string}"},"query-input":"required name=search_term_string"}],"inLanguage":"it-IT"},{"@type":"Organization","@id":"https:\/\/www.secondastrada.com\/it\/#organization","name":"Seconda Strada","url":"https:\/\/www.secondastrada.com\/it\/","logo":{"@type":"ImageObject","inLanguage":"it-IT","@id":"https:\/\/www.secondastrada.com\/it\/#\/schema\/logo\/image\/","url":"https:\/\/www.secondastrada.com\/wp-content\/uploads\/2023\/11\/secondastrada-logo.svg","contentUrl":"https:\/\/www.secondastrada.com\/wp-content\/uploads\/2023\/11\/secondastrada-logo.svg","width":353,"height":47,"caption":"Seconda Strada"},"image":{"@id":"https:\/\/www.secondastrada.com\/it\/#\/schema\/logo\/image\/"}}]}},"_links":{"self":[{"href":"https:\/\/www.secondastrada.com\/it\/wp-json\/wp\/v2\/pages\/3250"}],"collection":[{"href":"https:\/\/www.secondastrada.com\/it\/wp-json\/wp\/v2\/pages"}],"about":[{"href":"https:\/\/www.secondastrada.com\/it\/wp-json\/wp\/v2\/types\/page"}],"author":[{"embeddable":true,"href":"https:\/\/www.secondastrada.com\/it\/wp-json\/wp\/v2\/users\/1"}],"replies":[{"embeddable":true,"href":"https:\/\/www.secondastrada.com\/it\/wp-json\/wp\/v2\/comments?post=3250"}],"version-history":[{"count":2,"href":"https:\/\/www.secondastrada.com\/it\/wp-json\/wp\/v2\/pages\/3250\/revisions"}],"predecessor-version":[{"id":72582,"href":"https:\/\/www.secondastrada.com\/it\/wp-json\/wp\/v2\/pages\/3250\/revisions\/72582"}],"up":[{"embeddable":true,"href":"https:\/\/www.secondastrada.com\/it\/wp-json\/wp\/v2\/pages\/3220"}],"wp:attachment":[{"href":"https:\/\/www.secondastrada.com\/it\/wp-json\/wp\/v2\/media?parent=3250"}],"curies":[{"name":"wp","href":"https:\/\/api.w.org\/{rel}","templated":true}]}}