{"id":76575,"date":"2024-08-27T09:46:28","date_gmt":"2024-08-27T07:46:28","guid":{"rendered":"https:\/\/www.secondastrada.com\/it\/?page_id=76575"},"modified":"2024-08-28T16:29:47","modified_gmt":"2024-08-28T14:29:47","slug":"inaugurazione-besozzo","status":"publish","type":"page","link":"https:\/\/www.secondastrada.com\/it\/inaugurazione-besozzo\/","title":{"rendered":"Landing Page inaugurazione Besozzo"},"content":{"rendered":"<section class=\"l-section wpb_row height_medium\"><div class=\"l-section-h i-cf\"><div class=\"g-cols vc_row via_grid cols_1 laptops-cols_inherit tablets-cols_inherit mobiles-cols_1 valign_top type_default stacking_default\"><div class=\"wpb_column vc_column_container\"><div class=\"vc_column-inner\"><div class=\"w-image align_none\"><div class=\"w-image-h\"><img decoding=\"async\" width=\"2560\" height=\"1066\" src=\"https:\/\/www.secondastrada.com\/wp-content\/uploads\/2024\/08\/banner-1920x800-1-scaled.webp\" class=\"attachment-full size-full\" alt=\"\" loading=\"lazy\" srcset=\"https:\/\/www.secondastrada.com\/wp-content\/uploads\/2024\/08\/banner-1920x800-1-scaled.webp 2560w, https:\/\/www.secondastrada.com\/wp-content\/uploads\/2024\/08\/banner-1920x800-1-300x125.webp 300w, https:\/\/www.secondastrada.com\/wp-content\/uploads\/2024\/08\/banner-1920x800-1-1024x427.webp 1024w, https:\/\/www.secondastrada.com\/wp-content\/uploads\/2024\/08\/banner-1920x800-1-600x250.webp 600w\" sizes=\"(max-width: 2560px) 100vw, 2560px\" \/><\/div><\/div><div class=\"w-separator size_small\"><\/div><div class=\"wpb_text_column\"><div class=\"wpb_wrapper\"><h2 style=\"text-align: center;\"><span style=\"font-weight: 400;\">Grande Inaugurazione &#8211; Sabato 7 Settembre ore 11:00<\/span><\/h2>\n<h2 style=\"text-align: center;\"><b>Benvenuti nel nuovo concept di moda di Seconda Strada<\/b><\/h2>\n<h2 style=\"text-align: center;\"><span style=\"font-weight: 400;\">Dopo un prestigioso restyling, il nostro store riapre pi\u00f9 grande, pi\u00f9 bello e pi\u00f9 fashion che mai! Vieni a scoprire un\u2019esperienza di shopping rinnovata e in grande stile!<\/span><\/h2>\n<\/div><\/div><div class=\"w-separator size_small\"><\/div><div class=\"w-image align_center\"><div class=\"w-image-h\"><img decoding=\"async\" width=\"900\" height=\"450\" src=\"https:\/\/www.secondastrada.com\/wp-content\/uploads\/2024\/08\/LP_SETTIMO_02_2306ok.jpg\" class=\"attachment-large size-large\" alt=\"\" loading=\"lazy\" srcset=\"https:\/\/www.secondastrada.com\/wp-content\/uploads\/2024\/08\/LP_SETTIMO_02_2306ok.jpg 900w, https:\/\/www.secondastrada.com\/wp-content\/uploads\/2024\/08\/LP_SETTIMO_02_2306ok-300x150.jpg 300w, https:\/\/www.secondastrada.com\/wp-content\/uploads\/2024\/08\/LP_SETTIMO_02_2306ok-600x300.jpg 600w\" sizes=\"(max-width: 900px) 100vw, 900px\" \/><\/div><\/div><div class=\"w-separator size_small\"><\/div><div class=\"wpb_text_column\"><div class=\"wpb_wrapper\"><h2 style=\"text-align: center;\"><b>Unisciti a noi per festeggiare<\/b><\/h2>\n<h4 style=\"text-align: center;\"><span class=\"x19la9d6 x1fc57z9 x6ikm8r x10wlt62 x19co3pv x1g5zs5t xfibh0p xiy17q3 x1xsqp64 x1lkfr7t xexx8yu x4uap5 x18d9i69 xkhd6sd\"><span class=\"xrtxmta x1bhl96m\">\u2b50<\/span><\/span> Aperitivo esclusivo in collaborazione con Locanda Pozzetto: inizia la giornata con gusto<br \/>\n<span class=\"x19la9d6 x1fc57z9 x6ikm8r x10wlt62 x19co3pv x1g5zs5t xfibh0p xiy17q3 x1xsqp64 x1lkfr7t xexx8yu x4uap5 x18d9i69 xkhd6sd\"><span class=\"xrtxmta x1bhl96m\">\u2b50<\/span><\/span> DJ Set con Djdos: lasciati trasportare dal ritmo mentre scopri le ultime novit\u00e0 moda<br \/>\n<span class=\"x19la9d6 x1fc57z9 x6ikm8r x10wlt62 x19co3pv x1g5zs5t xfibh0p xiy17q3 x1xsqp64 x1lkfr7t xexx8yu x4uap5 x18d9i69 xkhd6sd\"><span class=\"xrtxmta x1bhl96m\">\u2b50<\/span><\/span> Regali per tutti con personalizzazione di cappellini e shopper per un ricordo unico!<br \/>\n<span class=\"x19la9d6 x1fc57z9 x6ikm8r x10wlt62 x19co3pv x1g5zs5t xfibh0p xiy17q3 x1xsqp64 x1lkfr7t xexx8yu x4uap5 x18d9i69 xkhd6sd\"><span class=\"xrtxmta x1bhl96m\">\u2b50<\/span><\/span> Offerte speciali: i migliori brand di moda a prezzi incredibili!<br \/>\n<span class=\"x19la9d6 x1fc57z9 x6ikm8r x10wlt62 x19co3pv x1g5zs5t xfibh0p xiy17q3 x1xsqp64 x1lkfr7t xexx8yu x4uap5 x18d9i69 xkhd6sd\"><span class=\"xrtxmta x1bhl96m\">\u2b50<\/span><\/span> Intrattenimento: attivit\u00e0 e sorprese per un&#8217;esperienza indimenticabile!<\/h4>\n<h1 style=\"text-align: center;\"><b>Sabato 7 Settembre dalle ore 11<\/b><b> <\/b><\/h1>\n<h2 style=\"text-align: center;\"><a href=\"https:\/\/maps.app.goo.gl\/4E9GpQDMdvWQj8YW9\"><span class=\"x19la9d6 x1fc57z9 x6ikm8r x10wlt62 x19co3pv x1g5zs5t xfibh0p xiy17q3 x1xsqp64 x1lkfr7t xexx8yu x4uap5 x18d9i69 xkhd6sd\"><span class=\"xrtxmta x1bhl96m\">\ud83d\udccd <\/span><\/span>Seconda Strada Besozzo, via Trieste 60<\/a><\/h2>\n<h2 style=\"text-align: center;\"><\/h2>\n<\/div><\/div><div class=\"w-video align_none ratio_custom has_iframe\"><div class=\"w-video-h\" style=\"padding-bottom:62.5%\"><iframe title=\"Youtube video player\" src=\"\/\/www.youtube.com\/embed\/NA08ro_WPxE?autoplay=1&controls=0&origin=https:\/\/www.secondastrada.com\/it&loop=1&mute=0&playlist=NA08ro_WPxE\" allowfullscreen=\"1\" loading=\"lazy\"><\/iframe><\/div><\/div><div class=\"w-separator size_small\"><\/div><div class=\"wpb_text_column\"><div class=\"wpb_wrapper\"><h1 style=\"text-align: center;\"><b>I migliori brand, uno spazio rinnovato<\/b><\/h1>\n<h3 style=\"text-align: center;\"><span style=\"font-weight: 400;\">Abbiamo ampliato il nostro store per offrirti una <\/span><b>selezione ancora pi\u00f9 vasta dei migliori brand di moda donna uomo e bambino,<\/b><span style=\"font-weight: 400;\"> con spazi rinnovati e un design che ti far\u00e0 innamorare a prima vista!<\/span><\/h3>\n<h3 style=\"text-align: center;\"><span style=\"font-weight: 400;\">Guess, Pepe Jeans, Max Mara, Armani, Hugo Boss, Emme Marella, Tommy Hilfiger, Calvin Klein, Marciano, Alviero Martini, Seventy, Red Bull, Fracomina, Alviero Martini, Seventy, Bernese, Levis, Caractere, Timberland, Save the Duck, Sun 68, The North Face, Fred Mello, Geox, Gas, Lyle &amp; Scott, Cafe Noir, Gianni Lupo, Morato, Aeronautica Italiana, Penny Black, Yes Zee, Desigual, Dickies, Manila Grace, Fred Perry, Suns, Sandro Ferrone, Aeronautica Italiana <strong>e tanti altri scontati fino al 50%!<\/strong><\/span><\/h3>\n<\/div><\/div><div class=\"w-separator size_small\"><\/div><div class=\"w-video align_none ratio_custom has_iframe\"><div class=\"w-video-h\" style=\"padding-bottom:62.5%\"><iframe title=\"Youtube video player\" src=\"\/\/www.youtube.com\/embed\/I8JfSv6z5NU?autoplay=1&controls=0&origin=https:\/\/www.secondastrada.com\/it&loop=1&mute=0&playlist=I8JfSv6z5NU\" allowfullscreen=\"1\" loading=\"lazy\"><\/iframe><\/div><\/div><div class=\"w-separator size_small\"><\/div><div class=\"wpb_text_column\"><div class=\"wpb_wrapper\"><h3 style=\"text-align: center;\">Vieni a scoprire Seconda Strada &#8211; Pi\u00f9 grande, pi\u00f9 fashion, pi\u00f9 bello!<\/h3>\n<h3 style=\"text-align: center;\">Non mancare, ti aspettiamo per celebrare insieme questa nuova avventura!<\/h3>\n<\/div><\/div><div class=\"w-separator size_small\"><\/div><div class=\"wpb_text_column\"><div class=\"wpb_wrapper\"><h3 style=\"text-align: center;\">Seguici sui social:<\/h3>\n<\/div><\/div><div class=\"w-separator size_small\"><\/div><div class=\"w-socials color_brand shape_square style_default hover_fade stretch\"><div class=\"w-socials-list\"><div class=\"w-socials-item facebook\"><a href=\"https:\/\/www.facebook.com\/seconda.strada\" class=\"w-socials-item-link\" aria-label=\"Facebook\"><span class=\"w-socials-item-link-hover\"><\/span><i class=\"fab fa-facebook\"><\/i><\/a><div class=\"w-socials-item-popup\"><span>Facebook<\/span><\/div><\/div><div class=\"w-socials-item instagram\"><a href=\"https:\/\/www.instagram.com\/secondastrada\/\" class=\"w-socials-item-link\" aria-label=\"Instagram\"><span class=\"w-socials-item-link-hover\"><\/span><i class=\"fab fa-instagram\"><\/i><\/a><div class=\"w-socials-item-popup\"><span>Instagram<\/span><\/div><\/div><div class=\"w-socials-item tiktok\"><a href=\"https:\/\/www.tiktok.com\/@secondastrada?_t=8pDsbDcGR4z&amp;_r=1\" class=\"w-socials-item-link\" aria-label=\"TikTok\"><span class=\"w-socials-item-link-hover\"><\/span><i class=\"fab fa-tiktok\"><\/i><\/a><div class=\"w-socials-item-popup\"><span>TikTok<\/span><\/div><\/div><div class=\"w-socials-item youtube\"><a href=\"https:\/\/www.youtube.com\/@secondastrada_\" class=\"w-socials-item-link\" aria-label=\"YouTube\"><span class=\"w-socials-item-link-hover\"><\/span><i class=\"fab fa-youtube\"><\/i><\/a><div class=\"w-socials-item-popup\"><span>YouTube<\/span><\/div><\/div><div class=\"w-socials-item linkedin\"><a href=\"https:\/\/www.linkedin.com\/company\/seconda-strada\/?originalSubdomain=it\" class=\"w-socials-item-link\" aria-label=\"LinkedIn\"><span class=\"w-socials-item-link-hover\"><\/span><i class=\"fab fa-linkedin\"><\/i><\/a><div class=\"w-socials-item-popup\"><span>LinkedIn<\/span><\/div><\/div><\/div><\/div><\/div><\/div><\/div><\/div><\/section>\n","protected":false},"excerpt":{"rendered":"Grande Inaugurazione &#8211; Sabato 7 Settembre ore 11:00 Benvenuti nel nuovo concept di moda di Seconda Strada Dopo un prestigioso restyling, il nostro store riapre pi\u00f9 grande, pi\u00f9 bello e pi\u00f9 fashion che mai! Vieni a scoprire un\u2019esperienza di shopping rinnovata e in grande stile! Unisciti a noi per festeggiare \u2b50 Aperitivo esclusivo in collaborazione...","protected":false},"author":3,"featured_media":0,"parent":0,"menu_order":0,"comment_status":"closed","ping_status":"closed","template":"","meta":{"inline_featured_image":false,"footnotes":""},"class_list":["post-76575","page","type-page","status-publish","hentry"],"acf":[],"yoast_head":"<!-- This site is optimized with the Yoast SEO plugin v22.3 - https:\/\/yoast.com\/wordpress\/plugins\/seo\/ -->\n<title>Landing Page inaugurazione Besozzo - Seconda Strada<\/title>\n<meta name=\"robots\" content=\"index, follow, max-snippet:-1, max-image-preview:large, max-video-preview:-1\" \/>\n<link rel=\"canonical\" href=\"https:\/\/www.secondastrada.com\/it\/inaugurazione-besozzo\/\" \/>\n<meta property=\"og:locale\" content=\"it_IT\" \/>\n<meta property=\"og:type\" content=\"article\" \/>\n<meta property=\"og:title\" content=\"Landing Page inaugurazione Besozzo - Seconda Strada\" \/>\n<meta property=\"og:url\" content=\"https:\/\/www.secondastrada.com\/it\/inaugurazione-besozzo\/\" \/>\n<meta property=\"og:site_name\" content=\"Seconda Strada\" \/>\n<meta property=\"article:modified_time\" content=\"2024-08-28T14:29:47+00:00\" \/>\n<meta name=\"twitter:card\" content=\"summary_large_image\" \/>\n<meta name=\"twitter:label1\" content=\"Tempo di lettura stimato\" \/>\n\t<meta name=\"twitter:data1\" content=\"2 minuti\" \/>\n<!-- \/ Yoast SEO plugin. -->","yoast_head_json":{"title":"Landing Page inaugurazione Besozzo - Seconda Strada","robots":{"index":"index","follow":"follow","max-snippet":"max-snippet:-1","max-image-preview":"max-image-preview:large","max-video-preview":"max-video-preview:-1"},"canonical":"https:\/\/www.secondastrada.com\/it\/inaugurazione-besozzo\/","og_locale":"it_IT","og_type":"article","og_title":"Landing Page inaugurazione Besozzo - Seconda Strada","og_url":"https:\/\/www.secondastrada.com\/it\/inaugurazione-besozzo\/","og_site_name":"Seconda Strada","article_modified_time":"2024-08-28T14:29:47+00:00","twitter_card":"summary_large_image","twitter_misc":{"Tempo di lettura stimato":"2 minuti"},"schema":{"@context":"https:\/\/schema.org","@graph":[{"@type":"WebPage","@id":"https:\/\/www.secondastrada.com\/it\/inaugurazione-besozzo\/","url":"https:\/\/www.secondastrada.com\/it\/inaugurazione-besozzo\/","name":"Landing Page inaugurazione Besozzo - Seconda Strada","isPartOf":{"@id":"https:\/\/www.secondastrada.com\/it\/#website"},"datePublished":"2024-08-27T07:46:28+00:00","dateModified":"2024-08-28T14:29:47+00:00","breadcrumb":{"@id":"https:\/\/www.secondastrada.com\/it\/inaugurazione-besozzo\/#breadcrumb"},"inLanguage":"it-IT","potentialAction":[{"@type":"ReadAction","target":["https:\/\/www.secondastrada.com\/it\/inaugurazione-besozzo\/"]}]},{"@type":"BreadcrumbList","@id":"https:\/\/www.secondastrada.com\/it\/inaugurazione-besozzo\/#breadcrumb","itemListElement":[{"@type":"ListItem","position":1,"name":"Home","item":"https:\/\/www.secondastrada.com\/it\/"},{"@type":"ListItem","position":2,"name":"Landing Page inaugurazione Besozzo"}]},{"@type":"WebSite","@id":"https:\/\/www.secondastrada.com\/it\/#website","url":"https:\/\/www.secondastrada.com\/it\/","name":"Seconda Strada","description":"","publisher":{"@id":"https:\/\/www.secondastrada.com\/it\/#organization"},"potentialAction":[{"@type":"SearchAction","target":{"@type":"EntryPoint","urlTemplate":"https:\/\/www.secondastrada.com\/it\/?s={search_term_string}"},"query-input":"required name=search_term_string"}],"inLanguage":"it-IT"},{"@type":"Organization","@id":"https:\/\/www.secondastrada.com\/it\/#organization","name":"Seconda Strada","url":"https:\/\/www.secondastrada.com\/it\/","logo":{"@type":"ImageObject","inLanguage":"it-IT","@id":"https:\/\/www.secondastrada.com\/it\/#\/schema\/logo\/image\/","url":"https:\/\/www.secondastrada.com\/wp-content\/uploads\/2023\/11\/secondastrada-logo.svg","contentUrl":"https:\/\/www.secondastrada.com\/wp-content\/uploads\/2023\/11\/secondastrada-logo.svg","width":353,"height":47,"caption":"Seconda Strada"},"image":{"@id":"https:\/\/www.secondastrada.com\/it\/#\/schema\/logo\/image\/"}}]}},"_links":{"self":[{"href":"https:\/\/www.secondastrada.com\/it\/wp-json\/wp\/v2\/pages\/76575"}],"collection":[{"href":"https:\/\/www.secondastrada.com\/it\/wp-json\/wp\/v2\/pages"}],"about":[{"href":"https:\/\/www.secondastrada.com\/it\/wp-json\/wp\/v2\/types\/page"}],"author":[{"embeddable":true,"href":"https:\/\/www.secondastrada.com\/it\/wp-json\/wp\/v2\/users\/3"}],"replies":[{"embeddable":true,"href":"https:\/\/www.secondastrada.com\/it\/wp-json\/wp\/v2\/comments?post=76575"}],"version-history":[{"count":7,"href":"https:\/\/www.secondastrada.com\/it\/wp-json\/wp\/v2\/pages\/76575\/revisions"}],"predecessor-version":[{"id":76585,"href":"https:\/\/www.secondastrada.com\/it\/wp-json\/wp\/v2\/pages\/76575\/revisions\/76585"}],"wp:attachment":[{"href":"https:\/\/www.secondastrada.com\/it\/wp-json\/wp\/v2\/media?parent=76575"}],"curies":[{"name":"wp","href":"https:\/\/api.w.org\/{rel}","templated":true}]}}