{"id":775,"date":"2023-11-28T12:06:15","date_gmt":"2023-11-28T11:06:15","guid":{"rendered":"http:\/\/secondastrada.server5-test.it\/?page_id=775"},"modified":"2025-03-31T17:16:12","modified_gmt":"2025-03-31T15:16:12","slug":"chi-siamo","status":"publish","type":"page","link":"https:\/\/www.secondastrada.com\/it\/chi-siamo\/","title":{"rendered":"Chi siamo"},"content":{"rendered":"<section class=\"l-section wpb_row us_custom_ff10e8d5 height_medium\"><div class=\"l-section-h i-cf\"><div class=\"g-cols vc_row via_grid cols_1 laptops-cols_inherit tablets-cols_inherit mobiles-cols_1 valign_top type_default stacking_default\"><div class=\"wpb_column vc_column_container\"><div class=\"vc_column-inner\"><nav class=\"g-breadcrumbs bread-style separator_icon align_none\" itemscope itemtype=\"http:\/\/schema.org\/BreadcrumbList\"><div class=\"g-breadcrumbs-item\" itemscope itemprop=\"itemListElement\" itemtype=\"http:\/\/schema.org\/ListItem\"><a itemprop=\"item\" href=\"https:\/\/www.secondastrada.com\/it\/\"><span itemprop=\"name\">Home<\/span><\/a><meta itemprop=\"position\" content=\"1\"\/><\/div><div class=\"g-breadcrumbs-separator\"><i class=\"far fa-angle-right\"><\/i><\/div><div class=\"g-breadcrumbs-item\">Pagine<\/div><\/nav><\/div><\/div><\/div><\/div><\/section>\n<section class=\"l-section wpb_row us_custom_9e77245a height_medium\"><div class=\"l-section-h i-cf\"><div class=\"g-cols vc_row via_grid cols_1 laptops-cols_inherit tablets-cols_inherit mobiles-cols_1 valign_top type_default stacking_default\"><div class=\"wpb_column vc_column_container\"><div class=\"vc_column-inner\"><div class=\"g-cols wpb_row via_grid cols_2 laptops-cols_inherit tablets-cols_inherit mobiles-cols_1 valign_middle type_default stacking_default\" style=\"--columns-gap:65px;\"><div class=\"wpb_column vc_column_container pr-50\"><div class=\"vc_column-inner\"><div class=\"wpb_text_column us_custom_8d5aa4e2 txt-uppercase fs-50 lh-60\"><div class=\"wpb_wrapper\"><h1>COME NASCE SECONDA STRADA: LA MODA FIRMATA A PREZZI SCONTATI<\/h1>\n<\/div><\/div><div class=\"wpb_text_column\"><div class=\"wpb_wrapper\"><p><strong>Seconda Strada<\/strong>\u00a0nasce dall&#8217;intraprendenza di Emilio Mattioni, imprenditore lungimirante, esperto di pelletteria, che verso la fine degli anni Novanta interpreta al meglio i cambiamenti l&#8217;evoluzione dei consumi e le esigenze del mercato proponendo un\u00a0<strong>nuovo \u201c<\/strong><strong>concept\u201d<\/strong>\u00a0di vendita di abbigliamento e accessori: \u201c<strong>moda firmata a prezzi scontati<\/strong>\u201d.<\/p>\n<p>Ed \u00e8 cos\u00ec che apre a Besozzo (Va) una realt\u00e0 unica nel suo genere: non solo un outlet di\u00a0<strong>prestigiose firme a prezzi bassi, campionari ricercati e stock esclusivi<\/strong>\u00a0ma anche un negozio che propone\u00a0<strong>collezioni attuali di brand di tendenza e private labels<\/strong>, con un\u00a0<strong>servizio alla clientela efficiente ed attento<\/strong>, come nelle migliori boutique di pr\u00eat-\u00e0-porter. Fare shopping con Seconda Strada diventa un\u2019esperienza unica e conveniente e nel giro di pochi anni vengono aperti altri negozi in Lombardia, Piemonte e in Veneto. Gli arrivi settimanali permettono di proporre\u00a0<strong>capi sempre nuovi e diversi<\/strong> ad una clientela esigente che conta ben 260.000 fidelizzati.<\/p>\n<\/div><\/div><\/div><\/div><div class=\"wpb_column vc_column_container\"><div class=\"vc_column-inner\"><div class=\"w-image align_none\"><div class=\"w-image-h\"><img decoding=\"async\" width=\"1024\" height=\"576\" src=\"https:\/\/www.secondastrada.com\/wp-content\/uploads\/2025\/03\/emilio-veronica-e-chiara-1024x576.jpg\" class=\"attachment-large size-large\" alt=\"\" loading=\"lazy\" srcset=\"https:\/\/www.secondastrada.com\/wp-content\/uploads\/2025\/03\/emilio-veronica-e-chiara-1024x576.jpg 1024w, https:\/\/www.secondastrada.com\/wp-content\/uploads\/2025\/03\/emilio-veronica-e-chiara-300x169.jpg 300w, https:\/\/www.secondastrada.com\/wp-content\/uploads\/2025\/03\/emilio-veronica-e-chiara-600x338.jpg 600w, https:\/\/www.secondastrada.com\/wp-content\/uploads\/2025\/03\/emilio-veronica-e-chiara.jpg 1920w\" sizes=\"(max-width: 1024px) 100vw, 1024px\" \/><\/div><\/div><\/div><\/div><\/div><\/div><\/div><\/div><\/div><\/section><section class=\"l-section wpb_row us_custom_87d47db2 height_medium width_full\"><div class=\"l-section-h i-cf\"><div class=\"g-cols vc_row via_grid cols_1 laptops-cols_inherit tablets-cols_inherit mobiles-cols_1 valign_middle type_default stacking_default\" style=\"--columns-gap:0px;\"><div class=\"wpb_column vc_column_container\"><div class=\"vc_column-inner\"><div class=\"g-cols wpb_row us_custom_1edb1bc4 via_grid cols_2 laptops-cols_inherit tablets-cols_inherit mobiles-cols_1 valign_middle type_default stacking_default\" style=\"--columns-gap:0px;\"><div class=\"wpb_column vc_column_container\"><div class=\"vc_column-inner\"><div class=\"w-image align_none\"><div class=\"w-image-h\"><img decoding=\"async\" width=\"1024\" height=\"576\" src=\"https:\/\/www.secondastrada.com\/wp-content\/uploads\/2025\/03\/img2-1024x576.jpg\" class=\"attachment-large size-large\" alt=\"\" loading=\"lazy\" srcset=\"https:\/\/www.secondastrada.com\/wp-content\/uploads\/2025\/03\/img2-1024x576.jpg 1024w, https:\/\/www.secondastrada.com\/wp-content\/uploads\/2025\/03\/img2-300x169.jpg 300w, https:\/\/www.secondastrada.com\/wp-content\/uploads\/2025\/03\/img2-600x338.jpg 600w, https:\/\/www.secondastrada.com\/wp-content\/uploads\/2025\/03\/img2.jpg 1920w\" sizes=\"(max-width: 1024px) 100vw, 1024px\" \/><\/div><\/div><\/div><\/div><div class=\"wpb_column vc_column_container padding-lr155\"><div class=\"vc_column-inner\"><div class=\"wpb_text_column us_custom_50cc7d67 fs-40 lh-38\"><div class=\"wpb_wrapper\"><h2>I BRAND E I NUOVI ARRIVI OGNI SETTIMANA<\/h2>\n<\/div><\/div><div class=\"wpb_text_column\"><div class=\"wpb_wrapper\"><p>Guess, Pepe Jeans, Tommy Hilfiger, Boss, Weekend Max Mara, Emme Marella, Calvin Klein, Patrizia Pepe, Marciano, Alviero Martini, Fred Perry, Timberland, Armani EA7, Pinko, New Balance sono solo alcune delle grandi firme presenti negli store Seconda Strada, insieme alle private labels Materica, Rue de Clerie, Goha, PRJ22, Concept83.<\/p>\n<\/div><\/div><\/div><\/div><\/div><\/div><\/div><\/div><\/div><\/section><section class=\"l-section wpb_row us_custom_532f0041 height_medium\"><div class=\"l-section-h i-cf\"><div class=\"g-cols vc_row via_grid cols_1 laptops-cols_inherit tablets-cols_inherit mobiles-cols_1 valign_top type_default stacking_default\"><div class=\"wpb_column vc_column_container\"><div class=\"vc_column-inner\"><div class=\"g-cols wpb_row via_grid cols_2 laptops-cols_inherit tablets-cols_inherit mobiles-cols_1 valign_middle type_default stacking_default\" style=\"--columns-gap:65px;\"><div class=\"wpb_column vc_column_container\"><div class=\"vc_column-inner\"><div class=\"wpb_text_column us_custom_50cc7d67 fs-40 lh-38\"><div class=\"wpb_wrapper\"><h2>LA FILOSOFIA<\/h2>\n<\/div><\/div><div class=\"wpb_text_column\"><div class=\"wpb_wrapper\"><p>Trasparenza, convenienza, attenzione alla clientela e ai trend, sono i punti fondamentali su cui si sviluppa la filosofia di Seconda Strada che continua la sua storia di successi:\u00a0<strong>200 dipendenti<\/strong>,\u00a0<strong>14 punti vendita<\/strong>, lo shop online con tante promo esclusive e tanti nuovi progetti in cantiere.<\/p>\n<\/div><\/div><\/div><\/div><div class=\"wpb_column vc_column_container\"><div class=\"vc_column-inner\"><div class=\"w-image align_none\"><div class=\"w-image-h\"><img decoding=\"async\" width=\"1024\" height=\"576\" src=\"https:\/\/www.secondastrada.com\/wp-content\/uploads\/2025\/03\/img1-1024x576.jpg\" class=\"attachment-large size-large\" alt=\"\" loading=\"lazy\" srcset=\"https:\/\/www.secondastrada.com\/wp-content\/uploads\/2025\/03\/img1-1024x576.jpg 1024w, https:\/\/www.secondastrada.com\/wp-content\/uploads\/2025\/03\/img1-300x169.jpg 300w, https:\/\/www.secondastrada.com\/wp-content\/uploads\/2025\/03\/img1-600x338.jpg 600w, https:\/\/www.secondastrada.com\/wp-content\/uploads\/2025\/03\/img1.jpg 1920w\" sizes=\"(max-width: 1024px) 100vw, 1024px\" \/><\/div><\/div><\/div><\/div><\/div><\/div><\/div><\/div><\/div><\/section><section class=\"l-section wpb_row us_custom_278d8c57 height_medium\"><div class=\"l-section-h i-cf\"><div class=\"g-cols vc_row via_grid cols_1 laptops-cols_inherit tablets-cols_inherit mobiles-cols_1 valign_top type_default stacking_default\"><div class=\"wpb_column vc_column_container\"><div class=\"vc_column-inner\"><div class=\"g-cols wpb_row via_grid cols_1 laptops-cols_inherit tablets-cols_inherit mobiles-cols_1 valign_top type_default stacking_default\" style=\"--columns-gap:3rem;\"><div class=\"wpb_column vc_column_container\"><div class=\"vc_column-inner\"><div class=\"wpb_text_column us_custom_50cc7d67 fs-40 lh-50 txt-uppercase\"><div class=\"wpb_wrapper\"><h2>Ma sentiamo cosa dice Emilio Mattioni, il fondatore di Seconda Strada<\/h2>\n<\/div><\/div><div class=\"wpb_text_column us_custom_50cc7d67 fs-30 lh-36\"><div class=\"wpb_wrapper\"><h3>Come \u00e8 possibile avere prezzi cosi concorrenziali?<\/h3>\n<\/div><\/div><div class=\"wpb_text_column\"><div class=\"wpb_wrapper\"><p><em>&#8220;I nostri prezzi sono il risultato di un duro lavoro negli anni per costruire accordi commerciali con le pi\u00f9 importanti aziende nazionali e internazionali della moda. Cerchiamo di spuntare sempre il\u00a0<strong>prezzo migliore su capi di qualit\u00e0<\/strong>\u00a0per poter proporre\u00a0<strong>ai nostri clienti degli sconti davvero unici<\/strong>. Questo anche grazie alla solidit\u00e0 e alla seriet\u00e0 della nostra azienda familiare. A volte ci chiedono se la nostra merce \u00e8 originale visto che abbiamo prezzi cos\u00ec bassi. Assolutamente tutti i capi sono\u00a0<strong>originali al 100%<\/strong>\u00a0e ci avvaliamo quando serve di un team di esperti che analizza i capi per verificarne l\u2019autenticit\u00e0. Nella maggior parte dei casi questo non avviene perch\u00e9 la merce ci proviene direttamente dall\u2019azienda produttrice.&#8221;<\/em><\/p>\n<\/div><\/div><\/div><\/div><\/div><\/div><\/div><\/div><\/div><\/section><section class=\"l-section wpb_row us_custom_6d86f549 height_medium width_full\"><div class=\"l-section-h i-cf\"><div class=\"g-cols vc_row via_grid cols_1 laptops-cols_inherit tablets-cols_inherit mobiles-cols_1 valign_top type_default stacking_default\"><div class=\"wpb_column vc_column_container\"><div class=\"vc_column-inner\"><div class=\"g-cols wpb_row via_grid cols_2 laptops-cols_inherit tablets-cols_inherit mobiles-cols_1 valign_middle type_default stacking_default\" style=\"--columns-gap:0px;\"><div class=\"wpb_column vc_column_container pl-50\"><div class=\"vc_column-inner\"><div class=\"w-video align_none ratio_initial has_iframe\"><div class=\"w-video-h\"><iframe title=\"Youtube video player\" src=\"\/\/www.youtube.com\/embed\/nabMTa1YRYM?autoplay=0&controls=0&origin=https:\/\/www.secondastrada.com\/it&loop=0&mute=0\" allowfullscreen=\"1\" loading=\"lazy\"><\/iframe><\/div><\/div><\/div><\/div><div class=\"wpb_column vc_column_container padding-lr155\"><div class=\"vc_column-inner\"><div class=\"wpb_text_column fs-50 lh-45\"><div class=\"wpb_wrapper\"><h2>GUARDA L&#8217;INAUGURAZIONE DELLO STORE SECONDA STRADA A MILANO<\/h2>\n<h2 class=\"col-xs-12 col-sm-12\"><\/h2>\n<\/div><\/div><\/div><\/div><\/div><\/div><\/div><\/div><\/div><\/section><section class=\"l-section wpb_row us_custom_d392eac1 height_medium\"><div class=\"l-section-h i-cf\"><div class=\"g-cols vc_row via_grid cols_1 laptops-cols_inherit tablets-cols_inherit mobiles-cols_1 valign_top type_default stacking_default\"><div class=\"wpb_column vc_column_container\"><div class=\"vc_column-inner\"><div class=\"g-cols wpb_row row-border via_grid cols_5 laptops-cols_inherit tablets-cols_inherit mobiles-cols_1 valign_top type_default stacking_default\" style=\"--columns-gap:10px;\"><div class=\"wpb_column vc_column_container\"><div class=\"vc_column-inner\"><div class=\"w-iconbox txt-uppercase iconpos_top style_default color_primary align_center no_text icontype_img\"><a href=\"https:\/\/www.secondastrada.com\/it\/servizio-clienti\/pagamenti\/\" class=\"w-iconbox-link\" aria-label=\"Acquisti sicuri\"><div class=\"w-iconbox-icon\" style=\"font-size:2rem;\"><?xml version=\"1.0\" encoding=\"UTF-8\"?>\n<svg xmlns=\"http:\/\/www.w3.org\/2000\/svg\" width=\"35.415\" height=\"44.269\" viewBox=\"0 0 35.415 44.269\">\n  <path id=\"verified_user_FILL0_wght400_GRAD0_opsz24_1_\" data-name=\"verified_user_FILL0_wght400_GRAD0_opsz24 (1)\" d=\"M175.383-850.008l12.506-12.506-3.154-3.154-9.352,9.352-4.648-4.648-3.154,3.154Zm2.324,14.277a22.053,22.053,0,0,1-12.7-8.826,25.419,25.419,0,0,1-5.008-15.3v-13.5L177.708-880l17.708,6.64v13.5a25.419,25.419,0,0,1-5.008,15.3A22.053,22.053,0,0,1,177.708-835.731Zm0-4.648a18.013,18.013,0,0,0,9.518-7.3,21.023,21.023,0,0,0,3.763-12.174v-10.459l-13.281-4.98-13.281,4.98v10.459a21.023,21.023,0,0,0,3.763,12.174A18.013,18.013,0,0,0,177.708-840.379ZM177.708-857.865Z\" transform=\"translate(-160 880)\" fill=\"#144361\"><\/path>\n<\/svg>\n<\/div><\/a><div class=\"w-iconbox-meta\"><p class=\"w-iconbox-title\"><a href=\"https:\/\/www.secondastrada.com\/it\/servizio-clienti\/pagamenti\/\" class=\"w-iconbox-link\" aria-label=\"Acquisti sicuri\">Acquisti sicuri<\/a><\/p><\/div><\/div><\/div><\/div><div class=\"wpb_column vc_column_container\"><div class=\"vc_column-inner\"><div class=\"w-iconbox txt-uppercase iconpos_top style_default color_primary align_center no_text icontype_img\"><a href=\"https:\/\/www.secondastrada.com\/it\/servizio-clienti\/assistenza\/\" class=\"w-iconbox-link\" aria-label=\"Assistenza clienti\"><div class=\"w-iconbox-icon\" style=\"font-size:2rem;\"><?xml version=\"1.0\" encoding=\"UTF-8\"?>\n<svg xmlns=\"http:\/\/www.w3.org\/2000\/svg\" width=\"44.269\" height=\"39.842\" viewBox=\"0 0 44.269 39.842\">\n  <path id=\"support_agent_FILL0_wght400_GRAD0_opsz24\" d=\"M99.921-800.158v-4.427h17.708V-820.3a14.949,14.949,0,0,0-4.51-10.984,14.949,14.949,0,0,0-10.984-4.51,14.949,14.949,0,0,0-10.984,4.51A14.949,14.949,0,0,0,86.64-820.3v13.5H84.427a4.263,4.263,0,0,1-3.126-1.3,4.263,4.263,0,0,1-1.3-3.126v-4.427a4.358,4.358,0,0,1,.581-2.186,4.334,4.334,0,0,1,1.632-1.632l.166-2.933a19.155,19.155,0,0,1,2.186-6.972,20.975,20.975,0,0,1,4.372-5.589,19.42,19.42,0,0,1,6.032-3.708A19.535,19.535,0,0,1,102.134-840a19.319,19.319,0,0,1,7.138,1.328,20.147,20.147,0,0,1,6.032,3.68,19.864,19.864,0,0,1,4.372,5.561,20.316,20.316,0,0,1,2.213,6.972l.166,2.877a3.66,3.66,0,0,1,1.632,1.494,4.109,4.109,0,0,1,.581,2.1v5.091a4.109,4.109,0,0,1-.581,2.1,3.66,3.66,0,0,1-1.632,1.494v2.711a4.263,4.263,0,0,1-1.3,3.127,4.263,4.263,0,0,1-3.126,1.3Zm-4.427-15.494a2.141,2.141,0,0,1-1.577-.636,2.142,2.142,0,0,1-.636-1.577,2.142,2.142,0,0,1,.636-1.577,2.142,2.142,0,0,1,1.577-.636,2.142,2.142,0,0,1,1.577.636,2.142,2.142,0,0,1,.636,1.577,2.142,2.142,0,0,1-.636,1.577A2.141,2.141,0,0,1,95.494-815.652Zm13.281,0a2.141,2.141,0,0,1-1.577-.636,2.142,2.142,0,0,1-.636-1.577,2.142,2.142,0,0,1,.636-1.577,2.142,2.142,0,0,1,1.577-.636,2.142,2.142,0,0,1,1.577.636,2.142,2.142,0,0,1,.636,1.577,2.142,2.142,0,0,1-.636,1.577A2.141,2.141,0,0,1,108.775-815.652Zm-19.866-3.431a12.905,12.905,0,0,1,3.542-10.071,12.852,12.852,0,0,1,9.795-4.206,13.09,13.09,0,0,1,8.66,3.126,12.7,12.7,0,0,1,4.51,8,17.474,17.474,0,0,1-9.269-2.711,17.63,17.63,0,0,1-6.5-7.194,17.656,17.656,0,0,1-3.735,7.885A17.693,17.693,0,0,1,88.909-819.083Z\" transform=\"translate(-80 840)\" fill=\"#144361\"><\/path>\n<\/svg>\n<\/div><\/a><div class=\"w-iconbox-meta\"><p class=\"w-iconbox-title\"><a href=\"https:\/\/www.secondastrada.com\/it\/servizio-clienti\/assistenza\/\" class=\"w-iconbox-link\" aria-label=\"Assistenza clienti\">Assistenza clienti<\/a><\/p><\/div><\/div><\/div><\/div><div class=\"wpb_column vc_column_container\"><div class=\"vc_column-inner\"><div class=\"w-iconbox txt-uppercase iconpos_top style_default color_primary align_center no_text icontype_img\"><a href=\"https:\/\/www.secondastrada.com\/servizio-clienti\/\" class=\"w-iconbox-link\" aria-label=\"Aiuto e FAQ\"><div class=\"w-iconbox-icon\" style=\"font-size:2rem;\"><?xml version=\"1.0\" encoding=\"UTF-8\"?>\n<svg xmlns=\"http:\/\/www.w3.org\/2000\/svg\" width=\"36.996\" height=\"43.162\" viewBox=\"0 0 36.996 43.162\">\n  <path id=\"live_help_FILL0_wght400_GRAD0_opsz24\" d=\"M138.293-849.17a2.481,2.481,0,0,0,1.824-.745,2.481,2.481,0,0,0,.745-1.824,2.481,2.481,0,0,0-.745-1.824,2.481,2.481,0,0,0-1.824-.745,2.481,2.481,0,0,0-1.824.745,2.481,2.481,0,0,0-.745,1.824,2.481,2.481,0,0,0,.745,1.824A2.481,2.481,0,0,0,138.293-849.17Zm-1.85-7.913h3.8a12.258,12.258,0,0,1,.077-1.49,4.055,4.055,0,0,1,.334-1.182,5.1,5.1,0,0,1,.642-1.053,14.626,14.626,0,0,1,1.1-1.208,18.023,18.023,0,0,0,2.543-3.006,5.127,5.127,0,0,0,.745-2.749,5.636,5.636,0,0,0-1.85-4.393,7.158,7.158,0,0,0-4.984-1.67,8.156,8.156,0,0,0-4.8,1.387,7.16,7.16,0,0,0-2.749,3.854l3.391,1.336a4.051,4.051,0,0,1,1.439-2.235,3.957,3.957,0,0,1,2.518-.848,3.568,3.568,0,0,1,2.312.745,2.413,2.413,0,0,1,.925,1.978,3.711,3.711,0,0,1-.565,1.85,9.277,9.277,0,0,1-1.9,2.158,9.152,9.152,0,0,0-1.413,1.413,7.649,7.649,0,0,0-.9,1.464,6.6,6.6,0,0,0-.514,1.619A11.524,11.524,0,0,0,136.443-857.083Zm2.055,20.245L132.332-843h-8.221a3.959,3.959,0,0,1-2.9-1.208,3.958,3.958,0,0,1-1.208-2.9v-28.775a3.958,3.958,0,0,1,1.208-2.9,3.958,3.958,0,0,1,2.9-1.207h28.775a3.958,3.958,0,0,1,2.9,1.207,3.958,3.958,0,0,1,1.208,2.9v28.775a3.958,3.958,0,0,1-1.208,2.9,3.959,3.959,0,0,1-2.9,1.208h-8.221Zm-14.387-10.277h9.866l4.522,4.522,4.522-4.522h9.866v-28.775H124.111ZM138.5-861.5Z\" transform=\"translate(-120 880)\" fill=\"#144361\"><\/path>\n<\/svg>\n<\/div><\/a><div class=\"w-iconbox-meta\"><p class=\"w-iconbox-title\"><a href=\"https:\/\/www.secondastrada.com\/servizio-clienti\/\" class=\"w-iconbox-link\" aria-label=\"Aiuto e FAQ\">Aiuto e FAQ<\/a><\/p><\/div><\/div><\/div><\/div><div class=\"wpb_column vc_column_container\"><div class=\"vc_column-inner\"><div class=\"w-iconbox txt-uppercase iconpos_top style_default color_primary align_center no_text icontype_img\"><a href=\"https:\/\/www.secondastrada.com\/it\/i-nostri-store\/\" class=\"w-iconbox-link\" aria-label=\"Punti di ritiro\"><div class=\"w-iconbox-icon\" style=\"font-size:2rem;\"><?xml version=\"1.0\" encoding=\"UTF-8\"?>\n<svg xmlns=\"http:\/\/www.w3.org\/2000\/svg\" width=\"44.158\" height=\"44.048\" viewBox=\"0 0 44.158 44.048\">\n  <path id=\"share_location_FILL0_wght400_GRAD0_opsz24\" d=\"M105.237-833.952v-4.427a17.689,17.689,0,0,0,4.51-1.273,20.453,20.453,0,0,0,4.123-2.379l3.209,3.21a23.808,23.808,0,0,1-5.589,3.292A21.94,21.94,0,0,1,105.237-833.952Zm14.941-8.079-3.1-3.1a16.389,16.389,0,0,0,2.324-4.012,19.146,19.146,0,0,0,1.217-4.621h4.538a24.492,24.492,0,0,1-1.688,6.391A20.041,20.041,0,0,1,120.178-842.031Zm.443-16.158a19.14,19.14,0,0,0-1.217-4.676,15.4,15.4,0,0,0-2.324-3.957l3.1-3.1a21.168,21.168,0,0,1,3.4,5.423,19.823,19.823,0,0,1,1.577,6.308Zm-19.81,24.237A21.947,21.947,0,0,1,86.672-841.2,21.265,21.265,0,0,1,81-855.976a21.336,21.336,0,0,1,5.672-14.83A21.714,21.714,0,0,1,100.81-878v4.427A17.452,17.452,0,0,0,89.8-867.652a17.139,17.139,0,0,0-4.372,11.676A17.037,17.037,0,0,0,89.8-844.328a17.748,17.748,0,0,0,11.012,5.949Zm13.17-35.969a20.1,20.1,0,0,0-4.206-2.435,16.556,16.556,0,0,0-4.538-1.217V-878a20.705,20.705,0,0,1,6.253,1.522,22.817,22.817,0,0,1,5.589,3.348Zm-10.9,25.012a64.091,64.091,0,0,1-6.032-5.81,10.424,10.424,0,0,1-2.822-7.249,8.89,8.89,0,0,1,2.573-6.419,8.412,8.412,0,0,1,6.281-2.656,8.412,8.412,0,0,1,6.281,2.656,8.89,8.89,0,0,1,2.573,6.419,10.424,10.424,0,0,1-2.822,7.249A64.091,64.091,0,0,1,103.079-844.909Zm0-11.067a2.3,2.3,0,0,0,1.688-.692,2.3,2.3,0,0,0,.692-1.688,2.325,2.325,0,0,0-.692-1.66,2.252,2.252,0,0,0-1.688-.719,2.252,2.252,0,0,0-1.688.719,2.325,2.325,0,0,0-.692,1.66,2.3,2.3,0,0,0,.692,1.688A2.3,2.3,0,0,0,103.079-855.976Z\" transform=\"translate(-81 878)\" fill=\"#144361\"><\/path>\n<\/svg>\n<\/div><\/a><div class=\"w-iconbox-meta\"><p class=\"w-iconbox-title\"><a href=\"https:\/\/www.secondastrada.com\/it\/i-nostri-store\/\" class=\"w-iconbox-link\" aria-label=\"Punti di ritiro\">Punti di ritiro<\/a><\/p><\/div><\/div><\/div><\/div><div class=\"wpb_column vc_column_container\"><div class=\"vc_column-inner\"><div class=\"w-iconbox txt-uppercase iconpos_top style_default color_primary align_center no_text icontype_img\"><a href=\"https:\/\/www.secondastrada.com\/servizio-clienti\/spedizioni\/\" class=\"w-iconbox-link\" aria-label=\"Consegne\"><div class=\"w-iconbox-icon\" style=\"font-size:2rem;\"><?xml version=\"1.0\" encoding=\"UTF-8\"?>\n<svg xmlns=\"http:\/\/www.w3.org\/2000\/svg\" width=\"48.696\" height=\"35.415\" viewBox=\"0 0 48.696 35.415\">\n  <path id=\"local_shipping_FILL0_wght400_GRAD0_opsz24\" d=\"M51.067-764.585a6.4,6.4,0,0,1-4.7-1.937,6.4,6.4,0,0,1-1.937-4.7H40v-24.348a4.263,4.263,0,0,1,1.3-3.126,4.263,4.263,0,0,1,3.126-1.3H75.415v8.854h6.64l6.64,8.854v11.067H84.269a6.4,6.4,0,0,1-1.937,4.7,6.4,6.4,0,0,1-4.7,1.937,6.4,6.4,0,0,1-4.7-1.937,6.4,6.4,0,0,1-1.937-4.7H57.708a6.4,6.4,0,0,1-1.937,4.7A6.4,6.4,0,0,1,51.067-764.585Zm0-4.427a2.142,2.142,0,0,0,1.577-.636,2.142,2.142,0,0,0,.636-1.577,2.142,2.142,0,0,0-.636-1.577,2.142,2.142,0,0,0-1.577-.636,2.142,2.142,0,0,0-1.577.636,2.142,2.142,0,0,0-.636,1.577,2.142,2.142,0,0,0,.636,1.577A2.142,2.142,0,0,0,51.067-769.012Zm-6.64-6.64H46.2a7.658,7.658,0,0,1,2.158-1.6,5.978,5.978,0,0,1,2.711-.609,5.978,5.978,0,0,1,2.711.609,7.658,7.658,0,0,1,2.158,1.6H70.988v-19.921H44.427Zm33.2,6.64a2.142,2.142,0,0,0,1.577-.636,2.142,2.142,0,0,0,.636-1.577,2.142,2.142,0,0,0-.636-1.577,2.142,2.142,0,0,0-1.577-.636,2.142,2.142,0,0,0-1.577.636,2.142,2.142,0,0,0-.636,1.577,2.142,2.142,0,0,0,.636,1.577A2.142,2.142,0,0,0,77.629-769.012Zm-2.213-11.067h9.407l-4.98-6.64H75.415ZM57.708-785.613Z\" transform=\"translate(-40 800)\" fill=\"#144361\"><\/path>\n<\/svg>\n<\/div><\/a><div class=\"w-iconbox-meta\"><p class=\"w-iconbox-title\"><a href=\"https:\/\/www.secondastrada.com\/servizio-clienti\/spedizioni\/\" class=\"w-iconbox-link\" aria-label=\"Consegne\">Consegne<\/a><\/p><\/div><\/div><\/div><\/div><\/div><\/div><\/div><\/div><\/div><\/section>\n\n","protected":false},"excerpt":{"rendered":"HomePagine COME NASCE SECONDA STRADA: LA MODA FIRMATA A PREZZI SCONTATI Seconda Strada\u00a0nasce dall&#8217;intraprendenza di Emilio Mattioni, imprenditore lungimirante, esperto di pelletteria, che verso la fine degli anni Novanta interpreta al meglio i cambiamenti l&#8217;evoluzione dei consumi e le esigenze del mercato proponendo un\u00a0nuovo \u201cconcept\u201d\u00a0di vendita di abbigliamento e accessori: \u201cmoda firmata a prezzi scontati\u201d....","protected":false},"author":1,"featured_media":0,"parent":0,"menu_order":0,"comment_status":"closed","ping_status":"closed","template":"","meta":{"inline_featured_image":false,"footnotes":""},"class_list":["post-775","page","type-page","status-publish","hentry"],"acf":[],"yoast_head":"<!-- This site is optimized with the Yoast SEO plugin v22.3 - https:\/\/yoast.com\/wordpress\/plugins\/seo\/ -->\n<title>Chi siamo - Seconda Strada<\/title>\n<meta name=\"robots\" content=\"index, follow, max-snippet:-1, max-image-preview:large, max-video-preview:-1\" \/>\n<link rel=\"canonical\" href=\"https:\/\/www.secondastrada.com\/it\/chi-siamo\/\" \/>\n<meta property=\"og:locale\" content=\"it_IT\" \/>\n<meta property=\"og:type\" content=\"article\" \/>\n<meta property=\"og:title\" content=\"Chi siamo - Seconda Strada\" \/>\n<meta property=\"og:url\" content=\"https:\/\/www.secondastrada.com\/it\/chi-siamo\/\" \/>\n<meta property=\"og:site_name\" content=\"Seconda Strada\" \/>\n<meta property=\"article:modified_time\" content=\"2025-03-31T15:16:12+00:00\" \/>\n<meta name=\"twitter:card\" content=\"summary_large_image\" \/>\n<meta name=\"twitter:label1\" content=\"Tempo di lettura stimato\" \/>\n\t<meta name=\"twitter:data1\" content=\"4 minuti\" \/>\n<!-- \/ Yoast SEO plugin. -->","yoast_head_json":{"title":"Chi siamo - Seconda Strada","robots":{"index":"index","follow":"follow","max-snippet":"max-snippet:-1","max-image-preview":"max-image-preview:large","max-video-preview":"max-video-preview:-1"},"canonical":"https:\/\/www.secondastrada.com\/it\/chi-siamo\/","og_locale":"it_IT","og_type":"article","og_title":"Chi siamo - Seconda Strada","og_url":"https:\/\/www.secondastrada.com\/it\/chi-siamo\/","og_site_name":"Seconda Strada","article_modified_time":"2025-03-31T15:16:12+00:00","twitter_card":"summary_large_image","twitter_misc":{"Tempo di lettura stimato":"4 minuti"},"schema":{"@context":"https:\/\/schema.org","@graph":[{"@type":"WebPage","@id":"https:\/\/www.secondastrada.com\/it\/chi-siamo\/","url":"https:\/\/www.secondastrada.com\/it\/chi-siamo\/","name":"Chi siamo - Seconda Strada","isPartOf":{"@id":"https:\/\/www.secondastrada.com\/it\/#website"},"datePublished":"2023-11-28T11:06:15+00:00","dateModified":"2025-03-31T15:16:12+00:00","breadcrumb":{"@id":"https:\/\/www.secondastrada.com\/it\/chi-siamo\/#breadcrumb"},"inLanguage":"it-IT","potentialAction":[{"@type":"ReadAction","target":["https:\/\/www.secondastrada.com\/it\/chi-siamo\/"]}]},{"@type":"BreadcrumbList","@id":"https:\/\/www.secondastrada.com\/it\/chi-siamo\/#breadcrumb","itemListElement":[{"@type":"ListItem","position":1,"name":"Home","item":"https:\/\/www.secondastrada.com\/it\/"},{"@type":"ListItem","position":2,"name":"Chi siamo"}]},{"@type":"WebSite","@id":"https:\/\/www.secondastrada.com\/it\/#website","url":"https:\/\/www.secondastrada.com\/it\/","name":"Seconda Strada","description":"","publisher":{"@id":"https:\/\/www.secondastrada.com\/it\/#organization"},"potentialAction":[{"@type":"SearchAction","target":{"@type":"EntryPoint","urlTemplate":"https:\/\/www.secondastrada.com\/it\/?s={search_term_string}"},"query-input":"required name=search_term_string"}],"inLanguage":"it-IT"},{"@type":"Organization","@id":"https:\/\/www.secondastrada.com\/it\/#organization","name":"Seconda Strada","url":"https:\/\/www.secondastrada.com\/it\/","logo":{"@type":"ImageObject","inLanguage":"it-IT","@id":"https:\/\/www.secondastrada.com\/it\/#\/schema\/logo\/image\/","url":"https:\/\/www.secondastrada.com\/wp-content\/uploads\/2023\/11\/secondastrada-logo.svg","contentUrl":"https:\/\/www.secondastrada.com\/wp-content\/uploads\/2023\/11\/secondastrada-logo.svg","width":353,"height":47,"caption":"Seconda Strada"},"image":{"@id":"https:\/\/www.secondastrada.com\/it\/#\/schema\/logo\/image\/"}}]}},"_links":{"self":[{"href":"https:\/\/www.secondastrada.com\/it\/wp-json\/wp\/v2\/pages\/775"}],"collection":[{"href":"https:\/\/www.secondastrada.com\/it\/wp-json\/wp\/v2\/pages"}],"about":[{"href":"https:\/\/www.secondastrada.com\/it\/wp-json\/wp\/v2\/types\/page"}],"author":[{"embeddable":true,"href":"https:\/\/www.secondastrada.com\/it\/wp-json\/wp\/v2\/users\/1"}],"replies":[{"embeddable":true,"href":"https:\/\/www.secondastrada.com\/it\/wp-json\/wp\/v2\/comments?post=775"}],"version-history":[{"count":5,"href":"https:\/\/www.secondastrada.com\/it\/wp-json\/wp\/v2\/pages\/775\/revisions"}],"predecessor-version":[{"id":258704,"href":"https:\/\/www.secondastrada.com\/it\/wp-json\/wp\/v2\/pages\/775\/revisions\/258704"}],"wp:attachment":[{"href":"https:\/\/www.secondastrada.com\/it\/wp-json\/wp\/v2\/media?parent=775"}],"curies":[{"name":"wp","href":"https:\/\/api.w.org\/{rel}","templated":true}]}}