{"id":10291,"date":"2024-03-23T08:29:37","date_gmt":"2024-03-23T07:29:37","guid":{"rendered":"http:\/\/secondastrada.com\/cappotto-vougue-panna\/"},"modified":"2026-01-29T19:42:33","modified_gmt":"2026-01-29T18:42:33","slug":"cappotto-vougue-panna","status":"publish","type":"product","link":"https:\/\/www.secondastrada.com\/it\/cappotto-vougue-panna\/","title":{"rendered":"Cappotto Vougue panna"},"content":{"rendered":"<p><b>COMPOSIZIONE E VESTIBILIT\u00c0:<\/b><br \/>92% poliestere 8% viscosa<br \/>La modella \u00e8 alta 170 cm e indossa la taglia S. La vestibilit\u00e0 del capo \u00e8 regolare.<br \/><b>CONSIGLI DI STILE:<\/b><br \/>Cappotto lunghezza media classico su base panna rigato nero in trama alveare. Presenti fake tasche a taglio. La vestibilit\u00e0 \u00e8 morbida e pratica grazie a bottoni ad asola in tinta. Il cappotto \u00e8 adatto per occasioni casual e facilmente combinabile per outfit diurni\/serali. Indossalo per spiccare con stile. <br \/>Cod. art. LAGO ot<br \/>Vi ricordiamo che tutti i nostri articoli sono originali.<br \/><b>MISURE:<\/b><br \/> Misure taglia S: <br \/>&#8211; Spalle (da cucitura a cucitura): 34 cm <br \/>&#8211; Lunghezza (da sotto ascella fino al fondo): 61 cm <br \/>&#8211; Manica (da cucitura spalla fino al fondo): 61 cm<\/p>\n","protected":false},"excerpt":{"rendered":"<p>COMPOSIZIONE E VESTIBILIT\u00c0:92% poliestere 8% viscosaLa modella \u00e8 alta 170 cm e indossa la taglia S. La vestibilit\u00e0 del capo \u00e8 regolare.CONSIGLI DI STILE:Cappotto lunghezza media classico su base panna rigato nero in trama alveare. Presenti fake tasche a taglio. La vestibilit\u00e0 \u00e8 morbida e pratica grazie a bottoni ad asola in tinta. Il cappotto&#8230;<\/p>\n","protected":false},"featured_media":39567,"template":"","meta":{"inline_featured_image":false},"ss_brand":[1203],"ss_promo":[2181],"ss_season":[2005],"product_cat":[1329,1473,1596,1658],"product_tag":[],"class_list":{"0":"post-10291","1":"product","2":"type-product","3":"status-publish","4":"has-post-thumbnail","6":"ss_brand-vougue-donna","7":"ss_promo-ultime-occasioni-donna","8":"ss_season-ai23","9":"product_cat-abbigliamento-donna","10":"product_cat-cappotti-da-donna","11":"product_cat-cappotti-corti-da-donna","12":"product_cat-collezione-donna","14":"first","15":"outofstock","16":"sold-individually","17":"shipping-taxable","18":"product-type-variable","19":"has-default-attributes"},"acf":{"ss_brand":[{"term_id":1203,"name":"VOUGUE","slug":"vougue-donna","term_group":0,"term_taxonomy_id":1203,"taxonomy":"ss_brand","description":"Vuoi essere glamour e sul pezzo in ufficio e nel tempo libero? Scopri la collezione di abbigliamento Vougue a prezzi iper-convenienti per outfit di sicuro successo.","parent":1201,"count":303,"filter":"raw"}],"ss_promo":[2181],"ss_season":[{"term_id":2005,"name":"AI23","slug":"ai23","term_group":0,"term_taxonomy_id":2005,"taxonomy":"ss_season","description":"","parent":0,"count":601,"filter":"raw"}],"ss_old_price":"0,00","ss_omnibus_price":"0,00","ss_style_advice":"<p><b>COMPOSIZIONE E VESTIBILIT\u00c0:<\/b><br \/>92% poliestere 8% viscosa<br \/>La modella \u00e8 alta 170 cm e indossa la taglia S. La vestibilit\u00e0 del capo \u00e8 regolare.<br \/><b>CONSIGLI DI STILE:<\/b><br \/>Cappotto lunghezza media classico su base panna rigato nero in trama alveare. Presenti fake tasche a taglio. La vestibilit\u00e0 \u00e8 morbida e pratica grazie a bottoni ad asola in tinta. Il cappotto \u00e8 adatto per occasioni casual e facilmente combinabile per outfit diurni\/serali. Indossalo per spiccare con stile. <br \/>Cod. art. LAGO ot<br \/>Vi ricordiamo che tutti i nostri articoli sono originali.<br \/><b>MISURE:<\/b><br \/> Misure taglia S: <br \/>&#8211; Spalle (da cucitura a cucitura): 34 cm <br \/>&#8211; Lunghezza (da sotto ascella fino al fondo): 61 cm <br \/>&#8211; Manica (da cucitura spalla fino al fondo): 61 cm<\/p>\n","ss_composition":"<p>92% poliestere 8% viscosa<\/p>\n","ss_fit":"<p>Cappotto VOUGUE<\/p>\n"},"yoast_head":"<!-- This site is optimized with the Yoast SEO plugin v22.3 - https:\/\/yoast.com\/wordpress\/plugins\/seo\/ -->\n<title>Cappotto Vougue panna - Acquista online! - Seconda Strada<\/title>\n<meta name=\"description\" content=\"Cappotto Vougue panna \u27a4 Acquista online su Secondastrada.com Cappotto Vougue panna \u2714\ufe0f Spedizione veloce entro 24h in tutta Italia \u2714\ufe0f Sconto sul tuo primo acquisto\" \/>\n<meta name=\"robots\" content=\"index, follow, max-snippet:-1, max-image-preview:large, max-video-preview:-1\" \/>\n<link rel=\"canonical\" href=\"https:\/\/www.secondastrada.com\/it\/cappotto-vougue-panna\/\" \/>\n<meta property=\"og:locale\" content=\"it_IT\" \/>\n<meta property=\"og:type\" content=\"article\" \/>\n<meta property=\"og:title\" content=\"Cappotto Vougue panna - Acquista online! - Seconda Strada\" \/>\n<meta property=\"og:description\" content=\"Cappotto Vougue panna \u27a4 Acquista online su Secondastrada.com Cappotto Vougue panna \u2714\ufe0f Spedizione veloce entro 24h in tutta Italia \u2714\ufe0f Sconto sul tuo primo acquisto\" \/>\n<meta property=\"og:url\" content=\"https:\/\/www.secondastrada.com\/it\/cappotto-vougue-panna\/\" \/>\n<meta property=\"og:site_name\" content=\"Seconda Strada\" \/>\n<meta property=\"article:modified_time\" content=\"2026-01-29T18:42:33+00:00\" \/>\n<meta property=\"og:image\" content=\"https:\/\/www.secondastrada.com\/wp-content\/uploads\/2024\/04\/LAGO-ot_PANNA-13_AI23_1.jpg\" \/>\n\t<meta property=\"og:image:width\" content=\"1000\" \/>\n\t<meta property=\"og:image:height\" content=\"1300\" \/>\n\t<meta property=\"og:image:type\" content=\"image\/jpeg\" \/>\n<meta name=\"twitter:card\" content=\"summary_large_image\" \/>\n<meta name=\"twitter:label1\" content=\"Tempo di lettura stimato\" \/>\n\t<meta name=\"twitter:data1\" content=\"1 minuto\" \/>\n<!-- \/ Yoast SEO plugin. -->","yoast_head_json":{"title":"Cappotto Vougue panna - Acquista online! - Seconda Strada","description":"Cappotto Vougue panna \u27a4 Acquista online su Secondastrada.com Cappotto Vougue panna \u2714\ufe0f Spedizione veloce entro 24h in tutta Italia \u2714\ufe0f Sconto sul tuo primo acquisto","robots":{"index":"index","follow":"follow","max-snippet":"max-snippet:-1","max-image-preview":"max-image-preview:large","max-video-preview":"max-video-preview:-1"},"canonical":"https:\/\/www.secondastrada.com\/it\/cappotto-vougue-panna\/","og_locale":"it_IT","og_type":"article","og_title":"Cappotto Vougue panna - Acquista online! - Seconda Strada","og_description":"Cappotto Vougue panna \u27a4 Acquista online su Secondastrada.com Cappotto Vougue panna \u2714\ufe0f Spedizione veloce entro 24h in tutta Italia \u2714\ufe0f Sconto sul tuo primo acquisto","og_url":"https:\/\/www.secondastrada.com\/it\/cappotto-vougue-panna\/","og_site_name":"Seconda Strada","article_modified_time":"2026-01-29T18:42:33+00:00","og_image":[{"width":1000,"height":1300,"url":"https:\/\/www.secondastrada.com\/wp-content\/uploads\/2024\/04\/LAGO-ot_PANNA-13_AI23_1.jpg","type":"image\/jpeg"}],"twitter_card":"summary_large_image","twitter_misc":{"Tempo di lettura stimato":"1 minuto"},"schema":{"@context":"https:\/\/schema.org","@graph":[{"@type":"WebPage","@id":"https:\/\/www.secondastrada.com\/it\/cappotto-vougue-panna\/","url":"https:\/\/www.secondastrada.com\/it\/cappotto-vougue-panna\/","name":"Cappotto Vougue panna - Acquista online! - Seconda Strada","isPartOf":{"@id":"https:\/\/www.secondastrada.com\/it\/#website"},"primaryImageOfPage":{"@id":"https:\/\/www.secondastrada.com\/it\/cappotto-vougue-panna\/#primaryimage"},"image":{"@id":"https:\/\/www.secondastrada.com\/it\/cappotto-vougue-panna\/#primaryimage"},"thumbnailUrl":"https:\/\/www.secondastrada.com\/wp-content\/uploads\/2024\/04\/LAGO-ot_PANNA-13_AI23_1.jpg","datePublished":"2024-03-23T07:29:37+00:00","dateModified":"2026-01-29T18:42:33+00:00","description":"Cappotto Vougue panna \u27a4 Acquista online su Secondastrada.com Cappotto Vougue panna \u2714\ufe0f Spedizione veloce entro 24h in tutta Italia \u2714\ufe0f Sconto sul tuo primo acquisto","breadcrumb":{"@id":"https:\/\/www.secondastrada.com\/it\/cappotto-vougue-panna\/#breadcrumb"},"inLanguage":"it-IT","potentialAction":[{"@type":"ReadAction","target":["https:\/\/www.secondastrada.com\/it\/cappotto-vougue-panna\/"]}]},{"@type":"ImageObject","inLanguage":"it-IT","@id":"https:\/\/www.secondastrada.com\/it\/cappotto-vougue-panna\/#primaryimage","url":"https:\/\/www.secondastrada.com\/wp-content\/uploads\/2024\/04\/LAGO-ot_PANNA-13_AI23_1.jpg","contentUrl":"https:\/\/www.secondastrada.com\/wp-content\/uploads\/2024\/04\/LAGO-ot_PANNA-13_AI23_1.jpg","width":1000,"height":1300,"caption":"LAGO-ot_PANNA-13_AI23"},{"@type":"BreadcrumbList","@id":"https:\/\/www.secondastrada.com\/it\/cappotto-vougue-panna\/#breadcrumb","itemListElement":[{"@type":"ListItem","position":1,"name":"Home","item":"https:\/\/www.secondastrada.com\/it\/"},{"@type":"ListItem","position":2,"name":"Shop","item":"https:\/\/www.secondastrada.com\/it\/shop\/"},{"@type":"ListItem","position":3,"name":"Donna","item":"https:\/\/www.secondastrada.com\/it\/collezione-donna\/"},{"@type":"ListItem","position":4,"name":"Abbigliamento","item":"https:\/\/www.secondastrada.com\/it\/collezione-donna\/abbigliamento-donna\/"},{"@type":"ListItem","position":5,"name":"Cappotti","item":"https:\/\/www.secondastrada.com\/it\/collezione-donna\/abbigliamento-donna\/cappotti-da-donna\/"},{"@type":"ListItem","position":6,"name":"Cappotti corti","item":"https:\/\/www.secondastrada.com\/it\/collezione-donna\/abbigliamento-donna\/cappotti-da-donna\/cappotti-corti-da-donna\/"},{"@type":"ListItem","position":7,"name":"Cappotto Vougue panna"}]},{"@type":"WebSite","@id":"https:\/\/www.secondastrada.com\/it\/#website","url":"https:\/\/www.secondastrada.com\/it\/","name":"Seconda Strada","description":"","publisher":{"@id":"https:\/\/www.secondastrada.com\/it\/#organization"},"potentialAction":[{"@type":"SearchAction","target":{"@type":"EntryPoint","urlTemplate":"https:\/\/www.secondastrada.com\/it\/?s={search_term_string}"},"query-input":"required name=search_term_string"}],"inLanguage":"it-IT"},{"@type":"Organization","@id":"https:\/\/www.secondastrada.com\/it\/#organization","name":"Seconda Strada","url":"https:\/\/www.secondastrada.com\/it\/","logo":{"@type":"ImageObject","inLanguage":"it-IT","@id":"https:\/\/www.secondastrada.com\/it\/#\/schema\/logo\/image\/","url":"https:\/\/www.secondastrada.com\/wp-content\/uploads\/2023\/11\/secondastrada-logo.svg","contentUrl":"https:\/\/www.secondastrada.com\/wp-content\/uploads\/2023\/11\/secondastrada-logo.svg","width":353,"height":47,"caption":"Seconda Strada"},"image":{"@id":"https:\/\/www.secondastrada.com\/it\/#\/schema\/logo\/image\/"}}]}},"df_price":"","df_sale_price":"","df_regular_price":"","df_image_link":"https:\/\/www.secondastrada.com\/wp-content\/uploads\/2024\/04\/LAGO-ot_PANNA-13_AI23_1-300x300.jpg","_links":{"self":[{"href":"https:\/\/www.secondastrada.com\/it\/wp-json\/wp\/v2\/product\/10291"}],"collection":[{"href":"https:\/\/www.secondastrada.com\/it\/wp-json\/wp\/v2\/product"}],"about":[{"href":"https:\/\/www.secondastrada.com\/it\/wp-json\/wp\/v2\/types\/product"}],"wp:featuredmedia":[{"embeddable":true,"href":"https:\/\/www.secondastrada.com\/it\/wp-json\/wp\/v2\/media\/39567"}],"wp:attachment":[{"href":"https:\/\/www.secondastrada.com\/it\/wp-json\/wp\/v2\/media?parent=10291"}],"wp:term":[{"taxonomy":"ss_brand","embeddable":true,"href":"https:\/\/www.secondastrada.com\/it\/wp-json\/wp\/v2\/ss_brand?post=10291"},{"taxonomy":"ss_promo","embeddable":true,"href":"https:\/\/www.secondastrada.com\/it\/wp-json\/wp\/v2\/ss_promo?post=10291"},{"taxonomy":"ss_season","embeddable":true,"href":"https:\/\/www.secondastrada.com\/it\/wp-json\/wp\/v2\/ss_season?post=10291"},{"taxonomy":"product_cat","embeddable":true,"href":"https:\/\/www.secondastrada.com\/it\/wp-json\/wp\/v2\/product_cat?post=10291"},{"taxonomy":"product_tag","embeddable":true,"href":"https:\/\/www.secondastrada.com\/it\/wp-json\/wp\/v2\/product_tag?post=10291"}],"curies":[{"name":"wp","href":"https:\/\/api.w.org\/{rel}","templated":true}]}}