{"id":11607,"date":"2024-03-23T13:12:26","date_gmt":"2024-03-23T12:12:26","guid":{"rendered":"http:\/\/secondastrada.com\/sandali-steve-madden-beige-con-glitter\/"},"modified":"2026-01-29T11:42:04","modified_gmt":"2026-01-29T10:42:04","slug":"sandali-steve-madden-beige-con-glitter","status":"publish","type":"product","link":"https:\/\/www.secondastrada.com\/it\/sandali-steve-madden-beige-con-glitter\/","title":{"rendered":"Sandali Steve Madden beige con glitter"},"content":{"rendered":"<p><b>COMPOSIZIONE E VESTIBILIT\u00c0:<\/b><br \/>Tessuto e altri materiali<br \/>La modella calza il numero 9 corrispondente al numero 40 italiano e la calzata \u00e8 regolare.<br \/><b>CONSIGLI DI STILE:<\/b><br \/>Sandali Steve Madden in beige con doppia fascia e glitter dorati. L&#8217;indossatura \u00e8 pratica e regolabile grazie al velcro. La soletta interna \u00e8 morbida ed in tinta coordinata mentre la suola rialzata garantisce un&#8217;ampia stabilit\u00e0. I sandali sono ideali per outfit casual di giorno e di sera. Inseriscili nel carrello e non te ne pentirai<br \/>Cod. art. SMPMAXIMAL<br \/>Vi ricordiamo che tutti i nostri articoli sono originali.<br \/><b>MISURE:<\/b><br \/> Misure taglia 9 corrispondente al numero 40 italiano: <br \/> Lunghezza suola: 30 cm, Altezza tacco: 5 cm<\/p>\n","protected":false},"excerpt":{"rendered":"<p>COMPOSIZIONE E VESTIBILIT\u00c0:Tessuto e altri materialiLa modella calza il numero 9 corrispondente al numero 40 italiano e la calzata \u00e8 regolare.CONSIGLI DI STILE:Sandali Steve Madden in beige con doppia fascia e glitter dorati. L&#8217;indossatura \u00e8 pratica e regolabile grazie al velcro. La soletta interna \u00e8 morbida ed in tinta coordinata mentre la suola rialzata garantisce&#8230;<\/p>\n","protected":false},"featured_media":38504,"template":"","meta":{"inline_featured_image":false},"ss_brand":[1918],"ss_promo":[2181],"ss_season":[1708],"product_cat":[1658,1476,1330],"product_tag":[],"class_list":{"0":"post-11607","1":"product","2":"type-product","3":"status-publish","4":"has-post-thumbnail","6":"ss_brand-steve-madden-donna","7":"ss_promo-ultime-occasioni-donna","8":"ss_season-pe23","9":"product_cat-collezione-donna","10":"product_cat-sandali-da-donna","11":"product_cat-scarpe-donna","13":"first","14":"outofstock","15":"sold-individually","16":"shipping-taxable","17":"product-type-variable","18":"has-default-attributes"},"acf":{"ss_brand":[{"term_id":1918,"name":"STEVE MADDEN","slug":"steve-madden-donna","term_group":0,"term_taxonomy_id":1918,"taxonomy":"ss_brand","description":"Chi dice Steve Madden dice scarpe da donna, parla di un brand unico capace di far strabiliare gli occhi, racconta di una storia semplice, nata senza pretese e divenuta un\u2019icona mondiale. Acquista online su SecondaStrada.com scarpe da donna Steve Madden scontatissime!","parent":1201,"count":6,"filter":"raw"}],"ss_promo":[2181],"ss_season":[{"term_id":1708,"name":"PE23","slug":"pe23","term_group":0,"term_taxonomy_id":1708,"taxonomy":"ss_season","description":"","parent":0,"count":504,"filter":"raw"}],"ss_old_price":"135,00","ss_omnibus_price":"0,00","ss_style_advice":"<p><b>COMPOSIZIONE E VESTIBILIT\u00c0:<\/b><br \/>Tessuto e altri materiali<br \/>La modella calza il numero 9 corrispondente al numero 40 italiano e la calzata \u00e8 regolare.<br \/><b>CONSIGLI DI STILE:<\/b><br \/>Sandali Steve Madden in beige con doppia fascia e glitter dorati. L&#8217;indossatura \u00e8 pratica e regolabile grazie al velcro. La soletta interna \u00e8 morbida ed in tinta coordinata mentre la suola rialzata garantisce un&#8217;ampia stabilit\u00e0. I sandali sono ideali per outfit casual di giorno e di sera. Inseriscili nel carrello e non te ne pentirai<br \/>Cod. art. SMPMAXIMAL<br \/>Vi ricordiamo che tutti i nostri articoli sono originali.<br \/><b>MISURE:<\/b><br \/> Misure taglia 9 corrispondente al numero 40 italiano: <br \/> Lunghezza suola: 30 cm, Altezza tacco: 5 cm<\/p>\n","ss_composition":"<p>Tessuto e altri materiali<\/p>\n","ss_fit":"<p>Sandali STEVE MADDEN<\/p>\n"},"yoast_head":"<!-- This site is optimized with the Yoast SEO plugin v22.3 - https:\/\/yoast.com\/wordpress\/plugins\/seo\/ -->\n<title>Sandali Steve Madden beige con glitter - Acquista online! - Seconda Strada<\/title>\n<meta name=\"description\" content=\"Sandali Steve Madden beige con glitter \u27a4 Acquista online su Secondastrada.com Sandali Steve Madden beige con glitter \u2714\ufe0f Spedizione veloce entro 24h in tutta Italia \u2714\ufe0f Sconto sul tuo primo acquisto\" \/>\n<meta name=\"robots\" content=\"index, follow, max-snippet:-1, max-image-preview:large, max-video-preview:-1\" \/>\n<link rel=\"canonical\" href=\"https:\/\/www.secondastrada.com\/it\/sandali-steve-madden-beige-con-glitter\/\" \/>\n<meta property=\"og:locale\" content=\"it_IT\" \/>\n<meta property=\"og:type\" content=\"article\" \/>\n<meta property=\"og:title\" content=\"Sandali Steve Madden beige con glitter - Acquista online! - Seconda Strada\" \/>\n<meta property=\"og:description\" content=\"Sandali Steve Madden beige con glitter \u27a4 Acquista online su Secondastrada.com Sandali Steve Madden beige con glitter \u2714\ufe0f Spedizione veloce entro 24h in tutta Italia \u2714\ufe0f Sconto sul tuo primo acquisto\" \/>\n<meta property=\"og:url\" content=\"https:\/\/www.secondastrada.com\/it\/sandali-steve-madden-beige-con-glitter\/\" \/>\n<meta property=\"og:site_name\" content=\"Seconda Strada\" \/>\n<meta property=\"article:modified_time\" content=\"2026-01-29T10:42:04+00:00\" \/>\n<meta property=\"og:image\" content=\"https:\/\/www.secondastrada.com\/wp-content\/uploads\/2024\/04\/SMPMAXIMAL-ss_BLUSH-MULT_PE23_1.jpg\" \/>\n\t<meta property=\"og:image:width\" content=\"1000\" \/>\n\t<meta property=\"og:image:height\" content=\"1500\" \/>\n\t<meta property=\"og:image:type\" content=\"image\/jpeg\" \/>\n<meta name=\"twitter:card\" content=\"summary_large_image\" \/>\n<!-- \/ Yoast SEO plugin. -->","yoast_head_json":{"title":"Sandali Steve Madden beige con glitter - Acquista online! - Seconda Strada","description":"Sandali Steve Madden beige con glitter \u27a4 Acquista online su Secondastrada.com Sandali Steve Madden beige con glitter \u2714\ufe0f Spedizione veloce entro 24h in tutta Italia \u2714\ufe0f Sconto sul tuo primo acquisto","robots":{"index":"index","follow":"follow","max-snippet":"max-snippet:-1","max-image-preview":"max-image-preview:large","max-video-preview":"max-video-preview:-1"},"canonical":"https:\/\/www.secondastrada.com\/it\/sandali-steve-madden-beige-con-glitter\/","og_locale":"it_IT","og_type":"article","og_title":"Sandali Steve Madden beige con glitter - Acquista online! - Seconda Strada","og_description":"Sandali Steve Madden beige con glitter \u27a4 Acquista online su Secondastrada.com Sandali Steve Madden beige con glitter \u2714\ufe0f Spedizione veloce entro 24h in tutta Italia \u2714\ufe0f Sconto sul tuo primo acquisto","og_url":"https:\/\/www.secondastrada.com\/it\/sandali-steve-madden-beige-con-glitter\/","og_site_name":"Seconda Strada","article_modified_time":"2026-01-29T10:42:04+00:00","og_image":[{"width":1000,"height":1500,"url":"https:\/\/www.secondastrada.com\/wp-content\/uploads\/2024\/04\/SMPMAXIMAL-ss_BLUSH-MULT_PE23_1.jpg","type":"image\/jpeg"}],"twitter_card":"summary_large_image","schema":{"@context":"https:\/\/schema.org","@graph":[{"@type":"WebPage","@id":"https:\/\/www.secondastrada.com\/it\/sandali-steve-madden-beige-con-glitter\/","url":"https:\/\/www.secondastrada.com\/it\/sandali-steve-madden-beige-con-glitter\/","name":"Sandali Steve Madden beige con glitter - Acquista online! - Seconda Strada","isPartOf":{"@id":"https:\/\/www.secondastrada.com\/it\/#website"},"primaryImageOfPage":{"@id":"https:\/\/www.secondastrada.com\/it\/sandali-steve-madden-beige-con-glitter\/#primaryimage"},"image":{"@id":"https:\/\/www.secondastrada.com\/it\/sandali-steve-madden-beige-con-glitter\/#primaryimage"},"thumbnailUrl":"https:\/\/www.secondastrada.com\/wp-content\/uploads\/2024\/04\/SMPMAXIMAL-ss_BLUSH-MULT_PE23_1.jpg","datePublished":"2024-03-23T12:12:26+00:00","dateModified":"2026-01-29T10:42:04+00:00","description":"Sandali Steve Madden beige con glitter \u27a4 Acquista online su Secondastrada.com Sandali Steve Madden beige con glitter \u2714\ufe0f Spedizione veloce entro 24h in tutta Italia \u2714\ufe0f Sconto sul tuo primo acquisto","breadcrumb":{"@id":"https:\/\/www.secondastrada.com\/it\/sandali-steve-madden-beige-con-glitter\/#breadcrumb"},"inLanguage":"it-IT","potentialAction":[{"@type":"ReadAction","target":["https:\/\/www.secondastrada.com\/it\/sandali-steve-madden-beige-con-glitter\/"]}]},{"@type":"ImageObject","inLanguage":"it-IT","@id":"https:\/\/www.secondastrada.com\/it\/sandali-steve-madden-beige-con-glitter\/#primaryimage","url":"https:\/\/www.secondastrada.com\/wp-content\/uploads\/2024\/04\/SMPMAXIMAL-ss_BLUSH-MULT_PE23_1.jpg","contentUrl":"https:\/\/www.secondastrada.com\/wp-content\/uploads\/2024\/04\/SMPMAXIMAL-ss_BLUSH-MULT_PE23_1.jpg","width":1000,"height":1500,"caption":"SMPMAXIMAL-ss_BLUSH-MULT_PE23"},{"@type":"BreadcrumbList","@id":"https:\/\/www.secondastrada.com\/it\/sandali-steve-madden-beige-con-glitter\/#breadcrumb","itemListElement":[{"@type":"ListItem","position":1,"name":"Home","item":"https:\/\/www.secondastrada.com\/it\/"},{"@type":"ListItem","position":2,"name":"Shop","item":"https:\/\/www.secondastrada.com\/it\/shop\/"},{"@type":"ListItem","position":3,"name":"Donna","item":"https:\/\/www.secondastrada.com\/it\/collezione-donna\/"},{"@type":"ListItem","position":4,"name":"Scarpe","item":"https:\/\/www.secondastrada.com\/it\/collezione-donna\/scarpe-donna\/"},{"@type":"ListItem","position":5,"name":"Sandali","item":"https:\/\/www.secondastrada.com\/it\/collezione-donna\/scarpe-donna\/sandali-da-donna\/"},{"@type":"ListItem","position":6,"name":"Sandali Steve Madden beige con glitter"}]},{"@type":"WebSite","@id":"https:\/\/www.secondastrada.com\/it\/#website","url":"https:\/\/www.secondastrada.com\/it\/","name":"Seconda Strada","description":"","publisher":{"@id":"https:\/\/www.secondastrada.com\/it\/#organization"},"potentialAction":[{"@type":"SearchAction","target":{"@type":"EntryPoint","urlTemplate":"https:\/\/www.secondastrada.com\/it\/?s={search_term_string}"},"query-input":"required name=search_term_string"}],"inLanguage":"it-IT"},{"@type":"Organization","@id":"https:\/\/www.secondastrada.com\/it\/#organization","name":"Seconda Strada","url":"https:\/\/www.secondastrada.com\/it\/","logo":{"@type":"ImageObject","inLanguage":"it-IT","@id":"https:\/\/www.secondastrada.com\/it\/#\/schema\/logo\/image\/","url":"https:\/\/www.secondastrada.com\/wp-content\/uploads\/2023\/11\/secondastrada-logo.svg","contentUrl":"https:\/\/www.secondastrada.com\/wp-content\/uploads\/2023\/11\/secondastrada-logo.svg","width":353,"height":47,"caption":"Seconda Strada"},"image":{"@id":"https:\/\/www.secondastrada.com\/it\/#\/schema\/logo\/image\/"}}]}},"df_price":"","df_sale_price":"","df_regular_price":"","df_image_link":"https:\/\/www.secondastrada.com\/wp-content\/uploads\/2024\/04\/SMPMAXIMAL-ss_BLUSH-MULT_PE23_1-300x300.jpg","_links":{"self":[{"href":"https:\/\/www.secondastrada.com\/it\/wp-json\/wp\/v2\/product\/11607"}],"collection":[{"href":"https:\/\/www.secondastrada.com\/it\/wp-json\/wp\/v2\/product"}],"about":[{"href":"https:\/\/www.secondastrada.com\/it\/wp-json\/wp\/v2\/types\/product"}],"wp:featuredmedia":[{"embeddable":true,"href":"https:\/\/www.secondastrada.com\/it\/wp-json\/wp\/v2\/media\/38504"}],"wp:attachment":[{"href":"https:\/\/www.secondastrada.com\/it\/wp-json\/wp\/v2\/media?parent=11607"}],"wp:term":[{"taxonomy":"ss_brand","embeddable":true,"href":"https:\/\/www.secondastrada.com\/it\/wp-json\/wp\/v2\/ss_brand?post=11607"},{"taxonomy":"ss_promo","embeddable":true,"href":"https:\/\/www.secondastrada.com\/it\/wp-json\/wp\/v2\/ss_promo?post=11607"},{"taxonomy":"ss_season","embeddable":true,"href":"https:\/\/www.secondastrada.com\/it\/wp-json\/wp\/v2\/ss_season?post=11607"},{"taxonomy":"product_cat","embeddable":true,"href":"https:\/\/www.secondastrada.com\/it\/wp-json\/wp\/v2\/product_cat?post=11607"},{"taxonomy":"product_tag","embeddable":true,"href":"https:\/\/www.secondastrada.com\/it\/wp-json\/wp\/v2\/product_tag?post=11607"}],"curies":[{"name":"wp","href":"https:\/\/api.w.org\/{rel}","templated":true}]}}