{"id":12688,"date":"2024-03-23T17:41:18","date_gmt":"2024-03-23T16:41:18","guid":{"rendered":"http:\/\/secondastrada.com\/t-shirt-gaelle-paris-bianca-con-glitter\/"},"modified":"2026-01-29T14:40:38","modified_gmt":"2026-01-29T13:40:38","slug":"t-shirt-gaelle-paris-bianca-con-glitter","status":"publish","type":"product","link":"https:\/\/www.secondastrada.com\/it\/t-shirt-gaelle-paris-bianca-con-glitter\/","title":{"rendered":"T-shirt Gaelle Paris bianca con glitter"},"content":{"rendered":"<p><b>COMPOSIZIONE E VESTIBILIT\u00c0:<\/b><br \/>100% cotone<br \/>La modella \u00e8 alta 170 cm e indossa la taglia S. La vestibilit\u00e0 del capo \u00e8 regolare.<br \/><b>CONSIGLI DI STILE:<\/b><br \/>T-shirt corta su sfondo bianco con stampa logo brand in nero rosso e glitter argentati. La vestibilit\u00e0 \u00e8 morbida e regolare. La t-shirt \u00e8 adatta per occasioni casual\/raffinate e facilmente combinabile per outfit diurni e serali. Completa il guardaroba con un tocco chic. <br \/>Cod. art. GBDO9451 ess<br \/>Vi ricordiamo che tutti i nostri articoli sono originali.<br \/><b>MISURE:<\/b><br \/> Misure taglia S: <br \/>&#8211; Spalle (da cucitura a cucitura): 45 cm <br \/>&#8211; Lunghezza (da sotto ascella fino al fondo): 23 cm <\/p>\n","protected":false},"excerpt":{"rendered":"<p>COMPOSIZIONE E VESTIBILIT\u00c0:100% cotoneLa modella \u00e8 alta 170 cm e indossa la taglia S. La vestibilit\u00e0 del capo \u00e8 regolare.CONSIGLI DI STILE:T-shirt corta su sfondo bianco con stampa logo brand in nero rosso e glitter argentati. La vestibilit\u00e0 \u00e8 morbida e regolare. La t-shirt \u00e8 adatta per occasioni casual\/raffinate e facilmente combinabile per outfit diurni&#8230;<\/p>\n","protected":false},"featured_media":35870,"template":"","meta":{"inline_featured_image":false},"ss_brand":[1228],"ss_promo":[2181],"ss_season":[1708],"product_cat":[1329,1658,1822,1337],"product_tag":[],"class_list":{"0":"post-12688","1":"product","2":"type-product","3":"status-publish","4":"has-post-thumbnail","6":"ss_brand-gaelle-paris-donna","7":"ss_promo-ultime-occasioni-donna","8":"ss_season-pe23","9":"product_cat-abbigliamento-donna","10":"product_cat-collezione-donna","11":"product_cat-t-shirt-da-donna","12":"product_cat-t-shirt-e-top-da-donna","14":"first","15":"outofstock","16":"sold-individually","17":"shipping-taxable","18":"product-type-variable","19":"has-default-attributes"},"acf":{"ss_brand":[{"term_id":1228,"name":"GAeLLE Paris","slug":"gaelle-paris-donna","term_group":0,"term_taxonomy_id":1228,"taxonomy":"ss_brand","description":"Capi d\u2019ispirazione sportiva rivisitati in chiave ultra-fashion. Lasciati catturare dallo stile insolito e ricercato firmato GA\u00ebLLE Paris.\u00a0Acquista online su SecondaStrada.com<strong> abbigliamento da donna GA\u00ebLLE Paris scontatissimo<\/strong>!","parent":1201,"count":8,"filter":"raw"}],"ss_promo":[2181],"ss_season":[{"term_id":1708,"name":"PE23","slug":"pe23","term_group":0,"term_taxonomy_id":1708,"taxonomy":"ss_season","description":"","parent":0,"count":504,"filter":"raw"}],"ss_old_price":"59,00","ss_omnibus_price":"0,00","ss_style_advice":"<p><b>COMPOSIZIONE E VESTIBILIT\u00c0:<\/b><br \/>100% cotone<br \/>La modella \u00e8 alta 170 cm e indossa la taglia S. La vestibilit\u00e0 del capo \u00e8 regolare.<br \/><b>CONSIGLI DI STILE:<\/b><br \/>T-shirt corta su sfondo bianco con stampa logo brand in nero rosso e glitter argentati. La vestibilit\u00e0 \u00e8 morbida e regolare. La t-shirt \u00e8 adatta per occasioni casual\/raffinate e facilmente combinabile per outfit diurni e serali. Completa il guardaroba con un tocco chic. <br \/>Cod. art. GBDO9451 ess<br \/>Vi ricordiamo che tutti i nostri articoli sono originali.<br \/><b>MISURE:<\/b><br \/> Misure taglia S: <br \/>&#8211; Spalle (da cucitura a cucitura): 45 cm <br \/>&#8211; Lunghezza (da sotto ascella fino al fondo): 23 cm <\/p>\n","ss_composition":"<p>100% cotone<\/p>\n","ss_fit":"<p>T-shirt GAeLLE Paris<\/p>\n"},"yoast_head":"<!-- This site is optimized with the Yoast SEO plugin v22.3 - https:\/\/yoast.com\/wordpress\/plugins\/seo\/ -->\n<title>T-shirt Gaelle Paris bianca con glitter - Acquista online! - Seconda Strada<\/title>\n<meta name=\"description\" content=\"T-shirt Gaelle Paris bianca con glitter \u27a4 Acquista online su Secondastrada.com T-shirt Gaelle Paris bianca con glitter \u2714\ufe0f Spedizione veloce entro 24h in tutta Italia \u2714\ufe0f Sconto sul tuo primo acquisto\" \/>\n<meta name=\"robots\" content=\"index, follow, max-snippet:-1, max-image-preview:large, max-video-preview:-1\" \/>\n<link rel=\"canonical\" href=\"https:\/\/www.secondastrada.com\/it\/t-shirt-gaelle-paris-bianca-con-glitter\/\" \/>\n<meta property=\"og:locale\" content=\"it_IT\" \/>\n<meta property=\"og:type\" content=\"article\" \/>\n<meta property=\"og:title\" content=\"T-shirt Gaelle Paris bianca con glitter - Acquista online! - Seconda Strada\" \/>\n<meta property=\"og:description\" content=\"T-shirt Gaelle Paris bianca con glitter \u27a4 Acquista online su Secondastrada.com T-shirt Gaelle Paris bianca con glitter \u2714\ufe0f Spedizione veloce entro 24h in tutta Italia \u2714\ufe0f Sconto sul tuo primo acquisto\" \/>\n<meta property=\"og:url\" content=\"https:\/\/www.secondastrada.com\/it\/t-shirt-gaelle-paris-bianca-con-glitter\/\" \/>\n<meta property=\"og:site_name\" content=\"Seconda Strada\" \/>\n<meta property=\"article:modified_time\" content=\"2026-01-29T13:40:38+00:00\" \/>\n<meta property=\"og:image\" content=\"https:\/\/www.secondastrada.com\/wp-content\/uploads\/2024\/03\/GBDO9451-ess_BIANCO_PE23_1.jpg\" \/>\n\t<meta property=\"og:image:width\" content=\"1000\" \/>\n\t<meta property=\"og:image:height\" content=\"1300\" \/>\n\t<meta property=\"og:image:type\" content=\"image\/jpeg\" \/>\n<meta name=\"twitter:card\" content=\"summary_large_image\" \/>\n<!-- \/ Yoast SEO plugin. -->","yoast_head_json":{"title":"T-shirt Gaelle Paris bianca con glitter - Acquista online! - Seconda Strada","description":"T-shirt Gaelle Paris bianca con glitter \u27a4 Acquista online su Secondastrada.com T-shirt Gaelle Paris bianca con glitter \u2714\ufe0f Spedizione veloce entro 24h in tutta Italia \u2714\ufe0f Sconto sul tuo primo acquisto","robots":{"index":"index","follow":"follow","max-snippet":"max-snippet:-1","max-image-preview":"max-image-preview:large","max-video-preview":"max-video-preview:-1"},"canonical":"https:\/\/www.secondastrada.com\/it\/t-shirt-gaelle-paris-bianca-con-glitter\/","og_locale":"it_IT","og_type":"article","og_title":"T-shirt Gaelle Paris bianca con glitter - Acquista online! - Seconda Strada","og_description":"T-shirt Gaelle Paris bianca con glitter \u27a4 Acquista online su Secondastrada.com T-shirt Gaelle Paris bianca con glitter \u2714\ufe0f Spedizione veloce entro 24h in tutta Italia \u2714\ufe0f Sconto sul tuo primo acquisto","og_url":"https:\/\/www.secondastrada.com\/it\/t-shirt-gaelle-paris-bianca-con-glitter\/","og_site_name":"Seconda Strada","article_modified_time":"2026-01-29T13:40:38+00:00","og_image":[{"width":1000,"height":1300,"url":"https:\/\/www.secondastrada.com\/wp-content\/uploads\/2024\/03\/GBDO9451-ess_BIANCO_PE23_1.jpg","type":"image\/jpeg"}],"twitter_card":"summary_large_image","schema":{"@context":"https:\/\/schema.org","@graph":[{"@type":"WebPage","@id":"https:\/\/www.secondastrada.com\/it\/t-shirt-gaelle-paris-bianca-con-glitter\/","url":"https:\/\/www.secondastrada.com\/it\/t-shirt-gaelle-paris-bianca-con-glitter\/","name":"T-shirt Gaelle Paris bianca con glitter - Acquista online! - Seconda Strada","isPartOf":{"@id":"https:\/\/www.secondastrada.com\/it\/#website"},"primaryImageOfPage":{"@id":"https:\/\/www.secondastrada.com\/it\/t-shirt-gaelle-paris-bianca-con-glitter\/#primaryimage"},"image":{"@id":"https:\/\/www.secondastrada.com\/it\/t-shirt-gaelle-paris-bianca-con-glitter\/#primaryimage"},"thumbnailUrl":"https:\/\/www.secondastrada.com\/wp-content\/uploads\/2024\/03\/GBDO9451-ess_BIANCO_PE23_1.jpg","datePublished":"2024-03-23T16:41:18+00:00","dateModified":"2026-01-29T13:40:38+00:00","description":"T-shirt Gaelle Paris bianca con glitter \u27a4 Acquista online su Secondastrada.com T-shirt Gaelle Paris bianca con glitter \u2714\ufe0f Spedizione veloce entro 24h in tutta Italia \u2714\ufe0f Sconto sul tuo primo acquisto","breadcrumb":{"@id":"https:\/\/www.secondastrada.com\/it\/t-shirt-gaelle-paris-bianca-con-glitter\/#breadcrumb"},"inLanguage":"it-IT","potentialAction":[{"@type":"ReadAction","target":["https:\/\/www.secondastrada.com\/it\/t-shirt-gaelle-paris-bianca-con-glitter\/"]}]},{"@type":"ImageObject","inLanguage":"it-IT","@id":"https:\/\/www.secondastrada.com\/it\/t-shirt-gaelle-paris-bianca-con-glitter\/#primaryimage","url":"https:\/\/www.secondastrada.com\/wp-content\/uploads\/2024\/03\/GBDO9451-ess_BIANCO_PE23_1.jpg","contentUrl":"https:\/\/www.secondastrada.com\/wp-content\/uploads\/2024\/03\/GBDO9451-ess_BIANCO_PE23_1.jpg","width":1000,"height":1300,"caption":"GBDO9451-ess_BIANCO_PE23"},{"@type":"BreadcrumbList","@id":"https:\/\/www.secondastrada.com\/it\/t-shirt-gaelle-paris-bianca-con-glitter\/#breadcrumb","itemListElement":[{"@type":"ListItem","position":1,"name":"Home","item":"https:\/\/www.secondastrada.com\/it\/"},{"@type":"ListItem","position":2,"name":"Shop","item":"https:\/\/www.secondastrada.com\/it\/shop\/"},{"@type":"ListItem","position":3,"name":"Donna","item":"https:\/\/www.secondastrada.com\/it\/collezione-donna\/"},{"@type":"ListItem","position":4,"name":"Abbigliamento","item":"https:\/\/www.secondastrada.com\/it\/collezione-donna\/abbigliamento-donna\/"},{"@type":"ListItem","position":5,"name":"T-shirt e Top","item":"https:\/\/www.secondastrada.com\/it\/collezione-donna\/abbigliamento-donna\/t-shirt-e-top-da-donna\/"},{"@type":"ListItem","position":6,"name":"T-shirt","item":"https:\/\/www.secondastrada.com\/it\/collezione-donna\/abbigliamento-donna\/t-shirt-e-top-da-donna\/t-shirt-da-donna\/"},{"@type":"ListItem","position":7,"name":"T-shirt Gaelle Paris bianca con glitter"}]},{"@type":"WebSite","@id":"https:\/\/www.secondastrada.com\/it\/#website","url":"https:\/\/www.secondastrada.com\/it\/","name":"Seconda Strada","description":"","publisher":{"@id":"https:\/\/www.secondastrada.com\/it\/#organization"},"potentialAction":[{"@type":"SearchAction","target":{"@type":"EntryPoint","urlTemplate":"https:\/\/www.secondastrada.com\/it\/?s={search_term_string}"},"query-input":"required name=search_term_string"}],"inLanguage":"it-IT"},{"@type":"Organization","@id":"https:\/\/www.secondastrada.com\/it\/#organization","name":"Seconda Strada","url":"https:\/\/www.secondastrada.com\/it\/","logo":{"@type":"ImageObject","inLanguage":"it-IT","@id":"https:\/\/www.secondastrada.com\/it\/#\/schema\/logo\/image\/","url":"https:\/\/www.secondastrada.com\/wp-content\/uploads\/2023\/11\/secondastrada-logo.svg","contentUrl":"https:\/\/www.secondastrada.com\/wp-content\/uploads\/2023\/11\/secondastrada-logo.svg","width":353,"height":47,"caption":"Seconda Strada"},"image":{"@id":"https:\/\/www.secondastrada.com\/it\/#\/schema\/logo\/image\/"}}]}},"df_price":"","df_sale_price":"","df_regular_price":"","df_image_link":"https:\/\/www.secondastrada.com\/wp-content\/uploads\/2024\/03\/GBDO9451-ess_BIANCO_PE23_1-300x300.jpg","_links":{"self":[{"href":"https:\/\/www.secondastrada.com\/it\/wp-json\/wp\/v2\/product\/12688"}],"collection":[{"href":"https:\/\/www.secondastrada.com\/it\/wp-json\/wp\/v2\/product"}],"about":[{"href":"https:\/\/www.secondastrada.com\/it\/wp-json\/wp\/v2\/types\/product"}],"wp:featuredmedia":[{"embeddable":true,"href":"https:\/\/www.secondastrada.com\/it\/wp-json\/wp\/v2\/media\/35870"}],"wp:attachment":[{"href":"https:\/\/www.secondastrada.com\/it\/wp-json\/wp\/v2\/media?parent=12688"}],"wp:term":[{"taxonomy":"ss_brand","embeddable":true,"href":"https:\/\/www.secondastrada.com\/it\/wp-json\/wp\/v2\/ss_brand?post=12688"},{"taxonomy":"ss_promo","embeddable":true,"href":"https:\/\/www.secondastrada.com\/it\/wp-json\/wp\/v2\/ss_promo?post=12688"},{"taxonomy":"ss_season","embeddable":true,"href":"https:\/\/www.secondastrada.com\/it\/wp-json\/wp\/v2\/ss_season?post=12688"},{"taxonomy":"product_cat","embeddable":true,"href":"https:\/\/www.secondastrada.com\/it\/wp-json\/wp\/v2\/product_cat?post=12688"},{"taxonomy":"product_tag","embeddable":true,"href":"https:\/\/www.secondastrada.com\/it\/wp-json\/wp\/v2\/product_tag?post=12688"}],"curies":[{"name":"wp","href":"https:\/\/api.w.org\/{rel}","templated":true}]}}