{"id":15058,"date":"2024-03-24T05:20:58","date_gmt":"2024-03-24T04:20:58","guid":{"rendered":"http:\/\/secondastrada.com\/t-shirt-yes-zee-fantasia-3\/"},"modified":"2026-01-29T15:44:23","modified_gmt":"2026-01-29T14:44:23","slug":"t-shirt-yes-zee-fantasia-3","status":"publish","type":"product","link":"https:\/\/www.secondastrada.com\/it\/t-shirt-yes-zee-fantasia-3\/","title":{"rendered":"T-shirt Yes Zee fantasia"},"content":{"rendered":"<p><b>COMPOSIZIONE E VESTIBILIT\u00c0:<\/b><br \/>100% poliestere<br \/>La modella \u00e8 alta 161 cm e indossa la taglia S. La vestibilit\u00e0 del capo \u00e8 regolare.<br \/><b>CONSIGLI DI STILE:<\/b><br \/>T-shirt super colorata in tonalit\u00e0 accese tendenti all&#8217;azzurro con stampa &#8220;Las Vegas&#8221;. La vestibilit\u00e0 \u00e8 morbida e regolare. La t-shirt \u00e8 adatta per occasioni casual e ideale per outfit estivi. Inseriscila nel carrello e dai colore ai tuoi outfit.<br \/>Cod. art. T236 Y304 2ss<br \/>Vi ricordiamo che tutti i nostri articoli sono originali.<br \/><b>MISURE:<\/b><br \/> Misure taglia S: <br \/>&#8211; Spalle (da cucitura a cucitura): 34 cm <br \/>&#8211; Lunghezza (da sotto ascella fino al fondo): 46 cm <\/p>\n","protected":false},"excerpt":{"rendered":"<p>COMPOSIZIONE E VESTIBILIT\u00c0:100% poliestereLa modella \u00e8 alta 161 cm e indossa la taglia S. La vestibilit\u00e0 del capo \u00e8 regolare.CONSIGLI DI STILE:T-shirt super colorata in tonalit\u00e0 accese tendenti all&#8217;azzurro con stampa &#8220;Las Vegas&#8221;. La vestibilit\u00e0 \u00e8 morbida e regolare. La t-shirt \u00e8 adatta per occasioni casual e ideale per outfit estivi. Inseriscila nel carrello e&#8230;<\/p>\n","protected":false},"featured_media":39191,"template":"","meta":{"inline_featured_image":false},"ss_brand":[1208],"ss_promo":[2181],"ss_season":[1708],"product_cat":[1329,1658,1822,1337],"product_tag":[1797,2432],"class_list":{"0":"post-15058","1":"product","2":"type-product","3":"status-publish","4":"has-post-thumbnail","6":"ss_brand-yes-zee-donna","7":"ss_promo-ultime-occasioni-donna","8":"ss_season-pe23","9":"product_cat-abbigliamento-donna","10":"product_cat-collezione-donna","11":"product_cat-t-shirt-da-donna","12":"product_cat-t-shirt-e-top-da-donna","13":"product_tag-t-shirt-e-top-yes-zee-donna","14":"product_tag-yes-zee-donna","16":"first","17":"outofstock","18":"sold-individually","19":"shipping-taxable","20":"product-type-variable","21":"has-default-attributes"},"acf":{"ss_brand":[{"term_id":1208,"name":"YES ZEE","slug":"yes-zee-donna","term_group":0,"term_taxonomy_id":1208,"taxonomy":"ss_brand","description":"Libera il tuo istinto fashion e lasciati ispirare dalle collezioni da donna <strong>Yes Zee<\/strong> sempre all\u2019avanguardia e non perdere le nostre <strong>offerte imbattibili<\/strong>!\u00a0Acquista online su SecondaStrada.com <strong>abbigliamento da donna Yes Zee scontatissimo<\/strong>!","parent":1201,"count":718,"filter":"raw"}],"ss_promo":[2181],"ss_season":[{"term_id":1708,"name":"PE23","slug":"pe23","term_group":0,"term_taxonomy_id":1708,"taxonomy":"ss_season","description":"","parent":0,"count":504,"filter":"raw"}],"ss_old_price":"0,00","ss_omnibus_price":"0,00","ss_style_advice":"<p><b>COMPOSIZIONE E VESTIBILIT\u00c0:<\/b><br \/>100% poliestere<br \/>La modella \u00e8 alta 161 cm e indossa la taglia S. La vestibilit\u00e0 del capo \u00e8 regolare.<br \/><b>CONSIGLI DI STILE:<\/b><br \/>T-shirt super colorata in tonalit\u00e0 accese tendenti all&#8217;azzurro con stampa &#8220;Las Vegas&#8221;. La vestibilit\u00e0 \u00e8 morbida e regolare. La t-shirt \u00e8 adatta per occasioni casual e ideale per outfit estivi. Inseriscila nel carrello e dai colore ai tuoi outfit.<br \/>Cod. art. T236 Y304 2ss<br \/>Vi ricordiamo che tutti i nostri articoli sono originali.<br \/><b>MISURE:<\/b><br \/> Misure taglia S: <br \/>&#8211; Spalle (da cucitura a cucitura): 34 cm <br \/>&#8211; Lunghezza (da sotto ascella fino al fondo): 46 cm <\/p>\n","ss_composition":"<p>100% poliestere<\/p>\n","ss_fit":"<p>T-shirt YES ZEE<\/p>\n"},"yoast_head":"<!-- This site is optimized with the Yoast SEO plugin v22.3 - https:\/\/yoast.com\/wordpress\/plugins\/seo\/ -->\n<title>T-shirt Yes Zee fantasia - Acquista online! - Seconda Strada<\/title>\n<meta name=\"description\" content=\"T-shirt Yes Zee fantasia \u27a4 Acquista online su Secondastrada.com T-shirt Yes Zee fantasia \u2714\ufe0f Spedizione veloce entro 24h in tutta Italia \u2714\ufe0f Sconto sul tuo primo acquisto\" \/>\n<meta name=\"robots\" content=\"index, follow, max-snippet:-1, max-image-preview:large, max-video-preview:-1\" \/>\n<link rel=\"canonical\" href=\"https:\/\/www.secondastrada.com\/it\/t-shirt-yes-zee-fantasia-3\/\" \/>\n<meta property=\"og:locale\" content=\"it_IT\" \/>\n<meta property=\"og:type\" content=\"article\" \/>\n<meta property=\"og:title\" content=\"T-shirt Yes Zee fantasia - Acquista online! - Seconda Strada\" \/>\n<meta property=\"og:description\" content=\"T-shirt Yes Zee fantasia \u27a4 Acquista online su Secondastrada.com T-shirt Yes Zee fantasia \u2714\ufe0f Spedizione veloce entro 24h in tutta Italia \u2714\ufe0f Sconto sul tuo primo acquisto\" \/>\n<meta property=\"og:url\" content=\"https:\/\/www.secondastrada.com\/it\/t-shirt-yes-zee-fantasia-3\/\" \/>\n<meta property=\"og:site_name\" content=\"Seconda Strada\" \/>\n<meta property=\"article:modified_time\" content=\"2026-01-29T14:44:23+00:00\" \/>\n<meta property=\"og:image\" content=\"https:\/\/www.secondastrada.com\/wp-content\/uploads\/2024\/04\/T236-Y304-2ss_VAR-AZZURRO-INTENSO_PE23_1.jpg\" \/>\n\t<meta property=\"og:image:width\" content=\"1000\" \/>\n\t<meta property=\"og:image:height\" content=\"1500\" \/>\n\t<meta property=\"og:image:type\" content=\"image\/jpeg\" \/>\n<meta name=\"twitter:card\" content=\"summary_large_image\" \/>\n<!-- \/ Yoast SEO plugin. -->","yoast_head_json":{"title":"T-shirt Yes Zee fantasia - Acquista online! - Seconda Strada","description":"T-shirt Yes Zee fantasia \u27a4 Acquista online su Secondastrada.com T-shirt Yes Zee fantasia \u2714\ufe0f Spedizione veloce entro 24h in tutta Italia \u2714\ufe0f Sconto sul tuo primo acquisto","robots":{"index":"index","follow":"follow","max-snippet":"max-snippet:-1","max-image-preview":"max-image-preview:large","max-video-preview":"max-video-preview:-1"},"canonical":"https:\/\/www.secondastrada.com\/it\/t-shirt-yes-zee-fantasia-3\/","og_locale":"it_IT","og_type":"article","og_title":"T-shirt Yes Zee fantasia - Acquista online! - Seconda Strada","og_description":"T-shirt Yes Zee fantasia \u27a4 Acquista online su Secondastrada.com T-shirt Yes Zee fantasia \u2714\ufe0f Spedizione veloce entro 24h in tutta Italia \u2714\ufe0f Sconto sul tuo primo acquisto","og_url":"https:\/\/www.secondastrada.com\/it\/t-shirt-yes-zee-fantasia-3\/","og_site_name":"Seconda Strada","article_modified_time":"2026-01-29T14:44:23+00:00","og_image":[{"width":1000,"height":1500,"url":"https:\/\/www.secondastrada.com\/wp-content\/uploads\/2024\/04\/T236-Y304-2ss_VAR-AZZURRO-INTENSO_PE23_1.jpg","type":"image\/jpeg"}],"twitter_card":"summary_large_image","schema":{"@context":"https:\/\/schema.org","@graph":[{"@type":"WebPage","@id":"https:\/\/www.secondastrada.com\/it\/t-shirt-yes-zee-fantasia-3\/","url":"https:\/\/www.secondastrada.com\/it\/t-shirt-yes-zee-fantasia-3\/","name":"T-shirt Yes Zee fantasia - Acquista online! - Seconda Strada","isPartOf":{"@id":"https:\/\/www.secondastrada.com\/it\/#website"},"primaryImageOfPage":{"@id":"https:\/\/www.secondastrada.com\/it\/t-shirt-yes-zee-fantasia-3\/#primaryimage"},"image":{"@id":"https:\/\/www.secondastrada.com\/it\/t-shirt-yes-zee-fantasia-3\/#primaryimage"},"thumbnailUrl":"https:\/\/www.secondastrada.com\/wp-content\/uploads\/2024\/04\/T236-Y304-2ss_VAR-AZZURRO-INTENSO_PE23_1.jpg","datePublished":"2024-03-24T04:20:58+00:00","dateModified":"2026-01-29T14:44:23+00:00","description":"T-shirt Yes Zee fantasia \u27a4 Acquista online su Secondastrada.com T-shirt Yes Zee fantasia \u2714\ufe0f Spedizione veloce entro 24h in tutta Italia \u2714\ufe0f Sconto sul tuo primo acquisto","breadcrumb":{"@id":"https:\/\/www.secondastrada.com\/it\/t-shirt-yes-zee-fantasia-3\/#breadcrumb"},"inLanguage":"it-IT","potentialAction":[{"@type":"ReadAction","target":["https:\/\/www.secondastrada.com\/it\/t-shirt-yes-zee-fantasia-3\/"]}]},{"@type":"ImageObject","inLanguage":"it-IT","@id":"https:\/\/www.secondastrada.com\/it\/t-shirt-yes-zee-fantasia-3\/#primaryimage","url":"https:\/\/www.secondastrada.com\/wp-content\/uploads\/2024\/04\/T236-Y304-2ss_VAR-AZZURRO-INTENSO_PE23_1.jpg","contentUrl":"https:\/\/www.secondastrada.com\/wp-content\/uploads\/2024\/04\/T236-Y304-2ss_VAR-AZZURRO-INTENSO_PE23_1.jpg","width":1000,"height":1500,"caption":"T236-Y304-2ss_VAR-AZZURRO-INTENSO_PE23"},{"@type":"BreadcrumbList","@id":"https:\/\/www.secondastrada.com\/it\/t-shirt-yes-zee-fantasia-3\/#breadcrumb","itemListElement":[{"@type":"ListItem","position":1,"name":"Home","item":"https:\/\/www.secondastrada.com\/it\/"},{"@type":"ListItem","position":2,"name":"Shop","item":"https:\/\/www.secondastrada.com\/it\/shop\/"},{"@type":"ListItem","position":3,"name":"Donna","item":"https:\/\/www.secondastrada.com\/it\/collezione-donna\/"},{"@type":"ListItem","position":4,"name":"Abbigliamento","item":"https:\/\/www.secondastrada.com\/it\/collezione-donna\/abbigliamento-donna\/"},{"@type":"ListItem","position":5,"name":"T-shirt e Top","item":"https:\/\/www.secondastrada.com\/it\/collezione-donna\/abbigliamento-donna\/t-shirt-e-top-da-donna\/"},{"@type":"ListItem","position":6,"name":"T-shirt","item":"https:\/\/www.secondastrada.com\/it\/collezione-donna\/abbigliamento-donna\/t-shirt-e-top-da-donna\/t-shirt-da-donna\/"},{"@type":"ListItem","position":7,"name":"T-shirt Yes Zee fantasia"}]},{"@type":"WebSite","@id":"https:\/\/www.secondastrada.com\/it\/#website","url":"https:\/\/www.secondastrada.com\/it\/","name":"Seconda Strada","description":"","publisher":{"@id":"https:\/\/www.secondastrada.com\/it\/#organization"},"potentialAction":[{"@type":"SearchAction","target":{"@type":"EntryPoint","urlTemplate":"https:\/\/www.secondastrada.com\/it\/?s={search_term_string}"},"query-input":"required name=search_term_string"}],"inLanguage":"it-IT"},{"@type":"Organization","@id":"https:\/\/www.secondastrada.com\/it\/#organization","name":"Seconda Strada","url":"https:\/\/www.secondastrada.com\/it\/","logo":{"@type":"ImageObject","inLanguage":"it-IT","@id":"https:\/\/www.secondastrada.com\/it\/#\/schema\/logo\/image\/","url":"https:\/\/www.secondastrada.com\/wp-content\/uploads\/2023\/11\/secondastrada-logo.svg","contentUrl":"https:\/\/www.secondastrada.com\/wp-content\/uploads\/2023\/11\/secondastrada-logo.svg","width":353,"height":47,"caption":"Seconda Strada"},"image":{"@id":"https:\/\/www.secondastrada.com\/it\/#\/schema\/logo\/image\/"}}]}},"df_price":"","df_sale_price":"","df_regular_price":"","df_image_link":"https:\/\/www.secondastrada.com\/wp-content\/uploads\/2024\/04\/T236-Y304-2ss_VAR-AZZURRO-INTENSO_PE23_1-300x300.jpg","_links":{"self":[{"href":"https:\/\/www.secondastrada.com\/it\/wp-json\/wp\/v2\/product\/15058"}],"collection":[{"href":"https:\/\/www.secondastrada.com\/it\/wp-json\/wp\/v2\/product"}],"about":[{"href":"https:\/\/www.secondastrada.com\/it\/wp-json\/wp\/v2\/types\/product"}],"wp:featuredmedia":[{"embeddable":true,"href":"https:\/\/www.secondastrada.com\/it\/wp-json\/wp\/v2\/media\/39191"}],"wp:attachment":[{"href":"https:\/\/www.secondastrada.com\/it\/wp-json\/wp\/v2\/media?parent=15058"}],"wp:term":[{"taxonomy":"ss_brand","embeddable":true,"href":"https:\/\/www.secondastrada.com\/it\/wp-json\/wp\/v2\/ss_brand?post=15058"},{"taxonomy":"ss_promo","embeddable":true,"href":"https:\/\/www.secondastrada.com\/it\/wp-json\/wp\/v2\/ss_promo?post=15058"},{"taxonomy":"ss_season","embeddable":true,"href":"https:\/\/www.secondastrada.com\/it\/wp-json\/wp\/v2\/ss_season?post=15058"},{"taxonomy":"product_cat","embeddable":true,"href":"https:\/\/www.secondastrada.com\/it\/wp-json\/wp\/v2\/product_cat?post=15058"},{"taxonomy":"product_tag","embeddable":true,"href":"https:\/\/www.secondastrada.com\/it\/wp-json\/wp\/v2\/product_tag?post=15058"}],"curies":[{"name":"wp","href":"https:\/\/api.w.org\/{rel}","templated":true}]}}