{"id":16582,"date":"2024-03-24T13:33:47","date_gmt":"2024-03-24T12:33:47","guid":{"rendered":"http:\/\/secondastrada.com\/costume-bikkembergs-blu-navy-a-pantaloncino-con-elastico-e-logo\/"},"modified":"2026-01-29T12:28:32","modified_gmt":"2026-01-29T11:28:32","slug":"costume-bikkembergs-blu-navy-a-pantaloncino-con-elastico-e-logo","status":"publish","type":"product","link":"https:\/\/www.secondastrada.com\/it\/costume-bikkembergs-blu-navy-a-pantaloncino-con-elastico-e-logo\/","title":{"rendered":"Costume Bikkembergs blu navy a pantaloncino con elastico e logo"},"content":{"rendered":"<p><b>COMPOSIZIONE E VESTIBILIT\u00c0:<\/b><br \/>100% poliestere<br \/>Il modello \u00e8 alto 175 cm e indossa la taglia L. La vestibilit\u00e0 del capo \u00e8 regolare.<br \/><b>CONSIGLI DI STILE:<\/b><br \/>Costume blu navyBikkembergs a pantaloncino con retina interna e logo laterale. Presenza di elestico in vita con logo che pu\u00f2 essere reso visibile fuori o lasciato interno. Abbinalo alla sua T-shirt.<br \/>Cod. art. codice<br \/>Vi ricordiamo che tutti i nostri articoli sono originali.<br \/><b>MISURE:<\/b><br \/> Misure taglia L: <br \/>&#8211; Fianchi (da cucitura a cucitura): 43 cm <br \/>&#8211; Lunghezza (da cucitura fino al fondo): 38 cm <\/p>\n","protected":false},"excerpt":{"rendered":"<p>COMPOSIZIONE E VESTIBILIT\u00c0:100% poliestereIl modello \u00e8 alto 175 cm e indossa la taglia L. La vestibilit\u00e0 del capo \u00e8 regolare.CONSIGLI DI STILE:Costume blu navyBikkembergs a pantaloncino con retina interna e logo laterale. Presenza di elestico in vita con logo che pu\u00f2 essere reso visibile fuori o lasciato interno. Abbinalo alla sua T-shirt.Cod. art. codiceVi ricordiamo&#8230;<\/p>\n","protected":false},"featured_media":36104,"template":"","meta":{"inline_featured_image":false},"ss_brand":[1874],"ss_promo":[2182],"ss_season":[1708],"product_cat":[1409,1410,2424,1714],"product_tag":[],"class_list":{"0":"post-16582","1":"product","2":"type-product","3":"status-publish","4":"has-post-thumbnail","6":"ss_brand-bikkembergs-uomo","7":"ss_promo-ultime-occasioni-uomo","8":"ss_season-pe23","9":"product_cat-beachwear-da-uomo","10":"product_cat-costumi-da-bagno-da-uomo","11":"product_cat-svendita-uomo","12":"product_cat-collezione-uomo","14":"first","15":"outofstock","16":"sold-individually","17":"shipping-taxable","18":"product-type-variable","19":"has-default-attributes"},"acf":{"ss_brand":[{"term_id":1874,"name":"BIKKEMBERGS","slug":"bikkembergs-uomo","term_group":0,"term_taxonomy_id":1874,"taxonomy":"ss_brand","description":"Scopri lo stile sportivo-metropolitano di <strong>Bikkembergs<\/strong> con una selezione di capi pensati per chi cerca energia, design pulito e massima funzionalit\u00e0. Su SecondaStrada.com trovi <strong>abbigliamento uomo Bikkembergs in sconto<\/strong> con proposte versatili per ogni giorno, dal lavoro informale al tempo libero.","parent":1268,"count":48,"filter":"raw"}],"ss_promo":[2182],"ss_season":[{"term_id":1708,"name":"PE23","slug":"pe23","term_group":0,"term_taxonomy_id":1708,"taxonomy":"ss_season","description":"","parent":0,"count":503,"filter":"raw"}],"ss_old_price":"75,00","ss_omnibus_price":"0,00","ss_style_advice":"<p><b>COMPOSIZIONE E VESTIBILIT\u00c0:<\/b><br \/>100% poliestere<br \/>Il modello \u00e8 alto 175 cm e indossa la taglia L. La vestibilit\u00e0 del capo \u00e8 regolare.<br \/><b>CONSIGLI DI STILE:<\/b><br \/>Costume blu navyBikkembergs a pantaloncino con retina interna e logo laterale. Presenza di elestico in vita con logo che pu\u00f2 essere reso visibile fuori o lasciato interno. Abbinalo alla sua T-shirt.<br \/>Cod. art. codice<br \/>Vi ricordiamo che tutti i nostri articoli sono originali.<br \/><b>MISURE:<\/b><br \/> Misure taglia L: <br \/>&#8211; Fianchi (da cucitura a cucitura): 43 cm <br \/>&#8211; Lunghezza (da cucitura fino al fondo): 38 cm <\/p>\n","ss_composition":"<p>100% poliestere<\/p>\n","ss_fit":"<p>Costume BIKKEMBERGS<\/p>\n"},"yoast_head":"<!-- This site is optimized with the Yoast SEO plugin v22.3 - https:\/\/yoast.com\/wordpress\/plugins\/seo\/ -->\n<title>Costume Bikkembergs blu navy a pantaloncino con elastico e logo - Acquista online! - Seconda Strada<\/title>\n<meta name=\"description\" content=\"Costume Bikkembergs blu navy a pantaloncino con elastico e logo \u27a4 Acquista online su Secondastrada.com Costume Bikkembergs blu navy a pantaloncino con elastico e logo \u2714\ufe0f Spedizione veloce entro 24h in tutta Italia \u2714\ufe0f Sconto sul tuo primo acquisto\" \/>\n<meta name=\"robots\" content=\"index, follow, max-snippet:-1, max-image-preview:large, max-video-preview:-1\" \/>\n<link rel=\"canonical\" href=\"https:\/\/www.secondastrada.com\/it\/costume-bikkembergs-blu-navy-a-pantaloncino-con-elastico-e-logo\/\" \/>\n<meta property=\"og:locale\" content=\"it_IT\" \/>\n<meta property=\"og:type\" content=\"article\" \/>\n<meta property=\"og:title\" content=\"Costume Bikkembergs blu navy a pantaloncino con elastico e logo - Acquista online! - Seconda Strada\" \/>\n<meta property=\"og:description\" content=\"Costume Bikkembergs blu navy a pantaloncino con elastico e logo \u27a4 Acquista online su Secondastrada.com Costume Bikkembergs blu navy a pantaloncino con elastico e logo \u2714\ufe0f Spedizione veloce entro 24h in tutta Italia \u2714\ufe0f Sconto sul tuo primo acquisto\" \/>\n<meta property=\"og:url\" content=\"https:\/\/www.secondastrada.com\/it\/costume-bikkembergs-blu-navy-a-pantaloncino-con-elastico-e-logo\/\" \/>\n<meta property=\"og:site_name\" content=\"Seconda Strada\" \/>\n<meta property=\"article:modified_time\" content=\"2026-01-29T11:28:32+00:00\" \/>\n<meta property=\"og:image\" content=\"https:\/\/www.secondastrada.com\/wp-content\/uploads\/2024\/03\/BKK2MBM02-ss_NAVY_PE23_1.jpg\" \/>\n\t<meta property=\"og:image:width\" content=\"1000\" \/>\n\t<meta property=\"og:image:height\" content=\"1500\" \/>\n\t<meta property=\"og:image:type\" content=\"image\/jpeg\" \/>\n<meta name=\"twitter:card\" content=\"summary_large_image\" \/>\n<!-- \/ Yoast SEO plugin. -->","yoast_head_json":{"title":"Costume Bikkembergs blu navy a pantaloncino con elastico e logo - Acquista online! - Seconda Strada","description":"Costume Bikkembergs blu navy a pantaloncino con elastico e logo \u27a4 Acquista online su Secondastrada.com Costume Bikkembergs blu navy a pantaloncino con elastico e logo \u2714\ufe0f Spedizione veloce entro 24h in tutta Italia \u2714\ufe0f Sconto sul tuo primo acquisto","robots":{"index":"index","follow":"follow","max-snippet":"max-snippet:-1","max-image-preview":"max-image-preview:large","max-video-preview":"max-video-preview:-1"},"canonical":"https:\/\/www.secondastrada.com\/it\/costume-bikkembergs-blu-navy-a-pantaloncino-con-elastico-e-logo\/","og_locale":"it_IT","og_type":"article","og_title":"Costume Bikkembergs blu navy a pantaloncino con elastico e logo - Acquista online! - Seconda Strada","og_description":"Costume Bikkembergs blu navy a pantaloncino con elastico e logo \u27a4 Acquista online su Secondastrada.com Costume Bikkembergs blu navy a pantaloncino con elastico e logo \u2714\ufe0f Spedizione veloce entro 24h in tutta Italia \u2714\ufe0f Sconto sul tuo primo acquisto","og_url":"https:\/\/www.secondastrada.com\/it\/costume-bikkembergs-blu-navy-a-pantaloncino-con-elastico-e-logo\/","og_site_name":"Seconda Strada","article_modified_time":"2026-01-29T11:28:32+00:00","og_image":[{"width":1000,"height":1500,"url":"https:\/\/www.secondastrada.com\/wp-content\/uploads\/2024\/03\/BKK2MBM02-ss_NAVY_PE23_1.jpg","type":"image\/jpeg"}],"twitter_card":"summary_large_image","schema":{"@context":"https:\/\/schema.org","@graph":[{"@type":"WebPage","@id":"https:\/\/www.secondastrada.com\/it\/costume-bikkembergs-blu-navy-a-pantaloncino-con-elastico-e-logo\/","url":"https:\/\/www.secondastrada.com\/it\/costume-bikkembergs-blu-navy-a-pantaloncino-con-elastico-e-logo\/","name":"Costume Bikkembergs blu navy a pantaloncino con elastico e logo - Acquista online! - Seconda Strada","isPartOf":{"@id":"https:\/\/www.secondastrada.com\/it\/#website"},"primaryImageOfPage":{"@id":"https:\/\/www.secondastrada.com\/it\/costume-bikkembergs-blu-navy-a-pantaloncino-con-elastico-e-logo\/#primaryimage"},"image":{"@id":"https:\/\/www.secondastrada.com\/it\/costume-bikkembergs-blu-navy-a-pantaloncino-con-elastico-e-logo\/#primaryimage"},"thumbnailUrl":"https:\/\/www.secondastrada.com\/wp-content\/uploads\/2024\/03\/BKK2MBM02-ss_NAVY_PE23_1.jpg","datePublished":"2024-03-24T12:33:47+00:00","dateModified":"2026-01-29T11:28:32+00:00","description":"Costume Bikkembergs blu navy a pantaloncino con elastico e logo \u27a4 Acquista online su Secondastrada.com Costume Bikkembergs blu navy a pantaloncino con elastico e logo \u2714\ufe0f Spedizione veloce entro 24h in tutta Italia \u2714\ufe0f Sconto sul tuo primo acquisto","breadcrumb":{"@id":"https:\/\/www.secondastrada.com\/it\/costume-bikkembergs-blu-navy-a-pantaloncino-con-elastico-e-logo\/#breadcrumb"},"inLanguage":"it-IT","potentialAction":[{"@type":"ReadAction","target":["https:\/\/www.secondastrada.com\/it\/costume-bikkembergs-blu-navy-a-pantaloncino-con-elastico-e-logo\/"]}]},{"@type":"ImageObject","inLanguage":"it-IT","@id":"https:\/\/www.secondastrada.com\/it\/costume-bikkembergs-blu-navy-a-pantaloncino-con-elastico-e-logo\/#primaryimage","url":"https:\/\/www.secondastrada.com\/wp-content\/uploads\/2024\/03\/BKK2MBM02-ss_NAVY_PE23_1.jpg","contentUrl":"https:\/\/www.secondastrada.com\/wp-content\/uploads\/2024\/03\/BKK2MBM02-ss_NAVY_PE23_1.jpg","width":1000,"height":1500,"caption":"BKK2MBM02-ss_NAVY_PE23"},{"@type":"BreadcrumbList","@id":"https:\/\/www.secondastrada.com\/it\/costume-bikkembergs-blu-navy-a-pantaloncino-con-elastico-e-logo\/#breadcrumb","itemListElement":[{"@type":"ListItem","position":1,"name":"Home","item":"https:\/\/www.secondastrada.com\/it\/"},{"@type":"ListItem","position":2,"name":"Shop","item":"https:\/\/www.secondastrada.com\/it\/shop\/"},{"@type":"ListItem","position":3,"name":"Uomo","item":"https:\/\/www.secondastrada.com\/it\/collezione-uomo\/"},{"@type":"ListItem","position":4,"name":"Beachwear","item":"https:\/\/www.secondastrada.com\/it\/collezione-uomo\/beachwear-da-uomo\/"},{"@type":"ListItem","position":5,"name":"Costumi da bagno","item":"https:\/\/www.secondastrada.com\/it\/collezione-uomo\/beachwear-da-uomo\/costumi-da-bagno-da-uomo\/"},{"@type":"ListItem","position":6,"name":"Costume Bikkembergs blu navy a pantaloncino con elastico e logo"}]},{"@type":"WebSite","@id":"https:\/\/www.secondastrada.com\/it\/#website","url":"https:\/\/www.secondastrada.com\/it\/","name":"Seconda Strada","description":"","publisher":{"@id":"https:\/\/www.secondastrada.com\/it\/#organization"},"potentialAction":[{"@type":"SearchAction","target":{"@type":"EntryPoint","urlTemplate":"https:\/\/www.secondastrada.com\/it\/?s={search_term_string}"},"query-input":"required name=search_term_string"}],"inLanguage":"it-IT"},{"@type":"Organization","@id":"https:\/\/www.secondastrada.com\/it\/#organization","name":"Seconda Strada","url":"https:\/\/www.secondastrada.com\/it\/","logo":{"@type":"ImageObject","inLanguage":"it-IT","@id":"https:\/\/www.secondastrada.com\/it\/#\/schema\/logo\/image\/","url":"https:\/\/www.secondastrada.com\/wp-content\/uploads\/2023\/11\/secondastrada-logo.svg","contentUrl":"https:\/\/www.secondastrada.com\/wp-content\/uploads\/2023\/11\/secondastrada-logo.svg","width":353,"height":47,"caption":"Seconda Strada"},"image":{"@id":"https:\/\/www.secondastrada.com\/it\/#\/schema\/logo\/image\/"}}]}},"df_price":"","df_sale_price":"","df_regular_price":"","df_image_link":"https:\/\/www.secondastrada.com\/wp-content\/uploads\/2024\/03\/BKK2MBM02-ss_NAVY_PE23_1-300x300.jpg","_links":{"self":[{"href":"https:\/\/www.secondastrada.com\/it\/wp-json\/wp\/v2\/product\/16582"}],"collection":[{"href":"https:\/\/www.secondastrada.com\/it\/wp-json\/wp\/v2\/product"}],"about":[{"href":"https:\/\/www.secondastrada.com\/it\/wp-json\/wp\/v2\/types\/product"}],"wp:featuredmedia":[{"embeddable":true,"href":"https:\/\/www.secondastrada.com\/it\/wp-json\/wp\/v2\/media\/36104"}],"wp:attachment":[{"href":"https:\/\/www.secondastrada.com\/it\/wp-json\/wp\/v2\/media?parent=16582"}],"wp:term":[{"taxonomy":"ss_brand","embeddable":true,"href":"https:\/\/www.secondastrada.com\/it\/wp-json\/wp\/v2\/ss_brand?post=16582"},{"taxonomy":"ss_promo","embeddable":true,"href":"https:\/\/www.secondastrada.com\/it\/wp-json\/wp\/v2\/ss_promo?post=16582"},{"taxonomy":"ss_season","embeddable":true,"href":"https:\/\/www.secondastrada.com\/it\/wp-json\/wp\/v2\/ss_season?post=16582"},{"taxonomy":"product_cat","embeddable":true,"href":"https:\/\/www.secondastrada.com\/it\/wp-json\/wp\/v2\/product_cat?post=16582"},{"taxonomy":"product_tag","embeddable":true,"href":"https:\/\/www.secondastrada.com\/it\/wp-json\/wp\/v2\/product_tag?post=16582"}],"curies":[{"name":"wp","href":"https:\/\/api.w.org\/{rel}","templated":true}]}}