{"id":16647,"date":"2024-03-24T13:58:00","date_gmt":"2024-03-24T12:58:00","guid":{"rendered":"http:\/\/secondastrada.com\/maglione-maison-du-cachemire-dolcevita-bianco\/"},"modified":"2026-01-29T12:03:02","modified_gmt":"2026-01-29T11:03:02","slug":"maglione-maison-du-cachemire-dolcevita-bianco","status":"publish","type":"product","link":"https:\/\/www.secondastrada.com\/it\/maglione-maison-du-cachemire-dolcevita-bianco\/","title":{"rendered":"Maglione Maison du Cachemire dolcevita bianco"},"content":{"rendered":"<p><b>COMPOSIZIONE E VESTIBILIT\u00c0:<\/b><br \/>40% lana 20% cotone 20% viscosa 10% poliamide 10% cachemire<br \/>La modella \u00e8 alta 172 cm e indossa la taglia 44. La vestibilit\u00e0 del capo \u00e8 regolare.<br \/><b>CONSIGLI DI STILE:<\/b><br \/>Dolcevita con maniche lunghe raglan misto cachemire in total bianco panna con girocollo classico. La vestibilit\u00e0 \u00e8 morbida e regolare. Il lupetto \u00e8 adatto per occasioni casual e facilmente combinabile. Da indossare al volo. <br \/>Cod. art. 1225356D dolce st<br \/>Vi ricordiamo che tutti i nostri articoli sono originali.<br \/><b>MISURE:<\/b><br \/> Misure taglia 44: <br \/>&#8211; Spalle (da cucitura a cucitura): 36 cm <br \/>&#8211; Lunghezza (da sotto ascella fino al fondo): 52 cm <br \/>&#8211; Manica (da cucitura spalla fino al fondo): 42 cm<\/p>\n","protected":false},"excerpt":{"rendered":"<p>COMPOSIZIONE E VESTIBILIT\u00c0:40% lana 20% cotone 20% viscosa 10% poliamide 10% cachemireLa modella \u00e8 alta 172 cm e indossa la taglia 44. La vestibilit\u00e0 del capo \u00e8 regolare.CONSIGLI DI STILE:Dolcevita con maniche lunghe raglan misto cachemire in total bianco panna con girocollo classico. La vestibilit\u00e0 \u00e8 morbida e regolare. Il lupetto \u00e8 adatto per occasioni&#8230;<\/p>\n","protected":false},"featured_media":40638,"template":"","meta":{"inline_featured_image":false},"ss_brand":[1907],"ss_promo":[2181],"ss_season":[2005],"product_cat":[1329,1658,1604,2300,1535],"product_tag":[1809],"class_list":{"0":"post-16647","1":"product","2":"type-product","3":"status-publish","4":"has-post-thumbnail","6":"ss_brand-maison-du-cachemire-donna","7":"ss_promo-ultime-occasioni-donna","8":"ss_season-ai23","9":"product_cat-abbigliamento-donna","10":"product_cat-collezione-donna","11":"product_cat-maglie-a-collo-alto-da-donna","12":"product_cat-maglie-in-cachemire-da-donna","13":"product_cat-maglie-da-donna","14":"product_tag-maglieria-maison-du-cachemire-donna","16":"first","17":"outofstock","18":"sold-individually","19":"shipping-taxable","20":"product-type-variable","21":"has-default-attributes"},"acf":{"ss_brand":[{"term_id":1907,"name":"Maison du Cachemire","slug":"maison-du-cachemire-donna","term_group":0,"term_taxonomy_id":1907,"taxonomy":"ss_brand","description":"Per mise dal fascino lussuoso scegli Maison du Cachemire e scopri le collezioni raffinate del brand di abbigliamento da donna Made in Italy in offerta su www.secondastrada.com!\u00a0Acquista online nel nostro e-commerce\u00a0abbigliamento da donna Maison du Cachemire scontatissimo!","parent":1201,"count":62,"filter":"raw"}],"ss_promo":[2181],"ss_season":[{"term_id":2005,"name":"AI23","slug":"ai23","term_group":0,"term_taxonomy_id":2005,"taxonomy":"ss_season","description":"","parent":0,"count":601,"filter":"raw"}],"ss_old_price":"119,90","ss_omnibus_price":"0,00","ss_style_advice":"<p><b>COMPOSIZIONE E VESTIBILIT\u00c0:<\/b><br \/>40% lana 20% cotone 20% viscosa 10% poliamide 10% cachemire<br \/>La modella \u00e8 alta 172 cm e indossa la taglia 44. La vestibilit\u00e0 del capo \u00e8 regolare.<br \/><b>CONSIGLI DI STILE:<\/b><br \/>Dolcevita con maniche lunghe raglan misto cachemire in total bianco panna con girocollo classico. La vestibilit\u00e0 \u00e8 morbida e regolare. Il lupetto \u00e8 adatto per occasioni casual e facilmente combinabile. Da indossare al volo. <br \/>Cod. art. 1225356D dolce st<br \/>Vi ricordiamo che tutti i nostri articoli sono originali.<br \/><b>MISURE:<\/b><br \/> Misure taglia 44: <br \/>&#8211; Spalle (da cucitura a cucitura): 36 cm <br \/>&#8211; Lunghezza (da sotto ascella fino al fondo): 52 cm <br \/>&#8211; Manica (da cucitura spalla fino al fondo): 42 cm<\/p>\n","ss_composition":"<p>40% lana 20% cotone 20% viscosa 10% poliamide 10% cachemire<\/p>\n","ss_fit":"<p>Maglione Maison du Cachemire<\/p>\n"},"yoast_head":"<!-- This site is optimized with the Yoast SEO plugin v22.3 - https:\/\/yoast.com\/wordpress\/plugins\/seo\/ -->\n<title>Maglione Maison du Cachemire dolcevita bianco - Acquista online! - Seconda Strada<\/title>\n<meta name=\"description\" content=\"Maglione Maison du Cachemire dolcevita bianco \u27a4 Acquista online su Secondastrada.com Maglione Maison du Cachemire dolcevita bianco \u2714\ufe0f Spedizione veloce entro 24h in tutta Italia \u2714\ufe0f Sconto sul tuo primo acquisto\" \/>\n<meta name=\"robots\" content=\"index, follow, max-snippet:-1, max-image-preview:large, max-video-preview:-1\" \/>\n<link rel=\"canonical\" href=\"https:\/\/www.secondastrada.com\/it\/maglione-maison-du-cachemire-dolcevita-bianco\/\" \/>\n<meta property=\"og:locale\" content=\"it_IT\" \/>\n<meta property=\"og:type\" content=\"article\" \/>\n<meta property=\"og:title\" content=\"Maglione Maison du Cachemire dolcevita bianco - Acquista online! - Seconda Strada\" \/>\n<meta property=\"og:description\" content=\"Maglione Maison du Cachemire dolcevita bianco \u27a4 Acquista online su Secondastrada.com Maglione Maison du Cachemire dolcevita bianco \u2714\ufe0f Spedizione veloce entro 24h in tutta Italia \u2714\ufe0f Sconto sul tuo primo acquisto\" \/>\n<meta property=\"og:url\" content=\"https:\/\/www.secondastrada.com\/it\/maglione-maison-du-cachemire-dolcevita-bianco\/\" \/>\n<meta property=\"og:site_name\" content=\"Seconda Strada\" \/>\n<meta property=\"article:modified_time\" content=\"2026-01-29T11:03:02+00:00\" \/>\n<meta property=\"og:image\" content=\"https:\/\/www.secondastrada.com\/wp-content\/uploads\/2024\/04\/1225356D-dolce-st_201_AI23_1.jpg\" \/>\n\t<meta property=\"og:image:width\" content=\"1000\" \/>\n\t<meta property=\"og:image:height\" content=\"1300\" \/>\n\t<meta property=\"og:image:type\" content=\"image\/jpeg\" \/>\n<meta name=\"twitter:card\" content=\"summary_large_image\" \/>\n<!-- \/ Yoast SEO plugin. -->","yoast_head_json":{"title":"Maglione Maison du Cachemire dolcevita bianco - Acquista online! - Seconda Strada","description":"Maglione Maison du Cachemire dolcevita bianco \u27a4 Acquista online su Secondastrada.com Maglione Maison du Cachemire dolcevita bianco \u2714\ufe0f Spedizione veloce entro 24h in tutta Italia \u2714\ufe0f Sconto sul tuo primo acquisto","robots":{"index":"index","follow":"follow","max-snippet":"max-snippet:-1","max-image-preview":"max-image-preview:large","max-video-preview":"max-video-preview:-1"},"canonical":"https:\/\/www.secondastrada.com\/it\/maglione-maison-du-cachemire-dolcevita-bianco\/","og_locale":"it_IT","og_type":"article","og_title":"Maglione Maison du Cachemire dolcevita bianco - Acquista online! - Seconda Strada","og_description":"Maglione Maison du Cachemire dolcevita bianco \u27a4 Acquista online su Secondastrada.com Maglione Maison du Cachemire dolcevita bianco \u2714\ufe0f Spedizione veloce entro 24h in tutta Italia \u2714\ufe0f Sconto sul tuo primo acquisto","og_url":"https:\/\/www.secondastrada.com\/it\/maglione-maison-du-cachemire-dolcevita-bianco\/","og_site_name":"Seconda Strada","article_modified_time":"2026-01-29T11:03:02+00:00","og_image":[{"width":1000,"height":1300,"url":"https:\/\/www.secondastrada.com\/wp-content\/uploads\/2024\/04\/1225356D-dolce-st_201_AI23_1.jpg","type":"image\/jpeg"}],"twitter_card":"summary_large_image","schema":{"@context":"https:\/\/schema.org","@graph":[{"@type":"WebPage","@id":"https:\/\/www.secondastrada.com\/it\/maglione-maison-du-cachemire-dolcevita-bianco\/","url":"https:\/\/www.secondastrada.com\/it\/maglione-maison-du-cachemire-dolcevita-bianco\/","name":"Maglione Maison du Cachemire dolcevita bianco - Acquista online! - Seconda Strada","isPartOf":{"@id":"https:\/\/www.secondastrada.com\/it\/#website"},"primaryImageOfPage":{"@id":"https:\/\/www.secondastrada.com\/it\/maglione-maison-du-cachemire-dolcevita-bianco\/#primaryimage"},"image":{"@id":"https:\/\/www.secondastrada.com\/it\/maglione-maison-du-cachemire-dolcevita-bianco\/#primaryimage"},"thumbnailUrl":"https:\/\/www.secondastrada.com\/wp-content\/uploads\/2024\/04\/1225356D-dolce-st_201_AI23_1.jpg","datePublished":"2024-03-24T12:58:00+00:00","dateModified":"2026-01-29T11:03:02+00:00","description":"Maglione Maison du Cachemire dolcevita bianco \u27a4 Acquista online su Secondastrada.com Maglione Maison du Cachemire dolcevita bianco \u2714\ufe0f Spedizione veloce entro 24h in tutta Italia \u2714\ufe0f Sconto sul tuo primo acquisto","breadcrumb":{"@id":"https:\/\/www.secondastrada.com\/it\/maglione-maison-du-cachemire-dolcevita-bianco\/#breadcrumb"},"inLanguage":"it-IT","potentialAction":[{"@type":"ReadAction","target":["https:\/\/www.secondastrada.com\/it\/maglione-maison-du-cachemire-dolcevita-bianco\/"]}]},{"@type":"ImageObject","inLanguage":"it-IT","@id":"https:\/\/www.secondastrada.com\/it\/maglione-maison-du-cachemire-dolcevita-bianco\/#primaryimage","url":"https:\/\/www.secondastrada.com\/wp-content\/uploads\/2024\/04\/1225356D-dolce-st_201_AI23_1.jpg","contentUrl":"https:\/\/www.secondastrada.com\/wp-content\/uploads\/2024\/04\/1225356D-dolce-st_201_AI23_1.jpg","width":1000,"height":1300,"caption":"1225356D-dolce-st_201_AI23"},{"@type":"BreadcrumbList","@id":"https:\/\/www.secondastrada.com\/it\/maglione-maison-du-cachemire-dolcevita-bianco\/#breadcrumb","itemListElement":[{"@type":"ListItem","position":1,"name":"Home","item":"https:\/\/www.secondastrada.com\/it\/"},{"@type":"ListItem","position":2,"name":"Shop","item":"https:\/\/www.secondastrada.com\/it\/shop\/"},{"@type":"ListItem","position":3,"name":"Donna","item":"https:\/\/www.secondastrada.com\/it\/collezione-donna\/"},{"@type":"ListItem","position":4,"name":"Abbigliamento","item":"https:\/\/www.secondastrada.com\/it\/collezione-donna\/abbigliamento-donna\/"},{"@type":"ListItem","position":5,"name":"Maglieria","item":"https:\/\/www.secondastrada.com\/it\/collezione-donna\/abbigliamento-donna\/maglie-da-donna\/"},{"@type":"ListItem","position":6,"name":"Maglie a collo alto","item":"https:\/\/www.secondastrada.com\/it\/collezione-donna\/abbigliamento-donna\/maglie-da-donna\/maglie-a-collo-alto-da-donna\/"},{"@type":"ListItem","position":7,"name":"Maglione Maison du Cachemire dolcevita bianco"}]},{"@type":"WebSite","@id":"https:\/\/www.secondastrada.com\/it\/#website","url":"https:\/\/www.secondastrada.com\/it\/","name":"Seconda Strada","description":"","publisher":{"@id":"https:\/\/www.secondastrada.com\/it\/#organization"},"potentialAction":[{"@type":"SearchAction","target":{"@type":"EntryPoint","urlTemplate":"https:\/\/www.secondastrada.com\/it\/?s={search_term_string}"},"query-input":"required name=search_term_string"}],"inLanguage":"it-IT"},{"@type":"Organization","@id":"https:\/\/www.secondastrada.com\/it\/#organization","name":"Seconda Strada","url":"https:\/\/www.secondastrada.com\/it\/","logo":{"@type":"ImageObject","inLanguage":"it-IT","@id":"https:\/\/www.secondastrada.com\/it\/#\/schema\/logo\/image\/","url":"https:\/\/www.secondastrada.com\/wp-content\/uploads\/2023\/11\/secondastrada-logo.svg","contentUrl":"https:\/\/www.secondastrada.com\/wp-content\/uploads\/2023\/11\/secondastrada-logo.svg","width":353,"height":47,"caption":"Seconda Strada"},"image":{"@id":"https:\/\/www.secondastrada.com\/it\/#\/schema\/logo\/image\/"}}]}},"df_price":"","df_sale_price":"","df_regular_price":"","df_image_link":"https:\/\/www.secondastrada.com\/wp-content\/uploads\/2024\/04\/1225356D-dolce-st_201_AI23_1-300x300.jpg","_links":{"self":[{"href":"https:\/\/www.secondastrada.com\/it\/wp-json\/wp\/v2\/product\/16647"}],"collection":[{"href":"https:\/\/www.secondastrada.com\/it\/wp-json\/wp\/v2\/product"}],"about":[{"href":"https:\/\/www.secondastrada.com\/it\/wp-json\/wp\/v2\/types\/product"}],"wp:featuredmedia":[{"embeddable":true,"href":"https:\/\/www.secondastrada.com\/it\/wp-json\/wp\/v2\/media\/40638"}],"wp:attachment":[{"href":"https:\/\/www.secondastrada.com\/it\/wp-json\/wp\/v2\/media?parent=16647"}],"wp:term":[{"taxonomy":"ss_brand","embeddable":true,"href":"https:\/\/www.secondastrada.com\/it\/wp-json\/wp\/v2\/ss_brand?post=16647"},{"taxonomy":"ss_promo","embeddable":true,"href":"https:\/\/www.secondastrada.com\/it\/wp-json\/wp\/v2\/ss_promo?post=16647"},{"taxonomy":"ss_season","embeddable":true,"href":"https:\/\/www.secondastrada.com\/it\/wp-json\/wp\/v2\/ss_season?post=16647"},{"taxonomy":"product_cat","embeddable":true,"href":"https:\/\/www.secondastrada.com\/it\/wp-json\/wp\/v2\/product_cat?post=16647"},{"taxonomy":"product_tag","embeddable":true,"href":"https:\/\/www.secondastrada.com\/it\/wp-json\/wp\/v2\/product_tag?post=16647"}],"curies":[{"name":"wp","href":"https:\/\/api.w.org\/{rel}","templated":true}]}}