{"id":17831,"date":"2024-03-24T21:08:32","date_gmt":"2024-03-24T20:08:32","guid":{"rendered":"http:\/\/secondastrada.com\/vestito-sandro-ferrone-rosa\/"},"modified":"2026-01-29T19:29:50","modified_gmt":"2026-01-29T18:29:50","slug":"vestito-sandro-ferrone-rosa","status":"publish","type":"product","link":"https:\/\/www.secondastrada.com\/it\/vestito-sandro-ferrone-rosa\/","title":{"rendered":"Vestito Sandro Ferrone rosa"},"content":{"rendered":"<p><b>COMPOSIZIONE E VESTIBILIT\u00c0:<\/b><br \/>100% poliestere<br \/>La modella \u00e8 alta 170 cm e indossa la taglia 40. La vestibilit\u00e0 del capo \u00e8 regolare.<br \/><b>CONSIGLI DI STILE:<\/b><br \/>Abito a giromanica in total rosa tendente al lilla con abbondante drappeggio a scendere. La vestibilit\u00e0 \u00e8 morbida e pratica grazie a bottone ad asola sulla schiena. Il vestito \u00e8 adatto per occasioni raffinate e facilmente combinabile con accessori di diverso tipo. Fashion addicted.<br \/>Cod. art. S7YBCMAZA st<br \/>Vi ricordiamo che tutti i nostri articoli sono originali.<br \/><b>MISURE:<\/b><br \/> Misure taglia 40: <br \/>&#8211; Spalle (da cucitura a cucitura): 32 cm <br \/>&#8211; Lunghezza (da sotto ascella fino al fondo): 70 cm <\/p>\n","protected":false},"excerpt":{"rendered":"<p>COMPOSIZIONE E VESTIBILIT\u00c0:100% poliestereLa modella \u00e8 alta 170 cm e indossa la taglia 40. La vestibilit\u00e0 del capo \u00e8 regolare.CONSIGLI DI STILE:Abito a giromanica in total rosa tendente al lilla con abbondante drappeggio a scendere. La vestibilit\u00e0 \u00e8 morbida e pratica grazie a bottone ad asola sulla schiena. Il vestito \u00e8 adatto per occasioni raffinate&#8230;<\/p>\n","protected":false},"featured_media":40019,"template":"","meta":{"inline_featured_image":false},"ss_brand":[1245],"ss_promo":[2181],"ss_season":[2005],"product_cat":[1329,1539,1658,2423,1610],"product_tag":[2232,2434,2139],"class_list":{"0":"post-17831","1":"product","2":"type-product","3":"status-publish","4":"has-post-thumbnail","6":"ss_brand-sandro-ferrone-donna","7":"ss_promo-ultime-occasioni-donna","8":"ss_season-ai23","9":"product_cat-abbigliamento-donna","10":"product_cat-abiti-e-vestiti-da-donna","11":"product_cat-collezione-donna","12":"product_cat-svendita-donna","13":"product_cat-vestiti-da-donna-corti","14":"product_tag-outfit-da-cerimonia-da-donna","15":"product_tag-sandro-ferrone","16":"product_tag-ultime-occasioni-donna","18":"first","19":"outofstock","20":"sold-individually","21":"shipping-taxable","22":"product-type-variable","23":"has-default-attributes"},"acf":{"ss_brand":[{"term_id":1245,"name":"SANDRO FERRONE","slug":"sandro-ferrone-donna","term_group":0,"term_taxonomy_id":1245,"taxonomy":"ss_brand","description":"Di gusto e di tendenza per assecondare la moda femminile al giusto prezzo!\u00a0Acquista online su SecondaStrada.com <strong>abbigliamento da donna Sandro Ferrone scontatissimo<\/strong>!","parent":1201,"count":254,"filter":"raw"}],"ss_promo":[2181],"ss_season":[{"term_id":2005,"name":"AI23","slug":"ai23","term_group":0,"term_taxonomy_id":2005,"taxonomy":"ss_season","description":"","parent":0,"count":601,"filter":"raw"}],"ss_old_price":"0,00","ss_omnibus_price":"0,00","ss_style_advice":"<p><b>COMPOSIZIONE E VESTIBILIT\u00c0:<\/b><br \/>100% poliestere<br \/>La modella \u00e8 alta 170 cm e indossa la taglia 40. La vestibilit\u00e0 del capo \u00e8 regolare.<br \/><b>CONSIGLI DI STILE:<\/b><br \/>Abito a giromanica in total rosa tendente al lilla con abbondante drappeggio a scendere. La vestibilit\u00e0 \u00e8 morbida e pratica grazie a bottone ad asola sulla schiena. Il vestito \u00e8 adatto per occasioni raffinate e facilmente combinabile con accessori di diverso tipo. Fashion addicted.<br \/>Cod. art. S7YBCMAZA st<br \/>Vi ricordiamo che tutti i nostri articoli sono originali.<br \/><b>MISURE:<\/b><br \/> Misure taglia 40: <br \/>&#8211; Spalle (da cucitura a cucitura): 32 cm <br \/>&#8211; Lunghezza (da sotto ascella fino al fondo): 70 cm <\/p>\n","ss_composition":"<p>100% poliestere<\/p>\n","ss_fit":"<p>Vestito SANDRO FERRONE<\/p>\n"},"yoast_head":"<!-- This site is optimized with the Yoast SEO plugin v22.3 - https:\/\/yoast.com\/wordpress\/plugins\/seo\/ -->\n<title>Vestito Sandro Ferrone rosa - Acquista online! - Seconda Strada<\/title>\n<meta name=\"description\" content=\"Vestito Sandro Ferrone rosa \u27a4 Acquista online su Secondastrada.com Vestito Sandro Ferrone rosa \u2714\ufe0f Spedizione veloce entro 24h in tutta Italia \u2714\ufe0f Sconto sul tuo primo acquisto\" \/>\n<meta name=\"robots\" content=\"index, follow, max-snippet:-1, max-image-preview:large, max-video-preview:-1\" \/>\n<link rel=\"canonical\" href=\"https:\/\/www.secondastrada.com\/it\/vestito-sandro-ferrone-rosa\/\" \/>\n<meta property=\"og:locale\" content=\"it_IT\" \/>\n<meta property=\"og:type\" content=\"article\" \/>\n<meta property=\"og:title\" content=\"Vestito Sandro Ferrone rosa - Acquista online! - Seconda Strada\" \/>\n<meta property=\"og:description\" content=\"Vestito Sandro Ferrone rosa \u27a4 Acquista online su Secondastrada.com Vestito Sandro Ferrone rosa \u2714\ufe0f Spedizione veloce entro 24h in tutta Italia \u2714\ufe0f Sconto sul tuo primo acquisto\" \/>\n<meta property=\"og:url\" content=\"https:\/\/www.secondastrada.com\/it\/vestito-sandro-ferrone-rosa\/\" \/>\n<meta property=\"og:site_name\" content=\"Seconda Strada\" \/>\n<meta property=\"article:modified_time\" content=\"2026-01-29T18:29:50+00:00\" \/>\n<meta property=\"og:image\" content=\"https:\/\/www.secondastrada.com\/wp-content\/uploads\/2024\/04\/S7YBCMAZA-st_MALVA_AI23_1.jpg\" \/>\n\t<meta property=\"og:image:width\" content=\"1000\" \/>\n\t<meta property=\"og:image:height\" content=\"1300\" \/>\n\t<meta property=\"og:image:type\" content=\"image\/jpeg\" \/>\n<meta name=\"twitter:card\" content=\"summary_large_image\" \/>\n<!-- \/ Yoast SEO plugin. -->","yoast_head_json":{"title":"Vestito Sandro Ferrone rosa - Acquista online! - Seconda Strada","description":"Vestito Sandro Ferrone rosa \u27a4 Acquista online su Secondastrada.com Vestito Sandro Ferrone rosa \u2714\ufe0f Spedizione veloce entro 24h in tutta Italia \u2714\ufe0f Sconto sul tuo primo acquisto","robots":{"index":"index","follow":"follow","max-snippet":"max-snippet:-1","max-image-preview":"max-image-preview:large","max-video-preview":"max-video-preview:-1"},"canonical":"https:\/\/www.secondastrada.com\/it\/vestito-sandro-ferrone-rosa\/","og_locale":"it_IT","og_type":"article","og_title":"Vestito Sandro Ferrone rosa - Acquista online! - Seconda Strada","og_description":"Vestito Sandro Ferrone rosa \u27a4 Acquista online su Secondastrada.com Vestito Sandro Ferrone rosa \u2714\ufe0f Spedizione veloce entro 24h in tutta Italia \u2714\ufe0f Sconto sul tuo primo acquisto","og_url":"https:\/\/www.secondastrada.com\/it\/vestito-sandro-ferrone-rosa\/","og_site_name":"Seconda Strada","article_modified_time":"2026-01-29T18:29:50+00:00","og_image":[{"width":1000,"height":1300,"url":"https:\/\/www.secondastrada.com\/wp-content\/uploads\/2024\/04\/S7YBCMAZA-st_MALVA_AI23_1.jpg","type":"image\/jpeg"}],"twitter_card":"summary_large_image","schema":{"@context":"https:\/\/schema.org","@graph":[{"@type":"WebPage","@id":"https:\/\/www.secondastrada.com\/it\/vestito-sandro-ferrone-rosa\/","url":"https:\/\/www.secondastrada.com\/it\/vestito-sandro-ferrone-rosa\/","name":"Vestito Sandro Ferrone rosa - Acquista online! - Seconda Strada","isPartOf":{"@id":"https:\/\/www.secondastrada.com\/it\/#website"},"primaryImageOfPage":{"@id":"https:\/\/www.secondastrada.com\/it\/vestito-sandro-ferrone-rosa\/#primaryimage"},"image":{"@id":"https:\/\/www.secondastrada.com\/it\/vestito-sandro-ferrone-rosa\/#primaryimage"},"thumbnailUrl":"https:\/\/www.secondastrada.com\/wp-content\/uploads\/2024\/04\/S7YBCMAZA-st_MALVA_AI23_1.jpg","datePublished":"2024-03-24T20:08:32+00:00","dateModified":"2026-01-29T18:29:50+00:00","description":"Vestito Sandro Ferrone rosa \u27a4 Acquista online su Secondastrada.com Vestito Sandro Ferrone rosa \u2714\ufe0f Spedizione veloce entro 24h in tutta Italia \u2714\ufe0f Sconto sul tuo primo acquisto","breadcrumb":{"@id":"https:\/\/www.secondastrada.com\/it\/vestito-sandro-ferrone-rosa\/#breadcrumb"},"inLanguage":"it-IT","potentialAction":[{"@type":"ReadAction","target":["https:\/\/www.secondastrada.com\/it\/vestito-sandro-ferrone-rosa\/"]}]},{"@type":"ImageObject","inLanguage":"it-IT","@id":"https:\/\/www.secondastrada.com\/it\/vestito-sandro-ferrone-rosa\/#primaryimage","url":"https:\/\/www.secondastrada.com\/wp-content\/uploads\/2024\/04\/S7YBCMAZA-st_MALVA_AI23_1.jpg","contentUrl":"https:\/\/www.secondastrada.com\/wp-content\/uploads\/2024\/04\/S7YBCMAZA-st_MALVA_AI23_1.jpg","width":1000,"height":1300,"caption":"S7YBCMAZA-st_MALVA_AI23"},{"@type":"BreadcrumbList","@id":"https:\/\/www.secondastrada.com\/it\/vestito-sandro-ferrone-rosa\/#breadcrumb","itemListElement":[{"@type":"ListItem","position":1,"name":"Home","item":"https:\/\/www.secondastrada.com\/it\/"},{"@type":"ListItem","position":2,"name":"Shop","item":"https:\/\/www.secondastrada.com\/it\/shop\/"},{"@type":"ListItem","position":3,"name":"Donna","item":"https:\/\/www.secondastrada.com\/it\/collezione-donna\/"},{"@type":"ListItem","position":4,"name":"Abbigliamento","item":"https:\/\/www.secondastrada.com\/it\/collezione-donna\/abbigliamento-donna\/"},{"@type":"ListItem","position":5,"name":"Abiti e Vestiti","item":"https:\/\/www.secondastrada.com\/it\/collezione-donna\/abbigliamento-donna\/abiti-e-vestiti-da-donna\/"},{"@type":"ListItem","position":6,"name":"Vestiti corti","item":"https:\/\/www.secondastrada.com\/it\/collezione-donna\/abbigliamento-donna\/abiti-e-vestiti-da-donna\/vestiti-da-donna-corti\/"},{"@type":"ListItem","position":7,"name":"Vestito Sandro Ferrone rosa"}]},{"@type":"WebSite","@id":"https:\/\/www.secondastrada.com\/it\/#website","url":"https:\/\/www.secondastrada.com\/it\/","name":"Seconda Strada","description":"","publisher":{"@id":"https:\/\/www.secondastrada.com\/it\/#organization"},"potentialAction":[{"@type":"SearchAction","target":{"@type":"EntryPoint","urlTemplate":"https:\/\/www.secondastrada.com\/it\/?s={search_term_string}"},"query-input":"required name=search_term_string"}],"inLanguage":"it-IT"},{"@type":"Organization","@id":"https:\/\/www.secondastrada.com\/it\/#organization","name":"Seconda Strada","url":"https:\/\/www.secondastrada.com\/it\/","logo":{"@type":"ImageObject","inLanguage":"it-IT","@id":"https:\/\/www.secondastrada.com\/it\/#\/schema\/logo\/image\/","url":"https:\/\/www.secondastrada.com\/wp-content\/uploads\/2023\/11\/secondastrada-logo.svg","contentUrl":"https:\/\/www.secondastrada.com\/wp-content\/uploads\/2023\/11\/secondastrada-logo.svg","width":353,"height":47,"caption":"Seconda Strada"},"image":{"@id":"https:\/\/www.secondastrada.com\/it\/#\/schema\/logo\/image\/"}}]}},"df_price":"","df_sale_price":"","df_regular_price":"","df_image_link":"https:\/\/www.secondastrada.com\/wp-content\/uploads\/2024\/04\/S7YBCMAZA-st_MALVA_AI23_1-300x300.jpg","_links":{"self":[{"href":"https:\/\/www.secondastrada.com\/it\/wp-json\/wp\/v2\/product\/17831"}],"collection":[{"href":"https:\/\/www.secondastrada.com\/it\/wp-json\/wp\/v2\/product"}],"about":[{"href":"https:\/\/www.secondastrada.com\/it\/wp-json\/wp\/v2\/types\/product"}],"wp:featuredmedia":[{"embeddable":true,"href":"https:\/\/www.secondastrada.com\/it\/wp-json\/wp\/v2\/media\/40019"}],"wp:attachment":[{"href":"https:\/\/www.secondastrada.com\/it\/wp-json\/wp\/v2\/media?parent=17831"}],"wp:term":[{"taxonomy":"ss_brand","embeddable":true,"href":"https:\/\/www.secondastrada.com\/it\/wp-json\/wp\/v2\/ss_brand?post=17831"},{"taxonomy":"ss_promo","embeddable":true,"href":"https:\/\/www.secondastrada.com\/it\/wp-json\/wp\/v2\/ss_promo?post=17831"},{"taxonomy":"ss_season","embeddable":true,"href":"https:\/\/www.secondastrada.com\/it\/wp-json\/wp\/v2\/ss_season?post=17831"},{"taxonomy":"product_cat","embeddable":true,"href":"https:\/\/www.secondastrada.com\/it\/wp-json\/wp\/v2\/product_cat?post=17831"},{"taxonomy":"product_tag","embeddable":true,"href":"https:\/\/www.secondastrada.com\/it\/wp-json\/wp\/v2\/product_tag?post=17831"}],"curies":[{"name":"wp","href":"https:\/\/api.w.org\/{rel}","templated":true}]}}