{"id":17997,"date":"2024-03-24T22:16:52","date_gmt":"2024-03-24T21:16:52","guid":{"rendered":"http:\/\/secondastrada.com\/felpa-fred-perry-con-cappuccio-nero-2\/"},"modified":"2026-01-29T12:15:36","modified_gmt":"2026-01-29T11:15:36","slug":"felpa-fred-perry-con-cappuccio-nero-2","status":"publish","type":"product","link":"https:\/\/www.secondastrada.com\/it\/felpa-fred-perry-con-cappuccio-nero-2\/","title":{"rendered":"Felpa Fred Perry con cappuccio nero"},"content":{"rendered":"<p><b>COMPOSIZIONE E VESTIBILIT\u00c0:<\/b><br \/>100% cotone<br \/>Il modello \u00e8 alto 178 cm e indossa la taglia L. La vestibilit\u00e0 del capo \u00e8 regolare..<br \/><b>CONSIGLI DI STILE:<\/b><br \/>Felpa con cappuccio in total black con ampio patch bianco e nero sulla schiena. Presente tasca a canguro sul fronte pi\u00f9 patch ad altezza cuore in bianco e nero applicato con spilla da balia. La felpa ha una vestibilit\u00e0 morbida ed \u00e8 adatta per occasioni casual. Inseriscila nel carrello se ricerchi praticit\u00e0.<br \/>Cod. art. FP SM1953 40 ss<br \/>Vi ricordiamo che tutti i nostri articoli sono originali.<br \/><b>MISURE:<\/b><br \/> Misure taglia L: <br \/>&#8211; Spalle (da cucitura a cucitura): 62 cm <br \/>&#8211; Lunghezza (da sotto ascella fino al fondo): 45 cm <br \/>&#8211; Manica (da cucitura spalla fino al fondo): 67 cm<\/p>\n","protected":false},"excerpt":{"rendered":"<p>COMPOSIZIONE E VESTIBILIT\u00c0:100% cotoneIl modello \u00e8 alto 178 cm e indossa la taglia L. La vestibilit\u00e0 del capo \u00e8 regolare..CONSIGLI DI STILE:Felpa con cappuccio in total black con ampio patch bianco e nero sulla schiena. Presente tasca a canguro sul fronte pi\u00f9 patch ad altezza cuore in bianco e nero applicato con spilla da balia&#8230;.<\/p>\n","protected":false},"featured_media":35796,"template":"","meta":{"inline_featured_image":false},"ss_brand":[1293],"ss_promo":[2182],"ss_season":[1708],"product_cat":[1332,1480,1714],"product_tag":[],"class_list":{"0":"post-17997","1":"product","2":"type-product","3":"status-publish","4":"has-post-thumbnail","6":"ss_brand-fred-perry-uomo","7":"ss_promo-ultime-occasioni-uomo","8":"ss_season-pe23","9":"product_cat-abbigliamento-uomo","10":"product_cat-felpe-da-uomo","11":"product_cat-collezione-uomo","13":"first","14":"outofstock","15":"sold-individually","16":"shipping-taxable","17":"product-type-variable","18":"has-default-attributes"},"acf":{"ss_brand":[{"term_id":1293,"name":"FRED PERRY","slug":"fred-perry-uomo","term_group":0,"term_taxonomy_id":1293,"taxonomy":"ss_brand","description":"La corona d\u2019alloro \u00e8 il simbolo di autenticit\u00e0 e di eleganza sportiva Made in England: scopri i migliori modelli di abbigliamento da uomo firmati Fred Perry in offerta nel nostro store!\u00a0Acquista online su SecondaStrada.com <strong>abbigliamento da uomo Fred Perry scontatissimo<\/strong>!","parent":1268,"count":22,"filter":"raw"}],"ss_promo":[2182],"ss_season":[{"term_id":1708,"name":"PE23","slug":"pe23","term_group":0,"term_taxonomy_id":1708,"taxonomy":"ss_season","description":"","parent":0,"count":504,"filter":"raw"}],"ss_old_price":"340,00","ss_omnibus_price":"0,00","ss_style_advice":"<p><b>COMPOSIZIONE E VESTIBILIT\u00c0:<\/b><br \/>100% cotone<br \/>Il modello \u00e8 alto 178 cm e indossa la taglia L. La vestibilit\u00e0 del capo \u00e8 regolare..<br \/><b>CONSIGLI DI STILE:<\/b><br \/>Felpa con cappuccio in total black con ampio patch bianco e nero sulla schiena. Presente tasca a canguro sul fronte pi\u00f9 patch ad altezza cuore in bianco e nero applicato con spilla da balia. La felpa ha una vestibilit\u00e0 morbida ed \u00e8 adatta per occasioni casual. Inseriscila nel carrello se ricerchi praticit\u00e0.<br \/>Cod. art. FP SM1953 40 ss<br \/>Vi ricordiamo che tutti i nostri articoli sono originali.<br \/><b>MISURE:<\/b><br \/> Misure taglia L: <br \/>&#8211; Spalle (da cucitura a cucitura): 62 cm <br \/>&#8211; Lunghezza (da sotto ascella fino al fondo): 45 cm <br \/>&#8211; Manica (da cucitura spalla fino al fondo): 67 cm<\/p>\n","ss_composition":"<p>100% cotone<\/p>\n","ss_fit":"<p>Felpa FRED PERRY<\/p>\n"},"yoast_head":"<!-- This site is optimized with the Yoast SEO plugin v22.3 - https:\/\/yoast.com\/wordpress\/plugins\/seo\/ -->\n<title>Felpa Fred Perry con cappuccio nero - Acquista online! - Seconda Strada<\/title>\n<meta name=\"description\" content=\"Felpa Fred Perry con cappuccio nero \u27a4 Acquista online su Secondastrada.com Felpa Fred Perry con cappuccio nero \u2714\ufe0f Spedizione veloce entro 24h in tutta Italia \u2714\ufe0f Sconto sul tuo primo acquisto\" \/>\n<meta name=\"robots\" content=\"index, follow, max-snippet:-1, max-image-preview:large, max-video-preview:-1\" \/>\n<link rel=\"canonical\" href=\"https:\/\/www.secondastrada.com\/it\/felpa-fred-perry-con-cappuccio-nero-2\/\" \/>\n<meta property=\"og:locale\" content=\"it_IT\" \/>\n<meta property=\"og:type\" content=\"article\" \/>\n<meta property=\"og:title\" content=\"Felpa Fred Perry con cappuccio nero - Acquista online! - Seconda Strada\" \/>\n<meta property=\"og:description\" content=\"Felpa Fred Perry con cappuccio nero \u27a4 Acquista online su Secondastrada.com Felpa Fred Perry con cappuccio nero \u2714\ufe0f Spedizione veloce entro 24h in tutta Italia \u2714\ufe0f Sconto sul tuo primo acquisto\" \/>\n<meta property=\"og:url\" content=\"https:\/\/www.secondastrada.com\/it\/felpa-fred-perry-con-cappuccio-nero-2\/\" \/>\n<meta property=\"og:site_name\" content=\"Seconda Strada\" \/>\n<meta property=\"article:modified_time\" content=\"2026-01-29T11:15:36+00:00\" \/>\n<meta property=\"og:image\" content=\"https:\/\/www.secondastrada.com\/wp-content\/uploads\/2024\/03\/FP-SM1953-40-ss_102_PE23_1.jpg\" \/>\n\t<meta property=\"og:image:width\" content=\"1000\" \/>\n\t<meta property=\"og:image:height\" content=\"1300\" \/>\n\t<meta property=\"og:image:type\" content=\"image\/jpeg\" \/>\n<meta name=\"twitter:card\" content=\"summary_large_image\" \/>\n<meta name=\"twitter:label1\" content=\"Tempo di lettura stimato\" \/>\n\t<meta name=\"twitter:data1\" content=\"1 minuto\" \/>\n<!-- \/ Yoast SEO plugin. -->","yoast_head_json":{"title":"Felpa Fred Perry con cappuccio nero - Acquista online! - Seconda Strada","description":"Felpa Fred Perry con cappuccio nero \u27a4 Acquista online su Secondastrada.com Felpa Fred Perry con cappuccio nero \u2714\ufe0f Spedizione veloce entro 24h in tutta Italia \u2714\ufe0f Sconto sul tuo primo acquisto","robots":{"index":"index","follow":"follow","max-snippet":"max-snippet:-1","max-image-preview":"max-image-preview:large","max-video-preview":"max-video-preview:-1"},"canonical":"https:\/\/www.secondastrada.com\/it\/felpa-fred-perry-con-cappuccio-nero-2\/","og_locale":"it_IT","og_type":"article","og_title":"Felpa Fred Perry con cappuccio nero - Acquista online! - Seconda Strada","og_description":"Felpa Fred Perry con cappuccio nero \u27a4 Acquista online su Secondastrada.com Felpa Fred Perry con cappuccio nero \u2714\ufe0f Spedizione veloce entro 24h in tutta Italia \u2714\ufe0f Sconto sul tuo primo acquisto","og_url":"https:\/\/www.secondastrada.com\/it\/felpa-fred-perry-con-cappuccio-nero-2\/","og_site_name":"Seconda Strada","article_modified_time":"2026-01-29T11:15:36+00:00","og_image":[{"width":1000,"height":1300,"url":"https:\/\/www.secondastrada.com\/wp-content\/uploads\/2024\/03\/FP-SM1953-40-ss_102_PE23_1.jpg","type":"image\/jpeg"}],"twitter_card":"summary_large_image","twitter_misc":{"Tempo di lettura stimato":"1 minuto"},"schema":{"@context":"https:\/\/schema.org","@graph":[{"@type":"WebPage","@id":"https:\/\/www.secondastrada.com\/it\/felpa-fred-perry-con-cappuccio-nero-2\/","url":"https:\/\/www.secondastrada.com\/it\/felpa-fred-perry-con-cappuccio-nero-2\/","name":"Felpa Fred Perry con cappuccio nero - Acquista online! - Seconda Strada","isPartOf":{"@id":"https:\/\/www.secondastrada.com\/it\/#website"},"primaryImageOfPage":{"@id":"https:\/\/www.secondastrada.com\/it\/felpa-fred-perry-con-cappuccio-nero-2\/#primaryimage"},"image":{"@id":"https:\/\/www.secondastrada.com\/it\/felpa-fred-perry-con-cappuccio-nero-2\/#primaryimage"},"thumbnailUrl":"https:\/\/www.secondastrada.com\/wp-content\/uploads\/2024\/03\/FP-SM1953-40-ss_102_PE23_1.jpg","datePublished":"2024-03-24T21:16:52+00:00","dateModified":"2026-01-29T11:15:36+00:00","description":"Felpa Fred Perry con cappuccio nero \u27a4 Acquista online su Secondastrada.com Felpa Fred Perry con cappuccio nero \u2714\ufe0f Spedizione veloce entro 24h in tutta Italia \u2714\ufe0f Sconto sul tuo primo acquisto","breadcrumb":{"@id":"https:\/\/www.secondastrada.com\/it\/felpa-fred-perry-con-cappuccio-nero-2\/#breadcrumb"},"inLanguage":"it-IT","potentialAction":[{"@type":"ReadAction","target":["https:\/\/www.secondastrada.com\/it\/felpa-fred-perry-con-cappuccio-nero-2\/"]}]},{"@type":"ImageObject","inLanguage":"it-IT","@id":"https:\/\/www.secondastrada.com\/it\/felpa-fred-perry-con-cappuccio-nero-2\/#primaryimage","url":"https:\/\/www.secondastrada.com\/wp-content\/uploads\/2024\/03\/FP-SM1953-40-ss_102_PE23_1.jpg","contentUrl":"https:\/\/www.secondastrada.com\/wp-content\/uploads\/2024\/03\/FP-SM1953-40-ss_102_PE23_1.jpg","width":1000,"height":1300,"caption":"FP-SM1953-40-ss_102_PE23"},{"@type":"BreadcrumbList","@id":"https:\/\/www.secondastrada.com\/it\/felpa-fred-perry-con-cappuccio-nero-2\/#breadcrumb","itemListElement":[{"@type":"ListItem","position":1,"name":"Home","item":"https:\/\/www.secondastrada.com\/it\/"},{"@type":"ListItem","position":2,"name":"Shop","item":"https:\/\/www.secondastrada.com\/it\/shop\/"},{"@type":"ListItem","position":3,"name":"Uomo","item":"https:\/\/www.secondastrada.com\/it\/collezione-uomo\/"},{"@type":"ListItem","position":4,"name":"Abbigliamento","item":"https:\/\/www.secondastrada.com\/it\/collezione-uomo\/abbigliamento-uomo\/"},{"@type":"ListItem","position":5,"name":"Felpe","item":"https:\/\/www.secondastrada.com\/it\/collezione-uomo\/abbigliamento-uomo\/felpe-da-uomo\/"},{"@type":"ListItem","position":6,"name":"Felpa Fred Perry con cappuccio nero"}]},{"@type":"WebSite","@id":"https:\/\/www.secondastrada.com\/it\/#website","url":"https:\/\/www.secondastrada.com\/it\/","name":"Seconda Strada","description":"","publisher":{"@id":"https:\/\/www.secondastrada.com\/it\/#organization"},"potentialAction":[{"@type":"SearchAction","target":{"@type":"EntryPoint","urlTemplate":"https:\/\/www.secondastrada.com\/it\/?s={search_term_string}"},"query-input":"required name=search_term_string"}],"inLanguage":"it-IT"},{"@type":"Organization","@id":"https:\/\/www.secondastrada.com\/it\/#organization","name":"Seconda Strada","url":"https:\/\/www.secondastrada.com\/it\/","logo":{"@type":"ImageObject","inLanguage":"it-IT","@id":"https:\/\/www.secondastrada.com\/it\/#\/schema\/logo\/image\/","url":"https:\/\/www.secondastrada.com\/wp-content\/uploads\/2023\/11\/secondastrada-logo.svg","contentUrl":"https:\/\/www.secondastrada.com\/wp-content\/uploads\/2023\/11\/secondastrada-logo.svg","width":353,"height":47,"caption":"Seconda Strada"},"image":{"@id":"https:\/\/www.secondastrada.com\/it\/#\/schema\/logo\/image\/"}}]}},"df_price":"","df_sale_price":"","df_regular_price":"","df_image_link":"https:\/\/www.secondastrada.com\/wp-content\/uploads\/2024\/03\/FP-SM1953-40-ss_102_PE23_1-300x300.jpg","_links":{"self":[{"href":"https:\/\/www.secondastrada.com\/it\/wp-json\/wp\/v2\/product\/17997"}],"collection":[{"href":"https:\/\/www.secondastrada.com\/it\/wp-json\/wp\/v2\/product"}],"about":[{"href":"https:\/\/www.secondastrada.com\/it\/wp-json\/wp\/v2\/types\/product"}],"wp:featuredmedia":[{"embeddable":true,"href":"https:\/\/www.secondastrada.com\/it\/wp-json\/wp\/v2\/media\/35796"}],"wp:attachment":[{"href":"https:\/\/www.secondastrada.com\/it\/wp-json\/wp\/v2\/media?parent=17997"}],"wp:term":[{"taxonomy":"ss_brand","embeddable":true,"href":"https:\/\/www.secondastrada.com\/it\/wp-json\/wp\/v2\/ss_brand?post=17997"},{"taxonomy":"ss_promo","embeddable":true,"href":"https:\/\/www.secondastrada.com\/it\/wp-json\/wp\/v2\/ss_promo?post=17997"},{"taxonomy":"ss_season","embeddable":true,"href":"https:\/\/www.secondastrada.com\/it\/wp-json\/wp\/v2\/ss_season?post=17997"},{"taxonomy":"product_cat","embeddable":true,"href":"https:\/\/www.secondastrada.com\/it\/wp-json\/wp\/v2\/product_cat?post=17997"},{"taxonomy":"product_tag","embeddable":true,"href":"https:\/\/www.secondastrada.com\/it\/wp-json\/wp\/v2\/product_tag?post=17997"}],"curies":[{"name":"wp","href":"https:\/\/api.w.org\/{rel}","templated":true}]}}