{"id":18046,"date":"2024-03-24T22:37:23","date_gmt":"2024-03-24T21:37:23","guid":{"rendered":"http:\/\/secondastrada.com\/vestito-pepe-jeans-lungo-blu-denim-light\/"},"modified":"2026-01-29T12:05:43","modified_gmt":"2026-01-29T11:05:43","slug":"vestito-pepe-jeans-lungo-blu-denim-light","status":"publish","type":"product","link":"https:\/\/www.secondastrada.com\/it\/vestito-pepe-jeans-lungo-blu-denim-light\/","title":{"rendered":"Vestito Pepe Jeans lungo blu denim light"},"content":{"rendered":"<p><b>COMPOSIZIONE E VESTIBILIT\u00c0:<\/b><br \/>100% poliestere<br \/>La modella \u00e8 alta 170 cm e indossa la taglia S. La vestibilit\u00e0 del capo \u00e8 regolare.<br \/><b>CONSIGLI DI STILE:<\/b><br \/>Vestito plissettato total rosso scarlatto. Presenti spalline strette a laccio che uniscono il davanti e il dietro dove \u00e8 presente una profonda scollatura. Ulteriore dettaglio \u00e8 rappresentato da cintura in tessuto applicata sul girovita. Il vestito \u00e8 adatto per occasioni casual\/raffinate. Aggiungilo al tuo guardaroba e fatti notare. <br \/>Cod. art. kelly PL953029 ss<br \/>Vi ricordiamo che tutti i nostri articoli sono originali.<br \/><b>MISURE:<\/b><br \/> Misure taglia S: <br \/>&#8211; Vita (da cucitura a cucitura): 30 cm <br \/>&#8211; Lunghezza (da sotto ascella fino al fondo): 50 cm <\/p>\n","protected":false},"excerpt":{"rendered":"<p>COMPOSIZIONE E VESTIBILIT\u00c0:100% poliestereLa modella \u00e8 alta 170 cm e indossa la taglia S. La vestibilit\u00e0 del capo \u00e8 regolare.CONSIGLI DI STILE:Vestito plissettato total rosso scarlatto. Presenti spalline strette a laccio che uniscono il davanti e il dietro dove \u00e8 presente una profonda scollatura. Ulteriore dettaglio \u00e8 rappresentato da cintura in tessuto applicata sul girovita&#8230;.<\/p>\n","protected":false},"featured_media":35844,"template":"","meta":{"inline_featured_image":false},"ss_brand":[1212],"ss_promo":[2181],"ss_season":[1708],"product_cat":[1329,1539,1658,1614],"product_tag":[],"class_list":{"0":"post-18046","1":"product","2":"type-product","3":"status-publish","4":"has-post-thumbnail","6":"ss_brand-pepe-jeans-donna","7":"ss_promo-ultime-occasioni-donna","8":"ss_season-pe23","9":"product_cat-abbigliamento-donna","10":"product_cat-abiti-e-vestiti-da-donna","11":"product_cat-collezione-donna","12":"product_cat-vestiti-lunghi-da-donna","14":"first","15":"outofstock","16":"sold-individually","17":"shipping-taxable","18":"product-type-variable","19":"has-default-attributes"},"acf":{"ss_brand":[{"term_id":1212,"name":"PEPE JEANS","slug":"pepe-jeans-donna","term_group":0,"term_taxonomy_id":1212,"taxonomy":"ss_brand","description":"Stile urban-cool con accento british: dai una scossa al tuo guardaroba e scopri la collezione abbigliamento da donna Pepe Jeans a prezzi bassissimi!\u00a0Acquista online su SecondaStrada.com <strong>abbigliamento da donna Pepe Jeans scontatissimo<\/strong>!","parent":1201,"count":214,"filter":"raw"}],"ss_promo":[2181],"ss_season":[{"term_id":1708,"name":"PE23","slug":"pe23","term_group":0,"term_taxonomy_id":1708,"taxonomy":"ss_season","description":"","parent":0,"count":504,"filter":"raw"}],"ss_old_price":"85,00","ss_omnibus_price":"0,00","ss_style_advice":"<p><b>COMPOSIZIONE E VESTIBILIT\u00c0:<\/b><br \/>100% poliestere<br \/>La modella \u00e8 alta 170 cm e indossa la taglia S. La vestibilit\u00e0 del capo \u00e8 regolare.<br \/><b>CONSIGLI DI STILE:<\/b><br \/>Vestito plissettato total rosso scarlatto. Presenti spalline strette a laccio che uniscono il davanti e il dietro dove \u00e8 presente una profonda scollatura. Ulteriore dettaglio \u00e8 rappresentato da cintura in tessuto applicata sul girovita. Il vestito \u00e8 adatto per occasioni casual\/raffinate. Aggiungilo al tuo guardaroba e fatti notare. <br \/>Cod. art. kelly PL953029 ss<br \/>Vi ricordiamo che tutti i nostri articoli sono originali.<br \/><b>MISURE:<\/b><br \/> Misure taglia S: <br \/>&#8211; Vita (da cucitura a cucitura): 30 cm <br \/>&#8211; Lunghezza (da sotto ascella fino al fondo): 50 cm <\/p>\n","ss_composition":"<p>100% lyocell<\/p>\n","ss_fit":"<p>Vestito PEPE JEANS<\/p>\n"},"yoast_head":"<!-- This site is optimized with the Yoast SEO plugin v22.3 - https:\/\/yoast.com\/wordpress\/plugins\/seo\/ -->\n<title>Vestito Pepe Jeans lungo blu denim light - Acquista online! - Seconda Strada<\/title>\n<meta name=\"description\" content=\"Vestito Pepe Jeans lungo blu denim light \u27a4 Acquista online su Secondastrada.com Vestito Pepe Jeans lungo blu denim light \u2714\ufe0f Spedizione veloce entro 24h in tutta Italia \u2714\ufe0f Sconto sul tuo primo acquisto\" \/>\n<meta name=\"robots\" content=\"index, follow, max-snippet:-1, max-image-preview:large, max-video-preview:-1\" \/>\n<link rel=\"canonical\" href=\"https:\/\/www.secondastrada.com\/it\/vestito-pepe-jeans-lungo-blu-denim-light\/\" \/>\n<meta property=\"og:locale\" content=\"it_IT\" \/>\n<meta property=\"og:type\" content=\"article\" \/>\n<meta property=\"og:title\" content=\"Vestito Pepe Jeans lungo blu denim light - Acquista online! - Seconda Strada\" \/>\n<meta property=\"og:description\" content=\"Vestito Pepe Jeans lungo blu denim light \u27a4 Acquista online su Secondastrada.com Vestito Pepe Jeans lungo blu denim light \u2714\ufe0f Spedizione veloce entro 24h in tutta Italia \u2714\ufe0f Sconto sul tuo primo acquisto\" \/>\n<meta property=\"og:url\" content=\"https:\/\/www.secondastrada.com\/it\/vestito-pepe-jeans-lungo-blu-denim-light\/\" \/>\n<meta property=\"og:site_name\" content=\"Seconda Strada\" \/>\n<meta property=\"article:modified_time\" content=\"2026-01-29T11:05:43+00:00\" \/>\n<meta property=\"og:image\" content=\"https:\/\/www.secondastrada.com\/wp-content\/uploads\/2024\/03\/libby-PL953032-ss_BLUE_PE23_1.jpg\" \/>\n\t<meta property=\"og:image:width\" content=\"1000\" \/>\n\t<meta property=\"og:image:height\" content=\"1300\" \/>\n\t<meta property=\"og:image:type\" content=\"image\/jpeg\" \/>\n<meta name=\"twitter:card\" content=\"summary_large_image\" \/>\n<!-- \/ Yoast SEO plugin. -->","yoast_head_json":{"title":"Vestito Pepe Jeans lungo blu denim light - Acquista online! - Seconda Strada","description":"Vestito Pepe Jeans lungo blu denim light \u27a4 Acquista online su Secondastrada.com Vestito Pepe Jeans lungo blu denim light \u2714\ufe0f Spedizione veloce entro 24h in tutta Italia \u2714\ufe0f Sconto sul tuo primo acquisto","robots":{"index":"index","follow":"follow","max-snippet":"max-snippet:-1","max-image-preview":"max-image-preview:large","max-video-preview":"max-video-preview:-1"},"canonical":"https:\/\/www.secondastrada.com\/it\/vestito-pepe-jeans-lungo-blu-denim-light\/","og_locale":"it_IT","og_type":"article","og_title":"Vestito Pepe Jeans lungo blu denim light - Acquista online! - Seconda Strada","og_description":"Vestito Pepe Jeans lungo blu denim light \u27a4 Acquista online su Secondastrada.com Vestito Pepe Jeans lungo blu denim light \u2714\ufe0f Spedizione veloce entro 24h in tutta Italia \u2714\ufe0f Sconto sul tuo primo acquisto","og_url":"https:\/\/www.secondastrada.com\/it\/vestito-pepe-jeans-lungo-blu-denim-light\/","og_site_name":"Seconda Strada","article_modified_time":"2026-01-29T11:05:43+00:00","og_image":[{"width":1000,"height":1300,"url":"https:\/\/www.secondastrada.com\/wp-content\/uploads\/2024\/03\/libby-PL953032-ss_BLUE_PE23_1.jpg","type":"image\/jpeg"}],"twitter_card":"summary_large_image","schema":{"@context":"https:\/\/schema.org","@graph":[{"@type":"WebPage","@id":"https:\/\/www.secondastrada.com\/it\/vestito-pepe-jeans-lungo-blu-denim-light\/","url":"https:\/\/www.secondastrada.com\/it\/vestito-pepe-jeans-lungo-blu-denim-light\/","name":"Vestito Pepe Jeans lungo blu denim light - Acquista online! - Seconda Strada","isPartOf":{"@id":"https:\/\/www.secondastrada.com\/it\/#website"},"primaryImageOfPage":{"@id":"https:\/\/www.secondastrada.com\/it\/vestito-pepe-jeans-lungo-blu-denim-light\/#primaryimage"},"image":{"@id":"https:\/\/www.secondastrada.com\/it\/vestito-pepe-jeans-lungo-blu-denim-light\/#primaryimage"},"thumbnailUrl":"https:\/\/www.secondastrada.com\/wp-content\/uploads\/2024\/03\/libby-PL953032-ss_BLUE_PE23_1.jpg","datePublished":"2024-03-24T21:37:23+00:00","dateModified":"2026-01-29T11:05:43+00:00","description":"Vestito Pepe Jeans lungo blu denim light \u27a4 Acquista online su Secondastrada.com Vestito Pepe Jeans lungo blu denim light \u2714\ufe0f Spedizione veloce entro 24h in tutta Italia \u2714\ufe0f Sconto sul tuo primo acquisto","breadcrumb":{"@id":"https:\/\/www.secondastrada.com\/it\/vestito-pepe-jeans-lungo-blu-denim-light\/#breadcrumb"},"inLanguage":"it-IT","potentialAction":[{"@type":"ReadAction","target":["https:\/\/www.secondastrada.com\/it\/vestito-pepe-jeans-lungo-blu-denim-light\/"]}]},{"@type":"ImageObject","inLanguage":"it-IT","@id":"https:\/\/www.secondastrada.com\/it\/vestito-pepe-jeans-lungo-blu-denim-light\/#primaryimage","url":"https:\/\/www.secondastrada.com\/wp-content\/uploads\/2024\/03\/libby-PL953032-ss_BLUE_PE23_1.jpg","contentUrl":"https:\/\/www.secondastrada.com\/wp-content\/uploads\/2024\/03\/libby-PL953032-ss_BLUE_PE23_1.jpg","width":1000,"height":1300,"caption":"libby-PL953032-ss_BLUE_PE23"},{"@type":"BreadcrumbList","@id":"https:\/\/www.secondastrada.com\/it\/vestito-pepe-jeans-lungo-blu-denim-light\/#breadcrumb","itemListElement":[{"@type":"ListItem","position":1,"name":"Home","item":"https:\/\/www.secondastrada.com\/it\/"},{"@type":"ListItem","position":2,"name":"Shop","item":"https:\/\/www.secondastrada.com\/it\/shop\/"},{"@type":"ListItem","position":3,"name":"Donna","item":"https:\/\/www.secondastrada.com\/it\/collezione-donna\/"},{"@type":"ListItem","position":4,"name":"Abbigliamento","item":"https:\/\/www.secondastrada.com\/it\/collezione-donna\/abbigliamento-donna\/"},{"@type":"ListItem","position":5,"name":"Abiti e Vestiti","item":"https:\/\/www.secondastrada.com\/it\/collezione-donna\/abbigliamento-donna\/abiti-e-vestiti-da-donna\/"},{"@type":"ListItem","position":6,"name":"Vestiti lunghi","item":"https:\/\/www.secondastrada.com\/it\/collezione-donna\/abbigliamento-donna\/abiti-e-vestiti-da-donna\/vestiti-lunghi-da-donna\/"},{"@type":"ListItem","position":7,"name":"Vestito Pepe Jeans lungo blu denim light"}]},{"@type":"WebSite","@id":"https:\/\/www.secondastrada.com\/it\/#website","url":"https:\/\/www.secondastrada.com\/it\/","name":"Seconda Strada","description":"","publisher":{"@id":"https:\/\/www.secondastrada.com\/it\/#organization"},"potentialAction":[{"@type":"SearchAction","target":{"@type":"EntryPoint","urlTemplate":"https:\/\/www.secondastrada.com\/it\/?s={search_term_string}"},"query-input":"required name=search_term_string"}],"inLanguage":"it-IT"},{"@type":"Organization","@id":"https:\/\/www.secondastrada.com\/it\/#organization","name":"Seconda Strada","url":"https:\/\/www.secondastrada.com\/it\/","logo":{"@type":"ImageObject","inLanguage":"it-IT","@id":"https:\/\/www.secondastrada.com\/it\/#\/schema\/logo\/image\/","url":"https:\/\/www.secondastrada.com\/wp-content\/uploads\/2023\/11\/secondastrada-logo.svg","contentUrl":"https:\/\/www.secondastrada.com\/wp-content\/uploads\/2023\/11\/secondastrada-logo.svg","width":353,"height":47,"caption":"Seconda Strada"},"image":{"@id":"https:\/\/www.secondastrada.com\/it\/#\/schema\/logo\/image\/"}}]}},"df_price":"","df_sale_price":"","df_regular_price":"","df_image_link":"https:\/\/www.secondastrada.com\/wp-content\/uploads\/2024\/03\/libby-PL953032-ss_BLUE_PE23_1-300x300.jpg","_links":{"self":[{"href":"https:\/\/www.secondastrada.com\/it\/wp-json\/wp\/v2\/product\/18046"}],"collection":[{"href":"https:\/\/www.secondastrada.com\/it\/wp-json\/wp\/v2\/product"}],"about":[{"href":"https:\/\/www.secondastrada.com\/it\/wp-json\/wp\/v2\/types\/product"}],"wp:featuredmedia":[{"embeddable":true,"href":"https:\/\/www.secondastrada.com\/it\/wp-json\/wp\/v2\/media\/35844"}],"wp:attachment":[{"href":"https:\/\/www.secondastrada.com\/it\/wp-json\/wp\/v2\/media?parent=18046"}],"wp:term":[{"taxonomy":"ss_brand","embeddable":true,"href":"https:\/\/www.secondastrada.com\/it\/wp-json\/wp\/v2\/ss_brand?post=18046"},{"taxonomy":"ss_promo","embeddable":true,"href":"https:\/\/www.secondastrada.com\/it\/wp-json\/wp\/v2\/ss_promo?post=18046"},{"taxonomy":"ss_season","embeddable":true,"href":"https:\/\/www.secondastrada.com\/it\/wp-json\/wp\/v2\/ss_season?post=18046"},{"taxonomy":"product_cat","embeddable":true,"href":"https:\/\/www.secondastrada.com\/it\/wp-json\/wp\/v2\/product_cat?post=18046"},{"taxonomy":"product_tag","embeddable":true,"href":"https:\/\/www.secondastrada.com\/it\/wp-json\/wp\/v2\/product_tag?post=18046"}],"curies":[{"name":"wp","href":"https:\/\/api.w.org\/{rel}","templated":true}]}}