{"id":18334,"date":"2024-03-25T00:33:04","date_gmt":"2024-03-24T23:33:04","guid":{"rendered":"http:\/\/secondastrada.com\/ciabatte-seconda-strada-rosa\/"},"modified":"2026-01-29T14:09:44","modified_gmt":"2026-01-29T13:09:44","slug":"ciabatte-seconda-strada-rosa","status":"publish","type":"product","link":"https:\/\/www.secondastrada.com\/it\/ciabatte-seconda-strada-rosa\/","title":{"rendered":"Ciabatte Seconda Strada rosa"},"content":{"rendered":"<p><b>COMPOSIZIONE E VESTIBILIT\u00c0:<\/b><br \/>100% poliestere<br \/>La modella calza il numero 38\/39 e la calzata \u00e8 regolare.<br \/><b>CONSIGLI DI STILE:<\/b><br \/>Pack natalizio con ciabatte pi\u00f9 mascherina in tessuto rosa cipria pi\u00f9 dettagli dorati. L&#8217;indossatura \u00e8 pratica ed offre tepore ai piedi. La suola sagomata garantisce stabilit\u00e0. L&#8217;accessorio \u00e8 perfetto per l&#8217;inverno e come idea regalo.<br \/>Cod. art. JACQUELINE<br \/>Vi ricordiamo che tutti i nostri articoli sono originali.<br \/><b>MISURE:<\/b><br \/> Misure taglia 38\/39: <br \/> Lunghezza suola: 26 cm, Altezza suola: 1.5 cm<\/p>\n","protected":false},"excerpt":{"rendered":"<p>COMPOSIZIONE E VESTIBILIT\u00c0:100% poliestereLa modella calza il numero 38\/39 e la calzata \u00e8 regolare.CONSIGLI DI STILE:Pack natalizio con ciabatte pi\u00f9 mascherina in tessuto rosa cipria pi\u00f9 dettagli dorati. L&#8217;indossatura \u00e8 pratica ed offre tepore ai piedi. La suola sagomata garantisce stabilit\u00e0. L&#8217;accessorio \u00e8 perfetto per l&#8217;inverno e come idea regalo.Cod. art. JACQUELINEVi ricordiamo che tutti&#8230;<\/p>\n","protected":false},"featured_media":59930,"template":"","meta":{"inline_featured_image":false},"ss_brand":[1252],"ss_promo":[2181],"ss_season":[1943],"product_cat":[1658,1829,1330],"product_tag":[],"class_list":{"0":"post-18334","1":"product","2":"type-product","3":"status-publish","4":"has-post-thumbnail","6":"ss_brand-seconda-strada-donna","7":"ss_promo-ultime-occasioni-donna","8":"ss_season-continuativo","9":"product_cat-collezione-donna","10":"product_cat-infradito-e-ciabatte-da-donna","11":"product_cat-scarpe-donna","13":"first","14":"outofstock","15":"sold-individually","16":"shipping-taxable","17":"product-type-variable","18":"has-default-attributes"},"acf":{"ss_brand":[{"term_id":1252,"name":"Seconda Strada","slug":"seconda-strada-donna","term_group":0,"term_taxonomy_id":1252,"taxonomy":"ss_brand","description":"","parent":1201,"count":11,"filter":"raw"}],"ss_promo":[2181],"ss_season":[{"term_id":1943,"name":"CONTINUATIVO","slug":"continuativo","term_group":0,"term_taxonomy_id":1943,"taxonomy":"ss_season","description":"","parent":0,"count":127,"filter":"raw"}],"ss_old_price":"0,00","ss_omnibus_price":"0,00","ss_style_advice":"<p><b>COMPOSIZIONE E VESTIBILIT\u00c0:<\/b><br \/>100% poliestere<br \/>La modella calza il numero 38\/39 e la calzata \u00e8 regolare.<br \/><b>CONSIGLI DI STILE:<\/b><br \/>Pack natalizio con ciabatte pi\u00f9 mascherina in tessuto rosa cipria pi\u00f9 dettagli dorati. L&#8217;indossatura \u00e8 pratica ed offre tepore ai piedi. La suola sagomata garantisce stabilit\u00e0. L&#8217;accessorio \u00e8 perfetto per l&#8217;inverno e come idea regalo.<br \/>Cod. art. JACQUELINE<br \/>Vi ricordiamo che tutti i nostri articoli sono originali.<br \/><b>MISURE:<\/b><br \/> Misure taglia 38\/39: <br \/> Lunghezza suola: 26 cm, Altezza suola: 1.5 cm<\/p>\n","ss_composition":"<p>100% poliestere<\/p>\n","ss_fit":"<p>Ciabatte Seconda Strada<\/p>\n"},"yoast_head":"<!-- This site is optimized with the Yoast SEO plugin v22.3 - https:\/\/yoast.com\/wordpress\/plugins\/seo\/ -->\n<title>Ciabatte Seconda Strada rosa - Acquista online! - Seconda Strada<\/title>\n<meta name=\"description\" content=\"Ciabatte Seconda Strada rosa \u27a4 Acquista online su Secondastrada.com Ciabatte Seconda Strada rosa \u2714\ufe0f Spedizione veloce entro 24h in tutta Italia \u2714\ufe0f Sconto sul tuo primo acquisto\" \/>\n<meta name=\"robots\" content=\"index, follow, max-snippet:-1, max-image-preview:large, max-video-preview:-1\" \/>\n<link rel=\"canonical\" href=\"https:\/\/www.secondastrada.com\/it\/ciabatte-seconda-strada-rosa\/\" \/>\n<meta property=\"og:locale\" content=\"it_IT\" \/>\n<meta property=\"og:type\" content=\"article\" \/>\n<meta property=\"og:title\" content=\"Ciabatte Seconda Strada rosa - Acquista online! - Seconda Strada\" \/>\n<meta property=\"og:description\" content=\"Ciabatte Seconda Strada rosa \u27a4 Acquista online su Secondastrada.com Ciabatte Seconda Strada rosa \u2714\ufe0f Spedizione veloce entro 24h in tutta Italia \u2714\ufe0f Sconto sul tuo primo acquisto\" \/>\n<meta property=\"og:url\" content=\"https:\/\/www.secondastrada.com\/it\/ciabatte-seconda-strada-rosa\/\" \/>\n<meta property=\"og:site_name\" content=\"Seconda Strada\" \/>\n<meta property=\"article:modified_time\" content=\"2026-01-29T13:09:44+00:00\" \/>\n<meta property=\"og:image\" content=\"https:\/\/www.secondastrada.com\/wp-content\/uploads\/2024\/05\/JACQUELINE_LIGHT-PINK_CONT_1.jpg\" \/>\n\t<meta property=\"og:image:width\" content=\"1000\" \/>\n\t<meta property=\"og:image:height\" content=\"1300\" \/>\n\t<meta property=\"og:image:type\" content=\"image\/jpeg\" \/>\n<meta name=\"twitter:card\" content=\"summary_large_image\" \/>\n<meta name=\"twitter:label1\" content=\"Tempo di lettura stimato\" \/>\n\t<meta name=\"twitter:data1\" content=\"1 minuto\" \/>\n<!-- \/ Yoast SEO plugin. -->","yoast_head_json":{"title":"Ciabatte Seconda Strada rosa - Acquista online! - Seconda Strada","description":"Ciabatte Seconda Strada rosa \u27a4 Acquista online su Secondastrada.com Ciabatte Seconda Strada rosa \u2714\ufe0f Spedizione veloce entro 24h in tutta Italia \u2714\ufe0f Sconto sul tuo primo acquisto","robots":{"index":"index","follow":"follow","max-snippet":"max-snippet:-1","max-image-preview":"max-image-preview:large","max-video-preview":"max-video-preview:-1"},"canonical":"https:\/\/www.secondastrada.com\/it\/ciabatte-seconda-strada-rosa\/","og_locale":"it_IT","og_type":"article","og_title":"Ciabatte Seconda Strada rosa - Acquista online! - Seconda Strada","og_description":"Ciabatte Seconda Strada rosa \u27a4 Acquista online su Secondastrada.com Ciabatte Seconda Strada rosa \u2714\ufe0f Spedizione veloce entro 24h in tutta Italia \u2714\ufe0f Sconto sul tuo primo acquisto","og_url":"https:\/\/www.secondastrada.com\/it\/ciabatte-seconda-strada-rosa\/","og_site_name":"Seconda Strada","article_modified_time":"2026-01-29T13:09:44+00:00","og_image":[{"width":1000,"height":1300,"url":"https:\/\/www.secondastrada.com\/wp-content\/uploads\/2024\/05\/JACQUELINE_LIGHT-PINK_CONT_1.jpg","type":"image\/jpeg"}],"twitter_card":"summary_large_image","twitter_misc":{"Tempo di lettura stimato":"1 minuto"},"schema":{"@context":"https:\/\/schema.org","@graph":[{"@type":"WebPage","@id":"https:\/\/www.secondastrada.com\/it\/ciabatte-seconda-strada-rosa\/","url":"https:\/\/www.secondastrada.com\/it\/ciabatte-seconda-strada-rosa\/","name":"Ciabatte Seconda Strada rosa - Acquista online! - Seconda Strada","isPartOf":{"@id":"https:\/\/www.secondastrada.com\/it\/#website"},"primaryImageOfPage":{"@id":"https:\/\/www.secondastrada.com\/it\/ciabatte-seconda-strada-rosa\/#primaryimage"},"image":{"@id":"https:\/\/www.secondastrada.com\/it\/ciabatte-seconda-strada-rosa\/#primaryimage"},"thumbnailUrl":"https:\/\/www.secondastrada.com\/wp-content\/uploads\/2024\/05\/JACQUELINE_LIGHT-PINK_CONT_1.jpg","datePublished":"2024-03-24T23:33:04+00:00","dateModified":"2026-01-29T13:09:44+00:00","description":"Ciabatte Seconda Strada rosa \u27a4 Acquista online su Secondastrada.com Ciabatte Seconda Strada rosa \u2714\ufe0f Spedizione veloce entro 24h in tutta Italia \u2714\ufe0f Sconto sul tuo primo acquisto","breadcrumb":{"@id":"https:\/\/www.secondastrada.com\/it\/ciabatte-seconda-strada-rosa\/#breadcrumb"},"inLanguage":"it-IT","potentialAction":[{"@type":"ReadAction","target":["https:\/\/www.secondastrada.com\/it\/ciabatte-seconda-strada-rosa\/"]}]},{"@type":"ImageObject","inLanguage":"it-IT","@id":"https:\/\/www.secondastrada.com\/it\/ciabatte-seconda-strada-rosa\/#primaryimage","url":"https:\/\/www.secondastrada.com\/wp-content\/uploads\/2024\/05\/JACQUELINE_LIGHT-PINK_CONT_1.jpg","contentUrl":"https:\/\/www.secondastrada.com\/wp-content\/uploads\/2024\/05\/JACQUELINE_LIGHT-PINK_CONT_1.jpg","width":1000,"height":1300,"caption":"JACQUELINE_LIGHT-PINK_CONT"},{"@type":"BreadcrumbList","@id":"https:\/\/www.secondastrada.com\/it\/ciabatte-seconda-strada-rosa\/#breadcrumb","itemListElement":[{"@type":"ListItem","position":1,"name":"Home","item":"https:\/\/www.secondastrada.com\/it\/"},{"@type":"ListItem","position":2,"name":"Shop","item":"https:\/\/www.secondastrada.com\/it\/shop\/"},{"@type":"ListItem","position":3,"name":"Donna","item":"https:\/\/www.secondastrada.com\/it\/collezione-donna\/"},{"@type":"ListItem","position":4,"name":"Ciabatte Seconda Strada rosa"}]},{"@type":"WebSite","@id":"https:\/\/www.secondastrada.com\/it\/#website","url":"https:\/\/www.secondastrada.com\/it\/","name":"Seconda Strada","description":"","publisher":{"@id":"https:\/\/www.secondastrada.com\/it\/#organization"},"potentialAction":[{"@type":"SearchAction","target":{"@type":"EntryPoint","urlTemplate":"https:\/\/www.secondastrada.com\/it\/?s={search_term_string}"},"query-input":"required name=search_term_string"}],"inLanguage":"it-IT"},{"@type":"Organization","@id":"https:\/\/www.secondastrada.com\/it\/#organization","name":"Seconda Strada","url":"https:\/\/www.secondastrada.com\/it\/","logo":{"@type":"ImageObject","inLanguage":"it-IT","@id":"https:\/\/www.secondastrada.com\/it\/#\/schema\/logo\/image\/","url":"https:\/\/www.secondastrada.com\/wp-content\/uploads\/2023\/11\/secondastrada-logo.svg","contentUrl":"https:\/\/www.secondastrada.com\/wp-content\/uploads\/2023\/11\/secondastrada-logo.svg","width":353,"height":47,"caption":"Seconda Strada"},"image":{"@id":"https:\/\/www.secondastrada.com\/it\/#\/schema\/logo\/image\/"}}]}},"df_price":"","df_sale_price":"","df_regular_price":"","df_image_link":"https:\/\/www.secondastrada.com\/wp-content\/uploads\/2024\/05\/JACQUELINE_LIGHT-PINK_CONT_1-300x300.jpg","_links":{"self":[{"href":"https:\/\/www.secondastrada.com\/it\/wp-json\/wp\/v2\/product\/18334"}],"collection":[{"href":"https:\/\/www.secondastrada.com\/it\/wp-json\/wp\/v2\/product"}],"about":[{"href":"https:\/\/www.secondastrada.com\/it\/wp-json\/wp\/v2\/types\/product"}],"wp:featuredmedia":[{"embeddable":true,"href":"https:\/\/www.secondastrada.com\/it\/wp-json\/wp\/v2\/media\/59930"}],"wp:attachment":[{"href":"https:\/\/www.secondastrada.com\/it\/wp-json\/wp\/v2\/media?parent=18334"}],"wp:term":[{"taxonomy":"ss_brand","embeddable":true,"href":"https:\/\/www.secondastrada.com\/it\/wp-json\/wp\/v2\/ss_brand?post=18334"},{"taxonomy":"ss_promo","embeddable":true,"href":"https:\/\/www.secondastrada.com\/it\/wp-json\/wp\/v2\/ss_promo?post=18334"},{"taxonomy":"ss_season","embeddable":true,"href":"https:\/\/www.secondastrada.com\/it\/wp-json\/wp\/v2\/ss_season?post=18334"},{"taxonomy":"product_cat","embeddable":true,"href":"https:\/\/www.secondastrada.com\/it\/wp-json\/wp\/v2\/product_cat?post=18334"},{"taxonomy":"product_tag","embeddable":true,"href":"https:\/\/www.secondastrada.com\/it\/wp-json\/wp\/v2\/product_tag?post=18334"}],"curies":[{"name":"wp","href":"https:\/\/api.w.org\/{rel}","templated":true}]}}