{"id":18595,"date":"2024-03-25T02:20:32","date_gmt":"2024-03-25T01:20:32","guid":{"rendered":"http:\/\/secondastrada.com\/vestito-pepe-jeans-felpato-grigio\/"},"modified":"2026-01-29T14:03:52","modified_gmt":"2026-01-29T13:03:52","slug":"vestito-pepe-jeans-felpato-grigio","status":"publish","type":"product","link":"https:\/\/www.secondastrada.com\/it\/vestito-pepe-jeans-felpato-grigio\/","title":{"rendered":"Vestito Pepe Jeans felpato grigio"},"content":{"rendered":"<p><b>COMPOSIZIONE E VESTIBILIT\u00c0:<\/b><br \/>60% cotone 40% poliestere<br \/>La modella \u00e8 alta 172 cm e indossa la taglia S. La vestibilit\u00e0 del capo \u00e8 regolare.<br \/><b>CONSIGLI DI STILE:<\/b><br \/>Vestito felpato a maniche lunghe con cappuccio. Il capo si sviluppa in total grigio intenso con tasche a taglio trasversale. Il vestito \u00e8 adatto per occasioni casual\/sportive. Inseriscilo nel carrello per avere un capo super adattabile. <br \/>Cod. art. GISELA N PL953126 st<br \/>Vi ricordiamo che tutti i nostri articoli sono originali.<br \/><b>MISURE:<\/b><br \/> Misure taglia S: <br \/>&#8211; Spalle (da cucitura a cucitura): 40 cm <br \/>&#8211; Lunghezza (da sotto ascella fino al fondo): 74 cm <br \/>&#8211; Manica (da cucitura spalla fino al fondo): 58 cm<\/p>\n","protected":false},"excerpt":{"rendered":"<p>COMPOSIZIONE E VESTIBILIT\u00c0:60% cotone 40% poliestereLa modella \u00e8 alta 172 cm e indossa la taglia S. La vestibilit\u00e0 del capo \u00e8 regolare.CONSIGLI DI STILE:Vestito felpato a maniche lunghe con cappuccio. Il capo si sviluppa in total grigio intenso con tasche a taglio trasversale. Il vestito \u00e8 adatto per occasioni casual\/sportive. Inseriscilo nel carrello per avere&#8230;<\/p>\n","protected":false},"featured_media":41149,"template":"","meta":{"inline_featured_image":false},"ss_brand":[1212],"ss_promo":[2181],"ss_season":[2005],"product_cat":[1329,1539,1658,2423,1610,2282],"product_tag":[2139],"class_list":{"0":"post-18595","1":"product","2":"type-product","3":"status-publish","4":"has-post-thumbnail","6":"ss_brand-pepe-jeans-donna","7":"ss_promo-ultime-occasioni-donna","8":"ss_season-ai23","9":"product_cat-abbigliamento-donna","10":"product_cat-abiti-e-vestiti-da-donna","11":"product_cat-collezione-donna","12":"product_cat-svendita-donna","13":"product_cat-vestiti-da-donna-corti","14":"product_cat-vestiti-in-cotone-da-donna","15":"product_tag-ultime-occasioni-donna","17":"first","18":"outofstock","19":"sold-individually","20":"shipping-taxable","21":"product-type-variable","22":"has-default-attributes"},"acf":{"ss_brand":[{"term_id":1212,"name":"PEPE JEANS","slug":"pepe-jeans-donna","term_group":0,"term_taxonomy_id":1212,"taxonomy":"ss_brand","description":"Stile urban-cool con accento british: dai una scossa al tuo guardaroba e scopri la collezione abbigliamento da donna Pepe Jeans a prezzi bassissimi!\u00a0Acquista online su SecondaStrada.com <strong>abbigliamento da donna Pepe Jeans scontatissimo<\/strong>!","parent":1201,"count":207,"filter":"raw"}],"ss_promo":[2181],"ss_season":[{"term_id":2005,"name":"AI23","slug":"ai23","term_group":0,"term_taxonomy_id":2005,"taxonomy":"ss_season","description":"","parent":0,"count":601,"filter":"raw"}],"ss_old_price":"85,00","ss_omnibus_price":"0,00","ss_style_advice":"<p><b>COMPOSIZIONE E VESTIBILIT\u00c0:<\/b><br \/>60% cotone 40% poliestere<br \/>La modella \u00e8 alta 172 cm e indossa la taglia S. La vestibilit\u00e0 del capo \u00e8 regolare.<br \/><b>CONSIGLI DI STILE:<\/b><br \/>Vestito felpato a maniche lunghe con cappuccio. Il capo si sviluppa in total grigio intenso con tasche a taglio trasversale. Il vestito \u00e8 adatto per occasioni casual\/sportive. Inseriscilo nel carrello per avere un capo super adattabile. <br \/>Cod. art. GISELA N PL953126 st<br \/>Vi ricordiamo che tutti i nostri articoli sono originali.<br \/><b>MISURE:<\/b><br \/> Misure taglia S: <br \/>&#8211; Spalle (da cucitura a cucitura): 40 cm <br \/>&#8211; Lunghezza (da sotto ascella fino al fondo): 74 cm <br \/>&#8211; Manica (da cucitura spalla fino al fondo): 58 cm<\/p>\n","ss_composition":"<p>60% cotone 40% poliestere<\/p>\n","ss_fit":"<p>Vestito PEPE JEANS<\/p>\n"},"yoast_head":"<!-- This site is optimized with the Yoast SEO plugin v22.3 - https:\/\/yoast.com\/wordpress\/plugins\/seo\/ -->\n<title>Vestito Pepe Jeans felpato grigio - Acquista online! - Seconda Strada<\/title>\n<meta name=\"description\" content=\"Vestito Pepe Jeans felpato grigio \u27a4 Acquista online su Secondastrada.com Vestito Pepe Jeans felpato grigio \u2714\ufe0f Spedizione veloce entro 24h in tutta Italia \u2714\ufe0f Sconto sul tuo primo acquisto\" \/>\n<meta name=\"robots\" content=\"index, follow, max-snippet:-1, max-image-preview:large, max-video-preview:-1\" \/>\n<link rel=\"canonical\" href=\"https:\/\/www.secondastrada.com\/it\/vestito-pepe-jeans-felpato-grigio\/\" \/>\n<meta property=\"og:locale\" content=\"it_IT\" \/>\n<meta property=\"og:type\" content=\"article\" \/>\n<meta property=\"og:title\" content=\"Vestito Pepe Jeans felpato grigio - Acquista online! - Seconda Strada\" \/>\n<meta property=\"og:description\" content=\"Vestito Pepe Jeans felpato grigio \u27a4 Acquista online su Secondastrada.com Vestito Pepe Jeans felpato grigio \u2714\ufe0f Spedizione veloce entro 24h in tutta Italia \u2714\ufe0f Sconto sul tuo primo acquisto\" \/>\n<meta property=\"og:url\" content=\"https:\/\/www.secondastrada.com\/it\/vestito-pepe-jeans-felpato-grigio\/\" \/>\n<meta property=\"og:site_name\" content=\"Seconda Strada\" \/>\n<meta property=\"article:modified_time\" content=\"2026-01-29T13:03:52+00:00\" \/>\n<meta property=\"og:image\" content=\"https:\/\/www.secondastrada.com\/wp-content\/uploads\/2024\/04\/GISELA-N-PL953126-st_BLACK_AI23_1.jpg\" \/>\n\t<meta property=\"og:image:width\" content=\"1000\" \/>\n\t<meta property=\"og:image:height\" content=\"1300\" \/>\n\t<meta property=\"og:image:type\" content=\"image\/jpeg\" \/>\n<meta name=\"twitter:card\" content=\"summary_large_image\" \/>\n<meta name=\"twitter:label1\" content=\"Tempo di lettura stimato\" \/>\n\t<meta name=\"twitter:data1\" content=\"1 minuto\" \/>\n<!-- \/ Yoast SEO plugin. -->","yoast_head_json":{"title":"Vestito Pepe Jeans felpato grigio - Acquista online! - Seconda Strada","description":"Vestito Pepe Jeans felpato grigio \u27a4 Acquista online su Secondastrada.com Vestito Pepe Jeans felpato grigio \u2714\ufe0f Spedizione veloce entro 24h in tutta Italia \u2714\ufe0f Sconto sul tuo primo acquisto","robots":{"index":"index","follow":"follow","max-snippet":"max-snippet:-1","max-image-preview":"max-image-preview:large","max-video-preview":"max-video-preview:-1"},"canonical":"https:\/\/www.secondastrada.com\/it\/vestito-pepe-jeans-felpato-grigio\/","og_locale":"it_IT","og_type":"article","og_title":"Vestito Pepe Jeans felpato grigio - Acquista online! - Seconda Strada","og_description":"Vestito Pepe Jeans felpato grigio \u27a4 Acquista online su Secondastrada.com Vestito Pepe Jeans felpato grigio \u2714\ufe0f Spedizione veloce entro 24h in tutta Italia \u2714\ufe0f Sconto sul tuo primo acquisto","og_url":"https:\/\/www.secondastrada.com\/it\/vestito-pepe-jeans-felpato-grigio\/","og_site_name":"Seconda Strada","article_modified_time":"2026-01-29T13:03:52+00:00","og_image":[{"width":1000,"height":1300,"url":"https:\/\/www.secondastrada.com\/wp-content\/uploads\/2024\/04\/GISELA-N-PL953126-st_BLACK_AI23_1.jpg","type":"image\/jpeg"}],"twitter_card":"summary_large_image","twitter_misc":{"Tempo di lettura stimato":"1 minuto"},"schema":{"@context":"https:\/\/schema.org","@graph":[{"@type":"WebPage","@id":"https:\/\/www.secondastrada.com\/it\/vestito-pepe-jeans-felpato-grigio\/","url":"https:\/\/www.secondastrada.com\/it\/vestito-pepe-jeans-felpato-grigio\/","name":"Vestito Pepe Jeans felpato grigio - Acquista online! - Seconda Strada","isPartOf":{"@id":"https:\/\/www.secondastrada.com\/it\/#website"},"primaryImageOfPage":{"@id":"https:\/\/www.secondastrada.com\/it\/vestito-pepe-jeans-felpato-grigio\/#primaryimage"},"image":{"@id":"https:\/\/www.secondastrada.com\/it\/vestito-pepe-jeans-felpato-grigio\/#primaryimage"},"thumbnailUrl":"https:\/\/www.secondastrada.com\/wp-content\/uploads\/2024\/04\/GISELA-N-PL953126-st_BLACK_AI23_1.jpg","datePublished":"2024-03-25T01:20:32+00:00","dateModified":"2026-01-29T13:03:52+00:00","description":"Vestito Pepe Jeans felpato grigio \u27a4 Acquista online su Secondastrada.com Vestito Pepe Jeans felpato grigio \u2714\ufe0f Spedizione veloce entro 24h in tutta Italia \u2714\ufe0f Sconto sul tuo primo acquisto","breadcrumb":{"@id":"https:\/\/www.secondastrada.com\/it\/vestito-pepe-jeans-felpato-grigio\/#breadcrumb"},"inLanguage":"it-IT","potentialAction":[{"@type":"ReadAction","target":["https:\/\/www.secondastrada.com\/it\/vestito-pepe-jeans-felpato-grigio\/"]}]},{"@type":"ImageObject","inLanguage":"it-IT","@id":"https:\/\/www.secondastrada.com\/it\/vestito-pepe-jeans-felpato-grigio\/#primaryimage","url":"https:\/\/www.secondastrada.com\/wp-content\/uploads\/2024\/04\/GISELA-N-PL953126-st_BLACK_AI23_1.jpg","contentUrl":"https:\/\/www.secondastrada.com\/wp-content\/uploads\/2024\/04\/GISELA-N-PL953126-st_BLACK_AI23_1.jpg","width":1000,"height":1300,"caption":"GISELA-N-PL953126-st_BLACK_AI23"},{"@type":"BreadcrumbList","@id":"https:\/\/www.secondastrada.com\/it\/vestito-pepe-jeans-felpato-grigio\/#breadcrumb","itemListElement":[{"@type":"ListItem","position":1,"name":"Home","item":"https:\/\/www.secondastrada.com\/it\/"},{"@type":"ListItem","position":2,"name":"Shop","item":"https:\/\/www.secondastrada.com\/it\/shop\/"},{"@type":"ListItem","position":3,"name":"Donna","item":"https:\/\/www.secondastrada.com\/it\/collezione-donna\/"},{"@type":"ListItem","position":4,"name":"Abbigliamento","item":"https:\/\/www.secondastrada.com\/it\/collezione-donna\/abbigliamento-donna\/"},{"@type":"ListItem","position":5,"name":"Abiti e Vestiti","item":"https:\/\/www.secondastrada.com\/it\/collezione-donna\/abbigliamento-donna\/abiti-e-vestiti-da-donna\/"},{"@type":"ListItem","position":6,"name":"Vestiti corti","item":"https:\/\/www.secondastrada.com\/it\/collezione-donna\/abbigliamento-donna\/abiti-e-vestiti-da-donna\/vestiti-da-donna-corti\/"},{"@type":"ListItem","position":7,"name":"Vestito Pepe Jeans felpato grigio"}]},{"@type":"WebSite","@id":"https:\/\/www.secondastrada.com\/it\/#website","url":"https:\/\/www.secondastrada.com\/it\/","name":"Seconda Strada","description":"","publisher":{"@id":"https:\/\/www.secondastrada.com\/it\/#organization"},"potentialAction":[{"@type":"SearchAction","target":{"@type":"EntryPoint","urlTemplate":"https:\/\/www.secondastrada.com\/it\/?s={search_term_string}"},"query-input":"required name=search_term_string"}],"inLanguage":"it-IT"},{"@type":"Organization","@id":"https:\/\/www.secondastrada.com\/it\/#organization","name":"Seconda Strada","url":"https:\/\/www.secondastrada.com\/it\/","logo":{"@type":"ImageObject","inLanguage":"it-IT","@id":"https:\/\/www.secondastrada.com\/it\/#\/schema\/logo\/image\/","url":"https:\/\/www.secondastrada.com\/wp-content\/uploads\/2023\/11\/secondastrada-logo.svg","contentUrl":"https:\/\/www.secondastrada.com\/wp-content\/uploads\/2023\/11\/secondastrada-logo.svg","width":353,"height":47,"caption":"Seconda Strada"},"image":{"@id":"https:\/\/www.secondastrada.com\/it\/#\/schema\/logo\/image\/"}}]}},"df_price":"","df_sale_price":"","df_regular_price":"","df_image_link":"https:\/\/www.secondastrada.com\/wp-content\/uploads\/2024\/04\/GISELA-N-PL953126-st_BLACK_AI23_1-300x300.jpg","_links":{"self":[{"href":"https:\/\/www.secondastrada.com\/it\/wp-json\/wp\/v2\/product\/18595"}],"collection":[{"href":"https:\/\/www.secondastrada.com\/it\/wp-json\/wp\/v2\/product"}],"about":[{"href":"https:\/\/www.secondastrada.com\/it\/wp-json\/wp\/v2\/types\/product"}],"wp:featuredmedia":[{"embeddable":true,"href":"https:\/\/www.secondastrada.com\/it\/wp-json\/wp\/v2\/media\/41149"}],"wp:attachment":[{"href":"https:\/\/www.secondastrada.com\/it\/wp-json\/wp\/v2\/media?parent=18595"}],"wp:term":[{"taxonomy":"ss_brand","embeddable":true,"href":"https:\/\/www.secondastrada.com\/it\/wp-json\/wp\/v2\/ss_brand?post=18595"},{"taxonomy":"ss_promo","embeddable":true,"href":"https:\/\/www.secondastrada.com\/it\/wp-json\/wp\/v2\/ss_promo?post=18595"},{"taxonomy":"ss_season","embeddable":true,"href":"https:\/\/www.secondastrada.com\/it\/wp-json\/wp\/v2\/ss_season?post=18595"},{"taxonomy":"product_cat","embeddable":true,"href":"https:\/\/www.secondastrada.com\/it\/wp-json\/wp\/v2\/product_cat?post=18595"},{"taxonomy":"product_tag","embeddable":true,"href":"https:\/\/www.secondastrada.com\/it\/wp-json\/wp\/v2\/product_tag?post=18595"}],"curies":[{"name":"wp","href":"https:\/\/api.w.org\/{rel}","templated":true}]}}