{"id":194739,"date":"2024-09-19T10:40:48","date_gmt":"2024-09-19T08:40:48","guid":{"rendered":"https:\/\/www.secondastrada.com\/it\/zaino-desigual-nero-3\/"},"modified":"2026-01-29T13:45:50","modified_gmt":"2026-01-29T12:45:50","slug":"zaino-desigual-nero-3","status":"publish","type":"product","link":"https:\/\/www.secondastrada.com\/it\/zaino-desigual-nero-3\/","title":{"rendered":"Zaino Desigual Nero"},"content":{"rendered":"<p>Zainetto in total nero con lavorazione in tono su tono. Presente tascone principale con chiusura a zip pi\u00f9 doppia tasca esterna sempre con chiusura a bottone. Ulteriore dettaglio \u00e8 rappresentato da logo brand sagomato. L&#8217;indossatura \u00e8 pratica e maneggevole grazie a bretelle morbide e regolabili. Lo zaino \u00e8 ideale per occasioni casual. Troppo fashion per poterne fare a meno.<br \/>Cod. art. 24WAKP02 ov<br \/>Vi ricordiamo che tutti i nostri articoli sono originali.<\/p>\n","protected":false},"excerpt":{"rendered":"<p>Zainetto in total nero con lavorazione in tono su tono. Presente tascone principale con chiusura a zip pi\u00f9 doppia tasca esterna sempre con chiusura a bottone. Ulteriore dettaglio \u00e8 rappresentato da logo brand sagomato. L&#8217;indossatura \u00e8 pratica e maneggevole grazie a bretelle morbide e regolabili. Lo zaino \u00e8 ideale per occasioni casual. Troppo fashion per&#8230;<\/p>\n","protected":false},"featured_media":194482,"template":"","meta":{"inline_featured_image":false},"ss_brand":[1217],"ss_promo":[2181],"ss_season":[2189],"product_cat":[1331,1477,1658,1831],"product_tag":[1760],"class_list":{"0":"post-194739","1":"product","2":"type-product","3":"status-publish","4":"has-post-thumbnail","6":"ss_brand-desigual-donna","7":"ss_promo-ultime-occasioni-donna","8":"ss_season-ai24","9":"product_cat-accessori-donna","10":"product_cat-borse-da-donna","11":"product_cat-collezione-donna","12":"product_cat-zaini-da-donna","13":"product_tag-borse-desigual-donna","15":"first","16":"outofstock","17":"shipping-taxable","18":"product-type-variable","19":"has-default-attributes"},"acf":{"ss_brand":[{"term_id":1217,"name":"DESIGUAL","slug":"desigual-donna","term_group":0,"term_taxonomy_id":1217,"taxonomy":"ss_brand","description":"Immergiti nel mondo camaleontico, insolito e dalle tinte forte di questo eccentrico brand e non perdere tutti i modelli a prezzi esclusivi che abbiamo selezionato per te!\u00a0Acquista online su SecondaStrada.com<strong> abbigliamento da donna Desigual scontatissim<\/strong>o!","parent":1201,"count":394,"filter":"raw"}],"ss_promo":[2181],"ss_season":[{"term_id":2189,"name":"AI24","slug":"ai24","term_group":0,"term_taxonomy_id":2189,"taxonomy":"ss_season","description":"","parent":0,"count":2125,"filter":"raw"}],"ss_old_price":"0,00","ss_omnibus_price":"0,00","ss_style_advice":"<p>Zainetto in total nero con lavorazione in tono su tono. Presente tascone principale con chiusura a zip pi\u00f9 doppia tasca esterna sempre con chiusura a bottone. Ulteriore dettaglio \u00e8 rappresentato da logo brand sagomato. L&#8217;indossatura \u00e8 pratica e maneggevole grazie a bretelle morbide e regolabili. Lo zaino \u00e8 ideale per occasioni casual. Troppo fashion per poterne fare a meno.<br \/>Cod. art. 24WAKP02 ov<br \/>Vi ricordiamo che tutti i nostri articoli sono originali.<\/p>\n","ss_composition":"<p>100% poliuretano<\/p>\n","ss_fit":"<p>Misure taglia U: <br \/>&#8211; Base inferiore: 25 cm <br \/>&#8211; Altezza massima: 28 cm <br \/>&#8211; Profondit\u00e0: 9 cm<\/p>\n"},"yoast_head":"<!-- This site is optimized with the Yoast SEO plugin v22.3 - https:\/\/yoast.com\/wordpress\/plugins\/seo\/ -->\n<title>Zaino Desigual Nero - Acquista online! - Seconda Strada<\/title>\n<meta name=\"description\" content=\"Zaino Desigual Nero \u27a4 Acquista online su Secondastrada.com Zaino Desigual Nero \u2714\ufe0f Spedizione veloce entro 24h in tutta Italia \u2714\ufe0f Sconto sul tuo primo acquisto\" \/>\n<meta name=\"robots\" content=\"index, follow, max-snippet:-1, max-image-preview:large, max-video-preview:-1\" \/>\n<link rel=\"canonical\" href=\"https:\/\/www.secondastrada.com\/it\/zaino-desigual-nero-3\/\" \/>\n<meta property=\"og:locale\" content=\"it_IT\" \/>\n<meta property=\"og:type\" content=\"article\" \/>\n<meta property=\"og:title\" content=\"Zaino Desigual Nero - Acquista online! - Seconda Strada\" \/>\n<meta property=\"og:description\" content=\"Zaino Desigual Nero \u27a4 Acquista online su Secondastrada.com Zaino Desigual Nero \u2714\ufe0f Spedizione veloce entro 24h in tutta Italia \u2714\ufe0f Sconto sul tuo primo acquisto\" \/>\n<meta property=\"og:url\" content=\"https:\/\/www.secondastrada.com\/it\/zaino-desigual-nero-3\/\" \/>\n<meta property=\"og:site_name\" content=\"Seconda Strada\" \/>\n<meta property=\"article:modified_time\" content=\"2026-01-29T12:45:50+00:00\" \/>\n<meta property=\"og:image\" content=\"https:\/\/www.secondastrada.com\/wp-content\/uploads\/2024\/09\/24WAKP02-ov_NERO_AI24_1.jpg\" \/>\n\t<meta property=\"og:image:width\" content=\"1000\" \/>\n\t<meta property=\"og:image:height\" content=\"1300\" \/>\n\t<meta property=\"og:image:type\" content=\"image\/jpeg\" \/>\n<meta name=\"twitter:card\" content=\"summary_large_image\" \/>\n<!-- \/ Yoast SEO plugin. -->","yoast_head_json":{"title":"Zaino Desigual Nero - Acquista online! - Seconda Strada","description":"Zaino Desigual Nero \u27a4 Acquista online su Secondastrada.com Zaino Desigual Nero \u2714\ufe0f Spedizione veloce entro 24h in tutta Italia \u2714\ufe0f Sconto sul tuo primo acquisto","robots":{"index":"index","follow":"follow","max-snippet":"max-snippet:-1","max-image-preview":"max-image-preview:large","max-video-preview":"max-video-preview:-1"},"canonical":"https:\/\/www.secondastrada.com\/it\/zaino-desigual-nero-3\/","og_locale":"it_IT","og_type":"article","og_title":"Zaino Desigual Nero - Acquista online! - Seconda Strada","og_description":"Zaino Desigual Nero \u27a4 Acquista online su Secondastrada.com Zaino Desigual Nero \u2714\ufe0f Spedizione veloce entro 24h in tutta Italia \u2714\ufe0f Sconto sul tuo primo acquisto","og_url":"https:\/\/www.secondastrada.com\/it\/zaino-desigual-nero-3\/","og_site_name":"Seconda Strada","article_modified_time":"2026-01-29T12:45:50+00:00","og_image":[{"width":1000,"height":1300,"url":"https:\/\/www.secondastrada.com\/wp-content\/uploads\/2024\/09\/24WAKP02-ov_NERO_AI24_1.jpg","type":"image\/jpeg"}],"twitter_card":"summary_large_image","schema":{"@context":"https:\/\/schema.org","@graph":[{"@type":"WebPage","@id":"https:\/\/www.secondastrada.com\/it\/zaino-desigual-nero-3\/","url":"https:\/\/www.secondastrada.com\/it\/zaino-desigual-nero-3\/","name":"Zaino Desigual Nero - Acquista online! - Seconda Strada","isPartOf":{"@id":"https:\/\/www.secondastrada.com\/it\/#website"},"primaryImageOfPage":{"@id":"https:\/\/www.secondastrada.com\/it\/zaino-desigual-nero-3\/#primaryimage"},"image":{"@id":"https:\/\/www.secondastrada.com\/it\/zaino-desigual-nero-3\/#primaryimage"},"thumbnailUrl":"https:\/\/www.secondastrada.com\/wp-content\/uploads\/2024\/09\/24WAKP02-ov_NERO_AI24_1.jpg","datePublished":"2024-09-19T08:40:48+00:00","dateModified":"2026-01-29T12:45:50+00:00","description":"Zaino Desigual Nero \u27a4 Acquista online su Secondastrada.com Zaino Desigual Nero \u2714\ufe0f Spedizione veloce entro 24h in tutta Italia \u2714\ufe0f Sconto sul tuo primo acquisto","breadcrumb":{"@id":"https:\/\/www.secondastrada.com\/it\/zaino-desigual-nero-3\/#breadcrumb"},"inLanguage":"it-IT","potentialAction":[{"@type":"ReadAction","target":["https:\/\/www.secondastrada.com\/it\/zaino-desigual-nero-3\/"]}]},{"@type":"ImageObject","inLanguage":"it-IT","@id":"https:\/\/www.secondastrada.com\/it\/zaino-desigual-nero-3\/#primaryimage","url":"https:\/\/www.secondastrada.com\/wp-content\/uploads\/2024\/09\/24WAKP02-ov_NERO_AI24_1.jpg","contentUrl":"https:\/\/www.secondastrada.com\/wp-content\/uploads\/2024\/09\/24WAKP02-ov_NERO_AI24_1.jpg","width":1000,"height":1300,"caption":"24WAKP02-ov_NERO_AI24"},{"@type":"BreadcrumbList","@id":"https:\/\/www.secondastrada.com\/it\/zaino-desigual-nero-3\/#breadcrumb","itemListElement":[{"@type":"ListItem","position":1,"name":"Home","item":"https:\/\/www.secondastrada.com\/it\/"},{"@type":"ListItem","position":2,"name":"Shop","item":"https:\/\/www.secondastrada.com\/it\/shop\/"},{"@type":"ListItem","position":3,"name":"Donna","item":"https:\/\/www.secondastrada.com\/it\/collezione-donna\/"},{"@type":"ListItem","position":4,"name":"Accessori","item":"https:\/\/www.secondastrada.com\/it\/collezione-donna\/accessori-donna\/"},{"@type":"ListItem","position":5,"name":"Borse","item":"https:\/\/www.secondastrada.com\/it\/collezione-donna\/accessori-donna\/borse-da-donna\/"},{"@type":"ListItem","position":6,"name":"Zaini","item":"https:\/\/www.secondastrada.com\/it\/collezione-donna\/accessori-donna\/borse-da-donna\/zaini-da-donna\/"},{"@type":"ListItem","position":7,"name":"Zaino Desigual Nero"}]},{"@type":"WebSite","@id":"https:\/\/www.secondastrada.com\/it\/#website","url":"https:\/\/www.secondastrada.com\/it\/","name":"Seconda Strada","description":"","publisher":{"@id":"https:\/\/www.secondastrada.com\/it\/#organization"},"potentialAction":[{"@type":"SearchAction","target":{"@type":"EntryPoint","urlTemplate":"https:\/\/www.secondastrada.com\/it\/?s={search_term_string}"},"query-input":"required name=search_term_string"}],"inLanguage":"it-IT"},{"@type":"Organization","@id":"https:\/\/www.secondastrada.com\/it\/#organization","name":"Seconda Strada","url":"https:\/\/www.secondastrada.com\/it\/","logo":{"@type":"ImageObject","inLanguage":"it-IT","@id":"https:\/\/www.secondastrada.com\/it\/#\/schema\/logo\/image\/","url":"https:\/\/www.secondastrada.com\/wp-content\/uploads\/2023\/11\/secondastrada-logo.svg","contentUrl":"https:\/\/www.secondastrada.com\/wp-content\/uploads\/2023\/11\/secondastrada-logo.svg","width":353,"height":47,"caption":"Seconda Strada"},"image":{"@id":"https:\/\/www.secondastrada.com\/it\/#\/schema\/logo\/image\/"}}]}},"df_price":"","df_sale_price":"","df_regular_price":"","df_image_link":"https:\/\/www.secondastrada.com\/wp-content\/uploads\/2024\/09\/24WAKP02-ov_NERO_AI24_1-300x300.jpg","_links":{"self":[{"href":"https:\/\/www.secondastrada.com\/it\/wp-json\/wp\/v2\/product\/194739"}],"collection":[{"href":"https:\/\/www.secondastrada.com\/it\/wp-json\/wp\/v2\/product"}],"about":[{"href":"https:\/\/www.secondastrada.com\/it\/wp-json\/wp\/v2\/types\/product"}],"wp:featuredmedia":[{"embeddable":true,"href":"https:\/\/www.secondastrada.com\/it\/wp-json\/wp\/v2\/media\/194482"}],"wp:attachment":[{"href":"https:\/\/www.secondastrada.com\/it\/wp-json\/wp\/v2\/media?parent=194739"}],"wp:term":[{"taxonomy":"ss_brand","embeddable":true,"href":"https:\/\/www.secondastrada.com\/it\/wp-json\/wp\/v2\/ss_brand?post=194739"},{"taxonomy":"ss_promo","embeddable":true,"href":"https:\/\/www.secondastrada.com\/it\/wp-json\/wp\/v2\/ss_promo?post=194739"},{"taxonomy":"ss_season","embeddable":true,"href":"https:\/\/www.secondastrada.com\/it\/wp-json\/wp\/v2\/ss_season?post=194739"},{"taxonomy":"product_cat","embeddable":true,"href":"https:\/\/www.secondastrada.com\/it\/wp-json\/wp\/v2\/product_cat?post=194739"},{"taxonomy":"product_tag","embeddable":true,"href":"https:\/\/www.secondastrada.com\/it\/wp-json\/wp\/v2\/product_tag?post=194739"}],"curies":[{"name":"wp","href":"https:\/\/api.w.org\/{rel}","templated":true}]}}