{"id":19708,"date":"2024-11-25T10:18:03","date_gmt":"2024-11-25T09:18:03","guid":{"rendered":"http:\/\/secondastrada.com\/calze-tommy-hilfiger-blu-6\/"},"modified":"2025-12-14T12:32:32","modified_gmt":"2025-12-14T11:32:32","slug":"calze-tommy-hilfiger-blu-6","status":"publish","type":"product","link":"https:\/\/www.secondastrada.com\/it\/calze-tommy-hilfiger-blu-6\/","title":{"rendered":"Calze  Tommy Hilfiger blu"},"content":{"rendered":"<p><b>COMPOSIZIONE E VESTIBILIT\u00c0:<\/b><br \/>vari tessuti<br \/><b>CONSIGLI DI STILE:<\/b><br \/>&gt;Cofanetto pack 3 calze modello gambaletto in varie tonalit\u00e0 di blu con logo brand. L&#8217;indossatura \u00e8 morbida e garantisce zero fastidi.<br \/>Cod. art. 701224920<br \/>Vi ricordiamo che tutti i nostri articoli sono originali.<br \/><b>MISURE:<\/b><br \/> Misure taglia 39\/42: <br \/>&#8211; Lunghezza (dal tallone all&#8217;estremit\u00e0 superiore): 20 cm <\/p>\n","protected":false},"excerpt":{"rendered":"<p>COMPOSIZIONE E VESTIBILIT\u00c0:vari tessutiCONSIGLI DI STILE:&gt;Cofanetto pack 3 calze modello gambaletto in varie tonalit\u00e0 di blu con logo brand. L&#8217;indossatura \u00e8 morbida e garantisce zero fastidi.Cod. art. 701224920Vi ricordiamo che tutti i nostri articoli sono originali.MISURE: Misure taglia 39\/42: &#8211; Lunghezza (dal tallone all&#8217;estremit\u00e0 superiore): 20 cm<\/p>\n","protected":false},"featured_media":56236,"template":"","meta":{"inline_featured_image":false},"ss_brand":[1253],"ss_promo":[],"ss_season":[1943],"product_cat":[1658,2009,2015],"product_tag":[2204],"class_list":{"0":"post-19708","1":"product","2":"type-product","3":"status-publish","4":"has-post-thumbnail","6":"ss_brand-tommy-hilfiger-donna","7":"ss_season-continuativo","8":"product_cat-collezione-donna","9":"product_cat-intimo-da-donna","10":"product_cat-underwear-da-donna","11":"product_tag-idee-regalo-donna","13":"first","14":"instock","15":"sold-individually","16":"shipping-taxable","17":"purchasable","18":"product-type-variable","19":"has-default-attributes"},"acf":{"ss_brand":[{"term_id":1253,"name":"TOMMY HILFIGER","slug":"tommy-hilfiger-donna","term_group":0,"term_taxonomy_id":1253,"taxonomy":"ss_brand","description":"Con <strong>Tommy Hilfiger<\/strong> aggiungi un tocco unico al tuo stile casual e approfitta dei vantaggi nel nostro shop online!\u00a0Acquista online su SecondaStrada.com <strong>abbigliamento da donna Tommy Hilfiger scontatissimo<\/strong>!","parent":1201,"count":293,"filter":"raw"}],"ss_promo":false,"ss_season":[{"term_id":1943,"name":"CONTINUATIVO","slug":"continuativo","term_group":0,"term_taxonomy_id":1943,"taxonomy":"ss_season","description":"","parent":0,"count":127,"filter":"raw"}],"ss_old_price":"0,00","ss_omnibus_price":"0,00","ss_style_advice":"<p><b>COMPOSIZIONE E VESTIBILIT\u00c0:<\/b><br \/>vari tessuti<br \/><b>CONSIGLI DI STILE:<\/b><br \/>>Cofanetto pack 3 calze modello gambaletto in varie tonalit\u00e0 di blu con logo brand. L&#8217;indossatura \u00e8 morbida e garantisce zero fastidi.<br \/>Cod. art. 701224920<br \/>Vi ricordiamo che tutti i nostri articoli sono originali.<br \/><b>MISURE:<\/b><br \/> Misure taglia 39\/42: <br \/>&#8211; Lunghezza (dal tallone all&#8217;estremit\u00e0 superiore): 20 cm <\/p>\n","ss_composition":"<p>Vari tessuti<\/p>\n","ss_fit":"<p>Calze  TOMMY HILFIGER<\/p>\n"},"yoast_head":"<!-- This site is optimized with the Yoast SEO plugin v22.3 - https:\/\/yoast.com\/wordpress\/plugins\/seo\/ -->\n<title>Calze Tommy Hilfiger blu - Acquista online! - Seconda Strada<\/title>\n<meta name=\"description\" content=\"Calze Tommy Hilfiger blu \u27a4 Acquista online su Secondastrada.com Calze Tommy Hilfiger blu \u2714\ufe0f Spedizione veloce entro 24h in tutta Italia \u2714\ufe0f Sconto sul tuo primo acquisto\" \/>\n<meta name=\"robots\" content=\"index, follow, max-snippet:-1, max-image-preview:large, max-video-preview:-1\" \/>\n<link rel=\"canonical\" href=\"https:\/\/www.secondastrada.com\/it\/calze-tommy-hilfiger-blu-6\/\" \/>\n<meta property=\"og:locale\" content=\"it_IT\" \/>\n<meta property=\"og:type\" content=\"article\" \/>\n<meta property=\"og:title\" content=\"Calze Tommy Hilfiger blu - Acquista online! - Seconda Strada\" \/>\n<meta property=\"og:description\" content=\"Calze Tommy Hilfiger blu \u27a4 Acquista online su Secondastrada.com Calze Tommy Hilfiger blu \u2714\ufe0f Spedizione veloce entro 24h in tutta Italia \u2714\ufe0f Sconto sul tuo primo acquisto\" \/>\n<meta property=\"og:url\" content=\"https:\/\/www.secondastrada.com\/it\/calze-tommy-hilfiger-blu-6\/\" \/>\n<meta property=\"og:site_name\" content=\"Seconda Strada\" \/>\n<meta property=\"article:modified_time\" content=\"2025-12-14T11:32:32+00:00\" \/>\n<meta property=\"og:image\" content=\"https:\/\/www.secondastrada.com\/wp-content\/uploads\/2024\/05\/701224920-3p_navy_CONT_1.jpg\" \/>\n\t<meta property=\"og:image:width\" content=\"1000\" \/>\n\t<meta property=\"og:image:height\" content=\"1300\" \/>\n\t<meta property=\"og:image:type\" content=\"image\/jpeg\" \/>\n<meta name=\"twitter:card\" content=\"summary_large_image\" \/>\n<!-- \/ Yoast SEO plugin. -->","yoast_head_json":{"title":"Calze Tommy Hilfiger blu - Acquista online! - Seconda Strada","description":"Calze Tommy Hilfiger blu \u27a4 Acquista online su Secondastrada.com Calze Tommy Hilfiger blu \u2714\ufe0f Spedizione veloce entro 24h in tutta Italia \u2714\ufe0f Sconto sul tuo primo acquisto","robots":{"index":"index","follow":"follow","max-snippet":"max-snippet:-1","max-image-preview":"max-image-preview:large","max-video-preview":"max-video-preview:-1"},"canonical":"https:\/\/www.secondastrada.com\/it\/calze-tommy-hilfiger-blu-6\/","og_locale":"it_IT","og_type":"article","og_title":"Calze Tommy Hilfiger blu - Acquista online! - Seconda Strada","og_description":"Calze Tommy Hilfiger blu \u27a4 Acquista online su Secondastrada.com Calze Tommy Hilfiger blu \u2714\ufe0f Spedizione veloce entro 24h in tutta Italia \u2714\ufe0f Sconto sul tuo primo acquisto","og_url":"https:\/\/www.secondastrada.com\/it\/calze-tommy-hilfiger-blu-6\/","og_site_name":"Seconda Strada","article_modified_time":"2025-12-14T11:32:32+00:00","og_image":[{"width":1000,"height":1300,"url":"https:\/\/www.secondastrada.com\/wp-content\/uploads\/2024\/05\/701224920-3p_navy_CONT_1.jpg","type":"image\/jpeg"}],"twitter_card":"summary_large_image","schema":{"@context":"https:\/\/schema.org","@graph":[{"@type":"WebPage","@id":"https:\/\/www.secondastrada.com\/it\/calze-tommy-hilfiger-blu-6\/","url":"https:\/\/www.secondastrada.com\/it\/calze-tommy-hilfiger-blu-6\/","name":"Calze Tommy Hilfiger blu - Acquista online! - Seconda Strada","isPartOf":{"@id":"https:\/\/www.secondastrada.com\/it\/#website"},"primaryImageOfPage":{"@id":"https:\/\/www.secondastrada.com\/it\/calze-tommy-hilfiger-blu-6\/#primaryimage"},"image":{"@id":"https:\/\/www.secondastrada.com\/it\/calze-tommy-hilfiger-blu-6\/#primaryimage"},"thumbnailUrl":"https:\/\/www.secondastrada.com\/wp-content\/uploads\/2024\/05\/701224920-3p_navy_CONT_1.jpg","datePublished":"2024-11-25T09:18:03+00:00","dateModified":"2025-12-14T11:32:32+00:00","description":"Calze Tommy Hilfiger blu \u27a4 Acquista online su Secondastrada.com Calze Tommy Hilfiger blu \u2714\ufe0f Spedizione veloce entro 24h in tutta Italia \u2714\ufe0f Sconto sul tuo primo acquisto","breadcrumb":{"@id":"https:\/\/www.secondastrada.com\/it\/calze-tommy-hilfiger-blu-6\/#breadcrumb"},"inLanguage":"it-IT","potentialAction":[{"@type":"ReadAction","target":["https:\/\/www.secondastrada.com\/it\/calze-tommy-hilfiger-blu-6\/"]}]},{"@type":"ImageObject","inLanguage":"it-IT","@id":"https:\/\/www.secondastrada.com\/it\/calze-tommy-hilfiger-blu-6\/#primaryimage","url":"https:\/\/www.secondastrada.com\/wp-content\/uploads\/2024\/05\/701224920-3p_navy_CONT_1.jpg","contentUrl":"https:\/\/www.secondastrada.com\/wp-content\/uploads\/2024\/05\/701224920-3p_navy_CONT_1.jpg","width":1000,"height":1300,"caption":"701224920-3p_navy_CONT"},{"@type":"BreadcrumbList","@id":"https:\/\/www.secondastrada.com\/it\/calze-tommy-hilfiger-blu-6\/#breadcrumb","itemListElement":[{"@type":"ListItem","position":1,"name":"Home","item":"https:\/\/www.secondastrada.com\/it\/"},{"@type":"ListItem","position":2,"name":"Shop","item":"https:\/\/www.secondastrada.com\/it\/shop\/"},{"@type":"ListItem","position":3,"name":"Donna","item":"https:\/\/www.secondastrada.com\/it\/collezione-donna\/"},{"@type":"ListItem","position":4,"name":"Abbigliamento","item":"https:\/\/www.secondastrada.com\/it\/collezione-donna\/abbigliamento-donna\/"},{"@type":"ListItem","position":5,"name":"Intimo","item":"https:\/\/www.secondastrada.com\/it\/collezione-donna\/abbigliamento-donna\/intimo-da-donna\/"},{"@type":"ListItem","position":6,"name":"Calze Tommy Hilfiger blu"}]},{"@type":"WebSite","@id":"https:\/\/www.secondastrada.com\/it\/#website","url":"https:\/\/www.secondastrada.com\/it\/","name":"Seconda Strada","description":"","publisher":{"@id":"https:\/\/www.secondastrada.com\/it\/#organization"},"potentialAction":[{"@type":"SearchAction","target":{"@type":"EntryPoint","urlTemplate":"https:\/\/www.secondastrada.com\/it\/?s={search_term_string}"},"query-input":"required name=search_term_string"}],"inLanguage":"it-IT"},{"@type":"Organization","@id":"https:\/\/www.secondastrada.com\/it\/#organization","name":"Seconda Strada","url":"https:\/\/www.secondastrada.com\/it\/","logo":{"@type":"ImageObject","inLanguage":"it-IT","@id":"https:\/\/www.secondastrada.com\/it\/#\/schema\/logo\/image\/","url":"https:\/\/www.secondastrada.com\/wp-content\/uploads\/2023\/11\/secondastrada-logo.svg","contentUrl":"https:\/\/www.secondastrada.com\/wp-content\/uploads\/2023\/11\/secondastrada-logo.svg","width":353,"height":47,"caption":"Seconda Strada"},"image":{"@id":"https:\/\/www.secondastrada.com\/it\/#\/schema\/logo\/image\/"}}]}},"df_price":22.99,"df_sale_price":"","df_regular_price":22.99,"df_image_link":"https:\/\/www.secondastrada.com\/wp-content\/uploads\/2024\/05\/701224920-3p_navy_CONT_1-300x300.jpg","_links":{"self":[{"href":"https:\/\/www.secondastrada.com\/it\/wp-json\/wp\/v2\/product\/19708"}],"collection":[{"href":"https:\/\/www.secondastrada.com\/it\/wp-json\/wp\/v2\/product"}],"about":[{"href":"https:\/\/www.secondastrada.com\/it\/wp-json\/wp\/v2\/types\/product"}],"wp:featuredmedia":[{"embeddable":true,"href":"https:\/\/www.secondastrada.com\/it\/wp-json\/wp\/v2\/media\/56236"}],"wp:attachment":[{"href":"https:\/\/www.secondastrada.com\/it\/wp-json\/wp\/v2\/media?parent=19708"}],"wp:term":[{"taxonomy":"ss_brand","embeddable":true,"href":"https:\/\/www.secondastrada.com\/it\/wp-json\/wp\/v2\/ss_brand?post=19708"},{"taxonomy":"ss_promo","embeddable":true,"href":"https:\/\/www.secondastrada.com\/it\/wp-json\/wp\/v2\/ss_promo?post=19708"},{"taxonomy":"ss_season","embeddable":true,"href":"https:\/\/www.secondastrada.com\/it\/wp-json\/wp\/v2\/ss_season?post=19708"},{"taxonomy":"product_cat","embeddable":true,"href":"https:\/\/www.secondastrada.com\/it\/wp-json\/wp\/v2\/product_cat?post=19708"},{"taxonomy":"product_tag","embeddable":true,"href":"https:\/\/www.secondastrada.com\/it\/wp-json\/wp\/v2\/product_tag?post=19708"}],"curies":[{"name":"wp","href":"https:\/\/api.w.org\/{rel}","templated":true}]}}