{"id":201077,"date":"2024-10-03T10:24:40","date_gmt":"2024-10-03T08:24:40","guid":{"rendered":"https:\/\/www.secondastrada.com\/it\/gonna-pepe-jeans-verde\/"},"modified":"2026-01-29T12:39:25","modified_gmt":"2026-01-29T11:39:25","slug":"gonna-pepe-jeans-verde","status":"publish","type":"product","link":"https:\/\/www.secondastrada.com\/it\/gonna-pepe-jeans-verde\/","title":{"rendered":"Gonna Pepe Jeans Verde"},"content":{"rendered":"<p>Gonna lunga in simil raso su base verde militare con stampa allover floreale in beige. La vestibilit\u00e0 \u00e8 morbida e pratica grazie a zip laterale. La gonna \u00e8 adatta per occasioni casual\/raffinate. Dona un tocco di stile ai tuoi outfit.<br \/>Cod. art. PIETY PL901162 ov<br \/>Vi ricordiamo che tutti i nostri articoli sono originali.<\/p>\n","protected":false},"excerpt":{"rendered":"<p>Gonna lunga in simil raso su base verde militare con stampa allover floreale in beige. La vestibilit\u00e0 \u00e8 morbida e pratica grazie a zip laterale. La gonna \u00e8 adatta per occasioni casual\/raffinate. Dona un tocco di stile ai tuoi outfit.Cod. art. PIETY PL901162 ovVi ricordiamo che tutti i nostri articoli sono originali.<\/p>\n","protected":false},"featured_media":201073,"template":"","meta":{"inline_featured_image":false},"ss_brand":[1212],"ss_promo":[2181],"ss_season":[2189],"product_cat":[1329,1658,1341],"product_tag":[],"class_list":{"0":"post-201077","1":"product","2":"type-product","3":"status-publish","4":"has-post-thumbnail","6":"ss_brand-pepe-jeans-donna","7":"ss_promo-ultime-occasioni-donna","8":"ss_season-ai24","9":"product_cat-abbigliamento-donna","10":"product_cat-collezione-donna","11":"product_cat-gonne-da-donna","13":"first","14":"outofstock","15":"shipping-taxable","16":"product-type-variable","17":"has-default-attributes"},"acf":{"ss_brand":[{"term_id":1212,"name":"PEPE JEANS","slug":"pepe-jeans-donna","term_group":0,"term_taxonomy_id":1212,"taxonomy":"ss_brand","description":"Stile urban-cool con accento british: dai una scossa al tuo guardaroba e scopri la collezione abbigliamento da donna Pepe Jeans a prezzi bassissimi!\u00a0Acquista online su SecondaStrada.com <strong>abbigliamento da donna Pepe Jeans scontatissimo<\/strong>!","parent":1201,"count":207,"filter":"raw"}],"ss_promo":[2181],"ss_season":[{"term_id":2189,"name":"AI24","slug":"ai24","term_group":0,"term_taxonomy_id":2189,"taxonomy":"ss_season","description":"","parent":0,"count":2125,"filter":"raw"}],"ss_old_price":"79,90","ss_omnibus_price":"0,00","ss_style_advice":"<p>Gonna lunga in simil raso su base verde militare con stampa allover floreale in beige. La vestibilit\u00e0 \u00e8 morbida e pratica grazie a zip laterale. La gonna \u00e8 adatta per occasioni casual\/raffinate. Dona un tocco di stile ai tuoi outfit.<br \/>Cod. art. PIETY PL901162 ov<br \/>Vi ricordiamo che tutti i nostri articoli sono originali.<\/p>\n","ss_composition":"<p>100% poliestere<\/p>\n","ss_fit":"<p>La modella \u00e8 alta 165 cm e indossa la taglia S. La vestibilit\u00e0 del capo \u00e8 regolare<\/p>\n"},"yoast_head":"<!-- This site is optimized with the Yoast SEO plugin v22.3 - https:\/\/yoast.com\/wordpress\/plugins\/seo\/ -->\n<title>Gonna Pepe Jeans Verde - Acquista online! - Seconda Strada<\/title>\n<meta name=\"description\" content=\"Gonna Pepe Jeans Verde \u27a4 Acquista online su Secondastrada.com Gonna Pepe Jeans Verde \u2714\ufe0f Spedizione veloce entro 24h in tutta Italia \u2714\ufe0f Sconto sul tuo primo acquisto\" \/>\n<meta name=\"robots\" content=\"index, follow, max-snippet:-1, max-image-preview:large, max-video-preview:-1\" \/>\n<link rel=\"canonical\" href=\"https:\/\/www.secondastrada.com\/it\/gonna-pepe-jeans-verde\/\" \/>\n<meta property=\"og:locale\" content=\"it_IT\" \/>\n<meta property=\"og:type\" content=\"article\" \/>\n<meta property=\"og:title\" content=\"Gonna Pepe Jeans Verde - Acquista online! - Seconda Strada\" \/>\n<meta property=\"og:description\" content=\"Gonna Pepe Jeans Verde \u27a4 Acquista online su Secondastrada.com Gonna Pepe Jeans Verde \u2714\ufe0f Spedizione veloce entro 24h in tutta Italia \u2714\ufe0f Sconto sul tuo primo acquisto\" \/>\n<meta property=\"og:url\" content=\"https:\/\/www.secondastrada.com\/it\/gonna-pepe-jeans-verde\/\" \/>\n<meta property=\"og:site_name\" content=\"Seconda Strada\" \/>\n<meta property=\"article:modified_time\" content=\"2026-01-29T11:39:25+00:00\" \/>\n<meta property=\"og:image\" content=\"https:\/\/www.secondastrada.com\/wp-content\/uploads\/2024\/10\/PIETY-PL901162-ov_LEAF-GREEN_AI24_1.jpg\" \/>\n\t<meta property=\"og:image:width\" content=\"1000\" \/>\n\t<meta property=\"og:image:height\" content=\"1300\" \/>\n\t<meta property=\"og:image:type\" content=\"image\/jpeg\" \/>\n<meta name=\"twitter:card\" content=\"summary_large_image\" \/>\n<!-- \/ Yoast SEO plugin. -->","yoast_head_json":{"title":"Gonna Pepe Jeans Verde - Acquista online! - Seconda Strada","description":"Gonna Pepe Jeans Verde \u27a4 Acquista online su Secondastrada.com Gonna Pepe Jeans Verde \u2714\ufe0f Spedizione veloce entro 24h in tutta Italia \u2714\ufe0f Sconto sul tuo primo acquisto","robots":{"index":"index","follow":"follow","max-snippet":"max-snippet:-1","max-image-preview":"max-image-preview:large","max-video-preview":"max-video-preview:-1"},"canonical":"https:\/\/www.secondastrada.com\/it\/gonna-pepe-jeans-verde\/","og_locale":"it_IT","og_type":"article","og_title":"Gonna Pepe Jeans Verde - Acquista online! - Seconda Strada","og_description":"Gonna Pepe Jeans Verde \u27a4 Acquista online su Secondastrada.com Gonna Pepe Jeans Verde \u2714\ufe0f Spedizione veloce entro 24h in tutta Italia \u2714\ufe0f Sconto sul tuo primo acquisto","og_url":"https:\/\/www.secondastrada.com\/it\/gonna-pepe-jeans-verde\/","og_site_name":"Seconda Strada","article_modified_time":"2026-01-29T11:39:25+00:00","og_image":[{"width":1000,"height":1300,"url":"https:\/\/www.secondastrada.com\/wp-content\/uploads\/2024\/10\/PIETY-PL901162-ov_LEAF-GREEN_AI24_1.jpg","type":"image\/jpeg"}],"twitter_card":"summary_large_image","schema":{"@context":"https:\/\/schema.org","@graph":[{"@type":"WebPage","@id":"https:\/\/www.secondastrada.com\/it\/gonna-pepe-jeans-verde\/","url":"https:\/\/www.secondastrada.com\/it\/gonna-pepe-jeans-verde\/","name":"Gonna Pepe Jeans Verde - Acquista online! - Seconda Strada","isPartOf":{"@id":"https:\/\/www.secondastrada.com\/it\/#website"},"primaryImageOfPage":{"@id":"https:\/\/www.secondastrada.com\/it\/gonna-pepe-jeans-verde\/#primaryimage"},"image":{"@id":"https:\/\/www.secondastrada.com\/it\/gonna-pepe-jeans-verde\/#primaryimage"},"thumbnailUrl":"https:\/\/www.secondastrada.com\/wp-content\/uploads\/2024\/10\/PIETY-PL901162-ov_LEAF-GREEN_AI24_1.jpg","datePublished":"2024-10-03T08:24:40+00:00","dateModified":"2026-01-29T11:39:25+00:00","description":"Gonna Pepe Jeans Verde \u27a4 Acquista online su Secondastrada.com Gonna Pepe Jeans Verde \u2714\ufe0f Spedizione veloce entro 24h in tutta Italia \u2714\ufe0f Sconto sul tuo primo acquisto","breadcrumb":{"@id":"https:\/\/www.secondastrada.com\/it\/gonna-pepe-jeans-verde\/#breadcrumb"},"inLanguage":"it-IT","potentialAction":[{"@type":"ReadAction","target":["https:\/\/www.secondastrada.com\/it\/gonna-pepe-jeans-verde\/"]}]},{"@type":"ImageObject","inLanguage":"it-IT","@id":"https:\/\/www.secondastrada.com\/it\/gonna-pepe-jeans-verde\/#primaryimage","url":"https:\/\/www.secondastrada.com\/wp-content\/uploads\/2024\/10\/PIETY-PL901162-ov_LEAF-GREEN_AI24_1.jpg","contentUrl":"https:\/\/www.secondastrada.com\/wp-content\/uploads\/2024\/10\/PIETY-PL901162-ov_LEAF-GREEN_AI24_1.jpg","width":1000,"height":1300,"caption":"PIETY-PL901162-ov_LEAF-GREEN_AI24"},{"@type":"BreadcrumbList","@id":"https:\/\/www.secondastrada.com\/it\/gonna-pepe-jeans-verde\/#breadcrumb","itemListElement":[{"@type":"ListItem","position":1,"name":"Home","item":"https:\/\/www.secondastrada.com\/it\/"},{"@type":"ListItem","position":2,"name":"Shop","item":"https:\/\/www.secondastrada.com\/it\/shop\/"},{"@type":"ListItem","position":3,"name":"Donna","item":"https:\/\/www.secondastrada.com\/it\/collezione-donna\/"},{"@type":"ListItem","position":4,"name":"Abbigliamento","item":"https:\/\/www.secondastrada.com\/it\/collezione-donna\/abbigliamento-donna\/"},{"@type":"ListItem","position":5,"name":"Gonne","item":"https:\/\/www.secondastrada.com\/it\/collezione-donna\/abbigliamento-donna\/gonne-da-donna\/"},{"@type":"ListItem","position":6,"name":"Gonna Pepe Jeans Verde"}]},{"@type":"WebSite","@id":"https:\/\/www.secondastrada.com\/it\/#website","url":"https:\/\/www.secondastrada.com\/it\/","name":"Seconda Strada","description":"","publisher":{"@id":"https:\/\/www.secondastrada.com\/it\/#organization"},"potentialAction":[{"@type":"SearchAction","target":{"@type":"EntryPoint","urlTemplate":"https:\/\/www.secondastrada.com\/it\/?s={search_term_string}"},"query-input":"required name=search_term_string"}],"inLanguage":"it-IT"},{"@type":"Organization","@id":"https:\/\/www.secondastrada.com\/it\/#organization","name":"Seconda Strada","url":"https:\/\/www.secondastrada.com\/it\/","logo":{"@type":"ImageObject","inLanguage":"it-IT","@id":"https:\/\/www.secondastrada.com\/it\/#\/schema\/logo\/image\/","url":"https:\/\/www.secondastrada.com\/wp-content\/uploads\/2023\/11\/secondastrada-logo.svg","contentUrl":"https:\/\/www.secondastrada.com\/wp-content\/uploads\/2023\/11\/secondastrada-logo.svg","width":353,"height":47,"caption":"Seconda Strada"},"image":{"@id":"https:\/\/www.secondastrada.com\/it\/#\/schema\/logo\/image\/"}}]}},"df_price":"","df_sale_price":"","df_regular_price":"","df_image_link":"https:\/\/www.secondastrada.com\/wp-content\/uploads\/2024\/10\/PIETY-PL901162-ov_LEAF-GREEN_AI24_1-300x300.jpg","_links":{"self":[{"href":"https:\/\/www.secondastrada.com\/it\/wp-json\/wp\/v2\/product\/201077"}],"collection":[{"href":"https:\/\/www.secondastrada.com\/it\/wp-json\/wp\/v2\/product"}],"about":[{"href":"https:\/\/www.secondastrada.com\/it\/wp-json\/wp\/v2\/types\/product"}],"wp:featuredmedia":[{"embeddable":true,"href":"https:\/\/www.secondastrada.com\/it\/wp-json\/wp\/v2\/media\/201073"}],"wp:attachment":[{"href":"https:\/\/www.secondastrada.com\/it\/wp-json\/wp\/v2\/media?parent=201077"}],"wp:term":[{"taxonomy":"ss_brand","embeddable":true,"href":"https:\/\/www.secondastrada.com\/it\/wp-json\/wp\/v2\/ss_brand?post=201077"},{"taxonomy":"ss_promo","embeddable":true,"href":"https:\/\/www.secondastrada.com\/it\/wp-json\/wp\/v2\/ss_promo?post=201077"},{"taxonomy":"ss_season","embeddable":true,"href":"https:\/\/www.secondastrada.com\/it\/wp-json\/wp\/v2\/ss_season?post=201077"},{"taxonomy":"product_cat","embeddable":true,"href":"https:\/\/www.secondastrada.com\/it\/wp-json\/wp\/v2\/product_cat?post=201077"},{"taxonomy":"product_tag","embeddable":true,"href":"https:\/\/www.secondastrada.com\/it\/wp-json\/wp\/v2\/product_tag?post=201077"}],"curies":[{"name":"wp","href":"https:\/\/api.w.org\/{rel}","templated":true}]}}