{"id":20122,"date":"2024-03-25T13:17:22","date_gmt":"2024-03-25T12:17:22","guid":{"rendered":"http:\/\/secondastrada.com\/t-shirt-napapijri-blu-5\/"},"modified":"2026-01-29T17:34:40","modified_gmt":"2026-01-29T16:34:40","slug":"t-shirt-napapijri-blu-5","status":"publish","type":"product","link":"https:\/\/www.secondastrada.com\/it\/t-shirt-napapijri-blu-5\/","title":{"rendered":"T-shirt Napapijri Blu"},"content":{"rendered":"<p>Casual t-shirt su base blu navy con piccola stampa logo brand ad altezza cuore. La vestibilit\u00e0 \u00e8 morbida e regolare. La t-shirt \u00e8 adatta per occasioni casual\/sportive. Indossa questo capo per essere sempre a tuo agio.<\/p>\n","protected":false},"excerpt":{"rendered":"<p>Casual t-shirt su base blu navy con piccola stampa logo brand ad altezza cuore. La vestibilit\u00e0 \u00e8 morbida e regolare. La t-shirt \u00e8 adatta per occasioni casual\/sportive. Indossa questo capo per essere sempre a tuo agio.<\/p>\n","protected":false},"featured_media":20113,"template":"","meta":{"inline_featured_image":false},"ss_brand":[1282],"ss_promo":[2182],"ss_season":[1943],"product_cat":[1332,1479,1714],"product_tag":[],"class_list":{"0":"post-20122","1":"product","2":"type-product","3":"status-publish","4":"has-post-thumbnail","6":"ss_brand-napapijri-uomo","7":"ss_promo-ultime-occasioni-uomo","8":"ss_season-continuativo","9":"product_cat-abbigliamento-uomo","10":"product_cat-t-shirt-da-uomo","11":"product_cat-collezione-uomo","13":"first","14":"outofstock","15":"shipping-taxable","16":"product-type-variable","17":"has-default-attributes"},"acf":{"ss_brand":[{"term_id":1282,"name":"NAPAPIJRI","slug":"napapijri-uomo","term_group":0,"term_taxonomy_id":1282,"taxonomy":"ss_brand","description":"Lasciati conquistare dallo stile unconventional di Napapijri: scoprilo subito al miglior prezzo!","parent":1268,"count":54,"filter":"raw"}],"ss_promo":[2182],"ss_season":[{"term_id":1943,"name":"CONTINUATIVO","slug":"continuativo","term_group":0,"term_taxonomy_id":1943,"taxonomy":"ss_season","description":"","parent":0,"count":127,"filter":"raw"}],"ss_old_price":"0,00","ss_omnibus_price":"0,00","ss_style_advice":"<p>Casual t-shirt su base blu navy con piccola stampa logo brand ad altezza cuore. La vestibilit\u00e0 \u00e8 morbida e regolare. La t-shirt \u00e8 adatta per occasioni casual\/sportive. Indossa questo capo per essere sempre a tuo agio.<\/p>\n","ss_composition":"<p>95% cotone 5% elastane<\/p>\n","ss_fit":"<p>Il modello \u00e8 alto 178 cm e indossa la taglia L. La vestibilit\u00e0 del capo \u00e8 regolare<\/p>\n"},"yoast_head":"<!-- This site is optimized with the Yoast SEO plugin v22.3 - https:\/\/yoast.com\/wordpress\/plugins\/seo\/ -->\n<title>T-shirt Napapijri Blu - Acquista online! - Seconda Strada<\/title>\n<meta name=\"description\" content=\"T-shirt Napapijri Blu \u27a4 Acquista online su Secondastrada.com T-shirt Napapijri Blu \u2714\ufe0f Spedizione veloce entro 24h in tutta Italia \u2714\ufe0f Sconto sul tuo primo acquisto\" \/>\n<meta name=\"robots\" content=\"index, follow, max-snippet:-1, max-image-preview:large, max-video-preview:-1\" \/>\n<link rel=\"canonical\" href=\"https:\/\/www.secondastrada.com\/it\/t-shirt-napapijri-blu-5\/\" \/>\n<meta property=\"og:locale\" content=\"it_IT\" \/>\n<meta property=\"og:type\" content=\"article\" \/>\n<meta property=\"og:title\" content=\"T-shirt Napapijri Blu - Acquista online! - Seconda Strada\" \/>\n<meta property=\"og:description\" content=\"T-shirt Napapijri Blu \u27a4 Acquista online su Secondastrada.com T-shirt Napapijri Blu \u2714\ufe0f Spedizione veloce entro 24h in tutta Italia \u2714\ufe0f Sconto sul tuo primo acquisto\" \/>\n<meta property=\"og:url\" content=\"https:\/\/www.secondastrada.com\/it\/t-shirt-napapijri-blu-5\/\" \/>\n<meta property=\"og:site_name\" content=\"Seconda Strada\" \/>\n<meta property=\"article:modified_time\" content=\"2026-01-29T16:34:40+00:00\" \/>\n<meta property=\"og:image\" content=\"https:\/\/www.secondastrada.com\/wp-content\/uploads\/2024\/03\/salis-ss-sum-NP0A4H8D-os_blu-marine_CONT_.jpg\" \/>\n\t<meta property=\"og:image:width\" content=\"1000\" \/>\n\t<meta property=\"og:image:height\" content=\"1300\" \/>\n\t<meta property=\"og:image:type\" content=\"image\/jpeg\" \/>\n<meta name=\"twitter:card\" content=\"summary_large_image\" \/>\n<!-- \/ Yoast SEO plugin. -->","yoast_head_json":{"title":"T-shirt Napapijri Blu - Acquista online! - Seconda Strada","description":"T-shirt Napapijri Blu \u27a4 Acquista online su Secondastrada.com T-shirt Napapijri Blu \u2714\ufe0f Spedizione veloce entro 24h in tutta Italia \u2714\ufe0f Sconto sul tuo primo acquisto","robots":{"index":"index","follow":"follow","max-snippet":"max-snippet:-1","max-image-preview":"max-image-preview:large","max-video-preview":"max-video-preview:-1"},"canonical":"https:\/\/www.secondastrada.com\/it\/t-shirt-napapijri-blu-5\/","og_locale":"it_IT","og_type":"article","og_title":"T-shirt Napapijri Blu - Acquista online! - Seconda Strada","og_description":"T-shirt Napapijri Blu \u27a4 Acquista online su Secondastrada.com T-shirt Napapijri Blu \u2714\ufe0f Spedizione veloce entro 24h in tutta Italia \u2714\ufe0f Sconto sul tuo primo acquisto","og_url":"https:\/\/www.secondastrada.com\/it\/t-shirt-napapijri-blu-5\/","og_site_name":"Seconda Strada","article_modified_time":"2026-01-29T16:34:40+00:00","og_image":[{"width":1000,"height":1300,"url":"https:\/\/www.secondastrada.com\/wp-content\/uploads\/2024\/03\/salis-ss-sum-NP0A4H8D-os_blu-marine_CONT_.jpg","type":"image\/jpeg"}],"twitter_card":"summary_large_image","schema":{"@context":"https:\/\/schema.org","@graph":[{"@type":"WebPage","@id":"https:\/\/www.secondastrada.com\/it\/t-shirt-napapijri-blu-5\/","url":"https:\/\/www.secondastrada.com\/it\/t-shirt-napapijri-blu-5\/","name":"T-shirt Napapijri Blu - Acquista online! - Seconda Strada","isPartOf":{"@id":"https:\/\/www.secondastrada.com\/it\/#website"},"primaryImageOfPage":{"@id":"https:\/\/www.secondastrada.com\/it\/t-shirt-napapijri-blu-5\/#primaryimage"},"image":{"@id":"https:\/\/www.secondastrada.com\/it\/t-shirt-napapijri-blu-5\/#primaryimage"},"thumbnailUrl":"https:\/\/www.secondastrada.com\/wp-content\/uploads\/2024\/03\/salis-ss-sum-NP0A4H8D-os_blu-marine_CONT_.jpg","datePublished":"2024-03-25T12:17:22+00:00","dateModified":"2026-01-29T16:34:40+00:00","description":"T-shirt Napapijri Blu \u27a4 Acquista online su Secondastrada.com T-shirt Napapijri Blu \u2714\ufe0f Spedizione veloce entro 24h in tutta Italia \u2714\ufe0f Sconto sul tuo primo acquisto","breadcrumb":{"@id":"https:\/\/www.secondastrada.com\/it\/t-shirt-napapijri-blu-5\/#breadcrumb"},"inLanguage":"it-IT","potentialAction":[{"@type":"ReadAction","target":["https:\/\/www.secondastrada.com\/it\/t-shirt-napapijri-blu-5\/"]}]},{"@type":"ImageObject","inLanguage":"it-IT","@id":"https:\/\/www.secondastrada.com\/it\/t-shirt-napapijri-blu-5\/#primaryimage","url":"https:\/\/www.secondastrada.com\/wp-content\/uploads\/2024\/03\/salis-ss-sum-NP0A4H8D-os_blu-marine_CONT_.jpg","contentUrl":"https:\/\/www.secondastrada.com\/wp-content\/uploads\/2024\/03\/salis-ss-sum-NP0A4H8D-os_blu-marine_CONT_.jpg","width":1000,"height":1300,"caption":"salis-ss-sum-NP0A4H8D-os_blu-marine_CONT"},{"@type":"BreadcrumbList","@id":"https:\/\/www.secondastrada.com\/it\/t-shirt-napapijri-blu-5\/#breadcrumb","itemListElement":[{"@type":"ListItem","position":1,"name":"Home","item":"https:\/\/www.secondastrada.com\/it\/"},{"@type":"ListItem","position":2,"name":"Shop","item":"https:\/\/www.secondastrada.com\/it\/shop\/"},{"@type":"ListItem","position":3,"name":"Uomo","item":"https:\/\/www.secondastrada.com\/it\/collezione-uomo\/"},{"@type":"ListItem","position":4,"name":"Abbigliamento","item":"https:\/\/www.secondastrada.com\/it\/collezione-uomo\/abbigliamento-uomo\/"},{"@type":"ListItem","position":5,"name":"T-shirt","item":"https:\/\/www.secondastrada.com\/it\/collezione-uomo\/abbigliamento-uomo\/t-shirt-da-uomo\/"},{"@type":"ListItem","position":6,"name":"T-shirt Napapijri Blu"}]},{"@type":"WebSite","@id":"https:\/\/www.secondastrada.com\/it\/#website","url":"https:\/\/www.secondastrada.com\/it\/","name":"Seconda Strada","description":"","publisher":{"@id":"https:\/\/www.secondastrada.com\/it\/#organization"},"potentialAction":[{"@type":"SearchAction","target":{"@type":"EntryPoint","urlTemplate":"https:\/\/www.secondastrada.com\/it\/?s={search_term_string}"},"query-input":"required name=search_term_string"}],"inLanguage":"it-IT"},{"@type":"Organization","@id":"https:\/\/www.secondastrada.com\/it\/#organization","name":"Seconda Strada","url":"https:\/\/www.secondastrada.com\/it\/","logo":{"@type":"ImageObject","inLanguage":"it-IT","@id":"https:\/\/www.secondastrada.com\/it\/#\/schema\/logo\/image\/","url":"https:\/\/www.secondastrada.com\/wp-content\/uploads\/2023\/11\/secondastrada-logo.svg","contentUrl":"https:\/\/www.secondastrada.com\/wp-content\/uploads\/2023\/11\/secondastrada-logo.svg","width":353,"height":47,"caption":"Seconda Strada"},"image":{"@id":"https:\/\/www.secondastrada.com\/it\/#\/schema\/logo\/image\/"}}]}},"df_price":"","df_sale_price":"","df_regular_price":"","df_image_link":"https:\/\/www.secondastrada.com\/wp-content\/uploads\/2024\/03\/salis-ss-sum-NP0A4H8D-os_blu-marine_CONT_-300x300.jpg","_links":{"self":[{"href":"https:\/\/www.secondastrada.com\/it\/wp-json\/wp\/v2\/product\/20122"}],"collection":[{"href":"https:\/\/www.secondastrada.com\/it\/wp-json\/wp\/v2\/product"}],"about":[{"href":"https:\/\/www.secondastrada.com\/it\/wp-json\/wp\/v2\/types\/product"}],"wp:featuredmedia":[{"embeddable":true,"href":"https:\/\/www.secondastrada.com\/it\/wp-json\/wp\/v2\/media\/20113"}],"wp:attachment":[{"href":"https:\/\/www.secondastrada.com\/it\/wp-json\/wp\/v2\/media?parent=20122"}],"wp:term":[{"taxonomy":"ss_brand","embeddable":true,"href":"https:\/\/www.secondastrada.com\/it\/wp-json\/wp\/v2\/ss_brand?post=20122"},{"taxonomy":"ss_promo","embeddable":true,"href":"https:\/\/www.secondastrada.com\/it\/wp-json\/wp\/v2\/ss_promo?post=20122"},{"taxonomy":"ss_season","embeddable":true,"href":"https:\/\/www.secondastrada.com\/it\/wp-json\/wp\/v2\/ss_season?post=20122"},{"taxonomy":"product_cat","embeddable":true,"href":"https:\/\/www.secondastrada.com\/it\/wp-json\/wp\/v2\/product_cat?post=20122"},{"taxonomy":"product_tag","embeddable":true,"href":"https:\/\/www.secondastrada.com\/it\/wp-json\/wp\/v2\/product_tag?post=20122"}],"curies":[{"name":"wp","href":"https:\/\/api.w.org\/{rel}","templated":true}]}}