{"id":20369,"date":"2024-03-25T15:15:32","date_gmt":"2024-03-25T14:15:32","guid":{"rendered":"http:\/\/secondastrada.com\/costume-yes-zee-nero\/"},"modified":"2026-02-26T15:07:20","modified_gmt":"2026-02-26T14:07:20","slug":"costume-yes-zee-nero","status":"publish","type":"product","link":"https:\/\/www.secondastrada.com\/it\/costume-yes-zee-nero\/","title":{"rendered":"Costume Yes Zee nero"},"content":{"rendered":"<p><b>COMPOSIZIONE E VESTIBILIT\u00c0:<\/b><br \/>100% poliestere<br \/>Il modello \u00e8 alto 178 cm e indossa la taglia L. La vestibilit\u00e0 del capo \u00e8 regolare.<br \/><b>CONSIGLI DI STILE:<\/b><br \/>Costume modello short in 100% poliestere. Il capo si sviluppa in total nero. Presenti tasche a taglio trasversale sul fronte pi\u00f9 tasca a taglio con chiusura a velcro sul retro. La vestibilit\u00e0 \u00e8 morbida e regolabile grazie a coulisse in girovita con cordino bianco. Il costume \u00e8 ideale per la spiaggia. Dai un tocco di colore alla tua estate.<br \/>Cod. art. D700 US00 2ss<br \/>Vi ricordiamo che tutti i nostri articoli sono originali.<br \/><b>MISURE:<\/b><br \/> Misure taglia L: <br \/>&#8211; Vita (da cucitura a cucitura): 40 cm <br \/>&#8211; Gamba (da cucitura della vita fino al fondo): 37 cm<\/p>\n","protected":false},"excerpt":{"rendered":"<p>COMPOSIZIONE E VESTIBILIT\u00c0:100% poliestereIl modello \u00e8 alto 178 cm e indossa la taglia L. La vestibilit\u00e0 del capo \u00e8 regolare.CONSIGLI DI STILE:Costume modello short in 100% poliestere. Il capo si sviluppa in total nero. Presenti tasche a taglio trasversale sul fronte pi\u00f9 tasca a taglio con chiusura a velcro sul retro. La vestibilit\u00e0 \u00e8 morbida&#8230;<\/p>\n","protected":false},"featured_media":36196,"template":"","meta":{"inline_featured_image":false},"ss_brand":[1280],"ss_promo":[2182],"ss_season":[1708],"product_cat":[1409,1410,2424,1714],"product_tag":[2535,2140,2433],"class_list":{"0":"post-20369","1":"product","2":"type-product","3":"status-publish","4":"has-post-thumbnail","6":"ss_brand-yes-zee-uomo","7":"ss_promo-ultime-occasioni-uomo","8":"ss_season-pe23","9":"product_cat-beachwear-da-uomo","10":"product_cat-costumi-da-bagno-da-uomo","11":"product_cat-svendita-uomo","12":"product_cat-collezione-uomo","13":"product_tag-promo-codice-m","14":"product_tag-ultime-occasioni-uomo","15":"product_tag-yes-zee-uomo","17":"first","18":"instock","19":"sale","20":"sold-individually","21":"shipping-taxable","22":"purchasable","23":"product-type-variable","24":"has-default-attributes"},"acf":{"ss_brand":[{"term_id":1280,"name":"YES ZEE","slug":"yes-zee-uomo","term_group":0,"term_taxonomy_id":1280,"taxonomy":"ss_brand","description":"Non un semplice marchio di <strong>abbigliamento da uomo<\/strong>: <strong>Yes Zee<\/strong> \u00e8 il brand perfetto per rivoluzionare con stile tutti i tuoi look metropolitani! Scopri subito le offerte esclusive del nostro store online e acquista <strong>Yes zee da uomo a prezzi scontatissimi<\/strong>.","parent":1268,"count":451,"filter":"raw"}],"ss_promo":[2182],"ss_season":[{"term_id":1708,"name":"PE23","slug":"pe23","term_group":0,"term_taxonomy_id":1708,"taxonomy":"ss_season","description":"","parent":0,"count":504,"filter":"raw"}],"ss_old_price":"0,00","ss_omnibus_price":"0,00","ss_style_advice":"<p><b>COMPOSIZIONE E VESTIBILIT\u00c0:<\/b><br \/>100% poliestere<br \/>Il modello \u00e8 alto 178 cm e indossa la taglia L. La vestibilit\u00e0 del capo \u00e8 regolare.<br \/><b>CONSIGLI DI STILE:<\/b><br \/>Costume modello short in 100% poliestere. Il capo si sviluppa in total nero. Presenti tasche a taglio trasversale sul fronte pi\u00f9 tasca a taglio con chiusura a velcro sul retro. La vestibilit\u00e0 \u00e8 morbida e regolabile grazie a coulisse in girovita con cordino bianco. Il costume \u00e8 ideale per la spiaggia. Dai un tocco di colore alla tua estate.<br \/>Cod. art. D700 US00 2ss<br \/>Vi ricordiamo che tutti i nostri articoli sono originali.<br \/><b>MISURE:<\/b><br \/> Misure taglia L: <br \/>&#8211; Vita (da cucitura a cucitura): 40 cm <br \/>&#8211; Gamba (da cucitura della vita fino al fondo): 37 cm<\/p>\n","ss_composition":"<p>100% poliestere<\/p>\n","ss_fit":"<p>Costume YES ZEE<\/p>\n"},"yoast_head":"<!-- This site is optimized with the Yoast SEO plugin v22.3 - https:\/\/yoast.com\/wordpress\/plugins\/seo\/ -->\n<title>Costume Yes Zee nero - Acquista online! - Seconda Strada<\/title>\n<meta name=\"description\" content=\"Costume Yes Zee nero \u27a4 Acquista online su Secondastrada.com Costume Yes Zee nero \u2714\ufe0f Spedizione veloce entro 24h in tutta Italia \u2714\ufe0f Sconto sul tuo primo acquisto\" \/>\n<meta name=\"robots\" content=\"index, follow, max-snippet:-1, max-image-preview:large, max-video-preview:-1\" \/>\n<link rel=\"canonical\" href=\"https:\/\/www.secondastrada.com\/it\/costume-yes-zee-nero\/\" \/>\n<meta property=\"og:locale\" content=\"it_IT\" \/>\n<meta property=\"og:type\" content=\"article\" \/>\n<meta property=\"og:title\" content=\"Costume Yes Zee nero - Acquista online! - Seconda Strada\" \/>\n<meta property=\"og:description\" content=\"Costume Yes Zee nero \u27a4 Acquista online su Secondastrada.com Costume Yes Zee nero \u2714\ufe0f Spedizione veloce entro 24h in tutta Italia \u2714\ufe0f Sconto sul tuo primo acquisto\" \/>\n<meta property=\"og:url\" content=\"https:\/\/www.secondastrada.com\/it\/costume-yes-zee-nero\/\" \/>\n<meta property=\"og:site_name\" content=\"Seconda Strada\" \/>\n<meta property=\"article:modified_time\" content=\"2026-02-26T14:07:20+00:00\" \/>\n<meta property=\"og:image\" content=\"https:\/\/www.secondastrada.com\/wp-content\/uploads\/2024\/03\/D700-US00-2ss_NERO_PE23_1.jpg\" \/>\n\t<meta property=\"og:image:width\" content=\"1000\" \/>\n\t<meta property=\"og:image:height\" content=\"1500\" \/>\n\t<meta property=\"og:image:type\" content=\"image\/jpeg\" \/>\n<meta name=\"twitter:card\" content=\"summary_large_image\" \/>\n<meta name=\"twitter:label1\" content=\"Tempo di lettura stimato\" \/>\n\t<meta name=\"twitter:data1\" content=\"1 minuto\" \/>\n<!-- \/ Yoast SEO plugin. -->","yoast_head_json":{"title":"Costume Yes Zee nero - Acquista online! - Seconda Strada","description":"Costume Yes Zee nero \u27a4 Acquista online su Secondastrada.com Costume Yes Zee nero \u2714\ufe0f Spedizione veloce entro 24h in tutta Italia \u2714\ufe0f Sconto sul tuo primo acquisto","robots":{"index":"index","follow":"follow","max-snippet":"max-snippet:-1","max-image-preview":"max-image-preview:large","max-video-preview":"max-video-preview:-1"},"canonical":"https:\/\/www.secondastrada.com\/it\/costume-yes-zee-nero\/","og_locale":"it_IT","og_type":"article","og_title":"Costume Yes Zee nero - Acquista online! - Seconda Strada","og_description":"Costume Yes Zee nero \u27a4 Acquista online su Secondastrada.com Costume Yes Zee nero \u2714\ufe0f Spedizione veloce entro 24h in tutta Italia \u2714\ufe0f Sconto sul tuo primo acquisto","og_url":"https:\/\/www.secondastrada.com\/it\/costume-yes-zee-nero\/","og_site_name":"Seconda Strada","article_modified_time":"2026-02-26T14:07:20+00:00","og_image":[{"width":1000,"height":1500,"url":"https:\/\/www.secondastrada.com\/wp-content\/uploads\/2024\/03\/D700-US00-2ss_NERO_PE23_1.jpg","type":"image\/jpeg"}],"twitter_card":"summary_large_image","twitter_misc":{"Tempo di lettura stimato":"1 minuto"},"schema":{"@context":"https:\/\/schema.org","@graph":[{"@type":"WebPage","@id":"https:\/\/www.secondastrada.com\/it\/costume-yes-zee-nero\/","url":"https:\/\/www.secondastrada.com\/it\/costume-yes-zee-nero\/","name":"Costume Yes Zee nero - Acquista online! - Seconda Strada","isPartOf":{"@id":"https:\/\/www.secondastrada.com\/it\/#website"},"primaryImageOfPage":{"@id":"https:\/\/www.secondastrada.com\/it\/costume-yes-zee-nero\/#primaryimage"},"image":{"@id":"https:\/\/www.secondastrada.com\/it\/costume-yes-zee-nero\/#primaryimage"},"thumbnailUrl":"https:\/\/www.secondastrada.com\/wp-content\/uploads\/2024\/03\/D700-US00-2ss_NERO_PE23_1.jpg","datePublished":"2024-03-25T14:15:32+00:00","dateModified":"2026-02-26T14:07:20+00:00","description":"Costume Yes Zee nero \u27a4 Acquista online su Secondastrada.com Costume Yes Zee nero \u2714\ufe0f Spedizione veloce entro 24h in tutta Italia \u2714\ufe0f Sconto sul tuo primo acquisto","breadcrumb":{"@id":"https:\/\/www.secondastrada.com\/it\/costume-yes-zee-nero\/#breadcrumb"},"inLanguage":"it-IT","potentialAction":[{"@type":"ReadAction","target":["https:\/\/www.secondastrada.com\/it\/costume-yes-zee-nero\/"]}]},{"@type":"ImageObject","inLanguage":"it-IT","@id":"https:\/\/www.secondastrada.com\/it\/costume-yes-zee-nero\/#primaryimage","url":"https:\/\/www.secondastrada.com\/wp-content\/uploads\/2024\/03\/D700-US00-2ss_NERO_PE23_1.jpg","contentUrl":"https:\/\/www.secondastrada.com\/wp-content\/uploads\/2024\/03\/D700-US00-2ss_NERO_PE23_1.jpg","width":1000,"height":1500,"caption":"D700-US00-2ss_NERO_PE23"},{"@type":"BreadcrumbList","@id":"https:\/\/www.secondastrada.com\/it\/costume-yes-zee-nero\/#breadcrumb","itemListElement":[{"@type":"ListItem","position":1,"name":"Home","item":"https:\/\/www.secondastrada.com\/it\/"},{"@type":"ListItem","position":2,"name":"Shop","item":"https:\/\/www.secondastrada.com\/it\/shop\/"},{"@type":"ListItem","position":3,"name":"Uomo","item":"https:\/\/www.secondastrada.com\/it\/collezione-uomo\/"},{"@type":"ListItem","position":4,"name":"Beachwear","item":"https:\/\/www.secondastrada.com\/it\/collezione-uomo\/beachwear-da-uomo\/"},{"@type":"ListItem","position":5,"name":"Costumi da bagno","item":"https:\/\/www.secondastrada.com\/it\/collezione-uomo\/beachwear-da-uomo\/costumi-da-bagno-da-uomo\/"},{"@type":"ListItem","position":6,"name":"Costume Yes Zee nero"}]},{"@type":"WebSite","@id":"https:\/\/www.secondastrada.com\/it\/#website","url":"https:\/\/www.secondastrada.com\/it\/","name":"Seconda Strada","description":"","publisher":{"@id":"https:\/\/www.secondastrada.com\/it\/#organization"},"potentialAction":[{"@type":"SearchAction","target":{"@type":"EntryPoint","urlTemplate":"https:\/\/www.secondastrada.com\/it\/?s={search_term_string}"},"query-input":"required name=search_term_string"}],"inLanguage":"it-IT"},{"@type":"Organization","@id":"https:\/\/www.secondastrada.com\/it\/#organization","name":"Seconda Strada","url":"https:\/\/www.secondastrada.com\/it\/","logo":{"@type":"ImageObject","inLanguage":"it-IT","@id":"https:\/\/www.secondastrada.com\/it\/#\/schema\/logo\/image\/","url":"https:\/\/www.secondastrada.com\/wp-content\/uploads\/2023\/11\/secondastrada-logo.svg","contentUrl":"https:\/\/www.secondastrada.com\/wp-content\/uploads\/2023\/11\/secondastrada-logo.svg","width":353,"height":47,"caption":"Seconda Strada"},"image":{"@id":"https:\/\/www.secondastrada.com\/it\/#\/schema\/logo\/image\/"}}]}},"df_price":13.96,"df_sale_price":"","df_regular_price":13.96,"df_image_link":"https:\/\/www.secondastrada.com\/wp-content\/uploads\/2024\/03\/D700-US00-2ss_NERO_PE23_1-300x300.jpg","_links":{"self":[{"href":"https:\/\/www.secondastrada.com\/it\/wp-json\/wp\/v2\/product\/20369"}],"collection":[{"href":"https:\/\/www.secondastrada.com\/it\/wp-json\/wp\/v2\/product"}],"about":[{"href":"https:\/\/www.secondastrada.com\/it\/wp-json\/wp\/v2\/types\/product"}],"wp:featuredmedia":[{"embeddable":true,"href":"https:\/\/www.secondastrada.com\/it\/wp-json\/wp\/v2\/media\/36196"}],"wp:attachment":[{"href":"https:\/\/www.secondastrada.com\/it\/wp-json\/wp\/v2\/media?parent=20369"}],"wp:term":[{"taxonomy":"ss_brand","embeddable":true,"href":"https:\/\/www.secondastrada.com\/it\/wp-json\/wp\/v2\/ss_brand?post=20369"},{"taxonomy":"ss_promo","embeddable":true,"href":"https:\/\/www.secondastrada.com\/it\/wp-json\/wp\/v2\/ss_promo?post=20369"},{"taxonomy":"ss_season","embeddable":true,"href":"https:\/\/www.secondastrada.com\/it\/wp-json\/wp\/v2\/ss_season?post=20369"},{"taxonomy":"product_cat","embeddable":true,"href":"https:\/\/www.secondastrada.com\/it\/wp-json\/wp\/v2\/product_cat?post=20369"},{"taxonomy":"product_tag","embeddable":true,"href":"https:\/\/www.secondastrada.com\/it\/wp-json\/wp\/v2\/product_tag?post=20369"}],"curies":[{"name":"wp","href":"https:\/\/api.w.org\/{rel}","templated":true}]}}