{"id":204290,"date":"2024-10-10T11:33:48","date_gmt":"2024-10-10T09:33:48","guid":{"rendered":"https:\/\/www.secondastrada.com\/it\/t-shirt-blauer-bianco-2\/"},"modified":"2026-01-29T22:06:32","modified_gmt":"2026-01-29T21:06:32","slug":"t-shirt-blauer-bianco-2","status":"publish","type":"product","link":"https:\/\/www.secondastrada.com\/it\/t-shirt-blauer-bianco-2\/","title":{"rendered":"T-shirt Blauer Bianco"},"content":{"rendered":"<p>T-shirt classica su base bianca con logo brand grigio ad altezza cuore. La vestibilit\u00e0 \u00e8 morbida e regolare. La t-shirt \u00e8 adatta per occasioni casual e facilmente combinabile. Praticit\u00e0 e stile in un solo capo.<br \/>Cod. art. 23WBLUH02342006410 B SV<br \/>Vi ricordiamo che tutti i nostri articoli sono originali.<\/p>\n","protected":false},"excerpt":{"rendered":"<p>T-shirt classica su base bianca con logo brand grigio ad altezza cuore. La vestibilit\u00e0 \u00e8 morbida e regolare. La t-shirt \u00e8 adatta per occasioni casual e facilmente combinabile. Praticit\u00e0 e stile in un solo capo.Cod. art. 23WBLUH02342006410 B SVVi ricordiamo che tutti i nostri articoli sono originali.<\/p>\n","protected":false},"featured_media":203703,"template":"","meta":{"inline_featured_image":false},"ss_brand":[1875],"ss_promo":[2182],"ss_season":[2189],"product_cat":[1332,1479,1714],"product_tag":[],"class_list":{"0":"post-204290","1":"product","2":"type-product","3":"status-publish","4":"has-post-thumbnail","6":"ss_brand-blauer-uomo","7":"ss_promo-ultime-occasioni-uomo","8":"ss_season-ai24","9":"product_cat-abbigliamento-uomo","10":"product_cat-t-shirt-da-uomo","11":"product_cat-collezione-uomo","13":"first","14":"outofstock","15":"shipping-taxable","16":"product-type-variable","17":"has-default-attributes"},"acf":{"ss_brand":[{"term_id":1875,"name":"BLAUER","slug":"blauer-uomo","term_group":0,"term_taxonomy_id":1875,"taxonomy":"ss_brand","description":"Scopri il mondo <strong>Blauer<\/strong> e lasciati conquistare dallo stile iconico che unisce spirito urban e funzionalit\u00e0. Le collezioni uomo offrono piumini perfetti per affrontare la vita quotidiana con comfort e carattere. Acquista online su SecondaStrada.com e approfitta delle <strong>offerte esclusive sui piumini e sulle giacche da uomo Blauer<\/strong>!","parent":1268,"count":97,"filter":"raw"}],"ss_promo":[2182],"ss_season":[{"term_id":2189,"name":"AI24","slug":"ai24","term_group":0,"term_taxonomy_id":2189,"taxonomy":"ss_season","description":"","parent":0,"count":2125,"filter":"raw"}],"ss_old_price":"48,00","ss_omnibus_price":"0,00","ss_style_advice":"<p>T-shirt classica su base bianca con logo brand grigio ad altezza cuore. La vestibilit\u00e0 \u00e8 morbida e regolare. La t-shirt \u00e8 adatta per occasioni casual e facilmente combinabile. Praticit\u00e0 e stile in un solo capo.<br \/>Cod. art. 23WBLUH02342006410 B SV<br \/>Vi ricordiamo che tutti i nostri articoli sono originali.<\/p>\n","ss_composition":"<p>100% cotone<\/p>\n","ss_fit":"<p>Il modello \u00e8 alto 178 cm e veste la taglia L. La vestibilit\u00e0 del capo \u00e8 regolare.<\/p>\n"},"yoast_head":"<!-- This site is optimized with the Yoast SEO plugin v22.3 - https:\/\/yoast.com\/wordpress\/plugins\/seo\/ -->\n<title>T-shirt Blauer Bianco - Acquista online! - Seconda Strada<\/title>\n<meta name=\"description\" content=\"T-shirt Blauer Bianco \u27a4 Acquista online su Secondastrada.com T-shirt Blauer Bianco \u2714\ufe0f Spedizione veloce entro 24h in tutta Italia \u2714\ufe0f Sconto sul tuo primo acquisto\" \/>\n<meta name=\"robots\" content=\"index, follow, max-snippet:-1, max-image-preview:large, max-video-preview:-1\" \/>\n<link rel=\"canonical\" href=\"https:\/\/www.secondastrada.com\/it\/t-shirt-blauer-bianco-2\/\" \/>\n<meta property=\"og:locale\" content=\"it_IT\" \/>\n<meta property=\"og:type\" content=\"article\" \/>\n<meta property=\"og:title\" content=\"T-shirt Blauer Bianco - Acquista online! - Seconda Strada\" \/>\n<meta property=\"og:description\" content=\"T-shirt Blauer Bianco \u27a4 Acquista online su Secondastrada.com T-shirt Blauer Bianco \u2714\ufe0f Spedizione veloce entro 24h in tutta Italia \u2714\ufe0f Sconto sul tuo primo acquisto\" \/>\n<meta property=\"og:url\" content=\"https:\/\/www.secondastrada.com\/it\/t-shirt-blauer-bianco-2\/\" \/>\n<meta property=\"og:site_name\" content=\"Seconda Strada\" \/>\n<meta property=\"article:modified_time\" content=\"2026-01-29T21:06:32+00:00\" \/>\n<meta property=\"og:image\" content=\"https:\/\/www.secondastrada.com\/wp-content\/uploads\/2024\/10\/23WBLUH02342006410-B-SV_00102_AI24_1.jpg\" \/>\n\t<meta property=\"og:image:width\" content=\"1000\" \/>\n\t<meta property=\"og:image:height\" content=\"1300\" \/>\n\t<meta property=\"og:image:type\" content=\"image\/jpeg\" \/>\n<meta name=\"twitter:card\" content=\"summary_large_image\" \/>\n<!-- \/ Yoast SEO plugin. -->","yoast_head_json":{"title":"T-shirt Blauer Bianco - Acquista online! - Seconda Strada","description":"T-shirt Blauer Bianco \u27a4 Acquista online su Secondastrada.com T-shirt Blauer Bianco \u2714\ufe0f Spedizione veloce entro 24h in tutta Italia \u2714\ufe0f Sconto sul tuo primo acquisto","robots":{"index":"index","follow":"follow","max-snippet":"max-snippet:-1","max-image-preview":"max-image-preview:large","max-video-preview":"max-video-preview:-1"},"canonical":"https:\/\/www.secondastrada.com\/it\/t-shirt-blauer-bianco-2\/","og_locale":"it_IT","og_type":"article","og_title":"T-shirt Blauer Bianco - Acquista online! - Seconda Strada","og_description":"T-shirt Blauer Bianco \u27a4 Acquista online su Secondastrada.com T-shirt Blauer Bianco \u2714\ufe0f Spedizione veloce entro 24h in tutta Italia \u2714\ufe0f Sconto sul tuo primo acquisto","og_url":"https:\/\/www.secondastrada.com\/it\/t-shirt-blauer-bianco-2\/","og_site_name":"Seconda Strada","article_modified_time":"2026-01-29T21:06:32+00:00","og_image":[{"width":1000,"height":1300,"url":"https:\/\/www.secondastrada.com\/wp-content\/uploads\/2024\/10\/23WBLUH02342006410-B-SV_00102_AI24_1.jpg","type":"image\/jpeg"}],"twitter_card":"summary_large_image","schema":{"@context":"https:\/\/schema.org","@graph":[{"@type":"WebPage","@id":"https:\/\/www.secondastrada.com\/it\/t-shirt-blauer-bianco-2\/","url":"https:\/\/www.secondastrada.com\/it\/t-shirt-blauer-bianco-2\/","name":"T-shirt Blauer Bianco - Acquista online! - Seconda Strada","isPartOf":{"@id":"https:\/\/www.secondastrada.com\/it\/#website"},"primaryImageOfPage":{"@id":"https:\/\/www.secondastrada.com\/it\/t-shirt-blauer-bianco-2\/#primaryimage"},"image":{"@id":"https:\/\/www.secondastrada.com\/it\/t-shirt-blauer-bianco-2\/#primaryimage"},"thumbnailUrl":"https:\/\/www.secondastrada.com\/wp-content\/uploads\/2024\/10\/23WBLUH02342006410-B-SV_00102_AI24_1.jpg","datePublished":"2024-10-10T09:33:48+00:00","dateModified":"2026-01-29T21:06:32+00:00","description":"T-shirt Blauer Bianco \u27a4 Acquista online su Secondastrada.com T-shirt Blauer Bianco \u2714\ufe0f Spedizione veloce entro 24h in tutta Italia \u2714\ufe0f Sconto sul tuo primo acquisto","breadcrumb":{"@id":"https:\/\/www.secondastrada.com\/it\/t-shirt-blauer-bianco-2\/#breadcrumb"},"inLanguage":"it-IT","potentialAction":[{"@type":"ReadAction","target":["https:\/\/www.secondastrada.com\/it\/t-shirt-blauer-bianco-2\/"]}]},{"@type":"ImageObject","inLanguage":"it-IT","@id":"https:\/\/www.secondastrada.com\/it\/t-shirt-blauer-bianco-2\/#primaryimage","url":"https:\/\/www.secondastrada.com\/wp-content\/uploads\/2024\/10\/23WBLUH02342006410-B-SV_00102_AI24_1.jpg","contentUrl":"https:\/\/www.secondastrada.com\/wp-content\/uploads\/2024\/10\/23WBLUH02342006410-B-SV_00102_AI24_1.jpg","width":1000,"height":1300,"caption":"23WBLUH02342006410-B-SV_00102_AI24"},{"@type":"BreadcrumbList","@id":"https:\/\/www.secondastrada.com\/it\/t-shirt-blauer-bianco-2\/#breadcrumb","itemListElement":[{"@type":"ListItem","position":1,"name":"Home","item":"https:\/\/www.secondastrada.com\/it\/"},{"@type":"ListItem","position":2,"name":"Shop","item":"https:\/\/www.secondastrada.com\/it\/shop\/"},{"@type":"ListItem","position":3,"name":"Uomo","item":"https:\/\/www.secondastrada.com\/it\/collezione-uomo\/"},{"@type":"ListItem","position":4,"name":"Abbigliamento","item":"https:\/\/www.secondastrada.com\/it\/collezione-uomo\/abbigliamento-uomo\/"},{"@type":"ListItem","position":5,"name":"T-shirt","item":"https:\/\/www.secondastrada.com\/it\/collezione-uomo\/abbigliamento-uomo\/t-shirt-da-uomo\/"},{"@type":"ListItem","position":6,"name":"T-shirt Blauer Bianco"}]},{"@type":"WebSite","@id":"https:\/\/www.secondastrada.com\/it\/#website","url":"https:\/\/www.secondastrada.com\/it\/","name":"Seconda Strada","description":"","publisher":{"@id":"https:\/\/www.secondastrada.com\/it\/#organization"},"potentialAction":[{"@type":"SearchAction","target":{"@type":"EntryPoint","urlTemplate":"https:\/\/www.secondastrada.com\/it\/?s={search_term_string}"},"query-input":"required name=search_term_string"}],"inLanguage":"it-IT"},{"@type":"Organization","@id":"https:\/\/www.secondastrada.com\/it\/#organization","name":"Seconda Strada","url":"https:\/\/www.secondastrada.com\/it\/","logo":{"@type":"ImageObject","inLanguage":"it-IT","@id":"https:\/\/www.secondastrada.com\/it\/#\/schema\/logo\/image\/","url":"https:\/\/www.secondastrada.com\/wp-content\/uploads\/2023\/11\/secondastrada-logo.svg","contentUrl":"https:\/\/www.secondastrada.com\/wp-content\/uploads\/2023\/11\/secondastrada-logo.svg","width":353,"height":47,"caption":"Seconda Strada"},"image":{"@id":"https:\/\/www.secondastrada.com\/it\/#\/schema\/logo\/image\/"}}]}},"df_price":"","df_sale_price":"","df_regular_price":"","df_image_link":"https:\/\/www.secondastrada.com\/wp-content\/uploads\/2024\/10\/23WBLUH02342006410-B-SV_00102_AI24_1-300x300.jpg","_links":{"self":[{"href":"https:\/\/www.secondastrada.com\/it\/wp-json\/wp\/v2\/product\/204290"}],"collection":[{"href":"https:\/\/www.secondastrada.com\/it\/wp-json\/wp\/v2\/product"}],"about":[{"href":"https:\/\/www.secondastrada.com\/it\/wp-json\/wp\/v2\/types\/product"}],"wp:featuredmedia":[{"embeddable":true,"href":"https:\/\/www.secondastrada.com\/it\/wp-json\/wp\/v2\/media\/203703"}],"wp:attachment":[{"href":"https:\/\/www.secondastrada.com\/it\/wp-json\/wp\/v2\/media?parent=204290"}],"wp:term":[{"taxonomy":"ss_brand","embeddable":true,"href":"https:\/\/www.secondastrada.com\/it\/wp-json\/wp\/v2\/ss_brand?post=204290"},{"taxonomy":"ss_promo","embeddable":true,"href":"https:\/\/www.secondastrada.com\/it\/wp-json\/wp\/v2\/ss_promo?post=204290"},{"taxonomy":"ss_season","embeddable":true,"href":"https:\/\/www.secondastrada.com\/it\/wp-json\/wp\/v2\/ss_season?post=204290"},{"taxonomy":"product_cat","embeddable":true,"href":"https:\/\/www.secondastrada.com\/it\/wp-json\/wp\/v2\/product_cat?post=204290"},{"taxonomy":"product_tag","embeddable":true,"href":"https:\/\/www.secondastrada.com\/it\/wp-json\/wp\/v2\/product_tag?post=204290"}],"curies":[{"name":"wp","href":"https:\/\/api.w.org\/{rel}","templated":true}]}}