{"id":20735,"date":"2024-03-31T17:48:44","date_gmt":"2024-03-31T15:48:44","guid":{"rendered":"http:\/\/secondastrada.com\/scarpe-atlantic-stars-nero\/"},"modified":"2026-01-29T17:53:18","modified_gmt":"2026-01-29T16:53:18","slug":"scarpe-atlantic-stars-nero","status":"publish","type":"product","link":"https:\/\/www.secondastrada.com\/it\/scarpe-atlantic-stars-nero\/","title":{"rendered":"Scarpe Atlantic Stars Nero"},"content":{"rendered":"<p>Scarpe sneakers in varie tonalit\u00e0 di nero e grigio pi\u00f9 dettagli arancioni. Presente logo brand ricamato in nero e suola sagomata. L&#8217;indossatura \u00e8 pratica e regolabile grazie a lacci in tinta abbinata. Le sneakers sono ideali per outfit casual di giorno e di sera. Tutto il confort di cui hai bisogno \u00e8 qui.<\/p>\n","protected":false},"excerpt":{"rendered":"<p>Scarpe sneakers in varie tonalit\u00e0 di nero e grigio pi\u00f9 dettagli arancioni. Presente logo brand ricamato in nero e suola sagomata. L&#8217;indossatura \u00e8 pratica e regolabile grazie a lacci in tinta abbinata. Le sneakers sono ideali per outfit casual di giorno e di sera. Tutto il confort di cui hai bisogno \u00e8 qui.<\/p>\n","protected":false},"featured_media":20731,"template":"","meta":{"inline_featured_image":false},"ss_brand":[2018],"ss_promo":[2182],"ss_season":[1664],"product_cat":[1333,1845,1714],"product_tag":[],"class_list":{"0":"post-20735","1":"product","2":"type-product","3":"status-publish","4":"has-post-thumbnail","6":"ss_brand-atlantic-stars-uomo","7":"ss_promo-ultime-occasioni-uomo","8":"ss_season-pe2024","9":"product_cat-scarpe-da-uomo","10":"product_cat-sneakers-da-uomo","11":"product_cat-collezione-uomo","13":"first","14":"outofstock","15":"shipping-taxable","16":"product-type-variable","17":"has-default-attributes"},"acf":{"ss_brand":[{"term_id":2018,"name":"ATLANTIC STARS","slug":"atlantic-stars-uomo","term_group":0,"term_taxonomy_id":2018,"taxonomy":"ss_brand","description":"","parent":1268,"count":8,"filter":"raw"}],"ss_promo":[2182],"ss_season":[{"term_id":1664,"name":"PE24","slug":"pe2024","term_group":0,"term_taxonomy_id":1664,"taxonomy":"ss_season","description":"","parent":0,"count":1722,"filter":"raw"}],"ss_old_price":"189,00","ss_omnibus_price":"0,00","ss_style_advice":"<p>Scarpe sneakers in varie tonalit\u00e0 di nero e grigio pi\u00f9 dettagli arancioni. Presente logo brand ricamato in nero e suola sagomata. L&#8217;indossatura \u00e8 pratica e regolabile grazie a lacci in tinta abbinata. Le sneakers sono ideali per outfit casual di giorno e di sera. Tutto il confort di cui hai bisogno \u00e8 qui.<\/p>\n","ss_composition":"<p>Tessuto, cuoio e altre materie<\/p>\n","ss_fit":"<p>Il modello calza il numero 44 e la calzata \u00e8 regolare<\/p>\n"},"yoast_head":"<!-- This site is optimized with the Yoast SEO plugin v22.3 - https:\/\/yoast.com\/wordpress\/plugins\/seo\/ -->\n<title>Scarpe Atlantic Stars Nero - Acquista online! - Seconda Strada<\/title>\n<meta name=\"description\" content=\"Scarpe Atlantic Stars Nero \u27a4 Acquista online su Secondastrada.com Scarpe Atlantic Stars Nero \u2714\ufe0f Spedizione veloce entro 24h in tutta Italia \u2714\ufe0f Sconto sul tuo primo acquisto\" \/>\n<meta name=\"robots\" content=\"index, follow, max-snippet:-1, max-image-preview:large, max-video-preview:-1\" \/>\n<link rel=\"canonical\" href=\"https:\/\/www.secondastrada.com\/it\/scarpe-atlantic-stars-nero\/\" \/>\n<meta property=\"og:locale\" content=\"it_IT\" \/>\n<meta property=\"og:type\" content=\"article\" \/>\n<meta property=\"og:title\" content=\"Scarpe Atlantic Stars Nero - Acquista online! - Seconda Strada\" \/>\n<meta property=\"og:description\" content=\"Scarpe Atlantic Stars Nero \u27a4 Acquista online su Secondastrada.com Scarpe Atlantic Stars Nero \u2714\ufe0f Spedizione veloce entro 24h in tutta Italia \u2714\ufe0f Sconto sul tuo primo acquisto\" \/>\n<meta property=\"og:url\" content=\"https:\/\/www.secondastrada.com\/it\/scarpe-atlantic-stars-nero\/\" \/>\n<meta property=\"og:site_name\" content=\"Seconda Strada\" \/>\n<meta property=\"article:modified_time\" content=\"2026-01-29T16:53:18+00:00\" \/>\n<meta property=\"og:image\" content=\"https:\/\/www.secondastrada.com\/wp-content\/uploads\/2024\/03\/DRACOC-BLOR-DR25-SU_BHA1_PE24_1.jpg\" \/>\n\t<meta property=\"og:image:width\" content=\"1000\" \/>\n\t<meta property=\"og:image:height\" content=\"1300\" \/>\n\t<meta property=\"og:image:type\" content=\"image\/jpeg\" \/>\n<meta name=\"twitter:card\" content=\"summary_large_image\" \/>\n<!-- \/ Yoast SEO plugin. -->","yoast_head_json":{"title":"Scarpe Atlantic Stars Nero - Acquista online! - Seconda Strada","description":"Scarpe Atlantic Stars Nero \u27a4 Acquista online su Secondastrada.com Scarpe Atlantic Stars Nero \u2714\ufe0f Spedizione veloce entro 24h in tutta Italia \u2714\ufe0f Sconto sul tuo primo acquisto","robots":{"index":"index","follow":"follow","max-snippet":"max-snippet:-1","max-image-preview":"max-image-preview:large","max-video-preview":"max-video-preview:-1"},"canonical":"https:\/\/www.secondastrada.com\/it\/scarpe-atlantic-stars-nero\/","og_locale":"it_IT","og_type":"article","og_title":"Scarpe Atlantic Stars Nero - Acquista online! - Seconda Strada","og_description":"Scarpe Atlantic Stars Nero \u27a4 Acquista online su Secondastrada.com Scarpe Atlantic Stars Nero \u2714\ufe0f Spedizione veloce entro 24h in tutta Italia \u2714\ufe0f Sconto sul tuo primo acquisto","og_url":"https:\/\/www.secondastrada.com\/it\/scarpe-atlantic-stars-nero\/","og_site_name":"Seconda Strada","article_modified_time":"2026-01-29T16:53:18+00:00","og_image":[{"width":1000,"height":1300,"url":"https:\/\/www.secondastrada.com\/wp-content\/uploads\/2024\/03\/DRACOC-BLOR-DR25-SU_BHA1_PE24_1.jpg","type":"image\/jpeg"}],"twitter_card":"summary_large_image","schema":{"@context":"https:\/\/schema.org","@graph":[{"@type":"WebPage","@id":"https:\/\/www.secondastrada.com\/it\/scarpe-atlantic-stars-nero\/","url":"https:\/\/www.secondastrada.com\/it\/scarpe-atlantic-stars-nero\/","name":"Scarpe Atlantic Stars Nero - Acquista online! - Seconda Strada","isPartOf":{"@id":"https:\/\/www.secondastrada.com\/it\/#website"},"primaryImageOfPage":{"@id":"https:\/\/www.secondastrada.com\/it\/scarpe-atlantic-stars-nero\/#primaryimage"},"image":{"@id":"https:\/\/www.secondastrada.com\/it\/scarpe-atlantic-stars-nero\/#primaryimage"},"thumbnailUrl":"https:\/\/www.secondastrada.com\/wp-content\/uploads\/2024\/03\/DRACOC-BLOR-DR25-SU_BHA1_PE24_1.jpg","datePublished":"2024-03-31T15:48:44+00:00","dateModified":"2026-01-29T16:53:18+00:00","description":"Scarpe Atlantic Stars Nero \u27a4 Acquista online su Secondastrada.com Scarpe Atlantic Stars Nero \u2714\ufe0f Spedizione veloce entro 24h in tutta Italia \u2714\ufe0f Sconto sul tuo primo acquisto","breadcrumb":{"@id":"https:\/\/www.secondastrada.com\/it\/scarpe-atlantic-stars-nero\/#breadcrumb"},"inLanguage":"it-IT","potentialAction":[{"@type":"ReadAction","target":["https:\/\/www.secondastrada.com\/it\/scarpe-atlantic-stars-nero\/"]}]},{"@type":"ImageObject","inLanguage":"it-IT","@id":"https:\/\/www.secondastrada.com\/it\/scarpe-atlantic-stars-nero\/#primaryimage","url":"https:\/\/www.secondastrada.com\/wp-content\/uploads\/2024\/03\/DRACOC-BLOR-DR25-SU_BHA1_PE24_1.jpg","contentUrl":"https:\/\/www.secondastrada.com\/wp-content\/uploads\/2024\/03\/DRACOC-BLOR-DR25-SU_BHA1_PE24_1.jpg","width":1000,"height":1300,"caption":"DRACOC-BLOR-DR25-SU_BHA1_PE24"},{"@type":"BreadcrumbList","@id":"https:\/\/www.secondastrada.com\/it\/scarpe-atlantic-stars-nero\/#breadcrumb","itemListElement":[{"@type":"ListItem","position":1,"name":"Home","item":"https:\/\/www.secondastrada.com\/it\/"},{"@type":"ListItem","position":2,"name":"Shop","item":"https:\/\/www.secondastrada.com\/it\/shop\/"},{"@type":"ListItem","position":3,"name":"Uomo","item":"https:\/\/www.secondastrada.com\/it\/collezione-uomo\/"},{"@type":"ListItem","position":4,"name":"Scarpe","item":"https:\/\/www.secondastrada.com\/it\/collezione-uomo\/scarpe-da-uomo\/"},{"@type":"ListItem","position":5,"name":"Sneakers","item":"https:\/\/www.secondastrada.com\/it\/collezione-uomo\/scarpe-da-uomo\/sneakers-da-uomo\/"},{"@type":"ListItem","position":6,"name":"Scarpe Atlantic Stars Nero"}]},{"@type":"WebSite","@id":"https:\/\/www.secondastrada.com\/it\/#website","url":"https:\/\/www.secondastrada.com\/it\/","name":"Seconda Strada","description":"","publisher":{"@id":"https:\/\/www.secondastrada.com\/it\/#organization"},"potentialAction":[{"@type":"SearchAction","target":{"@type":"EntryPoint","urlTemplate":"https:\/\/www.secondastrada.com\/it\/?s={search_term_string}"},"query-input":"required name=search_term_string"}],"inLanguage":"it-IT"},{"@type":"Organization","@id":"https:\/\/www.secondastrada.com\/it\/#organization","name":"Seconda Strada","url":"https:\/\/www.secondastrada.com\/it\/","logo":{"@type":"ImageObject","inLanguage":"it-IT","@id":"https:\/\/www.secondastrada.com\/it\/#\/schema\/logo\/image\/","url":"https:\/\/www.secondastrada.com\/wp-content\/uploads\/2023\/11\/secondastrada-logo.svg","contentUrl":"https:\/\/www.secondastrada.com\/wp-content\/uploads\/2023\/11\/secondastrada-logo.svg","width":353,"height":47,"caption":"Seconda Strada"},"image":{"@id":"https:\/\/www.secondastrada.com\/it\/#\/schema\/logo\/image\/"}}]}},"df_price":"","df_sale_price":"","df_regular_price":"","df_image_link":"https:\/\/www.secondastrada.com\/wp-content\/uploads\/2024\/03\/DRACOC-BLOR-DR25-SU_BHA1_PE24_1-300x300.jpg","_links":{"self":[{"href":"https:\/\/www.secondastrada.com\/it\/wp-json\/wp\/v2\/product\/20735"}],"collection":[{"href":"https:\/\/www.secondastrada.com\/it\/wp-json\/wp\/v2\/product"}],"about":[{"href":"https:\/\/www.secondastrada.com\/it\/wp-json\/wp\/v2\/types\/product"}],"wp:featuredmedia":[{"embeddable":true,"href":"https:\/\/www.secondastrada.com\/it\/wp-json\/wp\/v2\/media\/20731"}],"wp:attachment":[{"href":"https:\/\/www.secondastrada.com\/it\/wp-json\/wp\/v2\/media?parent=20735"}],"wp:term":[{"taxonomy":"ss_brand","embeddable":true,"href":"https:\/\/www.secondastrada.com\/it\/wp-json\/wp\/v2\/ss_brand?post=20735"},{"taxonomy":"ss_promo","embeddable":true,"href":"https:\/\/www.secondastrada.com\/it\/wp-json\/wp\/v2\/ss_promo?post=20735"},{"taxonomy":"ss_season","embeddable":true,"href":"https:\/\/www.secondastrada.com\/it\/wp-json\/wp\/v2\/ss_season?post=20735"},{"taxonomy":"product_cat","embeddable":true,"href":"https:\/\/www.secondastrada.com\/it\/wp-json\/wp\/v2\/product_cat?post=20735"},{"taxonomy":"product_tag","embeddable":true,"href":"https:\/\/www.secondastrada.com\/it\/wp-json\/wp\/v2\/product_tag?post=20735"}],"curies":[{"name":"wp","href":"https:\/\/api.w.org\/{rel}","templated":true}]}}