{"id":207751,"date":"2024-10-25T13:15:36","date_gmt":"2024-10-25T11:15:36","guid":{"rendered":"https:\/\/www.secondastrada.com\/it\/smanicato-concept83-blu-2\/"},"modified":"2026-01-29T14:27:09","modified_gmt":"2026-01-29T13:27:09","slug":"smanicato-concept83-blu-2","status":"publish","type":"product","link":"https:\/\/www.secondastrada.com\/it\/smanicato-concept83-blu-2\/","title":{"rendered":"Smanicato Concept83 Blu"},"content":{"rendered":"<p>Piumino smanicato con cappuccio in total blu navy. Presenti tasche a taglio trasversale e patch logo brand. La vestibilit\u00e0 \u00e8 morbida e pratica grazie a zip sul fronte. Lo smanicato \u00e8 adatto per occasioni casual e facilmente combinabile. Dona un tocco di stile ai tuoi outfit.<br \/>Cod. art. J107 QVSS OV<br \/>Vi ricordiamo che tutti i nostri articoli sono originali.<\/p>\n","protected":false},"excerpt":{"rendered":"<p>Piumino smanicato con cappuccio in total blu navy. Presenti tasche a taglio trasversale e patch logo brand. La vestibilit\u00e0 \u00e8 morbida e pratica grazie a zip sul fronte. Lo smanicato \u00e8 adatto per occasioni casual e facilmente combinabile. Dona un tocco di stile ai tuoi outfit.Cod. art. J107 QVSS OVVi ricordiamo che tutti i nostri&#8230;<\/p>\n","protected":false},"featured_media":208033,"template":"","meta":{"inline_featured_image":false},"ss_brand":[1877],"ss_promo":[2181],"ss_season":[2189],"product_cat":[1329,1658,1599,1488,2249],"product_tag":[2429],"class_list":{"0":"post-207751","1":"product","2":"type-product","3":"status-publish","4":"has-post-thumbnail","6":"ss_brand-concept83-donna","7":"ss_promo-ultime-occasioni-donna","8":"ss_season-ai24","9":"product_cat-abbigliamento-donna","10":"product_cat-collezione-donna","11":"product_cat-piumini-con-cappuccio-da-donna","12":"product_cat-piumini-da-donna","13":"product_cat-smanicati-da-donna","14":"product_tag-private-label-donna","16":"first","17":"outofstock","18":"shipping-taxable","19":"product-type-variable","20":"has-default-attributes"},"acf":{"ss_brand":[{"term_id":1877,"name":"CONCEPT83","slug":"concept83-donna","term_group":0,"term_taxonomy_id":1877,"taxonomy":"ss_brand","description":"Comodit\u00e0 e stile sporty: scegli il made in Italy irresistibile.\u00a0Acquista online su SecondaStrada.com abbigliamento da donna Concept83 scontatissimo!","parent":1201,"count":303,"filter":"raw"}],"ss_promo":[2181],"ss_season":[{"term_id":2189,"name":"AI24","slug":"ai24","term_group":0,"term_taxonomy_id":2189,"taxonomy":"ss_season","description":"","parent":0,"count":2125,"filter":"raw"}],"ss_old_price":"0,00","ss_omnibus_price":"0,00","ss_style_advice":"<p>Piumino smanicato con cappuccio in total blu navy. Presenti tasche a taglio trasversale e patch logo brand. La vestibilit\u00e0 \u00e8 morbida e pratica grazie a zip sul fronte. Lo smanicato \u00e8 adatto per occasioni casual e facilmente combinabile. Dona un tocco di stile ai tuoi outfit.<br \/>Cod. art. J107 QVSS OV<br \/>Vi ricordiamo che tutti i nostri articoli sono originali.<\/p>\n","ss_composition":"<p>Esterno: 100% poliamide Interno: 100% poliestere<\/p>\n","ss_fit":"<p>La modella \u00e8 alta 165 cm e indossa la taglia S. La vestibilit\u00e0 del capo \u00e8 regolare<\/p>\n"},"yoast_head":"<!-- This site is optimized with the Yoast SEO plugin v22.3 - https:\/\/yoast.com\/wordpress\/plugins\/seo\/ -->\n<title>Smanicato Concept83 Blu - Acquista online! - Seconda Strada<\/title>\n<meta name=\"description\" content=\"Smanicato Concept83 Blu \u27a4 Acquista online su Secondastrada.com Smanicato Concept83 Blu \u2714\ufe0f Spedizione veloce entro 24h in tutta Italia \u2714\ufe0f Sconto sul tuo primo acquisto\" \/>\n<meta name=\"robots\" content=\"index, follow, max-snippet:-1, max-image-preview:large, max-video-preview:-1\" \/>\n<link rel=\"canonical\" href=\"https:\/\/www.secondastrada.com\/it\/smanicato-concept83-blu-2\/\" \/>\n<meta property=\"og:locale\" content=\"it_IT\" \/>\n<meta property=\"og:type\" content=\"article\" \/>\n<meta property=\"og:title\" content=\"Smanicato Concept83 Blu - Acquista online! - Seconda Strada\" \/>\n<meta property=\"og:description\" content=\"Smanicato Concept83 Blu \u27a4 Acquista online su Secondastrada.com Smanicato Concept83 Blu \u2714\ufe0f Spedizione veloce entro 24h in tutta Italia \u2714\ufe0f Sconto sul tuo primo acquisto\" \/>\n<meta property=\"og:url\" content=\"https:\/\/www.secondastrada.com\/it\/smanicato-concept83-blu-2\/\" \/>\n<meta property=\"og:site_name\" content=\"Seconda Strada\" \/>\n<meta property=\"article:modified_time\" content=\"2026-01-29T13:27:09+00:00\" \/>\n<meta property=\"og:image\" content=\"https:\/\/www.secondastrada.com\/wp-content\/uploads\/2024\/10\/J107-QVSS-OV_BLU_AI24_1.jpg\" \/>\n\t<meta property=\"og:image:width\" content=\"1000\" \/>\n\t<meta property=\"og:image:height\" content=\"1300\" \/>\n\t<meta property=\"og:image:type\" content=\"image\/jpeg\" \/>\n<meta name=\"twitter:card\" content=\"summary_large_image\" \/>\n<!-- \/ Yoast SEO plugin. -->","yoast_head_json":{"title":"Smanicato Concept83 Blu - Acquista online! - Seconda Strada","description":"Smanicato Concept83 Blu \u27a4 Acquista online su Secondastrada.com Smanicato Concept83 Blu \u2714\ufe0f Spedizione veloce entro 24h in tutta Italia \u2714\ufe0f Sconto sul tuo primo acquisto","robots":{"index":"index","follow":"follow","max-snippet":"max-snippet:-1","max-image-preview":"max-image-preview:large","max-video-preview":"max-video-preview:-1"},"canonical":"https:\/\/www.secondastrada.com\/it\/smanicato-concept83-blu-2\/","og_locale":"it_IT","og_type":"article","og_title":"Smanicato Concept83 Blu - Acquista online! - Seconda Strada","og_description":"Smanicato Concept83 Blu \u27a4 Acquista online su Secondastrada.com Smanicato Concept83 Blu \u2714\ufe0f Spedizione veloce entro 24h in tutta Italia \u2714\ufe0f Sconto sul tuo primo acquisto","og_url":"https:\/\/www.secondastrada.com\/it\/smanicato-concept83-blu-2\/","og_site_name":"Seconda Strada","article_modified_time":"2026-01-29T13:27:09+00:00","og_image":[{"width":1000,"height":1300,"url":"https:\/\/www.secondastrada.com\/wp-content\/uploads\/2024\/10\/J107-QVSS-OV_BLU_AI24_1.jpg","type":"image\/jpeg"}],"twitter_card":"summary_large_image","schema":{"@context":"https:\/\/schema.org","@graph":[{"@type":"WebPage","@id":"https:\/\/www.secondastrada.com\/it\/smanicato-concept83-blu-2\/","url":"https:\/\/www.secondastrada.com\/it\/smanicato-concept83-blu-2\/","name":"Smanicato Concept83 Blu - Acquista online! - Seconda Strada","isPartOf":{"@id":"https:\/\/www.secondastrada.com\/it\/#website"},"primaryImageOfPage":{"@id":"https:\/\/www.secondastrada.com\/it\/smanicato-concept83-blu-2\/#primaryimage"},"image":{"@id":"https:\/\/www.secondastrada.com\/it\/smanicato-concept83-blu-2\/#primaryimage"},"thumbnailUrl":"https:\/\/www.secondastrada.com\/wp-content\/uploads\/2024\/10\/J107-QVSS-OV_BLU_AI24_1.jpg","datePublished":"2024-10-25T11:15:36+00:00","dateModified":"2026-01-29T13:27:09+00:00","description":"Smanicato Concept83 Blu \u27a4 Acquista online su Secondastrada.com Smanicato Concept83 Blu \u2714\ufe0f Spedizione veloce entro 24h in tutta Italia \u2714\ufe0f Sconto sul tuo primo acquisto","breadcrumb":{"@id":"https:\/\/www.secondastrada.com\/it\/smanicato-concept83-blu-2\/#breadcrumb"},"inLanguage":"it-IT","potentialAction":[{"@type":"ReadAction","target":["https:\/\/www.secondastrada.com\/it\/smanicato-concept83-blu-2\/"]}]},{"@type":"ImageObject","inLanguage":"it-IT","@id":"https:\/\/www.secondastrada.com\/it\/smanicato-concept83-blu-2\/#primaryimage","url":"https:\/\/www.secondastrada.com\/wp-content\/uploads\/2024\/10\/J107-QVSS-OV_BLU_AI24_1.jpg","contentUrl":"https:\/\/www.secondastrada.com\/wp-content\/uploads\/2024\/10\/J107-QVSS-OV_BLU_AI24_1.jpg","width":1000,"height":1300,"caption":"J107-QVSS-OV_BLU_AI24"},{"@type":"BreadcrumbList","@id":"https:\/\/www.secondastrada.com\/it\/smanicato-concept83-blu-2\/#breadcrumb","itemListElement":[{"@type":"ListItem","position":1,"name":"Home","item":"https:\/\/www.secondastrada.com\/it\/"},{"@type":"ListItem","position":2,"name":"Shop","item":"https:\/\/www.secondastrada.com\/it\/shop\/"},{"@type":"ListItem","position":3,"name":"Donna","item":"https:\/\/www.secondastrada.com\/it\/collezione-donna\/"},{"@type":"ListItem","position":4,"name":"Abbigliamento","item":"https:\/\/www.secondastrada.com\/it\/collezione-donna\/abbigliamento-donna\/"},{"@type":"ListItem","position":5,"name":"Piumini e Parka","item":"https:\/\/www.secondastrada.com\/it\/collezione-donna\/abbigliamento-donna\/piumini-da-donna\/"},{"@type":"ListItem","position":6,"name":"Piumini con cappuccio","item":"https:\/\/www.secondastrada.com\/it\/collezione-donna\/abbigliamento-donna\/piumini-da-donna\/piumini-con-cappuccio-da-donna\/"},{"@type":"ListItem","position":7,"name":"Smanicato Concept83 Blu"}]},{"@type":"WebSite","@id":"https:\/\/www.secondastrada.com\/it\/#website","url":"https:\/\/www.secondastrada.com\/it\/","name":"Seconda Strada","description":"","publisher":{"@id":"https:\/\/www.secondastrada.com\/it\/#organization"},"potentialAction":[{"@type":"SearchAction","target":{"@type":"EntryPoint","urlTemplate":"https:\/\/www.secondastrada.com\/it\/?s={search_term_string}"},"query-input":"required name=search_term_string"}],"inLanguage":"it-IT"},{"@type":"Organization","@id":"https:\/\/www.secondastrada.com\/it\/#organization","name":"Seconda Strada","url":"https:\/\/www.secondastrada.com\/it\/","logo":{"@type":"ImageObject","inLanguage":"it-IT","@id":"https:\/\/www.secondastrada.com\/it\/#\/schema\/logo\/image\/","url":"https:\/\/www.secondastrada.com\/wp-content\/uploads\/2023\/11\/secondastrada-logo.svg","contentUrl":"https:\/\/www.secondastrada.com\/wp-content\/uploads\/2023\/11\/secondastrada-logo.svg","width":353,"height":47,"caption":"Seconda Strada"},"image":{"@id":"https:\/\/www.secondastrada.com\/it\/#\/schema\/logo\/image\/"}}]}},"df_price":"","df_sale_price":"","df_regular_price":"","df_image_link":"https:\/\/www.secondastrada.com\/wp-content\/uploads\/2024\/10\/J107-QVSS-OV_BLU_AI24_1-300x300.jpg","_links":{"self":[{"href":"https:\/\/www.secondastrada.com\/it\/wp-json\/wp\/v2\/product\/207751"}],"collection":[{"href":"https:\/\/www.secondastrada.com\/it\/wp-json\/wp\/v2\/product"}],"about":[{"href":"https:\/\/www.secondastrada.com\/it\/wp-json\/wp\/v2\/types\/product"}],"wp:featuredmedia":[{"embeddable":true,"href":"https:\/\/www.secondastrada.com\/it\/wp-json\/wp\/v2\/media\/208033"}],"wp:attachment":[{"href":"https:\/\/www.secondastrada.com\/it\/wp-json\/wp\/v2\/media?parent=207751"}],"wp:term":[{"taxonomy":"ss_brand","embeddable":true,"href":"https:\/\/www.secondastrada.com\/it\/wp-json\/wp\/v2\/ss_brand?post=207751"},{"taxonomy":"ss_promo","embeddable":true,"href":"https:\/\/www.secondastrada.com\/it\/wp-json\/wp\/v2\/ss_promo?post=207751"},{"taxonomy":"ss_season","embeddable":true,"href":"https:\/\/www.secondastrada.com\/it\/wp-json\/wp\/v2\/ss_season?post=207751"},{"taxonomy":"product_cat","embeddable":true,"href":"https:\/\/www.secondastrada.com\/it\/wp-json\/wp\/v2\/product_cat?post=207751"},{"taxonomy":"product_tag","embeddable":true,"href":"https:\/\/www.secondastrada.com\/it\/wp-json\/wp\/v2\/product_tag?post=207751"}],"curies":[{"name":"wp","href":"https:\/\/api.w.org\/{rel}","templated":true}]}}