{"id":208487,"date":"2024-10-24T11:15:54","date_gmt":"2024-10-24T09:15:54","guid":{"rendered":"https:\/\/www.secondastrada.com\/it\/cofanetto-portatessere-e-cintura-concept83-marrone\/"},"modified":"2026-01-30T01:56:30","modified_gmt":"2026-01-30T00:56:30","slug":"cofanetto-portatessere-e-cintura-concept83-marrone","status":"publish","type":"product","link":"https:\/\/www.secondastrada.com\/it\/cofanetto-portatessere-e-cintura-concept83-marrone\/","title":{"rendered":"Cofanetto portatessere e cintura Concept83 Marrone"},"content":{"rendered":"<p>Cofanetto regalo composto da oggetti in vera pelle ovvero: portatessere in total marrone testa di moro pi\u00f9 cintura in tonalit\u00e0 coordinata. Il cofanetto regalo \u00e8 ideale per ogni occasione.<br \/>Cod. art. IDK860 35 PAR CON OV<br \/>Vi ricordiamo che tutti i nostri articoli sono originali.<\/p>\n","protected":false},"excerpt":{"rendered":"<p>Cofanetto regalo composto da oggetti in vera pelle ovvero: portatessere in total marrone testa di moro pi\u00f9 cintura in tonalit\u00e0 coordinata. Il cofanetto regalo \u00e8 ideale per ogni occasione.Cod. art. IDK860 35 PAR CON OVVi ricordiamo che tutti i nostri articoli sono originali.<\/p>\n","protected":false},"featured_media":208446,"template":"","meta":{"inline_featured_image":false},"ss_brand":[1326],"ss_promo":[2182],"ss_season":[2189],"product_cat":[1334,1851,2269,1853,1714],"product_tag":[2430],"class_list":{"0":"post-208487","1":"product","2":"type-product","3":"status-publish","4":"has-post-thumbnail","6":"ss_brand-concept83-uomo","7":"ss_promo-ultime-occasioni-uomo","8":"ss_season-ai24","9":"product_cat-accessori-da-uomo","10":"product_cat-cinture-da-uomo","11":"product_cat-cofanetto-regalo-da-uomo","12":"product_cat-portafogli-da-uomo","13":"product_cat-collezione-uomo","14":"product_tag-private-label-uomo","16":"first","17":"outofstock","18":"shipping-taxable","19":"product-type-variable","20":"has-default-attributes"},"acf":{"ss_brand":[{"term_id":1326,"name":"CONCEPT83","slug":"concept83-uomo","term_group":0,"term_taxonomy_id":1326,"taxonomy":"ss_brand","description":"Concept83: lo streetwear di tendenza al miglior prezzo.\u00a0Acquista online su SecondaStrada.com <strong>abbigliamento da uomo Concept83 scontatissimo<\/strong>!","parent":1268,"count":203,"filter":"raw"}],"ss_promo":[2182],"ss_season":[{"term_id":2189,"name":"AI24","slug":"ai24","term_group":0,"term_taxonomy_id":2189,"taxonomy":"ss_season","description":"","parent":0,"count":2125,"filter":"raw"}],"ss_old_price":"0,00","ss_omnibus_price":"0,00","ss_style_advice":"<p>Cofanetto regalo composto da oggetti in vera pelle ovvero: portatessere in total marrone testa di moro pi\u00f9 cintura in tonalit\u00e0 coordinata. Il cofanetto regalo \u00e8 ideale per ogni occasione.<br \/>Cod. art. IDK860 35 PAR CON OV<br \/>Vi ricordiamo che tutti i nostri articoli sono originali.<\/p>\n","ss_composition":"<p>100% pelle<\/p>\n","ss_fit":"<p>Portatessere: Misure taglia U: <br \/>&#8211; Base inferiore: 7 cm <br \/>&#8211; Altezza massima: 10 cm <br \/>&#8211; Profondit\u00e0: 2 cm Cintura: Misure taglia U: <br \/>&#8211; Lunghezza (dalla fibbia al buco centrale*): 104 cm <br \/>&#8211; Altezza massima: 4 cm <br \/> *Il secondo buco disponibile a partire dall\u2019esterno<\/p>\n"},"yoast_head":"<!-- This site is optimized with the Yoast SEO plugin v22.3 - https:\/\/yoast.com\/wordpress\/plugins\/seo\/ -->\n<title>Cofanetto portatessere e cintura Concept83 Marrone - Acquista online! - Seconda Strada<\/title>\n<meta name=\"description\" content=\"Cofanetto portatessere e cintura Concept83 Marrone \u27a4 Acquista online su Secondastrada.com Cofanetto portatessere e cintura Concept83 Marrone \u2714\ufe0f Spedizione veloce entro 24h in tutta Italia \u2714\ufe0f Sconto sul tuo primo acquisto\" \/>\n<meta name=\"robots\" content=\"index, follow, max-snippet:-1, max-image-preview:large, max-video-preview:-1\" \/>\n<link rel=\"canonical\" href=\"https:\/\/www.secondastrada.com\/it\/cofanetto-portatessere-e-cintura-concept83-marrone\/\" \/>\n<meta property=\"og:locale\" content=\"it_IT\" \/>\n<meta property=\"og:type\" content=\"article\" \/>\n<meta property=\"og:title\" content=\"Cofanetto portatessere e cintura Concept83 Marrone - Acquista online! - Seconda Strada\" \/>\n<meta property=\"og:description\" content=\"Cofanetto portatessere e cintura Concept83 Marrone \u27a4 Acquista online su Secondastrada.com Cofanetto portatessere e cintura Concept83 Marrone \u2714\ufe0f Spedizione veloce entro 24h in tutta Italia \u2714\ufe0f Sconto sul tuo primo acquisto\" \/>\n<meta property=\"og:url\" content=\"https:\/\/www.secondastrada.com\/it\/cofanetto-portatessere-e-cintura-concept83-marrone\/\" \/>\n<meta property=\"og:site_name\" content=\"Seconda Strada\" \/>\n<meta property=\"article:modified_time\" content=\"2026-01-30T00:56:30+00:00\" \/>\n<meta property=\"og:image\" content=\"https:\/\/www.secondastrada.com\/wp-content\/uploads\/2024\/10\/IDK860-35-PAR-CON-OV_TESTA-MORO_AI24_1.jpg\" \/>\n\t<meta property=\"og:image:width\" content=\"1000\" \/>\n\t<meta property=\"og:image:height\" content=\"1300\" \/>\n\t<meta property=\"og:image:type\" content=\"image\/jpeg\" \/>\n<meta name=\"twitter:card\" content=\"summary_large_image\" \/>\n<!-- \/ Yoast SEO plugin. -->","yoast_head_json":{"title":"Cofanetto portatessere e cintura Concept83 Marrone - Acquista online! - Seconda Strada","description":"Cofanetto portatessere e cintura Concept83 Marrone \u27a4 Acquista online su Secondastrada.com Cofanetto portatessere e cintura Concept83 Marrone \u2714\ufe0f Spedizione veloce entro 24h in tutta Italia \u2714\ufe0f Sconto sul tuo primo acquisto","robots":{"index":"index","follow":"follow","max-snippet":"max-snippet:-1","max-image-preview":"max-image-preview:large","max-video-preview":"max-video-preview:-1"},"canonical":"https:\/\/www.secondastrada.com\/it\/cofanetto-portatessere-e-cintura-concept83-marrone\/","og_locale":"it_IT","og_type":"article","og_title":"Cofanetto portatessere e cintura Concept83 Marrone - Acquista online! - Seconda Strada","og_description":"Cofanetto portatessere e cintura Concept83 Marrone \u27a4 Acquista online su Secondastrada.com Cofanetto portatessere e cintura Concept83 Marrone \u2714\ufe0f Spedizione veloce entro 24h in tutta Italia \u2714\ufe0f Sconto sul tuo primo acquisto","og_url":"https:\/\/www.secondastrada.com\/it\/cofanetto-portatessere-e-cintura-concept83-marrone\/","og_site_name":"Seconda Strada","article_modified_time":"2026-01-30T00:56:30+00:00","og_image":[{"width":1000,"height":1300,"url":"https:\/\/www.secondastrada.com\/wp-content\/uploads\/2024\/10\/IDK860-35-PAR-CON-OV_TESTA-MORO_AI24_1.jpg","type":"image\/jpeg"}],"twitter_card":"summary_large_image","schema":{"@context":"https:\/\/schema.org","@graph":[{"@type":"WebPage","@id":"https:\/\/www.secondastrada.com\/it\/cofanetto-portatessere-e-cintura-concept83-marrone\/","url":"https:\/\/www.secondastrada.com\/it\/cofanetto-portatessere-e-cintura-concept83-marrone\/","name":"Cofanetto portatessere e cintura Concept83 Marrone - Acquista online! - Seconda Strada","isPartOf":{"@id":"https:\/\/www.secondastrada.com\/it\/#website"},"primaryImageOfPage":{"@id":"https:\/\/www.secondastrada.com\/it\/cofanetto-portatessere-e-cintura-concept83-marrone\/#primaryimage"},"image":{"@id":"https:\/\/www.secondastrada.com\/it\/cofanetto-portatessere-e-cintura-concept83-marrone\/#primaryimage"},"thumbnailUrl":"https:\/\/www.secondastrada.com\/wp-content\/uploads\/2024\/10\/IDK860-35-PAR-CON-OV_TESTA-MORO_AI24_1.jpg","datePublished":"2024-10-24T09:15:54+00:00","dateModified":"2026-01-30T00:56:30+00:00","description":"Cofanetto portatessere e cintura Concept83 Marrone \u27a4 Acquista online su Secondastrada.com Cofanetto portatessere e cintura Concept83 Marrone \u2714\ufe0f Spedizione veloce entro 24h in tutta Italia \u2714\ufe0f Sconto sul tuo primo acquisto","breadcrumb":{"@id":"https:\/\/www.secondastrada.com\/it\/cofanetto-portatessere-e-cintura-concept83-marrone\/#breadcrumb"},"inLanguage":"it-IT","potentialAction":[{"@type":"ReadAction","target":["https:\/\/www.secondastrada.com\/it\/cofanetto-portatessere-e-cintura-concept83-marrone\/"]}]},{"@type":"ImageObject","inLanguage":"it-IT","@id":"https:\/\/www.secondastrada.com\/it\/cofanetto-portatessere-e-cintura-concept83-marrone\/#primaryimage","url":"https:\/\/www.secondastrada.com\/wp-content\/uploads\/2024\/10\/IDK860-35-PAR-CON-OV_TESTA-MORO_AI24_1.jpg","contentUrl":"https:\/\/www.secondastrada.com\/wp-content\/uploads\/2024\/10\/IDK860-35-PAR-CON-OV_TESTA-MORO_AI24_1.jpg","width":1000,"height":1300,"caption":"IDK860-35-PAR-CON-OV_TESTA-MORO_AI24"},{"@type":"BreadcrumbList","@id":"https:\/\/www.secondastrada.com\/it\/cofanetto-portatessere-e-cintura-concept83-marrone\/#breadcrumb","itemListElement":[{"@type":"ListItem","position":1,"name":"Home","item":"https:\/\/www.secondastrada.com\/it\/"},{"@type":"ListItem","position":2,"name":"Shop","item":"https:\/\/www.secondastrada.com\/it\/shop\/"},{"@type":"ListItem","position":3,"name":"Uomo","item":"https:\/\/www.secondastrada.com\/it\/collezione-uomo\/"},{"@type":"ListItem","position":4,"name":"Accessori","item":"https:\/\/www.secondastrada.com\/it\/collezione-uomo\/accessori-da-uomo\/"},{"@type":"ListItem","position":5,"name":"Cinture","item":"https:\/\/www.secondastrada.com\/it\/collezione-uomo\/accessori-da-uomo\/cinture-da-uomo\/"},{"@type":"ListItem","position":6,"name":"Cofanetto portatessere e cintura Concept83 Marrone"}]},{"@type":"WebSite","@id":"https:\/\/www.secondastrada.com\/it\/#website","url":"https:\/\/www.secondastrada.com\/it\/","name":"Seconda Strada","description":"","publisher":{"@id":"https:\/\/www.secondastrada.com\/it\/#organization"},"potentialAction":[{"@type":"SearchAction","target":{"@type":"EntryPoint","urlTemplate":"https:\/\/www.secondastrada.com\/it\/?s={search_term_string}"},"query-input":"required name=search_term_string"}],"inLanguage":"it-IT"},{"@type":"Organization","@id":"https:\/\/www.secondastrada.com\/it\/#organization","name":"Seconda Strada","url":"https:\/\/www.secondastrada.com\/it\/","logo":{"@type":"ImageObject","inLanguage":"it-IT","@id":"https:\/\/www.secondastrada.com\/it\/#\/schema\/logo\/image\/","url":"https:\/\/www.secondastrada.com\/wp-content\/uploads\/2023\/11\/secondastrada-logo.svg","contentUrl":"https:\/\/www.secondastrada.com\/wp-content\/uploads\/2023\/11\/secondastrada-logo.svg","width":353,"height":47,"caption":"Seconda Strada"},"image":{"@id":"https:\/\/www.secondastrada.com\/it\/#\/schema\/logo\/image\/"}}]}},"df_price":"","df_sale_price":"","df_regular_price":"","df_image_link":"https:\/\/www.secondastrada.com\/wp-content\/uploads\/2024\/10\/IDK860-35-PAR-CON-OV_TESTA-MORO_AI24_1-300x300.jpg","_links":{"self":[{"href":"https:\/\/www.secondastrada.com\/it\/wp-json\/wp\/v2\/product\/208487"}],"collection":[{"href":"https:\/\/www.secondastrada.com\/it\/wp-json\/wp\/v2\/product"}],"about":[{"href":"https:\/\/www.secondastrada.com\/it\/wp-json\/wp\/v2\/types\/product"}],"wp:featuredmedia":[{"embeddable":true,"href":"https:\/\/www.secondastrada.com\/it\/wp-json\/wp\/v2\/media\/208446"}],"wp:attachment":[{"href":"https:\/\/www.secondastrada.com\/it\/wp-json\/wp\/v2\/media?parent=208487"}],"wp:term":[{"taxonomy":"ss_brand","embeddable":true,"href":"https:\/\/www.secondastrada.com\/it\/wp-json\/wp\/v2\/ss_brand?post=208487"},{"taxonomy":"ss_promo","embeddable":true,"href":"https:\/\/www.secondastrada.com\/it\/wp-json\/wp\/v2\/ss_promo?post=208487"},{"taxonomy":"ss_season","embeddable":true,"href":"https:\/\/www.secondastrada.com\/it\/wp-json\/wp\/v2\/ss_season?post=208487"},{"taxonomy":"product_cat","embeddable":true,"href":"https:\/\/www.secondastrada.com\/it\/wp-json\/wp\/v2\/product_cat?post=208487"},{"taxonomy":"product_tag","embeddable":true,"href":"https:\/\/www.secondastrada.com\/it\/wp-json\/wp\/v2\/product_tag?post=208487"}],"curies":[{"name":"wp","href":"https:\/\/api.w.org\/{rel}","templated":true}]}}