{"id":210350,"date":"2024-10-30T13:35:41","date_gmt":"2024-10-30T12:35:41","guid":{"rendered":"https:\/\/www.secondastrada.com\/it\/piumino-colmar-nero-2\/"},"modified":"2025-02-03T23:58:16","modified_gmt":"2025-02-03T22:58:16","slug":"piumino-colmar-nero-2","status":"publish","type":"product","link":"https:\/\/www.secondastrada.com\/it\/piumino-colmar-nero-2\/","title":{"rendered":"Piumino Colmar Nero"},"content":{"rendered":"<p>Piumino lungo con cappuccio evidenziato in fake fur in total nero. L&#8217;interno \u00e8 composto anche da vera piuma d&#8217;anatra. Presenti tasche a taglio trasversale con chiusura a zip. La vestibilit\u00e0 \u00e8 asciutta e pratica grazie a doppia chiusura con bottoni automatici e zip. Il piumino \u00e8 adatto per occasioni casual e facilmente combinabile. Praticit\u00e0 e stile in un solo capo.<br \/>Cod. art. 2211F 6XT SV<br \/>Vi ricordiamo che tutti i nostri articoli sono originali.<\/p>\n","protected":false},"excerpt":{"rendered":"<p>Piumino lungo con cappuccio evidenziato in fake fur in total nero. L&#8217;interno \u00e8 composto anche da vera piuma d&#8217;anatra. Presenti tasche a taglio trasversale con chiusura a zip. La vestibilit\u00e0 \u00e8 asciutta e pratica grazie a doppia chiusura con bottoni automatici e zip. Il piumino \u00e8 adatto per occasioni casual e facilmente combinabile. Praticit\u00e0 e&#8230;<\/p>\n","protected":false},"featured_media":209760,"template":"","meta":{"inline_featured_image":false},"ss_brand":[1868],"ss_promo":[],"ss_season":[2189],"product_cat":[1329,1658,1599,1488,1600],"product_tag":[],"class_list":{"0":"post-210350","1":"product","2":"type-product","3":"status-publish","4":"has-post-thumbnail","6":"ss_brand-colmar-donna","7":"ss_season-ai24","8":"product_cat-abbigliamento-donna","9":"product_cat-collezione-donna","10":"product_cat-piumini-con-cappuccio-da-donna","11":"product_cat-piumini-da-donna","12":"product_cat-piumini-lunghi-da-donna","14":"first","15":"outofstock","16":"shipping-taxable","17":"product-type-variable","18":"has-default-attributes"},"acf":{"ss_brand":[{"term_id":1868,"name":"COLMAR","slug":"colmar-donna","term_group":0,"term_taxonomy_id":1868,"taxonomy":"ss_brand","description":"Colmar \u00e8 il brand di piumini in vera piuma d'oca made in Italy affermato sul mercato da tantissimi anni. Un modello irresistibile da indossare per il tuo inverno. Su SecondaStrada.com scopri subito tutti i nostri sconti online e non lasciarteli sfuggire, i piumini Co,mar da donna sono un'occasione da prendere al volo.","parent":1201,"count":16,"filter":"raw"}],"ss_promo":false,"ss_season":[{"term_id":2189,"name":"AI24","slug":"ai24","term_group":0,"term_taxonomy_id":2189,"taxonomy":"ss_season","description":"","parent":0,"count":2126,"filter":"raw"}],"ss_old_price":"659,00","ss_omnibus_price":"0,00","ss_style_advice":"<p>Piumino lungo con cappuccio evidenziato in fake fur in total nero. L&#8217;interno \u00e8 composto anche da vera piuma d&#8217;anatra. Presenti tasche a taglio trasversale con chiusura a zip. La vestibilit\u00e0 \u00e8 asciutta e pratica grazie a doppia chiusura con bottoni automatici e zip. Il piumino \u00e8 adatto per occasioni casual e facilmente combinabile. Praticit\u00e0 e stile in un solo capo.<br \/>Cod. art. 2211F 6XT SV<br \/>Vi ricordiamo che tutti i nostri articoli sono originali.<\/p>\n","ss_composition":"<p>Esterno: 100% poliammidica Interno: 90% piumino anatra 10% piuma anatra<\/p>\n","ss_fit":"<p>La modella \u00e8 alta 165 cm e indossa la taglia 40. La vestibilit\u00e0 del capo \u00e8 asciutta<\/p>\n"},"yoast_head":"<!-- This site is optimized with the Yoast SEO plugin v22.3 - https:\/\/yoast.com\/wordpress\/plugins\/seo\/ -->\n<title>Piumino Colmar Nero - Acquista online! - Seconda Strada<\/title>\n<meta name=\"description\" content=\"Piumino Colmar Nero \u27a4 Acquista online su Secondastrada.com Piumino Colmar Nero \u2714\ufe0f Spedizione veloce entro 24h in tutta Italia \u2714\ufe0f Sconto sul tuo primo acquisto\" \/>\n<meta name=\"robots\" content=\"index, follow, max-snippet:-1, max-image-preview:large, max-video-preview:-1\" \/>\n<link rel=\"canonical\" href=\"https:\/\/www.secondastrada.com\/it\/piumino-colmar-nero-2\/\" \/>\n<meta property=\"og:locale\" content=\"it_IT\" \/>\n<meta property=\"og:type\" content=\"article\" \/>\n<meta property=\"og:title\" content=\"Piumino Colmar Nero - Acquista online! - Seconda Strada\" \/>\n<meta property=\"og:description\" content=\"Piumino Colmar Nero \u27a4 Acquista online su Secondastrada.com Piumino Colmar Nero \u2714\ufe0f Spedizione veloce entro 24h in tutta Italia \u2714\ufe0f Sconto sul tuo primo acquisto\" \/>\n<meta property=\"og:url\" content=\"https:\/\/www.secondastrada.com\/it\/piumino-colmar-nero-2\/\" \/>\n<meta property=\"og:site_name\" content=\"Seconda Strada\" \/>\n<meta property=\"article:modified_time\" content=\"2025-02-03T22:58:16+00:00\" \/>\n<meta property=\"og:image\" content=\"https:\/\/www.secondastrada.com\/wp-content\/uploads\/2024\/10\/2211F-6XT-SV_BLACK_AI24_1.jpg\" \/>\n\t<meta property=\"og:image:width\" content=\"1000\" \/>\n\t<meta property=\"og:image:height\" content=\"1300\" \/>\n\t<meta property=\"og:image:type\" content=\"image\/jpeg\" \/>\n<meta name=\"twitter:card\" content=\"summary_large_image\" \/>\n<!-- \/ Yoast SEO plugin. -->","yoast_head_json":{"title":"Piumino Colmar Nero - Acquista online! - Seconda Strada","description":"Piumino Colmar Nero \u27a4 Acquista online su Secondastrada.com Piumino Colmar Nero \u2714\ufe0f Spedizione veloce entro 24h in tutta Italia \u2714\ufe0f Sconto sul tuo primo acquisto","robots":{"index":"index","follow":"follow","max-snippet":"max-snippet:-1","max-image-preview":"max-image-preview:large","max-video-preview":"max-video-preview:-1"},"canonical":"https:\/\/www.secondastrada.com\/it\/piumino-colmar-nero-2\/","og_locale":"it_IT","og_type":"article","og_title":"Piumino Colmar Nero - Acquista online! - Seconda Strada","og_description":"Piumino Colmar Nero \u27a4 Acquista online su Secondastrada.com Piumino Colmar Nero \u2714\ufe0f Spedizione veloce entro 24h in tutta Italia \u2714\ufe0f Sconto sul tuo primo acquisto","og_url":"https:\/\/www.secondastrada.com\/it\/piumino-colmar-nero-2\/","og_site_name":"Seconda Strada","article_modified_time":"2025-02-03T22:58:16+00:00","og_image":[{"width":1000,"height":1300,"url":"https:\/\/www.secondastrada.com\/wp-content\/uploads\/2024\/10\/2211F-6XT-SV_BLACK_AI24_1.jpg","type":"image\/jpeg"}],"twitter_card":"summary_large_image","schema":{"@context":"https:\/\/schema.org","@graph":[{"@type":"WebPage","@id":"https:\/\/www.secondastrada.com\/it\/piumino-colmar-nero-2\/","url":"https:\/\/www.secondastrada.com\/it\/piumino-colmar-nero-2\/","name":"Piumino Colmar Nero - Acquista online! - Seconda Strada","isPartOf":{"@id":"https:\/\/www.secondastrada.com\/it\/#website"},"primaryImageOfPage":{"@id":"https:\/\/www.secondastrada.com\/it\/piumino-colmar-nero-2\/#primaryimage"},"image":{"@id":"https:\/\/www.secondastrada.com\/it\/piumino-colmar-nero-2\/#primaryimage"},"thumbnailUrl":"https:\/\/www.secondastrada.com\/wp-content\/uploads\/2024\/10\/2211F-6XT-SV_BLACK_AI24_1.jpg","datePublished":"2024-10-30T12:35:41+00:00","dateModified":"2025-02-03T22:58:16+00:00","description":"Piumino Colmar Nero \u27a4 Acquista online su Secondastrada.com Piumino Colmar Nero \u2714\ufe0f Spedizione veloce entro 24h in tutta Italia \u2714\ufe0f Sconto sul tuo primo acquisto","breadcrumb":{"@id":"https:\/\/www.secondastrada.com\/it\/piumino-colmar-nero-2\/#breadcrumb"},"inLanguage":"it-IT","potentialAction":[{"@type":"ReadAction","target":["https:\/\/www.secondastrada.com\/it\/piumino-colmar-nero-2\/"]}]},{"@type":"ImageObject","inLanguage":"it-IT","@id":"https:\/\/www.secondastrada.com\/it\/piumino-colmar-nero-2\/#primaryimage","url":"https:\/\/www.secondastrada.com\/wp-content\/uploads\/2024\/10\/2211F-6XT-SV_BLACK_AI24_1.jpg","contentUrl":"https:\/\/www.secondastrada.com\/wp-content\/uploads\/2024\/10\/2211F-6XT-SV_BLACK_AI24_1.jpg","width":1000,"height":1300,"caption":"2211F-6XT-SV_BLACK_AI24"},{"@type":"BreadcrumbList","@id":"https:\/\/www.secondastrada.com\/it\/piumino-colmar-nero-2\/#breadcrumb","itemListElement":[{"@type":"ListItem","position":1,"name":"Home","item":"https:\/\/www.secondastrada.com\/it\/"},{"@type":"ListItem","position":2,"name":"Shop","item":"https:\/\/www.secondastrada.com\/it\/shop\/"},{"@type":"ListItem","position":3,"name":"Donna","item":"https:\/\/www.secondastrada.com\/it\/collezione-donna\/"},{"@type":"ListItem","position":4,"name":"Abbigliamento","item":"https:\/\/www.secondastrada.com\/it\/collezione-donna\/abbigliamento-donna\/"},{"@type":"ListItem","position":5,"name":"Piumini e Parka","item":"https:\/\/www.secondastrada.com\/it\/collezione-donna\/abbigliamento-donna\/piumini-da-donna\/"},{"@type":"ListItem","position":6,"name":"Piumini con cappuccio","item":"https:\/\/www.secondastrada.com\/it\/collezione-donna\/abbigliamento-donna\/piumini-da-donna\/piumini-con-cappuccio-da-donna\/"},{"@type":"ListItem","position":7,"name":"Piumino Colmar Nero"}]},{"@type":"WebSite","@id":"https:\/\/www.secondastrada.com\/it\/#website","url":"https:\/\/www.secondastrada.com\/it\/","name":"Seconda Strada","description":"","publisher":{"@id":"https:\/\/www.secondastrada.com\/it\/#organization"},"potentialAction":[{"@type":"SearchAction","target":{"@type":"EntryPoint","urlTemplate":"https:\/\/www.secondastrada.com\/it\/?s={search_term_string}"},"query-input":"required name=search_term_string"}],"inLanguage":"it-IT"},{"@type":"Organization","@id":"https:\/\/www.secondastrada.com\/it\/#organization","name":"Seconda Strada","url":"https:\/\/www.secondastrada.com\/it\/","logo":{"@type":"ImageObject","inLanguage":"it-IT","@id":"https:\/\/www.secondastrada.com\/it\/#\/schema\/logo\/image\/","url":"https:\/\/www.secondastrada.com\/wp-content\/uploads\/2023\/11\/secondastrada-logo.svg","contentUrl":"https:\/\/www.secondastrada.com\/wp-content\/uploads\/2023\/11\/secondastrada-logo.svg","width":353,"height":47,"caption":"Seconda Strada"},"image":{"@id":"https:\/\/www.secondastrada.com\/it\/#\/schema\/logo\/image\/"}}]}},"df_price":"","df_sale_price":"","df_regular_price":"","df_image_link":"https:\/\/www.secondastrada.com\/wp-content\/uploads\/2024\/10\/2211F-6XT-SV_BLACK_AI24_1-300x300.jpg","_links":{"self":[{"href":"https:\/\/www.secondastrada.com\/it\/wp-json\/wp\/v2\/product\/210350"}],"collection":[{"href":"https:\/\/www.secondastrada.com\/it\/wp-json\/wp\/v2\/product"}],"about":[{"href":"https:\/\/www.secondastrada.com\/it\/wp-json\/wp\/v2\/types\/product"}],"wp:featuredmedia":[{"embeddable":true,"href":"https:\/\/www.secondastrada.com\/it\/wp-json\/wp\/v2\/media\/209760"}],"wp:attachment":[{"href":"https:\/\/www.secondastrada.com\/it\/wp-json\/wp\/v2\/media?parent=210350"}],"wp:term":[{"taxonomy":"ss_brand","embeddable":true,"href":"https:\/\/www.secondastrada.com\/it\/wp-json\/wp\/v2\/ss_brand?post=210350"},{"taxonomy":"ss_promo","embeddable":true,"href":"https:\/\/www.secondastrada.com\/it\/wp-json\/wp\/v2\/ss_promo?post=210350"},{"taxonomy":"ss_season","embeddable":true,"href":"https:\/\/www.secondastrada.com\/it\/wp-json\/wp\/v2\/ss_season?post=210350"},{"taxonomy":"product_cat","embeddable":true,"href":"https:\/\/www.secondastrada.com\/it\/wp-json\/wp\/v2\/product_cat?post=210350"},{"taxonomy":"product_tag","embeddable":true,"href":"https:\/\/www.secondastrada.com\/it\/wp-json\/wp\/v2\/product_tag?post=210350"}],"curies":[{"name":"wp","href":"https:\/\/api.w.org\/{rel}","templated":true}]}}