{"id":21269,"date":"2024-03-25T21:27:55","date_gmt":"2024-03-25T20:27:55","guid":{"rendered":"http:\/\/secondastrada.com\/maglione-maison-du-cachemire-dolcevita-rosa\/"},"modified":"2025-01-31T03:36:48","modified_gmt":"2025-01-31T02:36:48","slug":"maglione-maison-du-cachemire-dolcevita-rosa","status":"publish","type":"product","link":"https:\/\/www.secondastrada.com\/it\/maglione-maison-du-cachemire-dolcevita-rosa\/","title":{"rendered":"Maglione Maison du Cachemire dolcevita rosa"},"content":{"rendered":"<p><b>COMPOSIZIONE E VESTIBILIT\u00c0:<\/b><br \/>40% lana 20% cotone 20% viscosa 10% poliamide 10% cachemire<br \/>La modella \u00e8 alta 172 cm e indossa la taglia 42. La vestibilit\u00e0 del capo \u00e8 regolare.<br \/><b>CONSIGLI DI STILE:<\/b><br \/>Dolcevita classico a maniche lunghe misto cachemire in total rosa chiaro. La vestibilit\u00e0 \u00e8 morbida e regolare. Il dolcevita \u00e8 adatto per occasioni casual e ideale come sottogiacca. Da indossare al volo. <br \/>Cod. art. 1225305D dolce st<br \/>Vi ricordiamo che tutti i nostri articoli sono originali.<br \/><b>MISURE:<\/b><br \/> Misure taglia 48: <br \/>&#8211; Spalle (da cucitura a cucitura): 33 cm <br \/>&#8211; Lunghezza (da sotto ascella fino al fondo): 43 cm <br \/>&#8211; Manica (da cucitura spalla fino al fondo): 63 cm<\/p>\n","protected":false},"excerpt":{"rendered":"<p>COMPOSIZIONE E VESTIBILIT\u00c0:40% lana 20% cotone 20% viscosa 10% poliamide 10% cachemireLa modella \u00e8 alta 172 cm e indossa la taglia 42. La vestibilit\u00e0 del capo \u00e8 regolare.CONSIGLI DI STILE:Dolcevita classico a maniche lunghe misto cachemire in total rosa chiaro. La vestibilit\u00e0 \u00e8 morbida e regolare. Il dolcevita \u00e8 adatto per occasioni casual e ideale&#8230;<\/p>\n","protected":false},"featured_media":0,"template":"","meta":{"inline_featured_image":false},"ss_brand":[1907],"ss_promo":[],"ss_season":[2005],"product_cat":[1329,1658,1604,2300,1535],"product_tag":[1809],"class_list":{"0":"post-21269","1":"product","2":"type-product","3":"status-publish","5":"ss_brand-maison-du-cachemire-donna","6":"ss_season-ai23","7":"product_cat-abbigliamento-donna","8":"product_cat-collezione-donna","9":"product_cat-maglie-a-collo-alto-da-donna","10":"product_cat-maglie-in-cachemire-da-donna","11":"product_cat-maglie-da-donna","12":"product_tag-maglieria-maison-du-cachemire-donna","14":"first","15":"outofstock","16":"shipping-taxable","17":"product-type-variable","18":"has-default-attributes"},"acf":{"ss_brand":[{"term_id":1907,"name":"Maison du Cachemire","slug":"maison-du-cachemire-donna","term_group":0,"term_taxonomy_id":1907,"taxonomy":"ss_brand","description":"Per mise dal fascino lussuoso scegli Maison du Cachemire e scopri le collezioni raffinate del brand di abbigliamento da donna Made in Italy in offerta su www.secondastrada.com!\u00a0Acquista online nel nostro e-commerce\u00a0abbigliamento da donna Maison du Cachemire scontatissimo!","parent":1201,"count":62,"filter":"raw"}],"ss_promo":false,"ss_season":[{"term_id":2005,"name":"AI23","slug":"ai23","term_group":0,"term_taxonomy_id":2005,"taxonomy":"ss_season","description":"","parent":0,"count":601,"filter":"raw"}],"ss_old_price":"99,90","ss_omnibus_price":"0,00","ss_style_advice":"<p><b>COMPOSIZIONE E VESTIBILIT\u00c0:<\/b><br \/>40% lana 20% cotone 20% viscosa 10% poliamide 10% cachemire<br \/>La modella \u00e8 alta 172 cm e indossa la taglia 42. La vestibilit\u00e0 del capo \u00e8 regolare.<br \/><b>CONSIGLI DI STILE:<\/b><br \/>Dolcevita classico a maniche lunghe misto cachemire in total rosa chiaro. La vestibilit\u00e0 \u00e8 morbida e regolare. Il dolcevita \u00e8 adatto per occasioni casual e ideale come sottogiacca. Da indossare al volo. <br \/>Cod. art. 1225305D dolce st<br \/>Vi ricordiamo che tutti i nostri articoli sono originali.<br \/><b>MISURE:<\/b><br \/> Misure taglia 48: <br \/>&#8211; Spalle (da cucitura a cucitura): 33 cm <br \/>&#8211; Lunghezza (da sotto ascella fino al fondo): 43 cm <br \/>&#8211; Manica (da cucitura spalla fino al fondo): 63 cm<\/p>\n","ss_composition":"<p>40% lana 20% cotone 20% viscosa 10% poliamide 10% cachemire<\/p>\n","ss_fit":"<p>Maglione Maison du Cachemire<\/p>\n"},"yoast_head":"<!-- This site is optimized with the Yoast SEO plugin v22.3 - https:\/\/yoast.com\/wordpress\/plugins\/seo\/ -->\n<title>Maglione Maison du Cachemire dolcevita rosa - Acquista online! - Seconda Strada<\/title>\n<meta name=\"description\" content=\"Maglione Maison du Cachemire dolcevita rosa \u27a4 Acquista online su Secondastrada.com Maglione Maison du Cachemire dolcevita rosa \u2714\ufe0f Spedizione veloce entro 24h in tutta Italia \u2714\ufe0f Sconto sul tuo primo acquisto\" \/>\n<meta name=\"robots\" content=\"index, follow, max-snippet:-1, max-image-preview:large, max-video-preview:-1\" \/>\n<link rel=\"canonical\" href=\"https:\/\/www.secondastrada.com\/it\/maglione-maison-du-cachemire-dolcevita-rosa\/\" \/>\n<meta property=\"og:locale\" content=\"it_IT\" \/>\n<meta property=\"og:type\" content=\"article\" \/>\n<meta property=\"og:title\" content=\"Maglione Maison du Cachemire dolcevita rosa - Acquista online! - Seconda Strada\" \/>\n<meta property=\"og:description\" content=\"Maglione Maison du Cachemire dolcevita rosa \u27a4 Acquista online su Secondastrada.com Maglione Maison du Cachemire dolcevita rosa \u2714\ufe0f Spedizione veloce entro 24h in tutta Italia \u2714\ufe0f Sconto sul tuo primo acquisto\" \/>\n<meta property=\"og:url\" content=\"https:\/\/www.secondastrada.com\/it\/maglione-maison-du-cachemire-dolcevita-rosa\/\" \/>\n<meta property=\"og:site_name\" content=\"Seconda Strada\" \/>\n<meta property=\"article:modified_time\" content=\"2025-01-31T02:36:48+00:00\" \/>\n<meta name=\"twitter:card\" content=\"summary_large_image\" \/>\n<!-- \/ Yoast SEO plugin. -->","yoast_head_json":{"title":"Maglione Maison du Cachemire dolcevita rosa - Acquista online! - Seconda Strada","description":"Maglione Maison du Cachemire dolcevita rosa \u27a4 Acquista online su Secondastrada.com Maglione Maison du Cachemire dolcevita rosa \u2714\ufe0f Spedizione veloce entro 24h in tutta Italia \u2714\ufe0f Sconto sul tuo primo acquisto","robots":{"index":"index","follow":"follow","max-snippet":"max-snippet:-1","max-image-preview":"max-image-preview:large","max-video-preview":"max-video-preview:-1"},"canonical":"https:\/\/www.secondastrada.com\/it\/maglione-maison-du-cachemire-dolcevita-rosa\/","og_locale":"it_IT","og_type":"article","og_title":"Maglione Maison du Cachemire dolcevita rosa - Acquista online! - Seconda Strada","og_description":"Maglione Maison du Cachemire dolcevita rosa \u27a4 Acquista online su Secondastrada.com Maglione Maison du Cachemire dolcevita rosa \u2714\ufe0f Spedizione veloce entro 24h in tutta Italia \u2714\ufe0f Sconto sul tuo primo acquisto","og_url":"https:\/\/www.secondastrada.com\/it\/maglione-maison-du-cachemire-dolcevita-rosa\/","og_site_name":"Seconda Strada","article_modified_time":"2025-01-31T02:36:48+00:00","twitter_card":"summary_large_image","schema":{"@context":"https:\/\/schema.org","@graph":[{"@type":"WebPage","@id":"https:\/\/www.secondastrada.com\/it\/maglione-maison-du-cachemire-dolcevita-rosa\/","url":"https:\/\/www.secondastrada.com\/it\/maglione-maison-du-cachemire-dolcevita-rosa\/","name":"Maglione Maison du Cachemire dolcevita rosa - Acquista online! - Seconda Strada","isPartOf":{"@id":"https:\/\/www.secondastrada.com\/it\/#website"},"datePublished":"2024-03-25T20:27:55+00:00","dateModified":"2025-01-31T02:36:48+00:00","description":"Maglione Maison du Cachemire dolcevita rosa \u27a4 Acquista online su Secondastrada.com Maglione Maison du Cachemire dolcevita rosa \u2714\ufe0f Spedizione veloce entro 24h in tutta Italia \u2714\ufe0f Sconto sul tuo primo acquisto","breadcrumb":{"@id":"https:\/\/www.secondastrada.com\/it\/maglione-maison-du-cachemire-dolcevita-rosa\/#breadcrumb"},"inLanguage":"it-IT","potentialAction":[{"@type":"ReadAction","target":["https:\/\/www.secondastrada.com\/it\/maglione-maison-du-cachemire-dolcevita-rosa\/"]}]},{"@type":"BreadcrumbList","@id":"https:\/\/www.secondastrada.com\/it\/maglione-maison-du-cachemire-dolcevita-rosa\/#breadcrumb","itemListElement":[{"@type":"ListItem","position":1,"name":"Home","item":"https:\/\/www.secondastrada.com\/it\/"},{"@type":"ListItem","position":2,"name":"Shop","item":"https:\/\/www.secondastrada.com\/it\/shop\/"},{"@type":"ListItem","position":3,"name":"Donna","item":"https:\/\/www.secondastrada.com\/it\/collezione-donna\/"},{"@type":"ListItem","position":4,"name":"Abbigliamento","item":"https:\/\/www.secondastrada.com\/it\/collezione-donna\/abbigliamento-donna\/"},{"@type":"ListItem","position":5,"name":"Maglieria","item":"https:\/\/www.secondastrada.com\/it\/collezione-donna\/abbigliamento-donna\/maglie-da-donna\/"},{"@type":"ListItem","position":6,"name":"Maglie a collo alto","item":"https:\/\/www.secondastrada.com\/it\/collezione-donna\/abbigliamento-donna\/maglie-da-donna\/maglie-a-collo-alto-da-donna\/"},{"@type":"ListItem","position":7,"name":"Maglione Maison du Cachemire dolcevita rosa"}]},{"@type":"WebSite","@id":"https:\/\/www.secondastrada.com\/it\/#website","url":"https:\/\/www.secondastrada.com\/it\/","name":"Seconda Strada","description":"","publisher":{"@id":"https:\/\/www.secondastrada.com\/it\/#organization"},"potentialAction":[{"@type":"SearchAction","target":{"@type":"EntryPoint","urlTemplate":"https:\/\/www.secondastrada.com\/it\/?s={search_term_string}"},"query-input":"required name=search_term_string"}],"inLanguage":"it-IT"},{"@type":"Organization","@id":"https:\/\/www.secondastrada.com\/it\/#organization","name":"Seconda Strada","url":"https:\/\/www.secondastrada.com\/it\/","logo":{"@type":"ImageObject","inLanguage":"it-IT","@id":"https:\/\/www.secondastrada.com\/it\/#\/schema\/logo\/image\/","url":"https:\/\/www.secondastrada.com\/wp-content\/uploads\/2023\/11\/secondastrada-logo.svg","contentUrl":"https:\/\/www.secondastrada.com\/wp-content\/uploads\/2023\/11\/secondastrada-logo.svg","width":353,"height":47,"caption":"Seconda Strada"},"image":{"@id":"https:\/\/www.secondastrada.com\/it\/#\/schema\/logo\/image\/"}}]}},"df_price":"","df_sale_price":"","df_regular_price":"","df_image_link":"https:\/\/www.secondastrada.com\/wp-content\/uploads\/2024\/03\/placeholder-ss.webp","_links":{"self":[{"href":"https:\/\/www.secondastrada.com\/it\/wp-json\/wp\/v2\/product\/21269"}],"collection":[{"href":"https:\/\/www.secondastrada.com\/it\/wp-json\/wp\/v2\/product"}],"about":[{"href":"https:\/\/www.secondastrada.com\/it\/wp-json\/wp\/v2\/types\/product"}],"wp:attachment":[{"href":"https:\/\/www.secondastrada.com\/it\/wp-json\/wp\/v2\/media?parent=21269"}],"wp:term":[{"taxonomy":"ss_brand","embeddable":true,"href":"https:\/\/www.secondastrada.com\/it\/wp-json\/wp\/v2\/ss_brand?post=21269"},{"taxonomy":"ss_promo","embeddable":true,"href":"https:\/\/www.secondastrada.com\/it\/wp-json\/wp\/v2\/ss_promo?post=21269"},{"taxonomy":"ss_season","embeddable":true,"href":"https:\/\/www.secondastrada.com\/it\/wp-json\/wp\/v2\/ss_season?post=21269"},{"taxonomy":"product_cat","embeddable":true,"href":"https:\/\/www.secondastrada.com\/it\/wp-json\/wp\/v2\/product_cat?post=21269"},{"taxonomy":"product_tag","embeddable":true,"href":"https:\/\/www.secondastrada.com\/it\/wp-json\/wp\/v2\/product_tag?post=21269"}],"curies":[{"name":"wp","href":"https:\/\/api.w.org\/{rel}","templated":true}]}}