{"id":21468,"date":"2024-03-31T22:53:35","date_gmt":"2024-03-31T20:53:35","guid":{"rendered":"http:\/\/secondastrada.com\/giacca-in-ecopelle-yes-zee-bianco\/"},"modified":"2026-01-29T19:33:34","modified_gmt":"2026-01-29T18:33:34","slug":"giacca-in-ecopelle-yes-zee-bianco","status":"publish","type":"product","link":"https:\/\/www.secondastrada.com\/it\/giacca-in-ecopelle-yes-zee-bianco\/","title":{"rendered":"Giacca in ecopelle Yes Zee Bianco"},"content":{"rendered":"<p>Giacca in simil pelle in total bianco. Presente girocollo alla coreana e tasche a taglio trasversale con zip dorata. La vestibilit\u00e0 \u00e8 morbida e pratica grazie a zip sul fronte. La giacca \u00e8 adatta per occasioni casual\/raffinate. Aggiungila al tuo guardaroba per sapere sempre cosa mettere.<\/p>\n","protected":false},"excerpt":{"rendered":"<p>Giacca in simil pelle in total bianco. Presente girocollo alla coreana e tasche a taglio trasversale con zip dorata. La vestibilit\u00e0 \u00e8 morbida e pratica grazie a zip sul fronte. La giacca \u00e8 adatta per occasioni casual\/raffinate. Aggiungila al tuo guardaroba per sapere sempre cosa mettere.<\/p>\n","protected":false},"featured_media":38392,"template":"","meta":{"inline_featured_image":false},"ss_brand":[1208],"ss_promo":[2181],"ss_season":[1664],"product_cat":[1329,1658,1472],"product_tag":[1800],"class_list":{"0":"post-21468","1":"product","2":"type-product","3":"status-publish","4":"has-post-thumbnail","6":"ss_brand-yes-zee-donna","7":"ss_promo-ultime-occasioni-donna","8":"ss_season-pe2024","9":"product_cat-abbigliamento-donna","10":"product_cat-collezione-donna","11":"product_cat-giacche-da-donna","12":"product_tag-giacche-yes-zee-donna","14":"first","15":"outofstock","16":"sold-individually","17":"shipping-taxable","18":"product-type-variable","19":"has-default-attributes"},"acf":{"ss_brand":[{"term_id":1208,"name":"YES ZEE","slug":"yes-zee-donna","term_group":0,"term_taxonomy_id":1208,"taxonomy":"ss_brand","description":"Libera il tuo istinto fashion e lasciati ispirare dalle collezioni da donna <strong>Yes Zee<\/strong> sempre all\u2019avanguardia e non perdere le nostre <strong>offerte imbattibili<\/strong>!\u00a0Acquista online su SecondaStrada.com <strong>abbigliamento da donna Yes Zee scontatissimo<\/strong>!","parent":1201,"count":723,"filter":"raw"}],"ss_promo":[2181],"ss_season":[{"term_id":1664,"name":"PE24","slug":"pe2024","term_group":0,"term_taxonomy_id":1664,"taxonomy":"ss_season","description":"","parent":0,"count":1722,"filter":"raw"}],"ss_old_price":"0,00","ss_omnibus_price":"0,00","ss_style_advice":"<p>Giacca in simil pelle in total bianco. Presente girocollo alla coreana e tasche a taglio trasversale con zip dorata. La vestibilit\u00e0 \u00e8 morbida e pratica grazie a zip sul fronte. La giacca \u00e8 adatta per occasioni casual\/raffinate. Aggiungila al tuo guardaroba per sapere sempre cosa mettere.<\/p>\n","ss_composition":"<p>Est: 60% poliuretano 40% viscosa Fodera:100% poliestere<\/p>\n","ss_fit":"<p>La modella \u00e8 alta 172 cm e indossa la taglia S. La vestibilit\u00e0 del capo \u00e8 regolare<\/p>\n"},"yoast_head":"<!-- This site is optimized with the Yoast SEO plugin v22.3 - https:\/\/yoast.com\/wordpress\/plugins\/seo\/ -->\n<title>Giacca in ecopelle Yes Zee Bianco - Acquista online! - Seconda Strada<\/title>\n<meta name=\"description\" content=\"Giacca in ecopelle Yes Zee Bianco \u27a4 Acquista online su Secondastrada.com Giacca in ecopelle Yes Zee Bianco \u2714\ufe0f Spedizione veloce entro 24h in tutta Italia \u2714\ufe0f Sconto sul tuo primo acquisto\" \/>\n<meta name=\"robots\" content=\"index, follow, max-snippet:-1, max-image-preview:large, max-video-preview:-1\" \/>\n<link rel=\"canonical\" href=\"https:\/\/www.secondastrada.com\/it\/giacca-in-ecopelle-yes-zee-bianco\/\" \/>\n<meta property=\"og:locale\" content=\"it_IT\" \/>\n<meta property=\"og:type\" content=\"article\" \/>\n<meta property=\"og:title\" content=\"Giacca in ecopelle Yes Zee Bianco - Acquista online! - Seconda Strada\" \/>\n<meta property=\"og:description\" content=\"Giacca in ecopelle Yes Zee Bianco \u27a4 Acquista online su Secondastrada.com Giacca in ecopelle Yes Zee Bianco \u2714\ufe0f Spedizione veloce entro 24h in tutta Italia \u2714\ufe0f Sconto sul tuo primo acquisto\" \/>\n<meta property=\"og:url\" content=\"https:\/\/www.secondastrada.com\/it\/giacca-in-ecopelle-yes-zee-bianco\/\" \/>\n<meta property=\"og:site_name\" content=\"Seconda Strada\" \/>\n<meta property=\"article:modified_time\" content=\"2026-01-29T18:33:34+00:00\" \/>\n<meta property=\"og:image\" content=\"https:\/\/www.secondastrada.com\/wp-content\/uploads\/2024\/04\/J405-G100-ou_BIANCO_PE24_1.jpg\" \/>\n\t<meta property=\"og:image:width\" content=\"1000\" \/>\n\t<meta property=\"og:image:height\" content=\"1300\" \/>\n\t<meta property=\"og:image:type\" content=\"image\/jpeg\" \/>\n<meta name=\"twitter:card\" content=\"summary_large_image\" \/>\n<!-- \/ Yoast SEO plugin. -->","yoast_head_json":{"title":"Giacca in ecopelle Yes Zee Bianco - Acquista online! - Seconda Strada","description":"Giacca in ecopelle Yes Zee Bianco \u27a4 Acquista online su Secondastrada.com Giacca in ecopelle Yes Zee Bianco \u2714\ufe0f Spedizione veloce entro 24h in tutta Italia \u2714\ufe0f Sconto sul tuo primo acquisto","robots":{"index":"index","follow":"follow","max-snippet":"max-snippet:-1","max-image-preview":"max-image-preview:large","max-video-preview":"max-video-preview:-1"},"canonical":"https:\/\/www.secondastrada.com\/it\/giacca-in-ecopelle-yes-zee-bianco\/","og_locale":"it_IT","og_type":"article","og_title":"Giacca in ecopelle Yes Zee Bianco - Acquista online! - Seconda Strada","og_description":"Giacca in ecopelle Yes Zee Bianco \u27a4 Acquista online su Secondastrada.com Giacca in ecopelle Yes Zee Bianco \u2714\ufe0f Spedizione veloce entro 24h in tutta Italia \u2714\ufe0f Sconto sul tuo primo acquisto","og_url":"https:\/\/www.secondastrada.com\/it\/giacca-in-ecopelle-yes-zee-bianco\/","og_site_name":"Seconda Strada","article_modified_time":"2026-01-29T18:33:34+00:00","og_image":[{"width":1000,"height":1300,"url":"https:\/\/www.secondastrada.com\/wp-content\/uploads\/2024\/04\/J405-G100-ou_BIANCO_PE24_1.jpg","type":"image\/jpeg"}],"twitter_card":"summary_large_image","schema":{"@context":"https:\/\/schema.org","@graph":[{"@type":"WebPage","@id":"https:\/\/www.secondastrada.com\/it\/giacca-in-ecopelle-yes-zee-bianco\/","url":"https:\/\/www.secondastrada.com\/it\/giacca-in-ecopelle-yes-zee-bianco\/","name":"Giacca in ecopelle Yes Zee Bianco - Acquista online! - Seconda Strada","isPartOf":{"@id":"https:\/\/www.secondastrada.com\/it\/#website"},"primaryImageOfPage":{"@id":"https:\/\/www.secondastrada.com\/it\/giacca-in-ecopelle-yes-zee-bianco\/#primaryimage"},"image":{"@id":"https:\/\/www.secondastrada.com\/it\/giacca-in-ecopelle-yes-zee-bianco\/#primaryimage"},"thumbnailUrl":"https:\/\/www.secondastrada.com\/wp-content\/uploads\/2024\/04\/J405-G100-ou_BIANCO_PE24_1.jpg","datePublished":"2024-03-31T20:53:35+00:00","dateModified":"2026-01-29T18:33:34+00:00","description":"Giacca in ecopelle Yes Zee Bianco \u27a4 Acquista online su Secondastrada.com Giacca in ecopelle Yes Zee Bianco \u2714\ufe0f Spedizione veloce entro 24h in tutta Italia \u2714\ufe0f Sconto sul tuo primo acquisto","breadcrumb":{"@id":"https:\/\/www.secondastrada.com\/it\/giacca-in-ecopelle-yes-zee-bianco\/#breadcrumb"},"inLanguage":"it-IT","potentialAction":[{"@type":"ReadAction","target":["https:\/\/www.secondastrada.com\/it\/giacca-in-ecopelle-yes-zee-bianco\/"]}]},{"@type":"ImageObject","inLanguage":"it-IT","@id":"https:\/\/www.secondastrada.com\/it\/giacca-in-ecopelle-yes-zee-bianco\/#primaryimage","url":"https:\/\/www.secondastrada.com\/wp-content\/uploads\/2024\/04\/J405-G100-ou_BIANCO_PE24_1.jpg","contentUrl":"https:\/\/www.secondastrada.com\/wp-content\/uploads\/2024\/04\/J405-G100-ou_BIANCO_PE24_1.jpg","width":1000,"height":1300,"caption":"J405-G100-ou_BIANCO_PE24"},{"@type":"BreadcrumbList","@id":"https:\/\/www.secondastrada.com\/it\/giacca-in-ecopelle-yes-zee-bianco\/#breadcrumb","itemListElement":[{"@type":"ListItem","position":1,"name":"Home","item":"https:\/\/www.secondastrada.com\/it\/"},{"@type":"ListItem","position":2,"name":"Shop","item":"https:\/\/www.secondastrada.com\/it\/shop\/"},{"@type":"ListItem","position":3,"name":"Donna","item":"https:\/\/www.secondastrada.com\/it\/collezione-donna\/"},{"@type":"ListItem","position":4,"name":"Abbigliamento","item":"https:\/\/www.secondastrada.com\/it\/collezione-donna\/abbigliamento-donna\/"},{"@type":"ListItem","position":5,"name":"Giacche","item":"https:\/\/www.secondastrada.com\/it\/collezione-donna\/abbigliamento-donna\/giacche-da-donna\/"},{"@type":"ListItem","position":6,"name":"Giacca in ecopelle Yes Zee Bianco"}]},{"@type":"WebSite","@id":"https:\/\/www.secondastrada.com\/it\/#website","url":"https:\/\/www.secondastrada.com\/it\/","name":"Seconda Strada","description":"","publisher":{"@id":"https:\/\/www.secondastrada.com\/it\/#organization"},"potentialAction":[{"@type":"SearchAction","target":{"@type":"EntryPoint","urlTemplate":"https:\/\/www.secondastrada.com\/it\/?s={search_term_string}"},"query-input":"required name=search_term_string"}],"inLanguage":"it-IT"},{"@type":"Organization","@id":"https:\/\/www.secondastrada.com\/it\/#organization","name":"Seconda Strada","url":"https:\/\/www.secondastrada.com\/it\/","logo":{"@type":"ImageObject","inLanguage":"it-IT","@id":"https:\/\/www.secondastrada.com\/it\/#\/schema\/logo\/image\/","url":"https:\/\/www.secondastrada.com\/wp-content\/uploads\/2023\/11\/secondastrada-logo.svg","contentUrl":"https:\/\/www.secondastrada.com\/wp-content\/uploads\/2023\/11\/secondastrada-logo.svg","width":353,"height":47,"caption":"Seconda Strada"},"image":{"@id":"https:\/\/www.secondastrada.com\/it\/#\/schema\/logo\/image\/"}}]}},"df_price":"","df_sale_price":"","df_regular_price":"","df_image_link":"https:\/\/www.secondastrada.com\/wp-content\/uploads\/2024\/04\/J405-G100-ou_BIANCO_PE24_1-300x300.jpg","_links":{"self":[{"href":"https:\/\/www.secondastrada.com\/it\/wp-json\/wp\/v2\/product\/21468"}],"collection":[{"href":"https:\/\/www.secondastrada.com\/it\/wp-json\/wp\/v2\/product"}],"about":[{"href":"https:\/\/www.secondastrada.com\/it\/wp-json\/wp\/v2\/types\/product"}],"wp:featuredmedia":[{"embeddable":true,"href":"https:\/\/www.secondastrada.com\/it\/wp-json\/wp\/v2\/media\/38392"}],"wp:attachment":[{"href":"https:\/\/www.secondastrada.com\/it\/wp-json\/wp\/v2\/media?parent=21468"}],"wp:term":[{"taxonomy":"ss_brand","embeddable":true,"href":"https:\/\/www.secondastrada.com\/it\/wp-json\/wp\/v2\/ss_brand?post=21468"},{"taxonomy":"ss_promo","embeddable":true,"href":"https:\/\/www.secondastrada.com\/it\/wp-json\/wp\/v2\/ss_promo?post=21468"},{"taxonomy":"ss_season","embeddable":true,"href":"https:\/\/www.secondastrada.com\/it\/wp-json\/wp\/v2\/ss_season?post=21468"},{"taxonomy":"product_cat","embeddable":true,"href":"https:\/\/www.secondastrada.com\/it\/wp-json\/wp\/v2\/product_cat?post=21468"},{"taxonomy":"product_tag","embeddable":true,"href":"https:\/\/www.secondastrada.com\/it\/wp-json\/wp\/v2\/product_tag?post=21468"}],"curies":[{"name":"wp","href":"https:\/\/api.w.org\/{rel}","templated":true}]}}