{"id":217381,"date":"2024-11-28T11:09:45","date_gmt":"2024-11-28T10:09:45","guid":{"rendered":"https:\/\/www.secondastrada.com\/it\/camicia-yes-zee-blu-7\/"},"modified":"2026-01-29T23:28:15","modified_gmt":"2026-01-29T22:28:15","slug":"camicia-yes-zee-blu-7","status":"publish","type":"product","link":"https:\/\/www.secondastrada.com\/it\/camicia-yes-zee-blu-7\/","title":{"rendered":"Camicia Yes Zee Blu"},"content":{"rendered":"<p>Camicia in flanella, fantasia a riquadri blu, verdi e marroni. Presente doppio taschino a toppa pi\u00f9 interno in fake fur che garantisce morbidezza e caldo. La vestibilit\u00e0 \u00e8 morbida e pratica grazie a bottoni ad asola in tinta. La camicia \u00e8 adatta per occasioni casual e facilmente combinabile. Praticit\u00e0 e stile in un solo capo.<br \/>Cod. art. C818 OX00 OV<br \/>Vi ricordiamo che tutti i nostri articoli sono originali.<\/p>\n","protected":false},"excerpt":{"rendered":"<p>Camicia in flanella, fantasia a riquadri blu, verdi e marroni. Presente doppio taschino a toppa pi\u00f9 interno in fake fur che garantisce morbidezza e caldo. La vestibilit\u00e0 \u00e8 morbida e pratica grazie a bottoni ad asola in tinta. La camicia \u00e8 adatta per occasioni casual e facilmente combinabile. Praticit\u00e0 e stile in un solo capo.Cod&#8230;.<\/p>\n","protected":false},"featured_media":217374,"template":"","meta":{"inline_featured_image":false},"ss_brand":[1280],"ss_promo":[2182],"ss_season":[2189],"product_cat":[1332,1478,2258,1714],"product_tag":[1727,2433],"class_list":{"0":"post-217381","1":"product","2":"type-product","3":"status-publish","4":"has-post-thumbnail","6":"ss_brand-yes-zee-uomo","7":"ss_promo-ultime-occasioni-uomo","8":"ss_season-ai24","9":"product_cat-abbigliamento-uomo","10":"product_cat-camicie-da-uomo","11":"product_cat-camicie-casual-da-uomo","12":"product_cat-collezione-uomo","13":"product_tag-camicie-yes-zee-uomo","14":"product_tag-yes-zee-uomo","16":"first","17":"outofstock","18":"sold-individually","19":"shipping-taxable","20":"product-type-variable","21":"has-default-attributes"},"acf":{"ss_brand":[{"term_id":1280,"name":"YES ZEE","slug":"yes-zee-uomo","term_group":0,"term_taxonomy_id":1280,"taxonomy":"ss_brand","description":"Non un semplice marchio di <strong>abbigliamento da uomo<\/strong>: <strong>Yes Zee<\/strong> \u00e8 il brand perfetto per rivoluzionare con stile tutti i tuoi look metropolitani! Scopri subito le offerte esclusive del nostro store online e acquista <strong>Yes zee da uomo a prezzi scontatissimi<\/strong>.","parent":1268,"count":451,"filter":"raw"}],"ss_promo":[2182],"ss_season":[{"term_id":2189,"name":"AI24","slug":"ai24","term_group":0,"term_taxonomy_id":2189,"taxonomy":"ss_season","description":"","parent":0,"count":2125,"filter":"raw"}],"ss_old_price":"0,00","ss_omnibus_price":"0,00","ss_style_advice":"<p>Camicia in flanella, fantasia a riquadri blu, verdi e marroni. Presente doppio taschino a toppa pi\u00f9 interno in fake fur che garantisce morbidezza e caldo. La vestibilit\u00e0 \u00e8 morbida e pratica grazie a bottoni ad asola in tinta. La camicia \u00e8 adatta per occasioni casual e facilmente combinabile. Praticit\u00e0 e stile in un solo capo.<br \/>Cod. art. C818 OX00 OV<br \/>Vi ricordiamo che tutti i nostri articoli sono originali.<\/p>\n","ss_composition":"<p>100% poliestere<\/p>\n","ss_fit":"<p>Il modello \u00e8 alto 178 cm e indossa la taglia L. La vestibilit\u00e0 del capo \u00e8 regolare<\/p>\n"},"yoast_head":"<!-- This site is optimized with the Yoast SEO plugin v22.3 - https:\/\/yoast.com\/wordpress\/plugins\/seo\/ -->\n<title>Camicia Yes Zee Blu - Acquista online! - Seconda Strada<\/title>\n<meta name=\"description\" content=\"Camicia Yes Zee Blu \u27a4 Acquista online su Secondastrada.com Camicia Yes Zee Blu \u2714\ufe0f Spedizione veloce entro 24h in tutta Italia \u2714\ufe0f Sconto sul tuo primo acquisto\" \/>\n<meta name=\"robots\" content=\"index, follow, max-snippet:-1, max-image-preview:large, max-video-preview:-1\" \/>\n<link rel=\"canonical\" href=\"https:\/\/www.secondastrada.com\/it\/camicia-yes-zee-blu-7\/\" \/>\n<meta property=\"og:locale\" content=\"it_IT\" \/>\n<meta property=\"og:type\" content=\"article\" \/>\n<meta property=\"og:title\" content=\"Camicia Yes Zee Blu - Acquista online! - Seconda Strada\" \/>\n<meta property=\"og:description\" content=\"Camicia Yes Zee Blu \u27a4 Acquista online su Secondastrada.com Camicia Yes Zee Blu \u2714\ufe0f Spedizione veloce entro 24h in tutta Italia \u2714\ufe0f Sconto sul tuo primo acquisto\" \/>\n<meta property=\"og:url\" content=\"https:\/\/www.secondastrada.com\/it\/camicia-yes-zee-blu-7\/\" \/>\n<meta property=\"og:site_name\" content=\"Seconda Strada\" \/>\n<meta property=\"article:modified_time\" content=\"2026-01-29T22:28:15+00:00\" \/>\n<meta property=\"og:image\" content=\"https:\/\/www.secondastrada.com\/wp-content\/uploads\/2024\/11\/C818-OX00-OV_VARIANTE-BLU_AI24_1.jpg\" \/>\n\t<meta property=\"og:image:width\" content=\"1000\" \/>\n\t<meta property=\"og:image:height\" content=\"1300\" \/>\n\t<meta property=\"og:image:type\" content=\"image\/jpeg\" \/>\n<meta name=\"twitter:card\" content=\"summary_large_image\" \/>\n<!-- \/ Yoast SEO plugin. -->","yoast_head_json":{"title":"Camicia Yes Zee Blu - Acquista online! - Seconda Strada","description":"Camicia Yes Zee Blu \u27a4 Acquista online su Secondastrada.com Camicia Yes Zee Blu \u2714\ufe0f Spedizione veloce entro 24h in tutta Italia \u2714\ufe0f Sconto sul tuo primo acquisto","robots":{"index":"index","follow":"follow","max-snippet":"max-snippet:-1","max-image-preview":"max-image-preview:large","max-video-preview":"max-video-preview:-1"},"canonical":"https:\/\/www.secondastrada.com\/it\/camicia-yes-zee-blu-7\/","og_locale":"it_IT","og_type":"article","og_title":"Camicia Yes Zee Blu - Acquista online! - Seconda Strada","og_description":"Camicia Yes Zee Blu \u27a4 Acquista online su Secondastrada.com Camicia Yes Zee Blu \u2714\ufe0f Spedizione veloce entro 24h in tutta Italia \u2714\ufe0f Sconto sul tuo primo acquisto","og_url":"https:\/\/www.secondastrada.com\/it\/camicia-yes-zee-blu-7\/","og_site_name":"Seconda Strada","article_modified_time":"2026-01-29T22:28:15+00:00","og_image":[{"width":1000,"height":1300,"url":"https:\/\/www.secondastrada.com\/wp-content\/uploads\/2024\/11\/C818-OX00-OV_VARIANTE-BLU_AI24_1.jpg","type":"image\/jpeg"}],"twitter_card":"summary_large_image","schema":{"@context":"https:\/\/schema.org","@graph":[{"@type":"WebPage","@id":"https:\/\/www.secondastrada.com\/it\/camicia-yes-zee-blu-7\/","url":"https:\/\/www.secondastrada.com\/it\/camicia-yes-zee-blu-7\/","name":"Camicia Yes Zee Blu - Acquista online! - Seconda Strada","isPartOf":{"@id":"https:\/\/www.secondastrada.com\/it\/#website"},"primaryImageOfPage":{"@id":"https:\/\/www.secondastrada.com\/it\/camicia-yes-zee-blu-7\/#primaryimage"},"image":{"@id":"https:\/\/www.secondastrada.com\/it\/camicia-yes-zee-blu-7\/#primaryimage"},"thumbnailUrl":"https:\/\/www.secondastrada.com\/wp-content\/uploads\/2024\/11\/C818-OX00-OV_VARIANTE-BLU_AI24_1.jpg","datePublished":"2024-11-28T10:09:45+00:00","dateModified":"2026-01-29T22:28:15+00:00","description":"Camicia Yes Zee Blu \u27a4 Acquista online su Secondastrada.com Camicia Yes Zee Blu \u2714\ufe0f Spedizione veloce entro 24h in tutta Italia \u2714\ufe0f Sconto sul tuo primo acquisto","breadcrumb":{"@id":"https:\/\/www.secondastrada.com\/it\/camicia-yes-zee-blu-7\/#breadcrumb"},"inLanguage":"it-IT","potentialAction":[{"@type":"ReadAction","target":["https:\/\/www.secondastrada.com\/it\/camicia-yes-zee-blu-7\/"]}]},{"@type":"ImageObject","inLanguage":"it-IT","@id":"https:\/\/www.secondastrada.com\/it\/camicia-yes-zee-blu-7\/#primaryimage","url":"https:\/\/www.secondastrada.com\/wp-content\/uploads\/2024\/11\/C818-OX00-OV_VARIANTE-BLU_AI24_1.jpg","contentUrl":"https:\/\/www.secondastrada.com\/wp-content\/uploads\/2024\/11\/C818-OX00-OV_VARIANTE-BLU_AI24_1.jpg","width":1000,"height":1300,"caption":"C818-OX00-OV_VARIANTE-BLU_AI24"},{"@type":"BreadcrumbList","@id":"https:\/\/www.secondastrada.com\/it\/camicia-yes-zee-blu-7\/#breadcrumb","itemListElement":[{"@type":"ListItem","position":1,"name":"Home","item":"https:\/\/www.secondastrada.com\/it\/"},{"@type":"ListItem","position":2,"name":"Shop","item":"https:\/\/www.secondastrada.com\/it\/shop\/"},{"@type":"ListItem","position":3,"name":"Uomo","item":"https:\/\/www.secondastrada.com\/it\/collezione-uomo\/"},{"@type":"ListItem","position":4,"name":"Abbigliamento","item":"https:\/\/www.secondastrada.com\/it\/collezione-uomo\/abbigliamento-uomo\/"},{"@type":"ListItem","position":5,"name":"Camicie","item":"https:\/\/www.secondastrada.com\/it\/collezione-uomo\/abbigliamento-uomo\/camicie-da-uomo\/"},{"@type":"ListItem","position":6,"name":"Camicie casual","item":"https:\/\/www.secondastrada.com\/it\/collezione-uomo\/abbigliamento-uomo\/camicie-da-uomo\/camicie-casual-da-uomo\/"},{"@type":"ListItem","position":7,"name":"Camicia Yes Zee Blu"}]},{"@type":"WebSite","@id":"https:\/\/www.secondastrada.com\/it\/#website","url":"https:\/\/www.secondastrada.com\/it\/","name":"Seconda Strada","description":"","publisher":{"@id":"https:\/\/www.secondastrada.com\/it\/#organization"},"potentialAction":[{"@type":"SearchAction","target":{"@type":"EntryPoint","urlTemplate":"https:\/\/www.secondastrada.com\/it\/?s={search_term_string}"},"query-input":"required name=search_term_string"}],"inLanguage":"it-IT"},{"@type":"Organization","@id":"https:\/\/www.secondastrada.com\/it\/#organization","name":"Seconda Strada","url":"https:\/\/www.secondastrada.com\/it\/","logo":{"@type":"ImageObject","inLanguage":"it-IT","@id":"https:\/\/www.secondastrada.com\/it\/#\/schema\/logo\/image\/","url":"https:\/\/www.secondastrada.com\/wp-content\/uploads\/2023\/11\/secondastrada-logo.svg","contentUrl":"https:\/\/www.secondastrada.com\/wp-content\/uploads\/2023\/11\/secondastrada-logo.svg","width":353,"height":47,"caption":"Seconda Strada"},"image":{"@id":"https:\/\/www.secondastrada.com\/it\/#\/schema\/logo\/image\/"}}]}},"df_price":"","df_sale_price":"","df_regular_price":"","df_image_link":"https:\/\/www.secondastrada.com\/wp-content\/uploads\/2024\/11\/C818-OX00-OV_VARIANTE-BLU_AI24_1-300x300.jpg","_links":{"self":[{"href":"https:\/\/www.secondastrada.com\/it\/wp-json\/wp\/v2\/product\/217381"}],"collection":[{"href":"https:\/\/www.secondastrada.com\/it\/wp-json\/wp\/v2\/product"}],"about":[{"href":"https:\/\/www.secondastrada.com\/it\/wp-json\/wp\/v2\/types\/product"}],"wp:featuredmedia":[{"embeddable":true,"href":"https:\/\/www.secondastrada.com\/it\/wp-json\/wp\/v2\/media\/217374"}],"wp:attachment":[{"href":"https:\/\/www.secondastrada.com\/it\/wp-json\/wp\/v2\/media?parent=217381"}],"wp:term":[{"taxonomy":"ss_brand","embeddable":true,"href":"https:\/\/www.secondastrada.com\/it\/wp-json\/wp\/v2\/ss_brand?post=217381"},{"taxonomy":"ss_promo","embeddable":true,"href":"https:\/\/www.secondastrada.com\/it\/wp-json\/wp\/v2\/ss_promo?post=217381"},{"taxonomy":"ss_season","embeddable":true,"href":"https:\/\/www.secondastrada.com\/it\/wp-json\/wp\/v2\/ss_season?post=217381"},{"taxonomy":"product_cat","embeddable":true,"href":"https:\/\/www.secondastrada.com\/it\/wp-json\/wp\/v2\/product_cat?post=217381"},{"taxonomy":"product_tag","embeddable":true,"href":"https:\/\/www.secondastrada.com\/it\/wp-json\/wp\/v2\/product_tag?post=217381"}],"curies":[{"name":"wp","href":"https:\/\/api.w.org\/{rel}","templated":true}]}}