{"id":222332,"date":"2024-12-12T14:04:12","date_gmt":"2024-12-12T13:04:12","guid":{"rendered":"https:\/\/www.secondastrada.com\/it\/maglione-dolcevita-maison-du-cachemire-nero-2\/"},"modified":"2026-01-29T16:09:10","modified_gmt":"2026-01-29T15:09:10","slug":"maglione-dolcevita-maison-du-cachemire-nero-2","status":"publish","type":"product","link":"https:\/\/www.secondastrada.com\/it\/maglione-dolcevita-maison-du-cachemire-nero-2\/","title":{"rendered":"Maglione dolcevita Maison Du Cachemire Nero"},"content":{"rendered":"<p>Maglione in misto lana in total nero con collo alto. La vestibilit\u00e0 \u00e8 morbida e regolare. Il capo \u00e8 adatto per occasioni casual e facilmente combinabile. Troppo comodo per poterne fare a meno.<br \/>Cod. art. W5C505 SV<br \/>Vi ricordiamo che tutti i nostri articoli sono originali.<\/p>\n","protected":false},"excerpt":{"rendered":"<p>Maglione in misto lana in total nero con collo alto. La vestibilit\u00e0 \u00e8 morbida e regolare. Il capo \u00e8 adatto per occasioni casual e facilmente combinabile. Troppo comodo per poterne fare a meno.Cod. art. W5C505 SVVi ricordiamo che tutti i nostri articoli sono originali.<\/p>\n","protected":false},"featured_media":223012,"template":"","meta":{"inline_featured_image":false},"ss_brand":[1907],"ss_promo":[2181],"ss_season":[2189],"product_cat":[1329,1658,1604,1605,2300,1535,1541],"product_tag":[1809],"class_list":{"0":"post-222332","1":"product","2":"type-product","3":"status-publish","4":"has-post-thumbnail","6":"ss_brand-maison-du-cachemire-donna","7":"ss_promo-ultime-occasioni-donna","8":"ss_season-ai24","9":"product_cat-abbigliamento-donna","10":"product_cat-collezione-donna","11":"product_cat-maglie-a-collo-alto-da-donna","12":"product_cat-maglie-a-manica-lunga-da-donna","13":"product_cat-maglie-in-cachemire-da-donna","14":"product_cat-maglie-da-donna","15":"product_cat-maglioni-da-donna","16":"product_tag-maglieria-maison-du-cachemire-donna","18":"first","19":"outofstock","20":"shipping-taxable","21":"product-type-variable","22":"has-default-attributes"},"acf":{"ss_brand":[{"term_id":1907,"name":"Maison du Cachemire","slug":"maison-du-cachemire-donna","term_group":0,"term_taxonomy_id":1907,"taxonomy":"ss_brand","description":"Per mise dal fascino lussuoso scegli Maison du Cachemire e scopri le collezioni raffinate del brand di abbigliamento da donna Made in Italy in offerta su www.secondastrada.com!\u00a0Acquista online nel nostro e-commerce\u00a0abbigliamento da donna Maison du Cachemire scontatissimo!","parent":1201,"count":62,"filter":"raw"}],"ss_promo":[2181],"ss_season":[{"term_id":2189,"name":"AI24","slug":"ai24","term_group":0,"term_taxonomy_id":2189,"taxonomy":"ss_season","description":"","parent":0,"count":2125,"filter":"raw"}],"ss_old_price":"73,00","ss_omnibus_price":"0,00","ss_style_advice":"<p>Maglione in misto lana in total nero con collo alto. La vestibilit\u00e0 \u00e8 morbida e regolare. Il capo \u00e8 adatto per occasioni casual e facilmente combinabile. Troppo comodo per poterne fare a meno.<br \/>Cod. art. W5C505 SV<br \/>Vi ricordiamo che tutti i nostri articoli sono originali.<\/p>\n","ss_composition":"<p>40% lana 20% cotone 20% viscosa 10% poliamide 10% cachemire<\/p>\n","ss_fit":"<p>La modella \u00e8 alta 165 cm e indossa la taglia S\/M. La vestibilit\u00e0 \u00e8 regolare.<\/p>\n"},"yoast_head":"<!-- This site is optimized with the Yoast SEO plugin v22.3 - https:\/\/yoast.com\/wordpress\/plugins\/seo\/ -->\n<title>Maglione dolcevita Maison Du Cachemire Nero - Acquista online! - Seconda Strada<\/title>\n<meta name=\"description\" content=\"Maglione dolcevita Maison Du Cachemire Nero \u27a4 Acquista online su Secondastrada.com Maglione dolcevita Maison Du Cachemire Nero \u2714\ufe0f Spedizione veloce entro 24h in tutta Italia \u2714\ufe0f Sconto sul tuo primo acquisto\" \/>\n<meta name=\"robots\" content=\"index, follow, max-snippet:-1, max-image-preview:large, max-video-preview:-1\" \/>\n<link rel=\"canonical\" href=\"https:\/\/www.secondastrada.com\/it\/maglione-dolcevita-maison-du-cachemire-nero-2\/\" \/>\n<meta property=\"og:locale\" content=\"it_IT\" \/>\n<meta property=\"og:type\" content=\"article\" \/>\n<meta property=\"og:title\" content=\"Maglione dolcevita Maison Du Cachemire Nero - Acquista online! - Seconda Strada\" \/>\n<meta property=\"og:description\" content=\"Maglione dolcevita Maison Du Cachemire Nero \u27a4 Acquista online su Secondastrada.com Maglione dolcevita Maison Du Cachemire Nero \u2714\ufe0f Spedizione veloce entro 24h in tutta Italia \u2714\ufe0f Sconto sul tuo primo acquisto\" \/>\n<meta property=\"og:url\" content=\"https:\/\/www.secondastrada.com\/it\/maglione-dolcevita-maison-du-cachemire-nero-2\/\" \/>\n<meta property=\"og:site_name\" content=\"Seconda Strada\" \/>\n<meta property=\"article:modified_time\" content=\"2026-01-29T15:09:10+00:00\" \/>\n<meta property=\"og:image\" content=\"https:\/\/www.secondastrada.com\/wp-content\/uploads\/2024\/12\/W5C505-SV_NERO_AI24_1.jpg\" \/>\n\t<meta property=\"og:image:width\" content=\"1000\" \/>\n\t<meta property=\"og:image:height\" content=\"1300\" \/>\n\t<meta property=\"og:image:type\" content=\"image\/jpeg\" \/>\n<meta name=\"twitter:card\" content=\"summary_large_image\" \/>\n<!-- \/ Yoast SEO plugin. -->","yoast_head_json":{"title":"Maglione dolcevita Maison Du Cachemire Nero - Acquista online! - Seconda Strada","description":"Maglione dolcevita Maison Du Cachemire Nero \u27a4 Acquista online su Secondastrada.com Maglione dolcevita Maison Du Cachemire Nero \u2714\ufe0f Spedizione veloce entro 24h in tutta Italia \u2714\ufe0f Sconto sul tuo primo acquisto","robots":{"index":"index","follow":"follow","max-snippet":"max-snippet:-1","max-image-preview":"max-image-preview:large","max-video-preview":"max-video-preview:-1"},"canonical":"https:\/\/www.secondastrada.com\/it\/maglione-dolcevita-maison-du-cachemire-nero-2\/","og_locale":"it_IT","og_type":"article","og_title":"Maglione dolcevita Maison Du Cachemire Nero - Acquista online! - Seconda Strada","og_description":"Maglione dolcevita Maison Du Cachemire Nero \u27a4 Acquista online su Secondastrada.com Maglione dolcevita Maison Du Cachemire Nero \u2714\ufe0f Spedizione veloce entro 24h in tutta Italia \u2714\ufe0f Sconto sul tuo primo acquisto","og_url":"https:\/\/www.secondastrada.com\/it\/maglione-dolcevita-maison-du-cachemire-nero-2\/","og_site_name":"Seconda Strada","article_modified_time":"2026-01-29T15:09:10+00:00","og_image":[{"width":1000,"height":1300,"url":"https:\/\/www.secondastrada.com\/wp-content\/uploads\/2024\/12\/W5C505-SV_NERO_AI24_1.jpg","type":"image\/jpeg"}],"twitter_card":"summary_large_image","schema":{"@context":"https:\/\/schema.org","@graph":[{"@type":"WebPage","@id":"https:\/\/www.secondastrada.com\/it\/maglione-dolcevita-maison-du-cachemire-nero-2\/","url":"https:\/\/www.secondastrada.com\/it\/maglione-dolcevita-maison-du-cachemire-nero-2\/","name":"Maglione dolcevita Maison Du Cachemire Nero - Acquista online! - Seconda Strada","isPartOf":{"@id":"https:\/\/www.secondastrada.com\/it\/#website"},"primaryImageOfPage":{"@id":"https:\/\/www.secondastrada.com\/it\/maglione-dolcevita-maison-du-cachemire-nero-2\/#primaryimage"},"image":{"@id":"https:\/\/www.secondastrada.com\/it\/maglione-dolcevita-maison-du-cachemire-nero-2\/#primaryimage"},"thumbnailUrl":"https:\/\/www.secondastrada.com\/wp-content\/uploads\/2024\/12\/W5C505-SV_NERO_AI24_1.jpg","datePublished":"2024-12-12T13:04:12+00:00","dateModified":"2026-01-29T15:09:10+00:00","description":"Maglione dolcevita Maison Du Cachemire Nero \u27a4 Acquista online su Secondastrada.com Maglione dolcevita Maison Du Cachemire Nero \u2714\ufe0f Spedizione veloce entro 24h in tutta Italia \u2714\ufe0f Sconto sul tuo primo acquisto","breadcrumb":{"@id":"https:\/\/www.secondastrada.com\/it\/maglione-dolcevita-maison-du-cachemire-nero-2\/#breadcrumb"},"inLanguage":"it-IT","potentialAction":[{"@type":"ReadAction","target":["https:\/\/www.secondastrada.com\/it\/maglione-dolcevita-maison-du-cachemire-nero-2\/"]}]},{"@type":"ImageObject","inLanguage":"it-IT","@id":"https:\/\/www.secondastrada.com\/it\/maglione-dolcevita-maison-du-cachemire-nero-2\/#primaryimage","url":"https:\/\/www.secondastrada.com\/wp-content\/uploads\/2024\/12\/W5C505-SV_NERO_AI24_1.jpg","contentUrl":"https:\/\/www.secondastrada.com\/wp-content\/uploads\/2024\/12\/W5C505-SV_NERO_AI24_1.jpg","width":1000,"height":1300,"caption":"W5C505-SV_NERO_AI24"},{"@type":"BreadcrumbList","@id":"https:\/\/www.secondastrada.com\/it\/maglione-dolcevita-maison-du-cachemire-nero-2\/#breadcrumb","itemListElement":[{"@type":"ListItem","position":1,"name":"Home","item":"https:\/\/www.secondastrada.com\/it\/"},{"@type":"ListItem","position":2,"name":"Shop","item":"https:\/\/www.secondastrada.com\/it\/shop\/"},{"@type":"ListItem","position":3,"name":"Donna","item":"https:\/\/www.secondastrada.com\/it\/collezione-donna\/"},{"@type":"ListItem","position":4,"name":"Abbigliamento","item":"https:\/\/www.secondastrada.com\/it\/collezione-donna\/abbigliamento-donna\/"},{"@type":"ListItem","position":5,"name":"Maglieria","item":"https:\/\/www.secondastrada.com\/it\/collezione-donna\/abbigliamento-donna\/maglie-da-donna\/"},{"@type":"ListItem","position":6,"name":"Maglie a collo alto","item":"https:\/\/www.secondastrada.com\/it\/collezione-donna\/abbigliamento-donna\/maglie-da-donna\/maglie-a-collo-alto-da-donna\/"},{"@type":"ListItem","position":7,"name":"Maglione dolcevita Maison Du Cachemire Nero"}]},{"@type":"WebSite","@id":"https:\/\/www.secondastrada.com\/it\/#website","url":"https:\/\/www.secondastrada.com\/it\/","name":"Seconda Strada","description":"","publisher":{"@id":"https:\/\/www.secondastrada.com\/it\/#organization"},"potentialAction":[{"@type":"SearchAction","target":{"@type":"EntryPoint","urlTemplate":"https:\/\/www.secondastrada.com\/it\/?s={search_term_string}"},"query-input":"required name=search_term_string"}],"inLanguage":"it-IT"},{"@type":"Organization","@id":"https:\/\/www.secondastrada.com\/it\/#organization","name":"Seconda Strada","url":"https:\/\/www.secondastrada.com\/it\/","logo":{"@type":"ImageObject","inLanguage":"it-IT","@id":"https:\/\/www.secondastrada.com\/it\/#\/schema\/logo\/image\/","url":"https:\/\/www.secondastrada.com\/wp-content\/uploads\/2023\/11\/secondastrada-logo.svg","contentUrl":"https:\/\/www.secondastrada.com\/wp-content\/uploads\/2023\/11\/secondastrada-logo.svg","width":353,"height":47,"caption":"Seconda Strada"},"image":{"@id":"https:\/\/www.secondastrada.com\/it\/#\/schema\/logo\/image\/"}}]}},"df_price":"","df_sale_price":"","df_regular_price":"","df_image_link":"https:\/\/www.secondastrada.com\/wp-content\/uploads\/2024\/12\/W5C505-SV_NERO_AI24_1-300x300.jpg","_links":{"self":[{"href":"https:\/\/www.secondastrada.com\/it\/wp-json\/wp\/v2\/product\/222332"}],"collection":[{"href":"https:\/\/www.secondastrada.com\/it\/wp-json\/wp\/v2\/product"}],"about":[{"href":"https:\/\/www.secondastrada.com\/it\/wp-json\/wp\/v2\/types\/product"}],"wp:featuredmedia":[{"embeddable":true,"href":"https:\/\/www.secondastrada.com\/it\/wp-json\/wp\/v2\/media\/223012"}],"wp:attachment":[{"href":"https:\/\/www.secondastrada.com\/it\/wp-json\/wp\/v2\/media?parent=222332"}],"wp:term":[{"taxonomy":"ss_brand","embeddable":true,"href":"https:\/\/www.secondastrada.com\/it\/wp-json\/wp\/v2\/ss_brand?post=222332"},{"taxonomy":"ss_promo","embeddable":true,"href":"https:\/\/www.secondastrada.com\/it\/wp-json\/wp\/v2\/ss_promo?post=222332"},{"taxonomy":"ss_season","embeddable":true,"href":"https:\/\/www.secondastrada.com\/it\/wp-json\/wp\/v2\/ss_season?post=222332"},{"taxonomy":"product_cat","embeddable":true,"href":"https:\/\/www.secondastrada.com\/it\/wp-json\/wp\/v2\/product_cat?post=222332"},{"taxonomy":"product_tag","embeddable":true,"href":"https:\/\/www.secondastrada.com\/it\/wp-json\/wp\/v2\/product_tag?post=222332"}],"curies":[{"name":"wp","href":"https:\/\/api.w.org\/{rel}","templated":true}]}}