{"id":22648,"date":"2024-03-26T08:19:22","date_gmt":"2024-03-26T07:19:22","guid":{"rendered":"http:\/\/secondastrada.com\/pantalone-asquani-cinque-tasche\/"},"modified":"2026-01-29T11:40:01","modified_gmt":"2026-01-29T10:40:01","slug":"pantalone-asquani-cinque-tasche","status":"publish","type":"product","link":"https:\/\/www.secondastrada.com\/it\/pantalone-asquani-cinque-tasche\/","title":{"rendered":"Pantalone Asquani cinque tasche"},"content":{"rendered":"<p>97% cotone 3% elastina<br \/>Il modello indossa la taglia 48 ed \u00e8 alto 184 cm e la vestibilit\u00e0 \u00e8 regolare. Vita: 45 cm &#8211; Lunghezza: 105 cm. Vedi guida alle taglie<br \/>Scegli questo pantalone Asquani per definire il tuo stile classic-casual! Un modello versatile da indossare con praticit\u00e0 sotto a una camicia e a una t-shirt per look sempre nuovi!<br \/>Cod. art. VIETRI 211 or<br \/>Vi ricordiamo che tutti i nostri articoli sono originali.<\/p>\n","protected":false},"excerpt":{"rendered":"<p>97% cotone 3% elastinaIl modello indossa la taglia 48 ed \u00e8 alto 184 cm e la vestibilit\u00e0 \u00e8 regolare. Vita: 45 cm &#8211; Lunghezza: 105 cm. Vedi guida alle taglieScegli questo pantalone Asquani per definire il tuo stile classic-casual! Un modello versatile da indossare con praticit\u00e0 sotto a una camicia e a una t-shirt per&#8230;<\/p>\n","protected":false},"featured_media":0,"template":"","meta":{"inline_featured_image":false},"ss_brand":[1314],"ss_promo":[2182],"ss_season":[1710],"product_cat":[1332,1484,1714],"product_tag":[],"class_list":{"0":"post-22648","1":"product","2":"type-product","3":"status-publish","5":"ss_brand-asquani-uomo","6":"ss_promo-ultime-occasioni-uomo","7":"ss_season-ai22","8":"product_cat-abbigliamento-uomo","9":"product_cat-pantaloni-da-uomo","10":"product_cat-collezione-uomo","12":"first","13":"outofstock","14":"sold-individually","15":"shipping-taxable","16":"product-type-variable","17":"has-default-attributes"},"acf":{"ss_brand":[{"term_id":1314,"name":"asquani","slug":"asquani-uomo","term_group":0,"term_taxonomy_id":1314,"taxonomy":"ss_brand","description":"La sartorialit\u00e0 italiana al servizio della qualit\u00e0 al miglior prezzo","parent":1268,"count":1,"filter":"raw"}],"ss_promo":[2182],"ss_season":[{"term_id":1710,"name":"AI22","slug":"ai22","term_group":0,"term_taxonomy_id":1710,"taxonomy":"ss_season","description":"","parent":0,"count":262,"filter":"raw"}],"ss_old_price":"0,00","ss_omnibus_price":"0,00","ss_style_advice":"<p>97% cotone 3% elastina<br \/>Il modello indossa la taglia 48 ed \u00e8 alto 184 cm e la vestibilit\u00e0 \u00e8 regolare. Vita: 45 cm &#8211; Lunghezza: 105 cm. Vedi guida alle taglie<br \/>Scegli questo pantalone Asquani per definire il tuo stile classic-casual! Un modello versatile da indossare con praticit\u00e0 sotto a una camicia e a una t-shirt per look sempre nuovi!<br \/>Cod. art. VIETRI 211 or<br \/>Vi ricordiamo che tutti i nostri articoli sono originali.<\/p>\n","ss_composition":"<p>97% cotone 3% elastina<\/p>\n","ss_fit":"<p>Pantalone asquani<\/p>\n"},"yoast_head":"<!-- This site is optimized with the Yoast SEO plugin v22.3 - https:\/\/yoast.com\/wordpress\/plugins\/seo\/ -->\n<title>Pantalone Asquani cinque tasche - Acquista online! - Seconda Strada<\/title>\n<meta name=\"description\" content=\"Pantalone Asquani cinque tasche \u27a4 Acquista online su Secondastrada.com Pantalone Asquani cinque tasche \u2714\ufe0f Spedizione veloce entro 24h in tutta Italia \u2714\ufe0f Sconto sul tuo primo acquisto\" \/>\n<meta name=\"robots\" content=\"index, follow, max-snippet:-1, max-image-preview:large, max-video-preview:-1\" \/>\n<link rel=\"canonical\" href=\"https:\/\/www.secondastrada.com\/it\/pantalone-asquani-cinque-tasche\/\" \/>\n<meta property=\"og:locale\" content=\"it_IT\" \/>\n<meta property=\"og:type\" content=\"article\" \/>\n<meta property=\"og:title\" content=\"Pantalone Asquani cinque tasche - Acquista online! - Seconda Strada\" \/>\n<meta property=\"og:description\" content=\"Pantalone Asquani cinque tasche \u27a4 Acquista online su Secondastrada.com Pantalone Asquani cinque tasche \u2714\ufe0f Spedizione veloce entro 24h in tutta Italia \u2714\ufe0f Sconto sul tuo primo acquisto\" \/>\n<meta property=\"og:url\" content=\"https:\/\/www.secondastrada.com\/it\/pantalone-asquani-cinque-tasche\/\" \/>\n<meta property=\"og:site_name\" content=\"Seconda Strada\" \/>\n<meta property=\"article:modified_time\" content=\"2026-01-29T10:40:01+00:00\" \/>\n<meta name=\"twitter:card\" content=\"summary_large_image\" \/>\n<!-- \/ Yoast SEO plugin. -->","yoast_head_json":{"title":"Pantalone Asquani cinque tasche - Acquista online! - Seconda Strada","description":"Pantalone Asquani cinque tasche \u27a4 Acquista online su Secondastrada.com Pantalone Asquani cinque tasche \u2714\ufe0f Spedizione veloce entro 24h in tutta Italia \u2714\ufe0f Sconto sul tuo primo acquisto","robots":{"index":"index","follow":"follow","max-snippet":"max-snippet:-1","max-image-preview":"max-image-preview:large","max-video-preview":"max-video-preview:-1"},"canonical":"https:\/\/www.secondastrada.com\/it\/pantalone-asquani-cinque-tasche\/","og_locale":"it_IT","og_type":"article","og_title":"Pantalone Asquani cinque tasche - Acquista online! - Seconda Strada","og_description":"Pantalone Asquani cinque tasche \u27a4 Acquista online su Secondastrada.com Pantalone Asquani cinque tasche \u2714\ufe0f Spedizione veloce entro 24h in tutta Italia \u2714\ufe0f Sconto sul tuo primo acquisto","og_url":"https:\/\/www.secondastrada.com\/it\/pantalone-asquani-cinque-tasche\/","og_site_name":"Seconda Strada","article_modified_time":"2026-01-29T10:40:01+00:00","twitter_card":"summary_large_image","schema":{"@context":"https:\/\/schema.org","@graph":[{"@type":"WebPage","@id":"https:\/\/www.secondastrada.com\/it\/pantalone-asquani-cinque-tasche\/","url":"https:\/\/www.secondastrada.com\/it\/pantalone-asquani-cinque-tasche\/","name":"Pantalone Asquani cinque tasche - Acquista online! - Seconda Strada","isPartOf":{"@id":"https:\/\/www.secondastrada.com\/it\/#website"},"datePublished":"2024-03-26T07:19:22+00:00","dateModified":"2026-01-29T10:40:01+00:00","description":"Pantalone Asquani cinque tasche \u27a4 Acquista online su Secondastrada.com Pantalone Asquani cinque tasche \u2714\ufe0f Spedizione veloce entro 24h in tutta Italia \u2714\ufe0f Sconto sul tuo primo acquisto","breadcrumb":{"@id":"https:\/\/www.secondastrada.com\/it\/pantalone-asquani-cinque-tasche\/#breadcrumb"},"inLanguage":"it-IT","potentialAction":[{"@type":"ReadAction","target":["https:\/\/www.secondastrada.com\/it\/pantalone-asquani-cinque-tasche\/"]}]},{"@type":"BreadcrumbList","@id":"https:\/\/www.secondastrada.com\/it\/pantalone-asquani-cinque-tasche\/#breadcrumb","itemListElement":[{"@type":"ListItem","position":1,"name":"Home","item":"https:\/\/www.secondastrada.com\/it\/"},{"@type":"ListItem","position":2,"name":"Shop","item":"https:\/\/www.secondastrada.com\/it\/shop\/"},{"@type":"ListItem","position":3,"name":"Uomo","item":"https:\/\/www.secondastrada.com\/it\/collezione-uomo\/"},{"@type":"ListItem","position":4,"name":"Abbigliamento","item":"https:\/\/www.secondastrada.com\/it\/collezione-uomo\/abbigliamento-uomo\/"},{"@type":"ListItem","position":5,"name":"Pantaloni","item":"https:\/\/www.secondastrada.com\/it\/collezione-uomo\/abbigliamento-uomo\/pantaloni-da-uomo\/"},{"@type":"ListItem","position":6,"name":"Pantalone Asquani cinque tasche"}]},{"@type":"WebSite","@id":"https:\/\/www.secondastrada.com\/it\/#website","url":"https:\/\/www.secondastrada.com\/it\/","name":"Seconda Strada","description":"","publisher":{"@id":"https:\/\/www.secondastrada.com\/it\/#organization"},"potentialAction":[{"@type":"SearchAction","target":{"@type":"EntryPoint","urlTemplate":"https:\/\/www.secondastrada.com\/it\/?s={search_term_string}"},"query-input":"required name=search_term_string"}],"inLanguage":"it-IT"},{"@type":"Organization","@id":"https:\/\/www.secondastrada.com\/it\/#organization","name":"Seconda Strada","url":"https:\/\/www.secondastrada.com\/it\/","logo":{"@type":"ImageObject","inLanguage":"it-IT","@id":"https:\/\/www.secondastrada.com\/it\/#\/schema\/logo\/image\/","url":"https:\/\/www.secondastrada.com\/wp-content\/uploads\/2023\/11\/secondastrada-logo.svg","contentUrl":"https:\/\/www.secondastrada.com\/wp-content\/uploads\/2023\/11\/secondastrada-logo.svg","width":353,"height":47,"caption":"Seconda Strada"},"image":{"@id":"https:\/\/www.secondastrada.com\/it\/#\/schema\/logo\/image\/"}}]}},"df_price":"","df_sale_price":"","df_regular_price":"","df_image_link":"https:\/\/www.secondastrada.com\/wp-content\/uploads\/2024\/03\/placeholder-ss.webp","_links":{"self":[{"href":"https:\/\/www.secondastrada.com\/it\/wp-json\/wp\/v2\/product\/22648"}],"collection":[{"href":"https:\/\/www.secondastrada.com\/it\/wp-json\/wp\/v2\/product"}],"about":[{"href":"https:\/\/www.secondastrada.com\/it\/wp-json\/wp\/v2\/types\/product"}],"wp:attachment":[{"href":"https:\/\/www.secondastrada.com\/it\/wp-json\/wp\/v2\/media?parent=22648"}],"wp:term":[{"taxonomy":"ss_brand","embeddable":true,"href":"https:\/\/www.secondastrada.com\/it\/wp-json\/wp\/v2\/ss_brand?post=22648"},{"taxonomy":"ss_promo","embeddable":true,"href":"https:\/\/www.secondastrada.com\/it\/wp-json\/wp\/v2\/ss_promo?post=22648"},{"taxonomy":"ss_season","embeddable":true,"href":"https:\/\/www.secondastrada.com\/it\/wp-json\/wp\/v2\/ss_season?post=22648"},{"taxonomy":"product_cat","embeddable":true,"href":"https:\/\/www.secondastrada.com\/it\/wp-json\/wp\/v2\/product_cat?post=22648"},{"taxonomy":"product_tag","embeddable":true,"href":"https:\/\/www.secondastrada.com\/it\/wp-json\/wp\/v2\/product_tag?post=22648"}],"curies":[{"name":"wp","href":"https:\/\/api.w.org\/{rel}","templated":true}]}}