{"id":22776,"date":"2025-08-26T09:33:33","date_gmt":"2025-08-26T07:33:33","guid":{"rendered":"http:\/\/secondastrada.com\/sneakers-u-s-polo-assn-colourblock-con-inserti-in-nylon-4\/"},"modified":"2026-02-26T15:02:15","modified_gmt":"2026-02-26T14:02:15","slug":"sneakers-u-s-polo-assn-colourblock-con-inserti-in-nylon-4","status":"publish","type":"product","link":"https:\/\/www.secondastrada.com\/it\/sneakers-u-s-polo-assn-colourblock-con-inserti-in-nylon-4\/","title":{"rendered":"Sneakers U.S. POLO ASSN. Colourblock con inserti in nylon"},"content":{"rendered":"<p>Ecopelle e materiale tessile <br \/>Il modello indossa il numero 43 e la vestibilit\u00e0 \u00e8 regolare. Ecopelle e materiale tessile Il modello indossa il numero 43 e la vestibilit\u00e0 \u00e8 regolare. Lunghezza suola: 29cm <\/br> Sneakers colourblock con tomaia in misto ecopelle e tessuto. Dettaglio in ecopelle scamosciata su punta e tallone. Intersuola colourblock e suola in gomma. Inserto a striscia con logo sulla linguetta. Una sneakers elegante adatta per l&#8217;ufficio e il tempo libero. Divertiti a combinare i colori del tuo outfit con la tinta che pi\u00f9 ami!<br \/> Cod. art. BALTY001 sr<br \/>Vi ricordiamo che tutti i nostri articoli sono originali.<\/p>\n","protected":false},"excerpt":{"rendered":"<p>Ecopelle e materiale tessile Il modello indossa il numero 43 e la vestibilit\u00e0 \u00e8 regolare. Ecopelle e materiale tessile Il modello indossa il numero 43 e la vestibilit\u00e0 \u00e8 regolare. Lunghezza suola: 29cm Sneakers colourblock con tomaia in misto ecopelle e tessuto. Dettaglio in ecopelle scamosciata su punta e tallone. Intersuola colourblock e suola in&#8230;<\/p>\n","protected":false},"featured_media":42851,"template":"","meta":{"inline_featured_image":false},"ss_brand":[1284],"ss_promo":[],"ss_season":[2005],"product_cat":[1333,1845,2424,1714],"product_tag":[],"class_list":{"0":"post-22776","1":"product","2":"type-product","3":"status-publish","4":"has-post-thumbnail","6":"ss_brand-u-s-polo-uomo","7":"ss_season-ai23","8":"product_cat-scarpe-da-uomo","9":"product_cat-sneakers-da-uomo","10":"product_cat-svendita-uomo","11":"product_cat-collezione-uomo","13":"first","14":"instock","15":"sale","16":"sold-individually","17":"shipping-taxable","18":"purchasable","19":"product-type-variable","20":"has-default-attributes"},"acf":{"ss_brand":[{"term_id":1284,"name":"U.S. POLO ASSN.","slug":"u-s-polo-uomo","term_group":0,"term_taxonomy_id":1284,"taxonomy":"ss_brand","description":"Le migliori scarpe online da uomo? Sono firmate US Polo! Scopri subito tutti i modelli del nostro store a prezzi bassissimi.\u00a0Acquista online su SecondaStrada.com <strong>scarpe da uomo U.S. POLO scontatissime<\/strong>!","parent":1268,"count":91,"filter":"raw"}],"ss_promo":false,"ss_season":[{"term_id":2005,"name":"AI23","slug":"ai23","term_group":0,"term_taxonomy_id":2005,"taxonomy":"ss_season","description":"","parent":0,"count":601,"filter":"raw"}],"ss_old_price":"0,00","ss_omnibus_price":"0,00","ss_style_advice":"<p>Ecopelle e materiale tessile <br \/>Il modello indossa il numero 43 e la vestibilit\u00e0 \u00e8 regolare. Ecopelle e materiale tessile Il modello indossa il numero 43 e la vestibilit\u00e0 \u00e8 regolare. Lunghezza suola: 29cm <\/br> Sneakers colourblock con tomaia in misto ecopelle e tessuto. Dettaglio in ecopelle scamosciata su punta e tallone. Intersuola colourblock e suola in gomma. Inserto a striscia con logo sulla linguetta. Una sneakers elegante adatta per l&#8217;ufficio e il tempo libero. Divertiti a combinare i colori del tuo outfit con la tinta che pi\u00f9 ami!<br \/> Cod. art. BALTY001 sr<br \/>Vi ricordiamo che tutti i nostri articoli sono originali.<\/p>\n","ss_composition":"<p>Ecopelle e materiale tessile<\/p>\n","ss_fit":""},"yoast_head":"<!-- This site is optimized with the Yoast SEO plugin v22.3 - https:\/\/yoast.com\/wordpress\/plugins\/seo\/ -->\n<title>Sneakers U.S. POLO ASSN. Colourblock con inserti in nylon - Acquista online! - Seconda Strada<\/title>\n<meta name=\"description\" content=\"Sneakers U.S. POLO ASSN. Colourblock con inserti in nylon \u27a4 Acquista online su Secondastrada.com Sneakers U.S. POLO ASSN. Colourblock con inserti in nylon \u2714\ufe0f Spedizione veloce entro 24h in tutta Italia \u2714\ufe0f Sconto sul tuo primo acquisto\" \/>\n<meta name=\"robots\" content=\"index, follow, max-snippet:-1, max-image-preview:large, max-video-preview:-1\" \/>\n<link rel=\"canonical\" href=\"https:\/\/www.secondastrada.com\/it\/sneakers-u-s-polo-assn-colourblock-con-inserti-in-nylon-4\/\" \/>\n<meta property=\"og:locale\" content=\"it_IT\" \/>\n<meta property=\"og:type\" content=\"article\" \/>\n<meta property=\"og:title\" content=\"Sneakers U.S. POLO ASSN. Colourblock con inserti in nylon - Acquista online! - Seconda Strada\" \/>\n<meta property=\"og:description\" content=\"Sneakers U.S. POLO ASSN. Colourblock con inserti in nylon \u27a4 Acquista online su Secondastrada.com Sneakers U.S. POLO ASSN. Colourblock con inserti in nylon \u2714\ufe0f Spedizione veloce entro 24h in tutta Italia \u2714\ufe0f Sconto sul tuo primo acquisto\" \/>\n<meta property=\"og:url\" content=\"https:\/\/www.secondastrada.com\/it\/sneakers-u-s-polo-assn-colourblock-con-inserti-in-nylon-4\/\" \/>\n<meta property=\"og:site_name\" content=\"Seconda Strada\" \/>\n<meta property=\"article:modified_time\" content=\"2026-02-26T14:02:15+00:00\" \/>\n<meta property=\"og:image\" content=\"https:\/\/www.secondastrada.com\/wp-content\/uploads\/2024\/04\/BALTY001-sr_GRY_CONT_1.jpg\" \/>\n\t<meta property=\"og:image:width\" content=\"1000\" \/>\n\t<meta property=\"og:image:height\" content=\"1300\" \/>\n\t<meta property=\"og:image:type\" content=\"image\/jpeg\" \/>\n<meta name=\"twitter:card\" content=\"summary_large_image\" \/>\n<!-- \/ Yoast SEO plugin. -->","yoast_head_json":{"title":"Sneakers U.S. POLO ASSN. Colourblock con inserti in nylon - Acquista online! - Seconda Strada","description":"Sneakers U.S. POLO ASSN. Colourblock con inserti in nylon \u27a4 Acquista online su Secondastrada.com Sneakers U.S. POLO ASSN. Colourblock con inserti in nylon \u2714\ufe0f Spedizione veloce entro 24h in tutta Italia \u2714\ufe0f Sconto sul tuo primo acquisto","robots":{"index":"index","follow":"follow","max-snippet":"max-snippet:-1","max-image-preview":"max-image-preview:large","max-video-preview":"max-video-preview:-1"},"canonical":"https:\/\/www.secondastrada.com\/it\/sneakers-u-s-polo-assn-colourblock-con-inserti-in-nylon-4\/","og_locale":"it_IT","og_type":"article","og_title":"Sneakers U.S. POLO ASSN. Colourblock con inserti in nylon - Acquista online! - Seconda Strada","og_description":"Sneakers U.S. POLO ASSN. Colourblock con inserti in nylon \u27a4 Acquista online su Secondastrada.com Sneakers U.S. POLO ASSN. Colourblock con inserti in nylon \u2714\ufe0f Spedizione veloce entro 24h in tutta Italia \u2714\ufe0f Sconto sul tuo primo acquisto","og_url":"https:\/\/www.secondastrada.com\/it\/sneakers-u-s-polo-assn-colourblock-con-inserti-in-nylon-4\/","og_site_name":"Seconda Strada","article_modified_time":"2026-02-26T14:02:15+00:00","og_image":[{"width":1000,"height":1300,"url":"https:\/\/www.secondastrada.com\/wp-content\/uploads\/2024\/04\/BALTY001-sr_GRY_CONT_1.jpg","type":"image\/jpeg"}],"twitter_card":"summary_large_image","schema":{"@context":"https:\/\/schema.org","@graph":[{"@type":"WebPage","@id":"https:\/\/www.secondastrada.com\/it\/sneakers-u-s-polo-assn-colourblock-con-inserti-in-nylon-4\/","url":"https:\/\/www.secondastrada.com\/it\/sneakers-u-s-polo-assn-colourblock-con-inserti-in-nylon-4\/","name":"Sneakers U.S. POLO ASSN. Colourblock con inserti in nylon - Acquista online! - Seconda Strada","isPartOf":{"@id":"https:\/\/www.secondastrada.com\/it\/#website"},"primaryImageOfPage":{"@id":"https:\/\/www.secondastrada.com\/it\/sneakers-u-s-polo-assn-colourblock-con-inserti-in-nylon-4\/#primaryimage"},"image":{"@id":"https:\/\/www.secondastrada.com\/it\/sneakers-u-s-polo-assn-colourblock-con-inserti-in-nylon-4\/#primaryimage"},"thumbnailUrl":"https:\/\/www.secondastrada.com\/wp-content\/uploads\/2024\/04\/BALTY001-sr_GRY_CONT_1.jpg","datePublished":"2025-08-26T07:33:33+00:00","dateModified":"2026-02-26T14:02:15+00:00","description":"Sneakers U.S. POLO ASSN. Colourblock con inserti in nylon \u27a4 Acquista online su Secondastrada.com Sneakers U.S. POLO ASSN. Colourblock con inserti in nylon \u2714\ufe0f Spedizione veloce entro 24h in tutta Italia \u2714\ufe0f Sconto sul tuo primo acquisto","breadcrumb":{"@id":"https:\/\/www.secondastrada.com\/it\/sneakers-u-s-polo-assn-colourblock-con-inserti-in-nylon-4\/#breadcrumb"},"inLanguage":"it-IT","potentialAction":[{"@type":"ReadAction","target":["https:\/\/www.secondastrada.com\/it\/sneakers-u-s-polo-assn-colourblock-con-inserti-in-nylon-4\/"]}]},{"@type":"ImageObject","inLanguage":"it-IT","@id":"https:\/\/www.secondastrada.com\/it\/sneakers-u-s-polo-assn-colourblock-con-inserti-in-nylon-4\/#primaryimage","url":"https:\/\/www.secondastrada.com\/wp-content\/uploads\/2024\/04\/BALTY001-sr_GRY_CONT_1.jpg","contentUrl":"https:\/\/www.secondastrada.com\/wp-content\/uploads\/2024\/04\/BALTY001-sr_GRY_CONT_1.jpg","width":1000,"height":1300,"caption":"BALTY001-sr_GRY_CONT"},{"@type":"BreadcrumbList","@id":"https:\/\/www.secondastrada.com\/it\/sneakers-u-s-polo-assn-colourblock-con-inserti-in-nylon-4\/#breadcrumb","itemListElement":[{"@type":"ListItem","position":1,"name":"Home","item":"https:\/\/www.secondastrada.com\/it\/"},{"@type":"ListItem","position":2,"name":"Shop","item":"https:\/\/www.secondastrada.com\/it\/shop\/"},{"@type":"ListItem","position":3,"name":"Uomo","item":"https:\/\/www.secondastrada.com\/it\/collezione-uomo\/"},{"@type":"ListItem","position":4,"name":"Scarpe","item":"https:\/\/www.secondastrada.com\/it\/collezione-uomo\/scarpe-da-uomo\/"},{"@type":"ListItem","position":5,"name":"Sneakers","item":"https:\/\/www.secondastrada.com\/it\/collezione-uomo\/scarpe-da-uomo\/sneakers-da-uomo\/"},{"@type":"ListItem","position":6,"name":"Sneakers U.S. POLO ASSN. Colourblock con inserti in nylon"}]},{"@type":"WebSite","@id":"https:\/\/www.secondastrada.com\/it\/#website","url":"https:\/\/www.secondastrada.com\/it\/","name":"Seconda Strada","description":"","publisher":{"@id":"https:\/\/www.secondastrada.com\/it\/#organization"},"potentialAction":[{"@type":"SearchAction","target":{"@type":"EntryPoint","urlTemplate":"https:\/\/www.secondastrada.com\/it\/?s={search_term_string}"},"query-input":"required name=search_term_string"}],"inLanguage":"it-IT"},{"@type":"Organization","@id":"https:\/\/www.secondastrada.com\/it\/#organization","name":"Seconda Strada","url":"https:\/\/www.secondastrada.com\/it\/","logo":{"@type":"ImageObject","inLanguage":"it-IT","@id":"https:\/\/www.secondastrada.com\/it\/#\/schema\/logo\/image\/","url":"https:\/\/www.secondastrada.com\/wp-content\/uploads\/2023\/11\/secondastrada-logo.svg","contentUrl":"https:\/\/www.secondastrada.com\/wp-content\/uploads\/2023\/11\/secondastrada-logo.svg","width":353,"height":47,"caption":"Seconda Strada"},"image":{"@id":"https:\/\/www.secondastrada.com\/it\/#\/schema\/logo\/image\/"}}]}},"df_price":49.5,"df_sale_price":"","df_regular_price":49.5,"df_image_link":"https:\/\/www.secondastrada.com\/wp-content\/uploads\/2024\/04\/BALTY001-sr_GRY_CONT_1-300x300.jpg","_links":{"self":[{"href":"https:\/\/www.secondastrada.com\/it\/wp-json\/wp\/v2\/product\/22776"}],"collection":[{"href":"https:\/\/www.secondastrada.com\/it\/wp-json\/wp\/v2\/product"}],"about":[{"href":"https:\/\/www.secondastrada.com\/it\/wp-json\/wp\/v2\/types\/product"}],"wp:featuredmedia":[{"embeddable":true,"href":"https:\/\/www.secondastrada.com\/it\/wp-json\/wp\/v2\/media\/42851"}],"wp:attachment":[{"href":"https:\/\/www.secondastrada.com\/it\/wp-json\/wp\/v2\/media?parent=22776"}],"wp:term":[{"taxonomy":"ss_brand","embeddable":true,"href":"https:\/\/www.secondastrada.com\/it\/wp-json\/wp\/v2\/ss_brand?post=22776"},{"taxonomy":"ss_promo","embeddable":true,"href":"https:\/\/www.secondastrada.com\/it\/wp-json\/wp\/v2\/ss_promo?post=22776"},{"taxonomy":"ss_season","embeddable":true,"href":"https:\/\/www.secondastrada.com\/it\/wp-json\/wp\/v2\/ss_season?post=22776"},{"taxonomy":"product_cat","embeddable":true,"href":"https:\/\/www.secondastrada.com\/it\/wp-json\/wp\/v2\/product_cat?post=22776"},{"taxonomy":"product_tag","embeddable":true,"href":"https:\/\/www.secondastrada.com\/it\/wp-json\/wp\/v2\/product_tag?post=22776"}],"curies":[{"name":"wp","href":"https:\/\/api.w.org\/{rel}","templated":true}]}}