{"id":231812,"date":"2025-01-28T14:25:35","date_gmt":"2025-01-28T13:25:35","guid":{"rendered":"https:\/\/www.secondastrada.com\/it\/vestito-taglia-42-denny-rose-panna\/"},"modified":"2026-01-29T17:15:28","modified_gmt":"2026-01-29T16:15:28","slug":"vestito-taglia-42-denny-rose-panna","status":"publish","type":"product","link":"https:\/\/www.secondastrada.com\/it\/vestito-taglia-42-denny-rose-panna\/","title":{"rendered":"Vestito Denny Rose Panna taglia 42"},"content":{"rendered":"<p>L\u2019articolo appartiene al campionario esclusivo di stagione: pezzo unico.<br \/>Cod. art. C511DD15052 D CZ<br \/>Vi ricordiamo che tutti i nostri articoli sono originali.<\/p>\n","protected":false},"excerpt":{"rendered":"<p>L\u2019articolo appartiene al campionario esclusivo di stagione: pezzo unico.Cod. art. C511DD15052 D CZVi ricordiamo che tutti i nostri articoli sono originali.<\/p>\n","protected":false},"featured_media":231980,"template":"","meta":{"inline_featured_image":false},"ss_brand":[2362],"ss_promo":[2181],"ss_season":[2375],"product_cat":[1329,1539,1658,1610,2281,1613],"product_tag":[1953,2232],"class_list":{"0":"post-231812","1":"product","2":"type-product","3":"status-publish","4":"has-post-thumbnail","6":"ss_brand-denny-rose-donna","7":"ss_promo-ultime-occasioni-donna","8":"ss_season-pe25","9":"product_cat-abbigliamento-donna","10":"product_cat-abiti-e-vestiti-da-donna","11":"product_cat-collezione-donna","12":"product_cat-vestiti-da-donna-corti","13":"product_cat-vestiti-estivi-da-donna","14":"product_cat-vestiti-da-donna-a-manica-lunga","15":"product_tag-campionario","16":"product_tag-outfit-da-cerimonia-da-donna","18":"first","19":"outofstock","20":"shipping-taxable","21":"product-type-variable","22":"has-default-attributes"},"acf":{"ss_brand":[{"term_id":2362,"name":"DENNY ROSE","slug":"denny-rose-donna","term_group":0,"term_taxonomy_id":2362,"taxonomy":"ss_brand","description":"Se ami distinguerti con uno stile deciso, femminile e sempre al passo con le ultime tendenze, l\u2019universo <strong>Denny Rose<\/strong> \u00e8 ci\u00f2 che fa per te. Su SecondaStrada.com trovi una selezione esclusiva di <strong>abbigliamento Denny Rose da donna a prezzi scontati<\/strong>: capi iconici, dinamici e di grande personalit\u00e0, perfetti per raccontare la tua unicit\u00e0 in ogni occasione.","parent":1201,"count":61,"filter":"raw"}],"ss_promo":[2181],"ss_season":[{"term_id":2375,"name":"PE25","slug":"pe25","term_group":0,"term_taxonomy_id":2375,"taxonomy":"ss_season","description":"","parent":0,"count":2507,"filter":"raw"}],"ss_old_price":"130,00","ss_omnibus_price":"0,00","ss_style_advice":"<p>L\u2019articolo appartiene al campionario esclusivo di stagione: pezzo unico.<br \/>Cod. art. C511DD15052 D CZ<br \/>Vi ricordiamo che tutti i nostri articoli sono originali.<\/p>\n","ss_composition":"<p>85% poliestere 15% elastane<\/p>\n","ss_fit":"<p>La modella \u00e8 alta 165 cm e veste la taglia S. La vestibilit\u00e0 del capo \u00e8 regolare. L&#8217;articolo \u00e8 garzato.<\/p>\n"},"yoast_head":"<!-- This site is optimized with the Yoast SEO plugin v22.3 - https:\/\/yoast.com\/wordpress\/plugins\/seo\/ -->\n<title>Vestito Denny Rose Panna taglia 42 - Acquista online! - Seconda Strada<\/title>\n<meta name=\"description\" content=\"Vestito Denny Rose Panna taglia 42 \u27a4 Acquista online su Secondastrada.com Vestito Denny Rose Panna taglia 42 \u2714\ufe0f Spedizione veloce entro 24h in tutta Italia \u2714\ufe0f Sconto sul tuo primo acquisto\" \/>\n<meta name=\"robots\" content=\"index, follow, max-snippet:-1, max-image-preview:large, max-video-preview:-1\" \/>\n<link rel=\"canonical\" href=\"https:\/\/www.secondastrada.com\/it\/vestito-taglia-42-denny-rose-panna\/\" \/>\n<meta property=\"og:locale\" content=\"it_IT\" \/>\n<meta property=\"og:type\" content=\"article\" \/>\n<meta property=\"og:title\" content=\"Vestito Denny Rose Panna taglia 42 - Acquista online! - Seconda Strada\" \/>\n<meta property=\"og:description\" content=\"Vestito Denny Rose Panna taglia 42 \u27a4 Acquista online su Secondastrada.com Vestito Denny Rose Panna taglia 42 \u2714\ufe0f Spedizione veloce entro 24h in tutta Italia \u2714\ufe0f Sconto sul tuo primo acquisto\" \/>\n<meta property=\"og:url\" content=\"https:\/\/www.secondastrada.com\/it\/vestito-taglia-42-denny-rose-panna\/\" \/>\n<meta property=\"og:site_name\" content=\"Seconda Strada\" \/>\n<meta property=\"article:modified_time\" content=\"2026-01-29T16:15:28+00:00\" \/>\n<meta property=\"og:image\" content=\"https:\/\/www.secondastrada.com\/wp-content\/uploads\/2025\/01\/C511DD15052-D-CZ_Crema_PE25_1.jpg\" \/>\n\t<meta property=\"og:image:width\" content=\"1000\" \/>\n\t<meta property=\"og:image:height\" content=\"1300\" \/>\n\t<meta property=\"og:image:type\" content=\"image\/jpeg\" \/>\n<meta name=\"twitter:card\" content=\"summary_large_image\" \/>\n<!-- \/ Yoast SEO plugin. -->","yoast_head_json":{"title":"Vestito Denny Rose Panna taglia 42 - Acquista online! - Seconda Strada","description":"Vestito Denny Rose Panna taglia 42 \u27a4 Acquista online su Secondastrada.com Vestito Denny Rose Panna taglia 42 \u2714\ufe0f Spedizione veloce entro 24h in tutta Italia \u2714\ufe0f Sconto sul tuo primo acquisto","robots":{"index":"index","follow":"follow","max-snippet":"max-snippet:-1","max-image-preview":"max-image-preview:large","max-video-preview":"max-video-preview:-1"},"canonical":"https:\/\/www.secondastrada.com\/it\/vestito-taglia-42-denny-rose-panna\/","og_locale":"it_IT","og_type":"article","og_title":"Vestito Denny Rose Panna taglia 42 - Acquista online! - Seconda Strada","og_description":"Vestito Denny Rose Panna taglia 42 \u27a4 Acquista online su Secondastrada.com Vestito Denny Rose Panna taglia 42 \u2714\ufe0f Spedizione veloce entro 24h in tutta Italia \u2714\ufe0f Sconto sul tuo primo acquisto","og_url":"https:\/\/www.secondastrada.com\/it\/vestito-taglia-42-denny-rose-panna\/","og_site_name":"Seconda Strada","article_modified_time":"2026-01-29T16:15:28+00:00","og_image":[{"width":1000,"height":1300,"url":"https:\/\/www.secondastrada.com\/wp-content\/uploads\/2025\/01\/C511DD15052-D-CZ_Crema_PE25_1.jpg","type":"image\/jpeg"}],"twitter_card":"summary_large_image","schema":{"@context":"https:\/\/schema.org","@graph":[{"@type":"WebPage","@id":"https:\/\/www.secondastrada.com\/it\/vestito-taglia-42-denny-rose-panna\/","url":"https:\/\/www.secondastrada.com\/it\/vestito-taglia-42-denny-rose-panna\/","name":"Vestito Denny Rose Panna taglia 42 - Acquista online! - Seconda Strada","isPartOf":{"@id":"https:\/\/www.secondastrada.com\/it\/#website"},"primaryImageOfPage":{"@id":"https:\/\/www.secondastrada.com\/it\/vestito-taglia-42-denny-rose-panna\/#primaryimage"},"image":{"@id":"https:\/\/www.secondastrada.com\/it\/vestito-taglia-42-denny-rose-panna\/#primaryimage"},"thumbnailUrl":"https:\/\/www.secondastrada.com\/wp-content\/uploads\/2025\/01\/C511DD15052-D-CZ_Crema_PE25_1.jpg","datePublished":"2025-01-28T13:25:35+00:00","dateModified":"2026-01-29T16:15:28+00:00","description":"Vestito Denny Rose Panna taglia 42 \u27a4 Acquista online su Secondastrada.com Vestito Denny Rose Panna taglia 42 \u2714\ufe0f Spedizione veloce entro 24h in tutta Italia \u2714\ufe0f Sconto sul tuo primo acquisto","breadcrumb":{"@id":"https:\/\/www.secondastrada.com\/it\/vestito-taglia-42-denny-rose-panna\/#breadcrumb"},"inLanguage":"it-IT","potentialAction":[{"@type":"ReadAction","target":["https:\/\/www.secondastrada.com\/it\/vestito-taglia-42-denny-rose-panna\/"]}]},{"@type":"ImageObject","inLanguage":"it-IT","@id":"https:\/\/www.secondastrada.com\/it\/vestito-taglia-42-denny-rose-panna\/#primaryimage","url":"https:\/\/www.secondastrada.com\/wp-content\/uploads\/2025\/01\/C511DD15052-D-CZ_Crema_PE25_1.jpg","contentUrl":"https:\/\/www.secondastrada.com\/wp-content\/uploads\/2025\/01\/C511DD15052-D-CZ_Crema_PE25_1.jpg","width":1000,"height":1300,"caption":"C511DD15052-D-CZ_Crema_PE25"},{"@type":"BreadcrumbList","@id":"https:\/\/www.secondastrada.com\/it\/vestito-taglia-42-denny-rose-panna\/#breadcrumb","itemListElement":[{"@type":"ListItem","position":1,"name":"Home","item":"https:\/\/www.secondastrada.com\/it\/"},{"@type":"ListItem","position":2,"name":"Shop","item":"https:\/\/www.secondastrada.com\/it\/shop\/"},{"@type":"ListItem","position":3,"name":"Donna","item":"https:\/\/www.secondastrada.com\/it\/collezione-donna\/"},{"@type":"ListItem","position":4,"name":"Abbigliamento","item":"https:\/\/www.secondastrada.com\/it\/collezione-donna\/abbigliamento-donna\/"},{"@type":"ListItem","position":5,"name":"Abiti e Vestiti","item":"https:\/\/www.secondastrada.com\/it\/collezione-donna\/abbigliamento-donna\/abiti-e-vestiti-da-donna\/"},{"@type":"ListItem","position":6,"name":"Vestiti corti","item":"https:\/\/www.secondastrada.com\/it\/collezione-donna\/abbigliamento-donna\/abiti-e-vestiti-da-donna\/vestiti-da-donna-corti\/"},{"@type":"ListItem","position":7,"name":"Vestito Denny Rose Panna taglia 42"}]},{"@type":"WebSite","@id":"https:\/\/www.secondastrada.com\/it\/#website","url":"https:\/\/www.secondastrada.com\/it\/","name":"Seconda Strada","description":"","publisher":{"@id":"https:\/\/www.secondastrada.com\/it\/#organization"},"potentialAction":[{"@type":"SearchAction","target":{"@type":"EntryPoint","urlTemplate":"https:\/\/www.secondastrada.com\/it\/?s={search_term_string}"},"query-input":"required name=search_term_string"}],"inLanguage":"it-IT"},{"@type":"Organization","@id":"https:\/\/www.secondastrada.com\/it\/#organization","name":"Seconda Strada","url":"https:\/\/www.secondastrada.com\/it\/","logo":{"@type":"ImageObject","inLanguage":"it-IT","@id":"https:\/\/www.secondastrada.com\/it\/#\/schema\/logo\/image\/","url":"https:\/\/www.secondastrada.com\/wp-content\/uploads\/2023\/11\/secondastrada-logo.svg","contentUrl":"https:\/\/www.secondastrada.com\/wp-content\/uploads\/2023\/11\/secondastrada-logo.svg","width":353,"height":47,"caption":"Seconda Strada"},"image":{"@id":"https:\/\/www.secondastrada.com\/it\/#\/schema\/logo\/image\/"}}]}},"df_price":"","df_sale_price":"","df_regular_price":"","df_image_link":"https:\/\/www.secondastrada.com\/wp-content\/uploads\/2025\/01\/C511DD15052-D-CZ_Crema_PE25_1-300x300.jpg","_links":{"self":[{"href":"https:\/\/www.secondastrada.com\/it\/wp-json\/wp\/v2\/product\/231812"}],"collection":[{"href":"https:\/\/www.secondastrada.com\/it\/wp-json\/wp\/v2\/product"}],"about":[{"href":"https:\/\/www.secondastrada.com\/it\/wp-json\/wp\/v2\/types\/product"}],"wp:featuredmedia":[{"embeddable":true,"href":"https:\/\/www.secondastrada.com\/it\/wp-json\/wp\/v2\/media\/231980"}],"wp:attachment":[{"href":"https:\/\/www.secondastrada.com\/it\/wp-json\/wp\/v2\/media?parent=231812"}],"wp:term":[{"taxonomy":"ss_brand","embeddable":true,"href":"https:\/\/www.secondastrada.com\/it\/wp-json\/wp\/v2\/ss_brand?post=231812"},{"taxonomy":"ss_promo","embeddable":true,"href":"https:\/\/www.secondastrada.com\/it\/wp-json\/wp\/v2\/ss_promo?post=231812"},{"taxonomy":"ss_season","embeddable":true,"href":"https:\/\/www.secondastrada.com\/it\/wp-json\/wp\/v2\/ss_season?post=231812"},{"taxonomy":"product_cat","embeddable":true,"href":"https:\/\/www.secondastrada.com\/it\/wp-json\/wp\/v2\/product_cat?post=231812"},{"taxonomy":"product_tag","embeddable":true,"href":"https:\/\/www.secondastrada.com\/it\/wp-json\/wp\/v2\/product_tag?post=231812"}],"curies":[{"name":"wp","href":"https:\/\/api.w.org\/{rel}","templated":true}]}}