{"id":232308,"date":"2025-01-31T04:36:42","date_gmt":"2025-01-31T03:36:42","guid":{"rendered":"https:\/\/www.secondastrada.com\/it\/jeans-liu-jo-chino-slim\/"},"modified":"2025-01-31T04:37:26","modified_gmt":"2025-01-31T03:37:26","slug":"jeans-liu-jo-chino-slim","status":"publish","type":"product","link":"https:\/\/www.secondastrada.com\/it\/jeans-liu-jo-chino-slim\/","title":{"rendered":"Jeans Liu Jo chino slim"},"content":{"rendered":"<p>Il modello indossa una taglia 50 ed \u00e8 alto 189 cm e la vestibilit\u00e0 del capo \u00e8 regolare<br \/>La qualit\u00e0 di Liu Jo si riconosce in questo jeans slim! Con le sue linee semplici sapr\u00e0 incantare con abbinamenti sobri e di stile! Completa il look con un maglione a trama larga<br \/>Cod. art. M218P301SUGARDRILL esh<\/p>\n","protected":false},"excerpt":{"rendered":"<p>Il modello indossa una taglia 50 ed \u00e8 alto 189 cm e la vestibilit\u00e0 del capo \u00e8 regolareLa qualit\u00e0 di Liu Jo si riconosce in questo jeans slim! Con le sue linee semplici sapr\u00e0 incantare con abbinamenti sobri e di stile! Completa il look con un maglione a trama largaCod. art. M218P301SUGARDRILL esh<\/p>\n","protected":false},"featured_media":0,"template":"","meta":{"inline_featured_image":false},"ss_brand":[1286],"ss_promo":[],"ss_season":[],"product_cat":[1332,1844,1714],"product_tag":[],"class_list":{"0":"post-232308","1":"product","2":"type-product","3":"status-publish","5":"ss_brand-liu-jo-uomo","6":"product_cat-abbigliamento-uomo","7":"product_cat-jeans-da-uomo","8":"product_cat-collezione-uomo","10":"first","11":"outofstock","12":"shipping-taxable","13":"product-type-variable","14":"has-default-attributes"},"acf":{"ss_brand":[{"term_id":1286,"name":"LIU-JO","slug":"liu-jo-uomo","term_group":0,"term_taxonomy_id":1286,"taxonomy":"ss_brand","description":"Eleganza e originalit\u00e0 Made in Italy: dai una sferzata glamour al tuo guardaroba e approfitta della collezione da uomo Liu Jo a prezzi scontati!\u00a0Acquista online su SecondaStrada.com <strong>abbigliamento da uomo Liu Jo scontatissimo<\/strong>!","parent":1268,"count":2,"filter":"raw"}],"ss_promo":false,"ss_season":false,"ss_old_price":"89,00","ss_omnibus_price":"0,00","ss_style_advice":"<p>Il modello indossa una taglia 50 ed \u00e8 alto 189 cm e la vestibilit\u00e0 del capo \u00e8 regolare<br \/>La qualit\u00e0 di Liu Jo si riconosce in questo jeans slim! Con le sue linee semplici sapr\u00e0 incantare con abbinamenti sobri e di stile! Completa il look con un maglione a trama larga<br \/>Cod. art. M218P301SUGARDRILL esh<\/p>\n","ss_composition":"","ss_fit":"<p>Il modello indossa una taglia 50 ed \u00e8 alto 189 cm e la vestibilit\u00e0 del capo \u00e8 regolare<br \/>La qualit\u00e0 di Liu Jo si riconosce in questo jeans slim! Con le sue linee semplici sapr\u00e0 incantare con abbinamenti sobri e di stile! Completa il look con un maglione a trama larga<br \/>Cod. art. M218P301SUGARDRILL esh<\/p>\n"},"yoast_head":"<!-- This site is optimized with the Yoast SEO plugin v22.3 - https:\/\/yoast.com\/wordpress\/plugins\/seo\/ -->\n<title>Jeans Liu Jo chino slim - Acquista online! - Seconda Strada<\/title>\n<meta name=\"description\" content=\"Jeans Liu Jo chino slim \u27a4 Acquista online su Secondastrada.com Jeans Liu Jo chino slim \u2714\ufe0f Spedizione veloce entro 24h in tutta Italia \u2714\ufe0f Sconto sul tuo primo acquisto\" \/>\n<meta name=\"robots\" content=\"index, follow, max-snippet:-1, max-image-preview:large, max-video-preview:-1\" \/>\n<link rel=\"canonical\" href=\"https:\/\/www.secondastrada.com\/it\/jeans-liu-jo-chino-slim\/\" \/>\n<meta property=\"og:locale\" content=\"it_IT\" \/>\n<meta property=\"og:type\" content=\"article\" \/>\n<meta property=\"og:title\" content=\"Jeans Liu Jo chino slim - Acquista online! - Seconda Strada\" \/>\n<meta property=\"og:description\" content=\"Jeans Liu Jo chino slim \u27a4 Acquista online su Secondastrada.com Jeans Liu Jo chino slim \u2714\ufe0f Spedizione veloce entro 24h in tutta Italia \u2714\ufe0f Sconto sul tuo primo acquisto\" \/>\n<meta property=\"og:url\" content=\"https:\/\/www.secondastrada.com\/it\/jeans-liu-jo-chino-slim\/\" \/>\n<meta property=\"og:site_name\" content=\"Seconda Strada\" \/>\n<meta property=\"article:modified_time\" content=\"2025-01-31T03:37:26+00:00\" \/>\n<meta name=\"twitter:card\" content=\"summary_large_image\" \/>\n<!-- \/ Yoast SEO plugin. -->","yoast_head_json":{"title":"Jeans Liu Jo chino slim - Acquista online! - Seconda Strada","description":"Jeans Liu Jo chino slim \u27a4 Acquista online su Secondastrada.com Jeans Liu Jo chino slim \u2714\ufe0f Spedizione veloce entro 24h in tutta Italia \u2714\ufe0f Sconto sul tuo primo acquisto","robots":{"index":"index","follow":"follow","max-snippet":"max-snippet:-1","max-image-preview":"max-image-preview:large","max-video-preview":"max-video-preview:-1"},"canonical":"https:\/\/www.secondastrada.com\/it\/jeans-liu-jo-chino-slim\/","og_locale":"it_IT","og_type":"article","og_title":"Jeans Liu Jo chino slim - Acquista online! - Seconda Strada","og_description":"Jeans Liu Jo chino slim \u27a4 Acquista online su Secondastrada.com Jeans Liu Jo chino slim \u2714\ufe0f Spedizione veloce entro 24h in tutta Italia \u2714\ufe0f Sconto sul tuo primo acquisto","og_url":"https:\/\/www.secondastrada.com\/it\/jeans-liu-jo-chino-slim\/","og_site_name":"Seconda Strada","article_modified_time":"2025-01-31T03:37:26+00:00","twitter_card":"summary_large_image","schema":{"@context":"https:\/\/schema.org","@graph":[{"@type":"WebPage","@id":"https:\/\/www.secondastrada.com\/it\/jeans-liu-jo-chino-slim\/","url":"https:\/\/www.secondastrada.com\/it\/jeans-liu-jo-chino-slim\/","name":"Jeans Liu Jo chino slim - Acquista online! - Seconda Strada","isPartOf":{"@id":"https:\/\/www.secondastrada.com\/it\/#website"},"datePublished":"2025-01-31T03:36:42+00:00","dateModified":"2025-01-31T03:37:26+00:00","description":"Jeans Liu Jo chino slim \u27a4 Acquista online su Secondastrada.com Jeans Liu Jo chino slim \u2714\ufe0f Spedizione veloce entro 24h in tutta Italia \u2714\ufe0f Sconto sul tuo primo acquisto","breadcrumb":{"@id":"https:\/\/www.secondastrada.com\/it\/jeans-liu-jo-chino-slim\/#breadcrumb"},"inLanguage":"it-IT","potentialAction":[{"@type":"ReadAction","target":["https:\/\/www.secondastrada.com\/it\/jeans-liu-jo-chino-slim\/"]}]},{"@type":"BreadcrumbList","@id":"https:\/\/www.secondastrada.com\/it\/jeans-liu-jo-chino-slim\/#breadcrumb","itemListElement":[{"@type":"ListItem","position":1,"name":"Home","item":"https:\/\/www.secondastrada.com\/it\/"},{"@type":"ListItem","position":2,"name":"Shop","item":"https:\/\/www.secondastrada.com\/it\/shop\/"},{"@type":"ListItem","position":3,"name":"Jeans Liu Jo chino slim"}]},{"@type":"WebSite","@id":"https:\/\/www.secondastrada.com\/it\/#website","url":"https:\/\/www.secondastrada.com\/it\/","name":"Seconda Strada","description":"","publisher":{"@id":"https:\/\/www.secondastrada.com\/it\/#organization"},"potentialAction":[{"@type":"SearchAction","target":{"@type":"EntryPoint","urlTemplate":"https:\/\/www.secondastrada.com\/it\/?s={search_term_string}"},"query-input":"required name=search_term_string"}],"inLanguage":"it-IT"},{"@type":"Organization","@id":"https:\/\/www.secondastrada.com\/it\/#organization","name":"Seconda Strada","url":"https:\/\/www.secondastrada.com\/it\/","logo":{"@type":"ImageObject","inLanguage":"it-IT","@id":"https:\/\/www.secondastrada.com\/it\/#\/schema\/logo\/image\/","url":"https:\/\/www.secondastrada.com\/wp-content\/uploads\/2023\/11\/secondastrada-logo.svg","contentUrl":"https:\/\/www.secondastrada.com\/wp-content\/uploads\/2023\/11\/secondastrada-logo.svg","width":353,"height":47,"caption":"Seconda Strada"},"image":{"@id":"https:\/\/www.secondastrada.com\/it\/#\/schema\/logo\/image\/"}}]}},"df_price":"","df_sale_price":"","df_regular_price":"","df_image_link":"https:\/\/www.secondastrada.com\/wp-content\/uploads\/2024\/03\/placeholder-ss.webp","_links":{"self":[{"href":"https:\/\/www.secondastrada.com\/it\/wp-json\/wp\/v2\/product\/232308"}],"collection":[{"href":"https:\/\/www.secondastrada.com\/it\/wp-json\/wp\/v2\/product"}],"about":[{"href":"https:\/\/www.secondastrada.com\/it\/wp-json\/wp\/v2\/types\/product"}],"wp:attachment":[{"href":"https:\/\/www.secondastrada.com\/it\/wp-json\/wp\/v2\/media?parent=232308"}],"wp:term":[{"taxonomy":"ss_brand","embeddable":true,"href":"https:\/\/www.secondastrada.com\/it\/wp-json\/wp\/v2\/ss_brand?post=232308"},{"taxonomy":"ss_promo","embeddable":true,"href":"https:\/\/www.secondastrada.com\/it\/wp-json\/wp\/v2\/ss_promo?post=232308"},{"taxonomy":"ss_season","embeddable":true,"href":"https:\/\/www.secondastrada.com\/it\/wp-json\/wp\/v2\/ss_season?post=232308"},{"taxonomy":"product_cat","embeddable":true,"href":"https:\/\/www.secondastrada.com\/it\/wp-json\/wp\/v2\/product_cat?post=232308"},{"taxonomy":"product_tag","embeddable":true,"href":"https:\/\/www.secondastrada.com\/it\/wp-json\/wp\/v2\/product_tag?post=232308"}],"curies":[{"name":"wp","href":"https:\/\/api.w.org\/{rel}","templated":true}]}}