{"id":233621,"date":"2025-03-11T13:30:07","date_gmt":"2025-03-11T12:30:07","guid":{"rendered":"https:\/\/www.secondastrada.com\/it\/blazer-materica-grigio-4\/"},"modified":"2026-02-06T13:08:38","modified_gmt":"2026-02-06T12:08:38","slug":"blazer-materica-grigio-4","status":"publish","type":"product","link":"https:\/\/www.secondastrada.com\/it\/blazer-materica-grigio-4\/","title":{"rendered":"Blazer Materica Grigio"},"content":{"rendered":"<p>Blazer elegante in total grigio perla con tasche fake. La vestibilit\u00e0 \u00e8 morbida e pratica grazie a bottoni ad asola in tinta. Il blazer \u00e8 adatto per occasioni casual ed \u00e8 facilmente combinabile. Dona un tocco di eleganza ai tuoi outfit. <br \/>Cod. art. GD02SP25 TP289 JSU001 OZ<br \/>Vi ricordiamo che tutti i nostri articoli sono originali.<\/p>\n","protected":false},"excerpt":{"rendered":"<p>Blazer elegante in total grigio perla con tasche fake. La vestibilit\u00e0 \u00e8 morbida e pratica grazie a bottoni ad asola in tinta. Il blazer \u00e8 adatto per occasioni casual ed \u00e8 facilmente combinabile. Dona un tocco di eleganza ai tuoi outfit. Cod. art. GD02SP25 TP289 JSU001 OZVi ricordiamo che tutti i nostri articoli sono originali.<\/p>\n","protected":false},"featured_media":242573,"template":"","meta":{"inline_featured_image":false},"ss_brand":[2221],"ss_promo":[2181],"ss_season":[2375],"product_cat":[1329,1471,1658,1549],"product_tag":[2232,2188,2139],"class_list":{"0":"post-233621","1":"product","2":"type-product","3":"status-publish","4":"has-post-thumbnail","6":"ss_brand-materica-donna","7":"ss_promo-ultime-occasioni-donna","8":"ss_season-pe25","9":"product_cat-abbigliamento-donna","10":"product_cat-blazer-da-donna","11":"product_cat-collezione-donna","12":"product_cat-tailleur-da-donna","13":"product_tag-outfit-da-cerimonia-da-donna","14":"product_tag-ufficio-da-donna","15":"product_tag-ultime-occasioni-donna","17":"first","18":"instock","19":"sale","20":"shipping-taxable","21":"purchasable","22":"product-type-variable","23":"has-default-attributes"},"acf":{"ss_brand":[{"term_id":2221,"name":"MATERICA","slug":"materica-donna","term_group":0,"term_taxonomy_id":2221,"taxonomy":"ss_brand","description":"","parent":1201,"count":486,"filter":"raw"}],"ss_promo":[2181],"ss_season":[{"term_id":2375,"name":"PE25","slug":"pe25","term_group":0,"term_taxonomy_id":2375,"taxonomy":"ss_season","description":"","parent":0,"count":2508,"filter":"raw"}],"ss_old_price":"0,00","ss_omnibus_price":"0,00","ss_style_advice":"<p>Blazer elegante in total grigio perla con tasche fake. La vestibilit\u00e0 \u00e8 morbida e pratica grazie a bottoni ad asola in tinta. Il blazer \u00e8 adatto per occasioni casual ed \u00e8 facilmente combinabile. Dona un tocco di eleganza ai tuoi outfit. <br \/>Cod. art. GD02SP25 TP289 JSU001 OZ<br \/>Vi ricordiamo che tutti i nostri articoli sono originali.<\/p>\n","ss_composition":"<p>96% poliestere 4% elastane<\/p>\n","ss_fit":"<p>La modella \u00e8 alta 165 cm e indossa la taglia 40. La vestibilit\u00e0 \u00e8 regolare<\/p>\n"},"yoast_head":"<!-- This site is optimized with the Yoast SEO plugin v22.3 - https:\/\/yoast.com\/wordpress\/plugins\/seo\/ -->\n<title>Blazer Materica Grigio - Acquista online! - Seconda Strada<\/title>\n<meta name=\"description\" content=\"Blazer Materica Grigio \u27a4 Acquista online su Secondastrada.com Blazer Materica Grigio \u2714\ufe0f Spedizione veloce entro 24h in tutta Italia \u2714\ufe0f Sconto sul tuo primo acquisto\" \/>\n<meta name=\"robots\" content=\"index, follow, max-snippet:-1, max-image-preview:large, max-video-preview:-1\" \/>\n<link rel=\"canonical\" href=\"https:\/\/www.secondastrada.com\/it\/blazer-materica-grigio-4\/\" \/>\n<meta property=\"og:locale\" content=\"it_IT\" \/>\n<meta property=\"og:type\" content=\"article\" \/>\n<meta property=\"og:title\" content=\"Blazer Materica Grigio - Acquista online! - Seconda Strada\" \/>\n<meta property=\"og:description\" content=\"Blazer Materica Grigio \u27a4 Acquista online su Secondastrada.com Blazer Materica Grigio \u2714\ufe0f Spedizione veloce entro 24h in tutta Italia \u2714\ufe0f Sconto sul tuo primo acquisto\" \/>\n<meta property=\"og:url\" content=\"https:\/\/www.secondastrada.com\/it\/blazer-materica-grigio-4\/\" \/>\n<meta property=\"og:site_name\" content=\"Seconda Strada\" \/>\n<meta property=\"article:modified_time\" content=\"2026-02-06T12:08:38+00:00\" \/>\n<meta property=\"og:image\" content=\"https:\/\/www.secondastrada.com\/wp-content\/uploads\/2025\/03\/GD02SP25-TP289-JSU001-OZ_GRIGIO-PERLA_PE25_1.jpg\" \/>\n\t<meta property=\"og:image:width\" content=\"1000\" \/>\n\t<meta property=\"og:image:height\" content=\"1300\" \/>\n\t<meta property=\"og:image:type\" content=\"image\/jpeg\" \/>\n<meta name=\"twitter:card\" content=\"summary_large_image\" \/>\n<!-- \/ Yoast SEO plugin. -->","yoast_head_json":{"title":"Blazer Materica Grigio - Acquista online! - Seconda Strada","description":"Blazer Materica Grigio \u27a4 Acquista online su Secondastrada.com Blazer Materica Grigio \u2714\ufe0f Spedizione veloce entro 24h in tutta Italia \u2714\ufe0f Sconto sul tuo primo acquisto","robots":{"index":"index","follow":"follow","max-snippet":"max-snippet:-1","max-image-preview":"max-image-preview:large","max-video-preview":"max-video-preview:-1"},"canonical":"https:\/\/www.secondastrada.com\/it\/blazer-materica-grigio-4\/","og_locale":"it_IT","og_type":"article","og_title":"Blazer Materica Grigio - Acquista online! - Seconda Strada","og_description":"Blazer Materica Grigio \u27a4 Acquista online su Secondastrada.com Blazer Materica Grigio \u2714\ufe0f Spedizione veloce entro 24h in tutta Italia \u2714\ufe0f Sconto sul tuo primo acquisto","og_url":"https:\/\/www.secondastrada.com\/it\/blazer-materica-grigio-4\/","og_site_name":"Seconda Strada","article_modified_time":"2026-02-06T12:08:38+00:00","og_image":[{"width":1000,"height":1300,"url":"https:\/\/www.secondastrada.com\/wp-content\/uploads\/2025\/03\/GD02SP25-TP289-JSU001-OZ_GRIGIO-PERLA_PE25_1.jpg","type":"image\/jpeg"}],"twitter_card":"summary_large_image","schema":{"@context":"https:\/\/schema.org","@graph":[{"@type":"WebPage","@id":"https:\/\/www.secondastrada.com\/it\/blazer-materica-grigio-4\/","url":"https:\/\/www.secondastrada.com\/it\/blazer-materica-grigio-4\/","name":"Blazer Materica Grigio - Acquista online! - Seconda Strada","isPartOf":{"@id":"https:\/\/www.secondastrada.com\/it\/#website"},"primaryImageOfPage":{"@id":"https:\/\/www.secondastrada.com\/it\/blazer-materica-grigio-4\/#primaryimage"},"image":{"@id":"https:\/\/www.secondastrada.com\/it\/blazer-materica-grigio-4\/#primaryimage"},"thumbnailUrl":"https:\/\/www.secondastrada.com\/wp-content\/uploads\/2025\/03\/GD02SP25-TP289-JSU001-OZ_GRIGIO-PERLA_PE25_1.jpg","datePublished":"2025-03-11T12:30:07+00:00","dateModified":"2026-02-06T12:08:38+00:00","description":"Blazer Materica Grigio \u27a4 Acquista online su Secondastrada.com Blazer Materica Grigio \u2714\ufe0f Spedizione veloce entro 24h in tutta Italia \u2714\ufe0f Sconto sul tuo primo acquisto","breadcrumb":{"@id":"https:\/\/www.secondastrada.com\/it\/blazer-materica-grigio-4\/#breadcrumb"},"inLanguage":"it-IT","potentialAction":[{"@type":"ReadAction","target":["https:\/\/www.secondastrada.com\/it\/blazer-materica-grigio-4\/"]}]},{"@type":"ImageObject","inLanguage":"it-IT","@id":"https:\/\/www.secondastrada.com\/it\/blazer-materica-grigio-4\/#primaryimage","url":"https:\/\/www.secondastrada.com\/wp-content\/uploads\/2025\/03\/GD02SP25-TP289-JSU001-OZ_GRIGIO-PERLA_PE25_1.jpg","contentUrl":"https:\/\/www.secondastrada.com\/wp-content\/uploads\/2025\/03\/GD02SP25-TP289-JSU001-OZ_GRIGIO-PERLA_PE25_1.jpg","width":1000,"height":1300,"caption":"GD02SP25-TP289-JSU001-OZ_GRIGIO-PERLA_PE25"},{"@type":"BreadcrumbList","@id":"https:\/\/www.secondastrada.com\/it\/blazer-materica-grigio-4\/#breadcrumb","itemListElement":[{"@type":"ListItem","position":1,"name":"Home","item":"https:\/\/www.secondastrada.com\/it\/"},{"@type":"ListItem","position":2,"name":"Shop","item":"https:\/\/www.secondastrada.com\/it\/shop\/"},{"@type":"ListItem","position":3,"name":"Donna","item":"https:\/\/www.secondastrada.com\/it\/collezione-donna\/"},{"@type":"ListItem","position":4,"name":"Abbigliamento","item":"https:\/\/www.secondastrada.com\/it\/collezione-donna\/abbigliamento-donna\/"},{"@type":"ListItem","position":5,"name":"Blazer","item":"https:\/\/www.secondastrada.com\/it\/collezione-donna\/abbigliamento-donna\/blazer-da-donna\/"},{"@type":"ListItem","position":6,"name":"Blazer Materica Grigio"}]},{"@type":"WebSite","@id":"https:\/\/www.secondastrada.com\/it\/#website","url":"https:\/\/www.secondastrada.com\/it\/","name":"Seconda Strada","description":"","publisher":{"@id":"https:\/\/www.secondastrada.com\/it\/#organization"},"potentialAction":[{"@type":"SearchAction","target":{"@type":"EntryPoint","urlTemplate":"https:\/\/www.secondastrada.com\/it\/?s={search_term_string}"},"query-input":"required name=search_term_string"}],"inLanguage":"it-IT"},{"@type":"Organization","@id":"https:\/\/www.secondastrada.com\/it\/#organization","name":"Seconda Strada","url":"https:\/\/www.secondastrada.com\/it\/","logo":{"@type":"ImageObject","inLanguage":"it-IT","@id":"https:\/\/www.secondastrada.com\/it\/#\/schema\/logo\/image\/","url":"https:\/\/www.secondastrada.com\/wp-content\/uploads\/2023\/11\/secondastrada-logo.svg","contentUrl":"https:\/\/www.secondastrada.com\/wp-content\/uploads\/2023\/11\/secondastrada-logo.svg","width":353,"height":47,"caption":"Seconda Strada"},"image":{"@id":"https:\/\/www.secondastrada.com\/it\/#\/schema\/logo\/image\/"}}]}},"df_price":51.996,"df_sale_price":"","df_regular_price":51.996,"df_image_link":"https:\/\/www.secondastrada.com\/wp-content\/uploads\/2025\/03\/GD02SP25-TP289-JSU001-OZ_GRIGIO-PERLA_PE25_1-300x300.jpg","_links":{"self":[{"href":"https:\/\/www.secondastrada.com\/it\/wp-json\/wp\/v2\/product\/233621"}],"collection":[{"href":"https:\/\/www.secondastrada.com\/it\/wp-json\/wp\/v2\/product"}],"about":[{"href":"https:\/\/www.secondastrada.com\/it\/wp-json\/wp\/v2\/types\/product"}],"wp:featuredmedia":[{"embeddable":true,"href":"https:\/\/www.secondastrada.com\/it\/wp-json\/wp\/v2\/media\/242573"}],"wp:attachment":[{"href":"https:\/\/www.secondastrada.com\/it\/wp-json\/wp\/v2\/media?parent=233621"}],"wp:term":[{"taxonomy":"ss_brand","embeddable":true,"href":"https:\/\/www.secondastrada.com\/it\/wp-json\/wp\/v2\/ss_brand?post=233621"},{"taxonomy":"ss_promo","embeddable":true,"href":"https:\/\/www.secondastrada.com\/it\/wp-json\/wp\/v2\/ss_promo?post=233621"},{"taxonomy":"ss_season","embeddable":true,"href":"https:\/\/www.secondastrada.com\/it\/wp-json\/wp\/v2\/ss_season?post=233621"},{"taxonomy":"product_cat","embeddable":true,"href":"https:\/\/www.secondastrada.com\/it\/wp-json\/wp\/v2\/product_cat?post=233621"},{"taxonomy":"product_tag","embeddable":true,"href":"https:\/\/www.secondastrada.com\/it\/wp-json\/wp\/v2\/product_tag?post=233621"}],"curies":[{"name":"wp","href":"https:\/\/api.w.org\/{rel}","templated":true}]}}