{"id":234710,"date":"2025-02-07T15:43:18","date_gmt":"2025-02-07T14:43:18","guid":{"rendered":"https:\/\/www.secondastrada.com\/it\/jeans-pepe-jeans-jeans-6\/"},"modified":"2026-03-06T16:16:13","modified_gmt":"2026-03-06T15:16:13","slug":"jeans-pepe-jeans-jeans-6","status":"publish","type":"product","link":"https:\/\/www.secondastrada.com\/it\/jeans-pepe-jeans-jeans-6\/","title":{"rendered":"Jeans Pepe Jeans Jeans"},"content":{"rendered":"<p>Jeans in total blu denim con tasche sagomate sul fronte e tasche a toppa sul retro. La vestibilit\u00e0 \u00e8 morbida e pratica grazie a bottone ad asola pi\u00f9 zip. I jeans sono adatti per occasioni casual e facilmente combinabili. Questo capo \u00e8 una certezza: indossalo per non sbagliare mai.<br \/>\nCod. art. PL204734NC22 OZ<br \/>\nVi ricordiamo che tutti i nostri articoli sono originali.<\/p>\n","protected":false},"excerpt":{"rendered":"<p>Jeans in total blu denim con tasche sagomate sul fronte e tasche a toppa sul retro. La vestibilit\u00e0 \u00e8 morbida e pratica grazie a bottone ad asola pi\u00f9 zip. I jeans sono adatti per occasioni casual e facilmente combinabili. Questo capo \u00e8 una certezza: indossalo per non sbagliare mai. Cod. art. PL204734NC22 OZ Vi ricordiamo&#8230;<\/p>\n","protected":false},"featured_media":234630,"template":"","meta":{"inline_featured_image":false},"ss_brand":[1212],"ss_promo":[2181],"ss_season":[2375],"product_cat":[1329,1658,1338],"product_tag":[2536,2139],"class_list":{"0":"post-234710","1":"product","2":"type-product","3":"status-publish","4":"has-post-thumbnail","6":"ss_brand-pepe-jeans-donna","7":"ss_promo-ultime-occasioni-donna","8":"ss_season-pe25","9":"product_cat-abbigliamento-donna","10":"product_cat-collezione-donna","11":"product_cat-jeans-da-donna","12":"product_tag-promo-codice-w","13":"product_tag-ultime-occasioni-donna","15":"first","16":"instock","17":"sale","18":"shipping-taxable","19":"purchasable","20":"product-type-variable","21":"has-default-attributes"},"acf":{"ss_brand":[{"term_id":1212,"name":"PEPE JEANS","slug":"pepe-jeans-donna","term_group":0,"term_taxonomy_id":1212,"taxonomy":"ss_brand","description":"Stile urban-cool con accento british: dai una scossa al tuo guardaroba e scopri la collezione abbigliamento da donna Pepe Jeans a prezzi bassissimi!\u00a0Acquista online su SecondaStrada.com <strong>abbigliamento da donna Pepe Jeans scontatissimo<\/strong>!","parent":1201,"count":207,"filter":"raw"}],"ss_promo":[2181],"ss_season":[{"term_id":2375,"name":"PE25","slug":"pe25","term_group":0,"term_taxonomy_id":2375,"taxonomy":"ss_season","description":"","parent":0,"count":2507,"filter":"raw"}],"ss_old_price":"99,00","ss_omnibus_price":"0,00","ss_style_advice":"<p>Jeans in total blu denim con tasche sagomate sul fronte e tasche a toppa sul retro. La vestibilit\u00e0 \u00e8 morbida e pratica grazie a bottone ad asola pi\u00f9 zip. I jeans sono adatti per occasioni casual e facilmente combinabili. Questo capo \u00e8 una certezza: indossalo per non sbagliare mai.<br \/>Cod. art. PL204734NC22 OZ<br \/>Vi ricordiamo che tutti i nostri articoli sono originali.<br \/>Cod. art. PL204734NC22 OZ<br \/>Vi ricordiamo che tutti i nostri articoli sono originali.<\/p>\n","ss_composition":"<p>90% cotone 6% poliestere 4% elastane<\/p>\n","ss_fit":"<p>La modella \u00e8 alta 170 cm e indossa la taglia 27 US corrispondente alla 40\/42 italiana. La vestibilit\u00e0 del capo \u00e8 regolare.<\/p>\n"},"yoast_head":"<!-- This site is optimized with the Yoast SEO plugin v22.3 - https:\/\/yoast.com\/wordpress\/plugins\/seo\/ -->\n<title>Jeans Pepe Jeans Jeans - Acquista online! - Seconda Strada<\/title>\n<meta name=\"description\" content=\"Jeans Pepe Jeans Jeans \u27a4 Acquista online su Secondastrada.com Jeans Pepe Jeans Jeans \u2714\ufe0f Spedizione veloce entro 24h in tutta Italia \u2714\ufe0f Sconto sul tuo primo acquisto\" \/>\n<meta name=\"robots\" content=\"index, follow, max-snippet:-1, max-image-preview:large, max-video-preview:-1\" \/>\n<link rel=\"canonical\" href=\"https:\/\/www.secondastrada.com\/it\/jeans-pepe-jeans-jeans-6\/\" \/>\n<meta property=\"og:locale\" content=\"it_IT\" \/>\n<meta property=\"og:type\" content=\"article\" \/>\n<meta property=\"og:title\" content=\"Jeans Pepe Jeans Jeans - Acquista online! - Seconda Strada\" \/>\n<meta property=\"og:description\" content=\"Jeans Pepe Jeans Jeans \u27a4 Acquista online su Secondastrada.com Jeans Pepe Jeans Jeans \u2714\ufe0f Spedizione veloce entro 24h in tutta Italia \u2714\ufe0f Sconto sul tuo primo acquisto\" \/>\n<meta property=\"og:url\" content=\"https:\/\/www.secondastrada.com\/it\/jeans-pepe-jeans-jeans-6\/\" \/>\n<meta property=\"og:site_name\" content=\"Seconda Strada\" \/>\n<meta property=\"article:modified_time\" content=\"2026-03-06T15:16:13+00:00\" \/>\n<meta property=\"og:image\" content=\"https:\/\/www.secondastrada.com\/wp-content\/uploads\/2025\/02\/PL204734NC22-OZ_DENIM-000_PE25_1.jpg\" \/>\n\t<meta property=\"og:image:width\" content=\"1000\" \/>\n\t<meta property=\"og:image:height\" content=\"1300\" \/>\n\t<meta property=\"og:image:type\" content=\"image\/jpeg\" \/>\n<meta name=\"twitter:card\" content=\"summary_large_image\" \/>\n<meta name=\"twitter:label1\" content=\"Tempo di lettura stimato\" \/>\n\t<meta name=\"twitter:data1\" content=\"1 minuto\" \/>\n<!-- \/ Yoast SEO plugin. -->","yoast_head_json":{"title":"Jeans Pepe Jeans Jeans - Acquista online! - Seconda Strada","description":"Jeans Pepe Jeans Jeans \u27a4 Acquista online su Secondastrada.com Jeans Pepe Jeans Jeans \u2714\ufe0f Spedizione veloce entro 24h in tutta Italia \u2714\ufe0f Sconto sul tuo primo acquisto","robots":{"index":"index","follow":"follow","max-snippet":"max-snippet:-1","max-image-preview":"max-image-preview:large","max-video-preview":"max-video-preview:-1"},"canonical":"https:\/\/www.secondastrada.com\/it\/jeans-pepe-jeans-jeans-6\/","og_locale":"it_IT","og_type":"article","og_title":"Jeans Pepe Jeans Jeans - Acquista online! - Seconda Strada","og_description":"Jeans Pepe Jeans Jeans \u27a4 Acquista online su Secondastrada.com Jeans Pepe Jeans Jeans \u2714\ufe0f Spedizione veloce entro 24h in tutta Italia \u2714\ufe0f Sconto sul tuo primo acquisto","og_url":"https:\/\/www.secondastrada.com\/it\/jeans-pepe-jeans-jeans-6\/","og_site_name":"Seconda Strada","article_modified_time":"2026-03-06T15:16:13+00:00","og_image":[{"width":1000,"height":1300,"url":"https:\/\/www.secondastrada.com\/wp-content\/uploads\/2025\/02\/PL204734NC22-OZ_DENIM-000_PE25_1.jpg","type":"image\/jpeg"}],"twitter_card":"summary_large_image","twitter_misc":{"Tempo di lettura stimato":"1 minuto"},"schema":{"@context":"https:\/\/schema.org","@graph":[{"@type":"WebPage","@id":"https:\/\/www.secondastrada.com\/it\/jeans-pepe-jeans-jeans-6\/","url":"https:\/\/www.secondastrada.com\/it\/jeans-pepe-jeans-jeans-6\/","name":"Jeans Pepe Jeans Jeans - Acquista online! - Seconda Strada","isPartOf":{"@id":"https:\/\/www.secondastrada.com\/it\/#website"},"primaryImageOfPage":{"@id":"https:\/\/www.secondastrada.com\/it\/jeans-pepe-jeans-jeans-6\/#primaryimage"},"image":{"@id":"https:\/\/www.secondastrada.com\/it\/jeans-pepe-jeans-jeans-6\/#primaryimage"},"thumbnailUrl":"https:\/\/www.secondastrada.com\/wp-content\/uploads\/2025\/02\/PL204734NC22-OZ_DENIM-000_PE25_1.jpg","datePublished":"2025-02-07T14:43:18+00:00","dateModified":"2026-03-06T15:16:13+00:00","description":"Jeans Pepe Jeans Jeans \u27a4 Acquista online su Secondastrada.com Jeans Pepe Jeans Jeans \u2714\ufe0f Spedizione veloce entro 24h in tutta Italia \u2714\ufe0f Sconto sul tuo primo acquisto","breadcrumb":{"@id":"https:\/\/www.secondastrada.com\/it\/jeans-pepe-jeans-jeans-6\/#breadcrumb"},"inLanguage":"it-IT","potentialAction":[{"@type":"ReadAction","target":["https:\/\/www.secondastrada.com\/it\/jeans-pepe-jeans-jeans-6\/"]}]},{"@type":"ImageObject","inLanguage":"it-IT","@id":"https:\/\/www.secondastrada.com\/it\/jeans-pepe-jeans-jeans-6\/#primaryimage","url":"https:\/\/www.secondastrada.com\/wp-content\/uploads\/2025\/02\/PL204734NC22-OZ_DENIM-000_PE25_1.jpg","contentUrl":"https:\/\/www.secondastrada.com\/wp-content\/uploads\/2025\/02\/PL204734NC22-OZ_DENIM-000_PE25_1.jpg","width":1000,"height":1300,"caption":"PL204734NC22-OZ_DENIM-000_PE25"},{"@type":"BreadcrumbList","@id":"https:\/\/www.secondastrada.com\/it\/jeans-pepe-jeans-jeans-6\/#breadcrumb","itemListElement":[{"@type":"ListItem","position":1,"name":"Home","item":"https:\/\/www.secondastrada.com\/it\/"},{"@type":"ListItem","position":2,"name":"Shop","item":"https:\/\/www.secondastrada.com\/it\/shop\/"},{"@type":"ListItem","position":3,"name":"Donna","item":"https:\/\/www.secondastrada.com\/it\/collezione-donna\/"},{"@type":"ListItem","position":4,"name":"Abbigliamento","item":"https:\/\/www.secondastrada.com\/it\/collezione-donna\/abbigliamento-donna\/"},{"@type":"ListItem","position":5,"name":"Jeans","item":"https:\/\/www.secondastrada.com\/it\/collezione-donna\/abbigliamento-donna\/jeans-da-donna\/"},{"@type":"ListItem","position":6,"name":"Jeans Pepe Jeans Jeans"}]},{"@type":"WebSite","@id":"https:\/\/www.secondastrada.com\/it\/#website","url":"https:\/\/www.secondastrada.com\/it\/","name":"Seconda Strada","description":"","publisher":{"@id":"https:\/\/www.secondastrada.com\/it\/#organization"},"potentialAction":[{"@type":"SearchAction","target":{"@type":"EntryPoint","urlTemplate":"https:\/\/www.secondastrada.com\/it\/?s={search_term_string}"},"query-input":"required name=search_term_string"}],"inLanguage":"it-IT"},{"@type":"Organization","@id":"https:\/\/www.secondastrada.com\/it\/#organization","name":"Seconda Strada","url":"https:\/\/www.secondastrada.com\/it\/","logo":{"@type":"ImageObject","inLanguage":"it-IT","@id":"https:\/\/www.secondastrada.com\/it\/#\/schema\/logo\/image\/","url":"https:\/\/www.secondastrada.com\/wp-content\/uploads\/2023\/11\/secondastrada-logo.svg","contentUrl":"https:\/\/www.secondastrada.com\/wp-content\/uploads\/2023\/11\/secondastrada-logo.svg","width":353,"height":47,"caption":"Seconda Strada"},"image":{"@id":"https:\/\/www.secondastrada.com\/it\/#\/schema\/logo\/image\/"}}]}},"df_price":37.196,"df_sale_price":"","df_regular_price":37.196,"df_image_link":"https:\/\/www.secondastrada.com\/wp-content\/uploads\/2025\/02\/PL204734NC22-OZ_DENIM-000_PE25_1-300x300.jpg","_links":{"self":[{"href":"https:\/\/www.secondastrada.com\/it\/wp-json\/wp\/v2\/product\/234710"}],"collection":[{"href":"https:\/\/www.secondastrada.com\/it\/wp-json\/wp\/v2\/product"}],"about":[{"href":"https:\/\/www.secondastrada.com\/it\/wp-json\/wp\/v2\/types\/product"}],"wp:featuredmedia":[{"embeddable":true,"href":"https:\/\/www.secondastrada.com\/it\/wp-json\/wp\/v2\/media\/234630"}],"wp:attachment":[{"href":"https:\/\/www.secondastrada.com\/it\/wp-json\/wp\/v2\/media?parent=234710"}],"wp:term":[{"taxonomy":"ss_brand","embeddable":true,"href":"https:\/\/www.secondastrada.com\/it\/wp-json\/wp\/v2\/ss_brand?post=234710"},{"taxonomy":"ss_promo","embeddable":true,"href":"https:\/\/www.secondastrada.com\/it\/wp-json\/wp\/v2\/ss_promo?post=234710"},{"taxonomy":"ss_season","embeddable":true,"href":"https:\/\/www.secondastrada.com\/it\/wp-json\/wp\/v2\/ss_season?post=234710"},{"taxonomy":"product_cat","embeddable":true,"href":"https:\/\/www.secondastrada.com\/it\/wp-json\/wp\/v2\/product_cat?post=234710"},{"taxonomy":"product_tag","embeddable":true,"href":"https:\/\/www.secondastrada.com\/it\/wp-json\/wp\/v2\/product_tag?post=234710"}],"curies":[{"name":"wp","href":"https:\/\/api.w.org\/{rel}","templated":true}]}}