{"id":23680,"date":"2024-03-31T18:34:00","date_gmt":"2024-03-31T16:34:00","guid":{"rendered":"http:\/\/secondastrada.com\/borsa-pinko-marrone\/"},"modified":"2025-02-01T06:51:28","modified_gmt":"2025-02-01T05:51:28","slug":"borsa-pinko-marrone","status":"publish","type":"product","link":"https:\/\/www.secondastrada.com\/it\/borsa-pinko-marrone\/","title":{"rendered":"Borsa Pinko Marrone"},"content":{"rendered":"<p>Borsa a tracolla di medie dimensioni in total marrone cioccolato con logo brand in metallo dorato. L&#8217;interno \u00e8 composto da due scompartimenti separati da taschina con zip. La bag \u00e8 pratica e maneggevole grazie a tracolla a catenella trasformabile anche in doppio manico. La bag ed \u00e8 ideale per occasioni casual\/raffinate. Troppo fashion per poterne fare a meno.<br \/>Cod. art. 100038 A0F2 SU<br \/>Vi ricordiamo che tutti i nostri articoli sono originali.<\/p>\n","protected":false},"excerpt":{"rendered":"<p>Borsa a tracolla di medie dimensioni in total marrone cioccolato con logo brand in metallo dorato. L&#8217;interno \u00e8 composto da due scompartimenti separati da taschina con zip. La bag \u00e8 pratica e maneggevole grazie a tracolla a catenella trasformabile anche in doppio manico. La bag ed \u00e8 ideale per occasioni casual\/raffinate. Troppo fashion per poterne&#8230;<\/p>\n","protected":false},"featured_media":23674,"template":"","meta":{"inline_featured_image":false},"ss_brand":[2190],"ss_promo":[],"ss_season":[1664],"product_cat":[1331,1477,1507,1658],"product_tag":[],"class_list":{"0":"post-23680","1":"product","2":"type-product","3":"status-publish","4":"has-post-thumbnail","6":"ss_brand-moschino-donna","7":"ss_season-pe2024","8":"product_cat-accessori-donna","9":"product_cat-borse-da-donna","10":"product_cat-borse-a-tracolla-da-donna","11":"product_cat-collezione-donna","13":"first","14":"outofstock","15":"sold-individually","16":"shipping-taxable","17":"product-type-variable","18":"has-default-attributes"},"acf":{"ss_brand":[{"term_id":2190,"name":"Moschino","slug":"moschino-donna","term_group":0,"term_taxonomy_id":2190,"taxonomy":"ss_brand","description":"Ironico, creativo e sempre fuori dagli schemi: <strong>Moschino<\/strong> \u00e8 il marchio ideale per chi ama giocare con la moda e trasformare ogni look in un\u2019opera d\u2019arte. Nella nostra selezione trovi <strong>abbigliamento da donna Moschino<\/strong> a prezzi speciali: t-shirt con stampe iconiche, felpe grintose, giacche sartoriali e cappotti dal design unico. Scegli il tuo capo preferito e aggiungi un tocco di carattere al tuo guardaroba!","parent":1201,"count":28,"filter":"raw"}],"ss_promo":false,"ss_season":[{"term_id":1664,"name":"PE24","slug":"pe2024","term_group":0,"term_taxonomy_id":1664,"taxonomy":"ss_season","description":"","parent":0,"count":1722,"filter":"raw"}],"ss_old_price":"385,00","ss_omnibus_price":"0,00","ss_style_advice":"<p>Borsa a tracolla di medie dimensioni in total marrone cioccolato con logo brand in metallo dorato. L&#8217;interno \u00e8 composto da due scompartimenti separati da taschina con zip. La bag \u00e8 pratica e maneggevole grazie a tracolla a catenella trasformabile anche in doppio manico. La bag ed \u00e8 ideale per occasioni casual\/raffinate. Troppo fashion per poterne fare a meno.<br \/>Cod. art. 100038 A0F2 SU<br \/>Vi ricordiamo che tutti i nostri articoli sono originali.<\/p>\n","ss_composition":"<p>100% pelle<\/p>\n","ss_fit":"<p>Misure taglia U: <br \/>&#8211; Base inferiore: 28 cm <br \/>&#8211; Altezza massima: 18 cm <br \/>&#8211; Profondit\u00e0: 13 cm<\/p>\n"},"yoast_head":"<!-- This site is optimized with the Yoast SEO plugin v22.3 - https:\/\/yoast.com\/wordpress\/plugins\/seo\/ -->\n<title>Borsa Pinko Marrone - Acquista online! - Seconda Strada<\/title>\n<meta name=\"description\" content=\"Borsa Pinko Marrone \u27a4 Acquista online su Secondastrada.com Borsa Pinko Marrone \u2714\ufe0f Spedizione veloce entro 24h in tutta Italia \u2714\ufe0f Sconto sul tuo primo acquisto\" \/>\n<meta name=\"robots\" content=\"index, follow, max-snippet:-1, max-image-preview:large, max-video-preview:-1\" \/>\n<link rel=\"canonical\" href=\"https:\/\/www.secondastrada.com\/it\/borsa-pinko-marrone\/\" \/>\n<meta property=\"og:locale\" content=\"it_IT\" \/>\n<meta property=\"og:type\" content=\"article\" \/>\n<meta property=\"og:title\" content=\"Borsa Pinko Marrone - Acquista online! - Seconda Strada\" \/>\n<meta property=\"og:description\" content=\"Borsa Pinko Marrone \u27a4 Acquista online su Secondastrada.com Borsa Pinko Marrone \u2714\ufe0f Spedizione veloce entro 24h in tutta Italia \u2714\ufe0f Sconto sul tuo primo acquisto\" \/>\n<meta property=\"og:url\" content=\"https:\/\/www.secondastrada.com\/it\/borsa-pinko-marrone\/\" \/>\n<meta property=\"og:site_name\" content=\"Seconda Strada\" \/>\n<meta property=\"article:modified_time\" content=\"2025-02-01T05:51:28+00:00\" \/>\n<meta property=\"og:image\" content=\"https:\/\/www.secondastrada.com\/wp-content\/uploads\/2024\/03\/100038-A0F2-SU_D01Q_PE24_1.jpg\" \/>\n\t<meta property=\"og:image:width\" content=\"1000\" \/>\n\t<meta property=\"og:image:height\" content=\"1300\" \/>\n\t<meta property=\"og:image:type\" content=\"image\/jpeg\" \/>\n<meta name=\"twitter:card\" content=\"summary_large_image\" \/>\n<!-- \/ Yoast SEO plugin. -->","yoast_head_json":{"title":"Borsa Pinko Marrone - Acquista online! - Seconda Strada","description":"Borsa Pinko Marrone \u27a4 Acquista online su Secondastrada.com Borsa Pinko Marrone \u2714\ufe0f Spedizione veloce entro 24h in tutta Italia \u2714\ufe0f Sconto sul tuo primo acquisto","robots":{"index":"index","follow":"follow","max-snippet":"max-snippet:-1","max-image-preview":"max-image-preview:large","max-video-preview":"max-video-preview:-1"},"canonical":"https:\/\/www.secondastrada.com\/it\/borsa-pinko-marrone\/","og_locale":"it_IT","og_type":"article","og_title":"Borsa Pinko Marrone - Acquista online! - Seconda Strada","og_description":"Borsa Pinko Marrone \u27a4 Acquista online su Secondastrada.com Borsa Pinko Marrone \u2714\ufe0f Spedizione veloce entro 24h in tutta Italia \u2714\ufe0f Sconto sul tuo primo acquisto","og_url":"https:\/\/www.secondastrada.com\/it\/borsa-pinko-marrone\/","og_site_name":"Seconda Strada","article_modified_time":"2025-02-01T05:51:28+00:00","og_image":[{"width":1000,"height":1300,"url":"https:\/\/www.secondastrada.com\/wp-content\/uploads\/2024\/03\/100038-A0F2-SU_D01Q_PE24_1.jpg","type":"image\/jpeg"}],"twitter_card":"summary_large_image","schema":{"@context":"https:\/\/schema.org","@graph":[{"@type":"WebPage","@id":"https:\/\/www.secondastrada.com\/it\/borsa-pinko-marrone\/","url":"https:\/\/www.secondastrada.com\/it\/borsa-pinko-marrone\/","name":"Borsa Pinko Marrone - Acquista online! - Seconda Strada","isPartOf":{"@id":"https:\/\/www.secondastrada.com\/it\/#website"},"primaryImageOfPage":{"@id":"https:\/\/www.secondastrada.com\/it\/borsa-pinko-marrone\/#primaryimage"},"image":{"@id":"https:\/\/www.secondastrada.com\/it\/borsa-pinko-marrone\/#primaryimage"},"thumbnailUrl":"https:\/\/www.secondastrada.com\/wp-content\/uploads\/2024\/03\/100038-A0F2-SU_D01Q_PE24_1.jpg","datePublished":"2024-03-31T16:34:00+00:00","dateModified":"2025-02-01T05:51:28+00:00","description":"Borsa Pinko Marrone \u27a4 Acquista online su Secondastrada.com Borsa Pinko Marrone \u2714\ufe0f Spedizione veloce entro 24h in tutta Italia \u2714\ufe0f Sconto sul tuo primo acquisto","breadcrumb":{"@id":"https:\/\/www.secondastrada.com\/it\/borsa-pinko-marrone\/#breadcrumb"},"inLanguage":"it-IT","potentialAction":[{"@type":"ReadAction","target":["https:\/\/www.secondastrada.com\/it\/borsa-pinko-marrone\/"]}]},{"@type":"ImageObject","inLanguage":"it-IT","@id":"https:\/\/www.secondastrada.com\/it\/borsa-pinko-marrone\/#primaryimage","url":"https:\/\/www.secondastrada.com\/wp-content\/uploads\/2024\/03\/100038-A0F2-SU_D01Q_PE24_1.jpg","contentUrl":"https:\/\/www.secondastrada.com\/wp-content\/uploads\/2024\/03\/100038-A0F2-SU_D01Q_PE24_1.jpg","width":1000,"height":1300,"caption":"100038-A0F2-SU_D01Q_PE24"},{"@type":"BreadcrumbList","@id":"https:\/\/www.secondastrada.com\/it\/borsa-pinko-marrone\/#breadcrumb","itemListElement":[{"@type":"ListItem","position":1,"name":"Home","item":"https:\/\/www.secondastrada.com\/it\/"},{"@type":"ListItem","position":2,"name":"Shop","item":"https:\/\/www.secondastrada.com\/it\/shop\/"},{"@type":"ListItem","position":3,"name":"Donna","item":"https:\/\/www.secondastrada.com\/it\/collezione-donna\/"},{"@type":"ListItem","position":4,"name":"Accessori","item":"https:\/\/www.secondastrada.com\/it\/collezione-donna\/accessori-donna\/"},{"@type":"ListItem","position":5,"name":"Borse","item":"https:\/\/www.secondastrada.com\/it\/collezione-donna\/accessori-donna\/borse-da-donna\/"},{"@type":"ListItem","position":6,"name":"Borse a tracolla","item":"https:\/\/www.secondastrada.com\/it\/collezione-donna\/accessori-donna\/borse-da-donna\/borse-a-tracolla-da-donna\/"},{"@type":"ListItem","position":7,"name":"Borsa Pinko Marrone"}]},{"@type":"WebSite","@id":"https:\/\/www.secondastrada.com\/it\/#website","url":"https:\/\/www.secondastrada.com\/it\/","name":"Seconda Strada","description":"","publisher":{"@id":"https:\/\/www.secondastrada.com\/it\/#organization"},"potentialAction":[{"@type":"SearchAction","target":{"@type":"EntryPoint","urlTemplate":"https:\/\/www.secondastrada.com\/it\/?s={search_term_string}"},"query-input":"required name=search_term_string"}],"inLanguage":"it-IT"},{"@type":"Organization","@id":"https:\/\/www.secondastrada.com\/it\/#organization","name":"Seconda Strada","url":"https:\/\/www.secondastrada.com\/it\/","logo":{"@type":"ImageObject","inLanguage":"it-IT","@id":"https:\/\/www.secondastrada.com\/it\/#\/schema\/logo\/image\/","url":"https:\/\/www.secondastrada.com\/wp-content\/uploads\/2023\/11\/secondastrada-logo.svg","contentUrl":"https:\/\/www.secondastrada.com\/wp-content\/uploads\/2023\/11\/secondastrada-logo.svg","width":353,"height":47,"caption":"Seconda Strada"},"image":{"@id":"https:\/\/www.secondastrada.com\/it\/#\/schema\/logo\/image\/"}}]}},"df_price":"","df_sale_price":"","df_regular_price":"","df_image_link":"https:\/\/www.secondastrada.com\/wp-content\/uploads\/2024\/03\/100038-A0F2-SU_D01Q_PE24_1-300x300.jpg","_links":{"self":[{"href":"https:\/\/www.secondastrada.com\/it\/wp-json\/wp\/v2\/product\/23680"}],"collection":[{"href":"https:\/\/www.secondastrada.com\/it\/wp-json\/wp\/v2\/product"}],"about":[{"href":"https:\/\/www.secondastrada.com\/it\/wp-json\/wp\/v2\/types\/product"}],"wp:featuredmedia":[{"embeddable":true,"href":"https:\/\/www.secondastrada.com\/it\/wp-json\/wp\/v2\/media\/23674"}],"wp:attachment":[{"href":"https:\/\/www.secondastrada.com\/it\/wp-json\/wp\/v2\/media?parent=23680"}],"wp:term":[{"taxonomy":"ss_brand","embeddable":true,"href":"https:\/\/www.secondastrada.com\/it\/wp-json\/wp\/v2\/ss_brand?post=23680"},{"taxonomy":"ss_promo","embeddable":true,"href":"https:\/\/www.secondastrada.com\/it\/wp-json\/wp\/v2\/ss_promo?post=23680"},{"taxonomy":"ss_season","embeddable":true,"href":"https:\/\/www.secondastrada.com\/it\/wp-json\/wp\/v2\/ss_season?post=23680"},{"taxonomy":"product_cat","embeddable":true,"href":"https:\/\/www.secondastrada.com\/it\/wp-json\/wp\/v2\/product_cat?post=23680"},{"taxonomy":"product_tag","embeddable":true,"href":"https:\/\/www.secondastrada.com\/it\/wp-json\/wp\/v2\/product_tag?post=23680"}],"curies":[{"name":"wp","href":"https:\/\/api.w.org\/{rel}","templated":true}]}}