{"id":23693,"date":"2024-03-31T18:40:32","date_gmt":"2024-03-31T16:40:32","guid":{"rendered":"http:\/\/secondastrada.com\/borsa-pinko-fucsia\/"},"modified":"2025-02-01T06:52:11","modified_gmt":"2025-02-01T05:52:11","slug":"borsa-pinko-fucsia","status":"publish","type":"product","link":"https:\/\/www.secondastrada.com\/it\/borsa-pinko-fucsia\/","title":{"rendered":"Borsa Pinko Fucsia"},"content":{"rendered":"<p>Borsa a tracolla di piccole dimensioni in total fucsia con logo brand in metallo dorato. L&#8217;interno \u00e8 composto da due scompartimenti separati da taschina con zip. La bag \u00e8 pratica e maneggevole grazie a tracolla a catenella trasformabile anche in doppio manico. La bag ed \u00e8 ideale per occasioni casual\/raffinate. Troppo fashion per poterne fare a meno.<br \/>Cod. art. 100039 A0F2 SU<br \/>Vi ricordiamo che tutti i nostri articoli sono originali.<\/p>\n","protected":false},"excerpt":{"rendered":"<p>Borsa a tracolla di piccole dimensioni in total fucsia con logo brand in metallo dorato. L&#8217;interno \u00e8 composto da due scompartimenti separati da taschina con zip. La bag \u00e8 pratica e maneggevole grazie a tracolla a catenella trasformabile anche in doppio manico. La bag ed \u00e8 ideale per occasioni casual\/raffinate. Troppo fashion per poterne fare&#8230;<\/p>\n","protected":false},"featured_media":23688,"template":"","meta":{"inline_featured_image":false},"ss_brand":[1243],"ss_promo":[],"ss_season":[1664],"product_cat":[1331,1477,1507,1658],"product_tag":[2232],"class_list":{"0":"post-23693","1":"product","2":"type-product","3":"status-publish","4":"has-post-thumbnail","6":"ss_brand-pinko-donna","7":"ss_season-pe2024","8":"product_cat-accessori-donna","9":"product_cat-borse-da-donna","10":"product_cat-borse-a-tracolla-da-donna","11":"product_cat-collezione-donna","12":"product_tag-outfit-da-cerimonia-da-donna","14":"first","15":"outofstock","16":"sold-individually","17":"shipping-taxable","18":"product-type-variable","19":"has-default-attributes"},"acf":{"ss_brand":[{"term_id":1243,"name":"PINKO","slug":"pinko-donna","term_group":0,"term_taxonomy_id":1243,"taxonomy":"ss_brand","description":"Pinko asseconda le esigenze fashion di una donna forte, indipendente e sexy, consapevole della sua femminilit\u00e0. Esprimila anche tu approfittando dei nostri sconti!\u00a0Acquista online su SecondaStrada.com <strong>abbigliamento da donna PINKO scontatissimo<\/strong>!","parent":1201,"count":98,"filter":"raw"}],"ss_promo":false,"ss_season":[{"term_id":1664,"name":"PE24","slug":"pe2024","term_group":0,"term_taxonomy_id":1664,"taxonomy":"ss_season","description":"","parent":0,"count":1722,"filter":"raw"}],"ss_old_price":"335,00","ss_omnibus_price":"0,00","ss_style_advice":"<p>Borsa a tracolla di piccole dimensioni in total fucsia con logo brand in metallo dorato. L&#8217;interno \u00e8 composto da due scompartimenti separati da taschina con zip. La bag \u00e8 pratica e maneggevole grazie a tracolla a catenella trasformabile anche in doppio manico. La bag ed \u00e8 ideale per occasioni casual\/raffinate. Troppo fashion per poterne fare a meno.<br \/>Cod. art. 100039 A0F2 SU<br \/>Vi ricordiamo che tutti i nostri articoli sono originali.<\/p>\n","ss_composition":"<p>100% pelle<\/p>\n","ss_fit":"<p>Misure taglia U: <br \/>&#8211; Base inferiore: 21 cm <br \/>&#8211; Altezza massima: 16 cm <br \/>&#8211; Profondit\u00e0: 10 cm<\/p>\n"},"yoast_head":"<!-- This site is optimized with the Yoast SEO plugin v22.3 - https:\/\/yoast.com\/wordpress\/plugins\/seo\/ -->\n<title>Borsa Pinko Fucsia - Acquista online! - Seconda Strada<\/title>\n<meta name=\"description\" content=\"Borsa Pinko Fucsia \u27a4 Acquista online su Secondastrada.com Borsa Pinko Fucsia \u2714\ufe0f Spedizione veloce entro 24h in tutta Italia \u2714\ufe0f Sconto sul tuo primo acquisto\" \/>\n<meta name=\"robots\" content=\"index, follow, max-snippet:-1, max-image-preview:large, max-video-preview:-1\" \/>\n<link rel=\"canonical\" href=\"https:\/\/www.secondastrada.com\/it\/borsa-pinko-fucsia\/\" \/>\n<meta property=\"og:locale\" content=\"it_IT\" \/>\n<meta property=\"og:type\" content=\"article\" \/>\n<meta property=\"og:title\" content=\"Borsa Pinko Fucsia - Acquista online! - Seconda Strada\" \/>\n<meta property=\"og:description\" content=\"Borsa Pinko Fucsia \u27a4 Acquista online su Secondastrada.com Borsa Pinko Fucsia \u2714\ufe0f Spedizione veloce entro 24h in tutta Italia \u2714\ufe0f Sconto sul tuo primo acquisto\" \/>\n<meta property=\"og:url\" content=\"https:\/\/www.secondastrada.com\/it\/borsa-pinko-fucsia\/\" \/>\n<meta property=\"og:site_name\" content=\"Seconda Strada\" \/>\n<meta property=\"article:modified_time\" content=\"2025-02-01T05:52:11+00:00\" \/>\n<meta property=\"og:image\" content=\"https:\/\/www.secondastrada.com\/wp-content\/uploads\/2024\/03\/100039-A0F2-SU_N17Q_PE24_1.jpg\" \/>\n\t<meta property=\"og:image:width\" content=\"1000\" \/>\n\t<meta property=\"og:image:height\" content=\"1300\" \/>\n\t<meta property=\"og:image:type\" content=\"image\/jpeg\" \/>\n<meta name=\"twitter:card\" content=\"summary_large_image\" \/>\n<!-- \/ Yoast SEO plugin. -->","yoast_head_json":{"title":"Borsa Pinko Fucsia - Acquista online! - Seconda Strada","description":"Borsa Pinko Fucsia \u27a4 Acquista online su Secondastrada.com Borsa Pinko Fucsia \u2714\ufe0f Spedizione veloce entro 24h in tutta Italia \u2714\ufe0f Sconto sul tuo primo acquisto","robots":{"index":"index","follow":"follow","max-snippet":"max-snippet:-1","max-image-preview":"max-image-preview:large","max-video-preview":"max-video-preview:-1"},"canonical":"https:\/\/www.secondastrada.com\/it\/borsa-pinko-fucsia\/","og_locale":"it_IT","og_type":"article","og_title":"Borsa Pinko Fucsia - Acquista online! - Seconda Strada","og_description":"Borsa Pinko Fucsia \u27a4 Acquista online su Secondastrada.com Borsa Pinko Fucsia \u2714\ufe0f Spedizione veloce entro 24h in tutta Italia \u2714\ufe0f Sconto sul tuo primo acquisto","og_url":"https:\/\/www.secondastrada.com\/it\/borsa-pinko-fucsia\/","og_site_name":"Seconda Strada","article_modified_time":"2025-02-01T05:52:11+00:00","og_image":[{"width":1000,"height":1300,"url":"https:\/\/www.secondastrada.com\/wp-content\/uploads\/2024\/03\/100039-A0F2-SU_N17Q_PE24_1.jpg","type":"image\/jpeg"}],"twitter_card":"summary_large_image","schema":{"@context":"https:\/\/schema.org","@graph":[{"@type":"WebPage","@id":"https:\/\/www.secondastrada.com\/it\/borsa-pinko-fucsia\/","url":"https:\/\/www.secondastrada.com\/it\/borsa-pinko-fucsia\/","name":"Borsa Pinko Fucsia - Acquista online! - Seconda Strada","isPartOf":{"@id":"https:\/\/www.secondastrada.com\/it\/#website"},"primaryImageOfPage":{"@id":"https:\/\/www.secondastrada.com\/it\/borsa-pinko-fucsia\/#primaryimage"},"image":{"@id":"https:\/\/www.secondastrada.com\/it\/borsa-pinko-fucsia\/#primaryimage"},"thumbnailUrl":"https:\/\/www.secondastrada.com\/wp-content\/uploads\/2024\/03\/100039-A0F2-SU_N17Q_PE24_1.jpg","datePublished":"2024-03-31T16:40:32+00:00","dateModified":"2025-02-01T05:52:11+00:00","description":"Borsa Pinko Fucsia \u27a4 Acquista online su Secondastrada.com Borsa Pinko Fucsia \u2714\ufe0f Spedizione veloce entro 24h in tutta Italia \u2714\ufe0f Sconto sul tuo primo acquisto","breadcrumb":{"@id":"https:\/\/www.secondastrada.com\/it\/borsa-pinko-fucsia\/#breadcrumb"},"inLanguage":"it-IT","potentialAction":[{"@type":"ReadAction","target":["https:\/\/www.secondastrada.com\/it\/borsa-pinko-fucsia\/"]}]},{"@type":"ImageObject","inLanguage":"it-IT","@id":"https:\/\/www.secondastrada.com\/it\/borsa-pinko-fucsia\/#primaryimage","url":"https:\/\/www.secondastrada.com\/wp-content\/uploads\/2024\/03\/100039-A0F2-SU_N17Q_PE24_1.jpg","contentUrl":"https:\/\/www.secondastrada.com\/wp-content\/uploads\/2024\/03\/100039-A0F2-SU_N17Q_PE24_1.jpg","width":1000,"height":1300,"caption":"100039-A0F2-SU_N17Q_PE24"},{"@type":"BreadcrumbList","@id":"https:\/\/www.secondastrada.com\/it\/borsa-pinko-fucsia\/#breadcrumb","itemListElement":[{"@type":"ListItem","position":1,"name":"Home","item":"https:\/\/www.secondastrada.com\/it\/"},{"@type":"ListItem","position":2,"name":"Shop","item":"https:\/\/www.secondastrada.com\/it\/shop\/"},{"@type":"ListItem","position":3,"name":"Donna","item":"https:\/\/www.secondastrada.com\/it\/collezione-donna\/"},{"@type":"ListItem","position":4,"name":"Accessori","item":"https:\/\/www.secondastrada.com\/it\/collezione-donna\/accessori-donna\/"},{"@type":"ListItem","position":5,"name":"Borse","item":"https:\/\/www.secondastrada.com\/it\/collezione-donna\/accessori-donna\/borse-da-donna\/"},{"@type":"ListItem","position":6,"name":"Borse a tracolla","item":"https:\/\/www.secondastrada.com\/it\/collezione-donna\/accessori-donna\/borse-da-donna\/borse-a-tracolla-da-donna\/"},{"@type":"ListItem","position":7,"name":"Borsa Pinko Fucsia"}]},{"@type":"WebSite","@id":"https:\/\/www.secondastrada.com\/it\/#website","url":"https:\/\/www.secondastrada.com\/it\/","name":"Seconda Strada","description":"","publisher":{"@id":"https:\/\/www.secondastrada.com\/it\/#organization"},"potentialAction":[{"@type":"SearchAction","target":{"@type":"EntryPoint","urlTemplate":"https:\/\/www.secondastrada.com\/it\/?s={search_term_string}"},"query-input":"required name=search_term_string"}],"inLanguage":"it-IT"},{"@type":"Organization","@id":"https:\/\/www.secondastrada.com\/it\/#organization","name":"Seconda Strada","url":"https:\/\/www.secondastrada.com\/it\/","logo":{"@type":"ImageObject","inLanguage":"it-IT","@id":"https:\/\/www.secondastrada.com\/it\/#\/schema\/logo\/image\/","url":"https:\/\/www.secondastrada.com\/wp-content\/uploads\/2023\/11\/secondastrada-logo.svg","contentUrl":"https:\/\/www.secondastrada.com\/wp-content\/uploads\/2023\/11\/secondastrada-logo.svg","width":353,"height":47,"caption":"Seconda Strada"},"image":{"@id":"https:\/\/www.secondastrada.com\/it\/#\/schema\/logo\/image\/"}}]}},"df_price":"","df_sale_price":"","df_regular_price":"","df_image_link":"https:\/\/www.secondastrada.com\/wp-content\/uploads\/2024\/03\/100039-A0F2-SU_N17Q_PE24_1-300x300.jpg","_links":{"self":[{"href":"https:\/\/www.secondastrada.com\/it\/wp-json\/wp\/v2\/product\/23693"}],"collection":[{"href":"https:\/\/www.secondastrada.com\/it\/wp-json\/wp\/v2\/product"}],"about":[{"href":"https:\/\/www.secondastrada.com\/it\/wp-json\/wp\/v2\/types\/product"}],"wp:featuredmedia":[{"embeddable":true,"href":"https:\/\/www.secondastrada.com\/it\/wp-json\/wp\/v2\/media\/23688"}],"wp:attachment":[{"href":"https:\/\/www.secondastrada.com\/it\/wp-json\/wp\/v2\/media?parent=23693"}],"wp:term":[{"taxonomy":"ss_brand","embeddable":true,"href":"https:\/\/www.secondastrada.com\/it\/wp-json\/wp\/v2\/ss_brand?post=23693"},{"taxonomy":"ss_promo","embeddable":true,"href":"https:\/\/www.secondastrada.com\/it\/wp-json\/wp\/v2\/ss_promo?post=23693"},{"taxonomy":"ss_season","embeddable":true,"href":"https:\/\/www.secondastrada.com\/it\/wp-json\/wp\/v2\/ss_season?post=23693"},{"taxonomy":"product_cat","embeddable":true,"href":"https:\/\/www.secondastrada.com\/it\/wp-json\/wp\/v2\/product_cat?post=23693"},{"taxonomy":"product_tag","embeddable":true,"href":"https:\/\/www.secondastrada.com\/it\/wp-json\/wp\/v2\/product_tag?post=23693"}],"curies":[{"name":"wp","href":"https:\/\/api.w.org\/{rel}","templated":true}]}}