{"id":24201,"date":"2024-03-27T01:06:51","date_gmt":"2024-03-27T00:06:51","guid":{"rendered":"http:\/\/secondastrada.com\/maglione-blend-babbo-natale\/"},"modified":"2025-01-30T07:30:23","modified_gmt":"2025-01-30T06:30:23","slug":"maglione-blend-babbo-natale","status":"publish","type":"product","link":"https:\/\/www.secondastrada.com\/it\/maglione-blend-babbo-natale\/","title":{"rendered":"Maglione Blend Babbo Natale"},"content":{"rendered":"<p>100% acrilico<br \/>Il modello indossa la taglia L ed \u00e8 alto 189 cm e la vestibilit\u00e0 del capo \u00e8 regolare<br \/>Rendi i tuoi outfit pi\u00f9 divertenti con questo maglione ispitato alla casacca di Babbo Natale! Tra barba e cintura finte il tuo look sar\u00e0 inimitabile! Abbinalo a un paio di stivaletti in ecopelle<br \/>Cod. art. 20709296 oh<\/p>\n","protected":false},"excerpt":{"rendered":"<p>100% acrilicoIl modello indossa la taglia L ed \u00e8 alto 189 cm e la vestibilit\u00e0 del capo \u00e8 regolareRendi i tuoi outfit pi\u00f9 divertenti con questo maglione ispitato alla casacca di Babbo Natale! Tra barba e cintura finte il tuo look sar\u00e0 inimitabile! Abbinalo a un paio di stivaletti in ecopelleCod. art. 20709296 oh<\/p>\n","protected":false},"featured_media":0,"template":"","meta":{"inline_featured_image":false},"ss_brand":[1311],"ss_promo":[],"ss_season":[1698],"product_cat":[1332,1629,1482,1714],"product_tag":[],"class_list":{"0":"post-24201","1":"product","2":"type-product","3":"status-publish","5":"ss_brand-blend-uomo","6":"ss_season-ai21","7":"product_cat-abbigliamento-uomo","8":"product_cat-maglioni-girocollo-da-uomo","9":"product_cat-maglioni-da-uomo","10":"product_cat-collezione-uomo","12":"first","13":"outofstock","14":"sold-individually","15":"shipping-taxable","16":"product-type-variable","17":"has-default-attributes"},"acf":{"ss_brand":[{"term_id":1311,"name":"BLEND","slug":"blend-uomo","term_group":0,"term_taxonomy_id":1311,"taxonomy":"ss_brand","description":"Lo streetwear mainstream che ha conquistato la moda giovanile al prezzo pi\u00f9 conveniente!","parent":1268,"count":13,"filter":"raw"}],"ss_promo":false,"ss_season":[{"term_id":1698,"name":"AI21","slug":"ai21","term_group":0,"term_taxonomy_id":1698,"taxonomy":"ss_season","description":"","parent":0,"count":16,"filter":"raw"}],"ss_old_price":"0,00","ss_omnibus_price":"0,00","ss_style_advice":"<p>100% acrilico<br \/>Il modello indossa la taglia L ed \u00e8 alto 189 cm e la vestibilit\u00e0 del capo \u00e8 regolare<br \/>Rendi i tuoi outfit pi\u00f9 divertenti con questo maglione ispitato alla casacca di Babbo Natale! Tra barba e cintura finte il tuo look sar\u00e0 inimitabile! Abbinalo a un paio di stivaletti in ecopelle<br \/>Cod. art. 20709296 oh<\/p>\n","ss_composition":"<p>100% acrilico<\/p>\n","ss_fit":"<p>100% acrilico<br \/>Il modello indossa la taglia L ed \u00e8 alto 189 cm e la vestibilit\u00e0 del capo \u00e8 regolare<br \/>Rendi i tuoi outfit pi\u00f9 divertenti con questo maglione ispitato alla casacca di Babbo Natale! Tra barba e cintura finte il tuo look sar\u00e0 inimitabile! Abbinalo a un paio di stivaletti in ecopelle<br \/>Cod. art. 20709296 oh<\/p>\n"},"yoast_head":"<!-- This site is optimized with the Yoast SEO plugin v22.3 - https:\/\/yoast.com\/wordpress\/plugins\/seo\/ -->\n<title>Maglione Blend Babbo Natale - Acquista online! - Seconda Strada<\/title>\n<meta name=\"description\" content=\"Maglione Blend Babbo Natale \u27a4 Acquista online su Secondastrada.com Maglione Blend Babbo Natale \u2714\ufe0f Spedizione veloce entro 24h in tutta Italia \u2714\ufe0f Sconto sul tuo primo acquisto\" \/>\n<meta name=\"robots\" content=\"index, follow, max-snippet:-1, max-image-preview:large, max-video-preview:-1\" \/>\n<link rel=\"canonical\" href=\"https:\/\/www.secondastrada.com\/it\/maglione-blend-babbo-natale\/\" \/>\n<meta property=\"og:locale\" content=\"it_IT\" \/>\n<meta property=\"og:type\" content=\"article\" \/>\n<meta property=\"og:title\" content=\"Maglione Blend Babbo Natale - Acquista online! - Seconda Strada\" \/>\n<meta property=\"og:description\" content=\"Maglione Blend Babbo Natale \u27a4 Acquista online su Secondastrada.com Maglione Blend Babbo Natale \u2714\ufe0f Spedizione veloce entro 24h in tutta Italia \u2714\ufe0f Sconto sul tuo primo acquisto\" \/>\n<meta property=\"og:url\" content=\"https:\/\/www.secondastrada.com\/it\/maglione-blend-babbo-natale\/\" \/>\n<meta property=\"og:site_name\" content=\"Seconda Strada\" \/>\n<meta property=\"article:modified_time\" content=\"2025-01-30T06:30:23+00:00\" \/>\n<meta name=\"twitter:card\" content=\"summary_large_image\" \/>\n<!-- \/ Yoast SEO plugin. -->","yoast_head_json":{"title":"Maglione Blend Babbo Natale - Acquista online! - Seconda Strada","description":"Maglione Blend Babbo Natale \u27a4 Acquista online su Secondastrada.com Maglione Blend Babbo Natale \u2714\ufe0f Spedizione veloce entro 24h in tutta Italia \u2714\ufe0f Sconto sul tuo primo acquisto","robots":{"index":"index","follow":"follow","max-snippet":"max-snippet:-1","max-image-preview":"max-image-preview:large","max-video-preview":"max-video-preview:-1"},"canonical":"https:\/\/www.secondastrada.com\/it\/maglione-blend-babbo-natale\/","og_locale":"it_IT","og_type":"article","og_title":"Maglione Blend Babbo Natale - Acquista online! - Seconda Strada","og_description":"Maglione Blend Babbo Natale \u27a4 Acquista online su Secondastrada.com Maglione Blend Babbo Natale \u2714\ufe0f Spedizione veloce entro 24h in tutta Italia \u2714\ufe0f Sconto sul tuo primo acquisto","og_url":"https:\/\/www.secondastrada.com\/it\/maglione-blend-babbo-natale\/","og_site_name":"Seconda Strada","article_modified_time":"2025-01-30T06:30:23+00:00","twitter_card":"summary_large_image","schema":{"@context":"https:\/\/schema.org","@graph":[{"@type":"WebPage","@id":"https:\/\/www.secondastrada.com\/it\/maglione-blend-babbo-natale\/","url":"https:\/\/www.secondastrada.com\/it\/maglione-blend-babbo-natale\/","name":"Maglione Blend Babbo Natale - Acquista online! - Seconda Strada","isPartOf":{"@id":"https:\/\/www.secondastrada.com\/it\/#website"},"datePublished":"2024-03-27T00:06:51+00:00","dateModified":"2025-01-30T06:30:23+00:00","description":"Maglione Blend Babbo Natale \u27a4 Acquista online su Secondastrada.com Maglione Blend Babbo Natale \u2714\ufe0f Spedizione veloce entro 24h in tutta Italia \u2714\ufe0f Sconto sul tuo primo acquisto","breadcrumb":{"@id":"https:\/\/www.secondastrada.com\/it\/maglione-blend-babbo-natale\/#breadcrumb"},"inLanguage":"it-IT","potentialAction":[{"@type":"ReadAction","target":["https:\/\/www.secondastrada.com\/it\/maglione-blend-babbo-natale\/"]}]},{"@type":"BreadcrumbList","@id":"https:\/\/www.secondastrada.com\/it\/maglione-blend-babbo-natale\/#breadcrumb","itemListElement":[{"@type":"ListItem","position":1,"name":"Home","item":"https:\/\/www.secondastrada.com\/it\/"},{"@type":"ListItem","position":2,"name":"Shop","item":"https:\/\/www.secondastrada.com\/it\/shop\/"},{"@type":"ListItem","position":3,"name":"Uomo","item":"https:\/\/www.secondastrada.com\/it\/collezione-uomo\/"},{"@type":"ListItem","position":4,"name":"Abbigliamento","item":"https:\/\/www.secondastrada.com\/it\/collezione-uomo\/abbigliamento-uomo\/"},{"@type":"ListItem","position":5,"name":"Maglioni e Maglie","item":"https:\/\/www.secondastrada.com\/it\/collezione-uomo\/abbigliamento-uomo\/maglioni-da-uomo\/"},{"@type":"ListItem","position":6,"name":"Maglie girocollo","item":"https:\/\/www.secondastrada.com\/it\/collezione-uomo\/abbigliamento-uomo\/maglioni-da-uomo\/maglioni-girocollo-da-uomo\/"},{"@type":"ListItem","position":7,"name":"Maglione Blend Babbo Natale"}]},{"@type":"WebSite","@id":"https:\/\/www.secondastrada.com\/it\/#website","url":"https:\/\/www.secondastrada.com\/it\/","name":"Seconda Strada","description":"","publisher":{"@id":"https:\/\/www.secondastrada.com\/it\/#organization"},"potentialAction":[{"@type":"SearchAction","target":{"@type":"EntryPoint","urlTemplate":"https:\/\/www.secondastrada.com\/it\/?s={search_term_string}"},"query-input":"required name=search_term_string"}],"inLanguage":"it-IT"},{"@type":"Organization","@id":"https:\/\/www.secondastrada.com\/it\/#organization","name":"Seconda Strada","url":"https:\/\/www.secondastrada.com\/it\/","logo":{"@type":"ImageObject","inLanguage":"it-IT","@id":"https:\/\/www.secondastrada.com\/it\/#\/schema\/logo\/image\/","url":"https:\/\/www.secondastrada.com\/wp-content\/uploads\/2023\/11\/secondastrada-logo.svg","contentUrl":"https:\/\/www.secondastrada.com\/wp-content\/uploads\/2023\/11\/secondastrada-logo.svg","width":353,"height":47,"caption":"Seconda Strada"},"image":{"@id":"https:\/\/www.secondastrada.com\/it\/#\/schema\/logo\/image\/"}}]}},"df_price":"","df_sale_price":"","df_regular_price":"","df_image_link":"https:\/\/www.secondastrada.com\/wp-content\/uploads\/2024\/03\/placeholder-ss.webp","_links":{"self":[{"href":"https:\/\/www.secondastrada.com\/it\/wp-json\/wp\/v2\/product\/24201"}],"collection":[{"href":"https:\/\/www.secondastrada.com\/it\/wp-json\/wp\/v2\/product"}],"about":[{"href":"https:\/\/www.secondastrada.com\/it\/wp-json\/wp\/v2\/types\/product"}],"wp:attachment":[{"href":"https:\/\/www.secondastrada.com\/it\/wp-json\/wp\/v2\/media?parent=24201"}],"wp:term":[{"taxonomy":"ss_brand","embeddable":true,"href":"https:\/\/www.secondastrada.com\/it\/wp-json\/wp\/v2\/ss_brand?post=24201"},{"taxonomy":"ss_promo","embeddable":true,"href":"https:\/\/www.secondastrada.com\/it\/wp-json\/wp\/v2\/ss_promo?post=24201"},{"taxonomy":"ss_season","embeddable":true,"href":"https:\/\/www.secondastrada.com\/it\/wp-json\/wp\/v2\/ss_season?post=24201"},{"taxonomy":"product_cat","embeddable":true,"href":"https:\/\/www.secondastrada.com\/it\/wp-json\/wp\/v2\/product_cat?post=24201"},{"taxonomy":"product_tag","embeddable":true,"href":"https:\/\/www.secondastrada.com\/it\/wp-json\/wp\/v2\/product_tag?post=24201"}],"curies":[{"name":"wp","href":"https:\/\/api.w.org\/{rel}","templated":true}]}}