{"id":24256,"date":"2024-03-27T01:25:46","date_gmt":"2024-03-27T00:25:46","guid":{"rendered":"http:\/\/secondastrada.com\/t-shirt-blend-con-stampa-natalizia-2\/"},"modified":"2025-01-30T07:34:35","modified_gmt":"2025-01-30T06:34:35","slug":"t-shirt-blend-con-stampa-natalizia-2","status":"publish","type":"product","link":"https:\/\/www.secondastrada.com\/it\/t-shirt-blend-con-stampa-natalizia-2\/","title":{"rendered":"T-shirt Blend con stampa natalizia"},"content":{"rendered":"<p>100% cotone<br \/>Il modello indossa la taglia L ed \u00e8 alto 189 cm e la vestibilit\u00e0 del capo \u00e8 regolare<br \/>Dai un tocco insolito ai tuoi look natalizi e scegli Blend! Questa t-shirt ti stupir\u00e0 subito per il suo disegno contro corrente ma di stile! Completa il look con un paio di scarpe sportive e una giacca imbottita<br \/>Cod. art. 20709348 oh<\/p>\n","protected":false},"excerpt":{"rendered":"<p>100% cotoneIl modello indossa la taglia L ed \u00e8 alto 189 cm e la vestibilit\u00e0 del capo \u00e8 regolareDai un tocco insolito ai tuoi look natalizi e scegli Blend! Questa t-shirt ti stupir\u00e0 subito per il suo disegno contro corrente ma di stile! Completa il look con un paio di scarpe sportive e una giacca&#8230;<\/p>\n","protected":false},"featured_media":0,"template":"","meta":{"inline_featured_image":false},"ss_brand":[1311],"ss_promo":[],"ss_season":[],"product_cat":[1332,1479,1714],"product_tag":[],"class_list":{"0":"post-24256","1":"product","2":"type-product","3":"status-publish","5":"ss_brand-blend-uomo","6":"product_cat-abbigliamento-uomo","7":"product_cat-t-shirt-da-uomo","8":"product_cat-collezione-uomo","10":"first","11":"outofstock","12":"sold-individually","13":"shipping-taxable","14":"product-type-variable","15":"has-default-attributes"},"acf":{"ss_brand":[{"term_id":1311,"name":"BLEND","slug":"blend-uomo","term_group":0,"term_taxonomy_id":1311,"taxonomy":"ss_brand","description":"Lo streetwear mainstream che ha conquistato la moda giovanile al prezzo pi\u00f9 conveniente!","parent":1268,"count":13,"filter":"raw"}],"ss_promo":false,"ss_season":false,"ss_old_price":"0,00","ss_omnibus_price":"0,00","ss_style_advice":"<p>100% cotone<br \/>Il modello indossa la taglia L ed \u00e8 alto 189 cm e la vestibilit\u00e0 del capo \u00e8 regolare<br \/>Dai un tocco insolito ai tuoi look natalizi e scegli Blend! Questa t-shirt ti stupir\u00e0 subito per il suo disegno contro corrente ma di stile! Completa il look con un paio di scarpe sportive e una giacca imbottita<br \/>Cod. art. 20709348 oh<\/p>\n","ss_composition":"<p>100% cotone<\/p>\n","ss_fit":"<p>100% cotone<br \/>Il modello indossa la taglia L ed \u00e8 alto 189 cm e la vestibilit\u00e0 del capo \u00e8 regolare<br \/>Dai un tocco insolito ai tuoi look natalizi e scegli Blend! Questa t-shirt ti stupir\u00e0 subito per il suo disegno contro corrente ma di stile! Completa il look con un paio di scarpe sportive e una giacca imbottita<br \/>Cod. art. 20709348 oh<\/p>\n"},"yoast_head":"<!-- This site is optimized with the Yoast SEO plugin v22.3 - https:\/\/yoast.com\/wordpress\/plugins\/seo\/ -->\n<title>T-shirt Blend con stampa natalizia - Acquista online! - Seconda Strada<\/title>\n<meta name=\"description\" content=\"T-shirt Blend con stampa natalizia \u27a4 Acquista online su Secondastrada.com T-shirt Blend con stampa natalizia \u2714\ufe0f Spedizione veloce entro 24h in tutta Italia \u2714\ufe0f Sconto sul tuo primo acquisto\" \/>\n<meta name=\"robots\" content=\"index, follow, max-snippet:-1, max-image-preview:large, max-video-preview:-1\" \/>\n<link rel=\"canonical\" href=\"https:\/\/www.secondastrada.com\/it\/t-shirt-blend-con-stampa-natalizia-2\/\" \/>\n<meta property=\"og:locale\" content=\"it_IT\" \/>\n<meta property=\"og:type\" content=\"article\" \/>\n<meta property=\"og:title\" content=\"T-shirt Blend con stampa natalizia - Acquista online! - Seconda Strada\" \/>\n<meta property=\"og:description\" content=\"T-shirt Blend con stampa natalizia \u27a4 Acquista online su Secondastrada.com T-shirt Blend con stampa natalizia \u2714\ufe0f Spedizione veloce entro 24h in tutta Italia \u2714\ufe0f Sconto sul tuo primo acquisto\" \/>\n<meta property=\"og:url\" content=\"https:\/\/www.secondastrada.com\/it\/t-shirt-blend-con-stampa-natalizia-2\/\" \/>\n<meta property=\"og:site_name\" content=\"Seconda Strada\" \/>\n<meta property=\"article:modified_time\" content=\"2025-01-30T06:34:35+00:00\" \/>\n<meta name=\"twitter:card\" content=\"summary_large_image\" \/>\n<!-- \/ Yoast SEO plugin. -->","yoast_head_json":{"title":"T-shirt Blend con stampa natalizia - Acquista online! - Seconda Strada","description":"T-shirt Blend con stampa natalizia \u27a4 Acquista online su Secondastrada.com T-shirt Blend con stampa natalizia \u2714\ufe0f Spedizione veloce entro 24h in tutta Italia \u2714\ufe0f Sconto sul tuo primo acquisto","robots":{"index":"index","follow":"follow","max-snippet":"max-snippet:-1","max-image-preview":"max-image-preview:large","max-video-preview":"max-video-preview:-1"},"canonical":"https:\/\/www.secondastrada.com\/it\/t-shirt-blend-con-stampa-natalizia-2\/","og_locale":"it_IT","og_type":"article","og_title":"T-shirt Blend con stampa natalizia - Acquista online! - Seconda Strada","og_description":"T-shirt Blend con stampa natalizia \u27a4 Acquista online su Secondastrada.com T-shirt Blend con stampa natalizia \u2714\ufe0f Spedizione veloce entro 24h in tutta Italia \u2714\ufe0f Sconto sul tuo primo acquisto","og_url":"https:\/\/www.secondastrada.com\/it\/t-shirt-blend-con-stampa-natalizia-2\/","og_site_name":"Seconda Strada","article_modified_time":"2025-01-30T06:34:35+00:00","twitter_card":"summary_large_image","schema":{"@context":"https:\/\/schema.org","@graph":[{"@type":"WebPage","@id":"https:\/\/www.secondastrada.com\/it\/t-shirt-blend-con-stampa-natalizia-2\/","url":"https:\/\/www.secondastrada.com\/it\/t-shirt-blend-con-stampa-natalizia-2\/","name":"T-shirt Blend con stampa natalizia - Acquista online! - Seconda Strada","isPartOf":{"@id":"https:\/\/www.secondastrada.com\/it\/#website"},"datePublished":"2024-03-27T00:25:46+00:00","dateModified":"2025-01-30T06:34:35+00:00","description":"T-shirt Blend con stampa natalizia \u27a4 Acquista online su Secondastrada.com T-shirt Blend con stampa natalizia \u2714\ufe0f Spedizione veloce entro 24h in tutta Italia \u2714\ufe0f Sconto sul tuo primo acquisto","breadcrumb":{"@id":"https:\/\/www.secondastrada.com\/it\/t-shirt-blend-con-stampa-natalizia-2\/#breadcrumb"},"inLanguage":"it-IT","potentialAction":[{"@type":"ReadAction","target":["https:\/\/www.secondastrada.com\/it\/t-shirt-blend-con-stampa-natalizia-2\/"]}]},{"@type":"BreadcrumbList","@id":"https:\/\/www.secondastrada.com\/it\/t-shirt-blend-con-stampa-natalizia-2\/#breadcrumb","itemListElement":[{"@type":"ListItem","position":1,"name":"Home","item":"https:\/\/www.secondastrada.com\/it\/"},{"@type":"ListItem","position":2,"name":"Shop","item":"https:\/\/www.secondastrada.com\/it\/shop\/"},{"@type":"ListItem","position":3,"name":"Uomo","item":"https:\/\/www.secondastrada.com\/it\/collezione-uomo\/"},{"@type":"ListItem","position":4,"name":"Abbigliamento","item":"https:\/\/www.secondastrada.com\/it\/collezione-uomo\/abbigliamento-uomo\/"},{"@type":"ListItem","position":5,"name":"T-shirt","item":"https:\/\/www.secondastrada.com\/it\/collezione-uomo\/abbigliamento-uomo\/t-shirt-da-uomo\/"},{"@type":"ListItem","position":6,"name":"T-shirt Blend con stampa natalizia"}]},{"@type":"WebSite","@id":"https:\/\/www.secondastrada.com\/it\/#website","url":"https:\/\/www.secondastrada.com\/it\/","name":"Seconda Strada","description":"","publisher":{"@id":"https:\/\/www.secondastrada.com\/it\/#organization"},"potentialAction":[{"@type":"SearchAction","target":{"@type":"EntryPoint","urlTemplate":"https:\/\/www.secondastrada.com\/it\/?s={search_term_string}"},"query-input":"required name=search_term_string"}],"inLanguage":"it-IT"},{"@type":"Organization","@id":"https:\/\/www.secondastrada.com\/it\/#organization","name":"Seconda Strada","url":"https:\/\/www.secondastrada.com\/it\/","logo":{"@type":"ImageObject","inLanguage":"it-IT","@id":"https:\/\/www.secondastrada.com\/it\/#\/schema\/logo\/image\/","url":"https:\/\/www.secondastrada.com\/wp-content\/uploads\/2023\/11\/secondastrada-logo.svg","contentUrl":"https:\/\/www.secondastrada.com\/wp-content\/uploads\/2023\/11\/secondastrada-logo.svg","width":353,"height":47,"caption":"Seconda Strada"},"image":{"@id":"https:\/\/www.secondastrada.com\/it\/#\/schema\/logo\/image\/"}}]}},"df_price":"","df_sale_price":"","df_regular_price":"","df_image_link":"https:\/\/www.secondastrada.com\/wp-content\/uploads\/2024\/03\/placeholder-ss.webp","_links":{"self":[{"href":"https:\/\/www.secondastrada.com\/it\/wp-json\/wp\/v2\/product\/24256"}],"collection":[{"href":"https:\/\/www.secondastrada.com\/it\/wp-json\/wp\/v2\/product"}],"about":[{"href":"https:\/\/www.secondastrada.com\/it\/wp-json\/wp\/v2\/types\/product"}],"wp:attachment":[{"href":"https:\/\/www.secondastrada.com\/it\/wp-json\/wp\/v2\/media?parent=24256"}],"wp:term":[{"taxonomy":"ss_brand","embeddable":true,"href":"https:\/\/www.secondastrada.com\/it\/wp-json\/wp\/v2\/ss_brand?post=24256"},{"taxonomy":"ss_promo","embeddable":true,"href":"https:\/\/www.secondastrada.com\/it\/wp-json\/wp\/v2\/ss_promo?post=24256"},{"taxonomy":"ss_season","embeddable":true,"href":"https:\/\/www.secondastrada.com\/it\/wp-json\/wp\/v2\/ss_season?post=24256"},{"taxonomy":"product_cat","embeddable":true,"href":"https:\/\/www.secondastrada.com\/it\/wp-json\/wp\/v2\/product_cat?post=24256"},{"taxonomy":"product_tag","embeddable":true,"href":"https:\/\/www.secondastrada.com\/it\/wp-json\/wp\/v2\/product_tag?post=24256"}],"curies":[{"name":"wp","href":"https:\/\/api.w.org\/{rel}","templated":true}]}}