{"id":244155,"date":"2024-11-11T11:02:09","date_gmt":"2024-11-11T10:02:09","guid":{"rendered":"https:\/\/www.secondastrada.com\/it\/maglione-goha-rosso\/"},"modified":"2026-01-30T00:41:42","modified_gmt":"2026-01-29T23:41:42","slug":"maglione-goha-rosso","status":"publish","type":"product","link":"https:\/\/www.secondastrada.com\/it\/maglione-goha-rosso\/","title":{"rendered":"Maglione Goha Rosso"},"content":{"rendered":"<p>Maglione misto lana con collo alto. Il capo si sviluppa in total rosso con fantasia a greche. La vestibilit\u00e0 \u00e8 regolare. Il maglione \u00e8 adatto per occasioni casual. Troppo comodo per poterne fare a meno.<br \/>Cod. art. 1311224 OV<br \/>Vi ricordiamo che tutti i nostri articoli sono originali.<\/p>\n","protected":false},"excerpt":{"rendered":"<p>Maglione misto lana con collo alto. Il capo si sviluppa in total rosso con fantasia a greche. La vestibilit\u00e0 \u00e8 regolare. Il maglione \u00e8 adatto per occasioni casual. Troppo comodo per poterne fare a meno.Cod. art. 1311224 OVVi ricordiamo che tutti i nostri articoli sono originali.<\/p>\n","protected":false},"featured_media":202893,"template":"","meta":{"inline_featured_image":false},"ss_brand":[1897],"ss_promo":[2182],"ss_season":[2189],"product_cat":[1332,1482,2252,1714],"product_tag":[2203,2430,2140],"class_list":{"0":"post-244155","1":"product","2":"type-product","3":"status-publish","4":"has-post-thumbnail","6":"ss_brand-goha-uomo","7":"ss_promo-ultime-occasioni-uomo","8":"ss_season-ai24","9":"product_cat-abbigliamento-uomo","10":"product_cat-maglioni-da-uomo","11":"product_cat-maglioni-invernali-da-uomo","12":"product_cat-collezione-uomo","13":"product_tag-idee-regalo-uomo","14":"product_tag-private-label-uomo","15":"product_tag-ultime-occasioni-uomo","17":"first","18":"outofstock","19":"shipping-taxable","20":"product-type-variable","21":"has-default-attributes"},"acf":{"ss_brand":[{"term_id":1897,"name":"GOHA","slug":"goha-uomo","term_group":0,"term_taxonomy_id":1897,"taxonomy":"ss_brand","description":"Abbigliamento uomo scontato Goha significa concedersi la qualit\u00e0, la ricercatezza, l\u2019eleganza di un brand che riesca a spiccare con stile e a proporsi a prezzi scontati appoggiandosi agli outlet Seconda Strada.","parent":1268,"count":290,"filter":"raw"}],"ss_promo":[2182],"ss_season":[{"term_id":2189,"name":"AI24","slug":"ai24","term_group":0,"term_taxonomy_id":2189,"taxonomy":"ss_season","description":"","parent":0,"count":2125,"filter":"raw"}],"ss_old_price":"0,00","ss_omnibus_price":"0,00","ss_style_advice":"<p>Maglione misto lana con collo alto. Il capo si sviluppa in total rosso con fantasia a greche. La vestibilit\u00e0 \u00e8 regolare. Il maglione \u00e8 adatto per occasioni casual. Troppo comodo per poterne fare a meno.<br \/>Cod. art. 1311224 OV<br \/>Vi ricordiamo che tutti i nostri articoli sono originali.<\/p>\n","ss_composition":"<p>70% acrilico 30% lana<\/p>\n","ss_fit":"<p>Il modello \u00e8 alto 178 cm e veste la taglia L. La vestibilit\u00e0 del capo \u00e8 regolare.<\/p>\n"},"yoast_head":"<!-- This site is optimized with the Yoast SEO plugin v22.3 - https:\/\/yoast.com\/wordpress\/plugins\/seo\/ -->\n<title>Maglione Goha Rosso - Acquista online! - Seconda Strada<\/title>\n<meta name=\"description\" content=\"Maglione Goha Rosso \u27a4 Acquista online su Secondastrada.com Maglione Goha Rosso \u2714\ufe0f Spedizione veloce entro 24h in tutta Italia \u2714\ufe0f Sconto sul tuo primo acquisto\" \/>\n<meta name=\"robots\" content=\"index, follow, max-snippet:-1, max-image-preview:large, max-video-preview:-1\" \/>\n<link rel=\"canonical\" href=\"https:\/\/www.secondastrada.com\/it\/maglione-goha-rosso\/\" \/>\n<meta property=\"og:locale\" content=\"it_IT\" \/>\n<meta property=\"og:type\" content=\"article\" \/>\n<meta property=\"og:title\" content=\"Maglione Goha Rosso - Acquista online! - Seconda Strada\" \/>\n<meta property=\"og:description\" content=\"Maglione Goha Rosso \u27a4 Acquista online su Secondastrada.com Maglione Goha Rosso \u2714\ufe0f Spedizione veloce entro 24h in tutta Italia \u2714\ufe0f Sconto sul tuo primo acquisto\" \/>\n<meta property=\"og:url\" content=\"https:\/\/www.secondastrada.com\/it\/maglione-goha-rosso\/\" \/>\n<meta property=\"og:site_name\" content=\"Seconda Strada\" \/>\n<meta property=\"article:modified_time\" content=\"2026-01-29T23:41:42+00:00\" \/>\n<meta property=\"og:image\" content=\"https:\/\/www.secondastrada.com\/wp-content\/uploads\/2024\/10\/1311224-OV_FRAGOLA_AI24_1.jpg\" \/>\n\t<meta property=\"og:image:width\" content=\"1000\" \/>\n\t<meta property=\"og:image:height\" content=\"1300\" \/>\n\t<meta property=\"og:image:type\" content=\"image\/jpeg\" \/>\n<meta name=\"twitter:card\" content=\"summary_large_image\" \/>\n<!-- \/ Yoast SEO plugin. -->","yoast_head_json":{"title":"Maglione Goha Rosso - Acquista online! - Seconda Strada","description":"Maglione Goha Rosso \u27a4 Acquista online su Secondastrada.com Maglione Goha Rosso \u2714\ufe0f Spedizione veloce entro 24h in tutta Italia \u2714\ufe0f Sconto sul tuo primo acquisto","robots":{"index":"index","follow":"follow","max-snippet":"max-snippet:-1","max-image-preview":"max-image-preview:large","max-video-preview":"max-video-preview:-1"},"canonical":"https:\/\/www.secondastrada.com\/it\/maglione-goha-rosso\/","og_locale":"it_IT","og_type":"article","og_title":"Maglione Goha Rosso - Acquista online! - Seconda Strada","og_description":"Maglione Goha Rosso \u27a4 Acquista online su Secondastrada.com Maglione Goha Rosso \u2714\ufe0f Spedizione veloce entro 24h in tutta Italia \u2714\ufe0f Sconto sul tuo primo acquisto","og_url":"https:\/\/www.secondastrada.com\/it\/maglione-goha-rosso\/","og_site_name":"Seconda Strada","article_modified_time":"2026-01-29T23:41:42+00:00","og_image":[{"width":1000,"height":1300,"url":"https:\/\/www.secondastrada.com\/wp-content\/uploads\/2024\/10\/1311224-OV_FRAGOLA_AI24_1.jpg","type":"image\/jpeg"}],"twitter_card":"summary_large_image","schema":{"@context":"https:\/\/schema.org","@graph":[{"@type":"WebPage","@id":"https:\/\/www.secondastrada.com\/it\/maglione-goha-rosso\/","url":"https:\/\/www.secondastrada.com\/it\/maglione-goha-rosso\/","name":"Maglione Goha Rosso - Acquista online! - Seconda Strada","isPartOf":{"@id":"https:\/\/www.secondastrada.com\/it\/#website"},"primaryImageOfPage":{"@id":"https:\/\/www.secondastrada.com\/it\/maglione-goha-rosso\/#primaryimage"},"image":{"@id":"https:\/\/www.secondastrada.com\/it\/maglione-goha-rosso\/#primaryimage"},"thumbnailUrl":"https:\/\/www.secondastrada.com\/wp-content\/uploads\/2024\/10\/1311224-OV_FRAGOLA_AI24_1.jpg","datePublished":"2024-11-11T10:02:09+00:00","dateModified":"2026-01-29T23:41:42+00:00","description":"Maglione Goha Rosso \u27a4 Acquista online su Secondastrada.com Maglione Goha Rosso \u2714\ufe0f Spedizione veloce entro 24h in tutta Italia \u2714\ufe0f Sconto sul tuo primo acquisto","breadcrumb":{"@id":"https:\/\/www.secondastrada.com\/it\/maglione-goha-rosso\/#breadcrumb"},"inLanguage":"it-IT","potentialAction":[{"@type":"ReadAction","target":["https:\/\/www.secondastrada.com\/it\/maglione-goha-rosso\/"]}]},{"@type":"ImageObject","inLanguage":"it-IT","@id":"https:\/\/www.secondastrada.com\/it\/maglione-goha-rosso\/#primaryimage","url":"https:\/\/www.secondastrada.com\/wp-content\/uploads\/2024\/10\/1311224-OV_FRAGOLA_AI24_1.jpg","contentUrl":"https:\/\/www.secondastrada.com\/wp-content\/uploads\/2024\/10\/1311224-OV_FRAGOLA_AI24_1.jpg","width":1000,"height":1300,"caption":"1311224-OV_FRAGOLA_AI24"},{"@type":"BreadcrumbList","@id":"https:\/\/www.secondastrada.com\/it\/maglione-goha-rosso\/#breadcrumb","itemListElement":[{"@type":"ListItem","position":1,"name":"Home","item":"https:\/\/www.secondastrada.com\/it\/"},{"@type":"ListItem","position":2,"name":"Shop","item":"https:\/\/www.secondastrada.com\/it\/shop\/"},{"@type":"ListItem","position":3,"name":"Uomo","item":"https:\/\/www.secondastrada.com\/it\/collezione-uomo\/"},{"@type":"ListItem","position":4,"name":"Abbigliamento","item":"https:\/\/www.secondastrada.com\/it\/collezione-uomo\/abbigliamento-uomo\/"},{"@type":"ListItem","position":5,"name":"Maglioni e Maglie","item":"https:\/\/www.secondastrada.com\/it\/collezione-uomo\/abbigliamento-uomo\/maglioni-da-uomo\/"},{"@type":"ListItem","position":6,"name":"Maglioni invernali","item":"https:\/\/www.secondastrada.com\/it\/collezione-uomo\/abbigliamento-uomo\/maglioni-da-uomo\/maglioni-invernali-da-uomo\/"},{"@type":"ListItem","position":7,"name":"Maglione Goha Rosso"}]},{"@type":"WebSite","@id":"https:\/\/www.secondastrada.com\/it\/#website","url":"https:\/\/www.secondastrada.com\/it\/","name":"Seconda Strada","description":"","publisher":{"@id":"https:\/\/www.secondastrada.com\/it\/#organization"},"potentialAction":[{"@type":"SearchAction","target":{"@type":"EntryPoint","urlTemplate":"https:\/\/www.secondastrada.com\/it\/?s={search_term_string}"},"query-input":"required name=search_term_string"}],"inLanguage":"it-IT"},{"@type":"Organization","@id":"https:\/\/www.secondastrada.com\/it\/#organization","name":"Seconda Strada","url":"https:\/\/www.secondastrada.com\/it\/","logo":{"@type":"ImageObject","inLanguage":"it-IT","@id":"https:\/\/www.secondastrada.com\/it\/#\/schema\/logo\/image\/","url":"https:\/\/www.secondastrada.com\/wp-content\/uploads\/2023\/11\/secondastrada-logo.svg","contentUrl":"https:\/\/www.secondastrada.com\/wp-content\/uploads\/2023\/11\/secondastrada-logo.svg","width":353,"height":47,"caption":"Seconda Strada"},"image":{"@id":"https:\/\/www.secondastrada.com\/it\/#\/schema\/logo\/image\/"}}]}},"df_price":"","df_sale_price":"","df_regular_price":"","df_image_link":"https:\/\/www.secondastrada.com\/wp-content\/uploads\/2024\/10\/1311224-OV_FRAGOLA_AI24_1-300x300.jpg","_links":{"self":[{"href":"https:\/\/www.secondastrada.com\/it\/wp-json\/wp\/v2\/product\/244155"}],"collection":[{"href":"https:\/\/www.secondastrada.com\/it\/wp-json\/wp\/v2\/product"}],"about":[{"href":"https:\/\/www.secondastrada.com\/it\/wp-json\/wp\/v2\/types\/product"}],"wp:featuredmedia":[{"embeddable":true,"href":"https:\/\/www.secondastrada.com\/it\/wp-json\/wp\/v2\/media\/202893"}],"wp:attachment":[{"href":"https:\/\/www.secondastrada.com\/it\/wp-json\/wp\/v2\/media?parent=244155"}],"wp:term":[{"taxonomy":"ss_brand","embeddable":true,"href":"https:\/\/www.secondastrada.com\/it\/wp-json\/wp\/v2\/ss_brand?post=244155"},{"taxonomy":"ss_promo","embeddable":true,"href":"https:\/\/www.secondastrada.com\/it\/wp-json\/wp\/v2\/ss_promo?post=244155"},{"taxonomy":"ss_season","embeddable":true,"href":"https:\/\/www.secondastrada.com\/it\/wp-json\/wp\/v2\/ss_season?post=244155"},{"taxonomy":"product_cat","embeddable":true,"href":"https:\/\/www.secondastrada.com\/it\/wp-json\/wp\/v2\/product_cat?post=244155"},{"taxonomy":"product_tag","embeddable":true,"href":"https:\/\/www.secondastrada.com\/it\/wp-json\/wp\/v2\/product_tag?post=244155"}],"curies":[{"name":"wp","href":"https:\/\/api.w.org\/{rel}","templated":true}]}}