{"id":248633,"date":"2024-11-11T01:39:20","date_gmt":"2024-11-11T00:39:20","guid":{"rendered":"https:\/\/www.secondastrada.com\/it\/cardigan-rue-de-clerie-beige\/"},"modified":"2026-01-29T14:36:39","modified_gmt":"2026-01-29T13:36:39","slug":"cardigan-rue-de-clerie-beige","status":"publish","type":"product","link":"https:\/\/www.secondastrada.com\/it\/cardigan-rue-de-clerie-beige\/","title":{"rendered":"Cardigan Rue De Clerie Beige"},"content":{"rendered":"<p>Morbido cardigan in total beige, lavorato a maglia. La vestibilit\u00e0 \u00e8 ampia e pratica grazie a bottoni ad asola. Il cardigan \u00e8 adatto per occasioni casual e facilmente combinabile. Dona un tocco di colore ai tuoi outfit.<br \/>Cod. art. SLI4ML008973D OV<br \/>Vi ricordiamo che tutti i nostri articoli sono originali.<\/p>\n","protected":false},"excerpt":{"rendered":"<p>Morbido cardigan in total beige, lavorato a maglia. La vestibilit\u00e0 \u00e8 ampia e pratica grazie a bottoni ad asola. Il cardigan \u00e8 adatto per occasioni casual e facilmente combinabile. Dona un tocco di colore ai tuoi outfit.Cod. art. SLI4ML008973D OVVi ricordiamo che tutti i nostri articoli sono originali.<\/p>\n","protected":false},"featured_media":224256,"template":"","meta":{"inline_featured_image":false},"ss_brand":[1206],"ss_promo":[2181],"ss_season":[2189],"product_cat":[1329,1607,1658,1535],"product_tag":[1781,2429,2139],"class_list":{"0":"post-248633","1":"product","2":"type-product","3":"status-publish","4":"has-post-thumbnail","6":"ss_brand-rue-de-clerie-donna","7":"ss_promo-ultime-occasioni-donna","8":"ss_season-ai24","9":"product_cat-abbigliamento-donna","10":"product_cat-cardigan-da-donna","11":"product_cat-collezione-donna","12":"product_cat-maglie-da-donna","13":"product_tag-maglieria-rue-de-clerie-donna","14":"product_tag-private-label-donna","15":"product_tag-ultime-occasioni-donna","17":"first","18":"outofstock","19":"shipping-taxable","20":"product-type-variable","21":"has-default-attributes"},"acf":{"ss_brand":[{"term_id":1206,"name":"RUE DE CLERIE","slug":"rue-de-clerie-donna","term_group":0,"term_taxonomy_id":1206,"taxonomy":"ss_brand","description":"Creazioni essenziali con interventi boh\u00e9mien dal fascino lussuoso per chi ama vestirsi con indiscutibile classe: scopri nel nostro store online gli abiti e i maglioni da donna firmati Rue de Clerie a prezzi favolosi!\u00a0Acquista online su SecondaStrada.com <strong>abbigliamento da donna Rue De Clerie scontatissimo<\/strong>!","parent":1201,"count":509,"filter":"raw"}],"ss_promo":[2181],"ss_season":[{"term_id":2189,"name":"AI24","slug":"ai24","term_group":0,"term_taxonomy_id":2189,"taxonomy":"ss_season","description":"","parent":0,"count":2125,"filter":"raw"}],"ss_old_price":"0,00","ss_omnibus_price":"0,00","ss_style_advice":"<p>Morbido cardigan in total beige, lavorato a maglia. La vestibilit\u00e0 \u00e8 ampia e pratica grazie a bottoni ad asola. Il cardigan \u00e8 adatto per occasioni casual e facilmente combinabile. Dona un tocco di colore ai tuoi outfit.<br \/>Cod. art. SLI4ML008973D OV<br \/>Vi ricordiamo che tutti i nostri articoli sono originali.<\/p>\n","ss_composition":"<p>70% acrilico 27% poliestere 3% elastane<\/p>\n","ss_fit":"<p>La modella \u00e8 alta 165 cm e veste la taglia SM. La vestibilit\u00e0 del capo \u00e8 regolare..<\/p>\n"},"yoast_head":"<!-- This site is optimized with the Yoast SEO plugin v22.3 - https:\/\/yoast.com\/wordpress\/plugins\/seo\/ -->\n<title>Cardigan Rue De Clerie Beige - Acquista online! - Seconda Strada<\/title>\n<meta name=\"description\" content=\"Cardigan Rue De Clerie Beige \u27a4 Acquista online su Secondastrada.com Cardigan Rue De Clerie Beige \u2714\ufe0f Spedizione veloce entro 24h in tutta Italia \u2714\ufe0f Sconto sul tuo primo acquisto\" \/>\n<meta name=\"robots\" content=\"index, follow, max-snippet:-1, max-image-preview:large, max-video-preview:-1\" \/>\n<link rel=\"canonical\" href=\"https:\/\/www.secondastrada.com\/it\/cardigan-rue-de-clerie-beige\/\" \/>\n<meta property=\"og:locale\" content=\"it_IT\" \/>\n<meta property=\"og:type\" content=\"article\" \/>\n<meta property=\"og:title\" content=\"Cardigan Rue De Clerie Beige - Acquista online! - Seconda Strada\" \/>\n<meta property=\"og:description\" content=\"Cardigan Rue De Clerie Beige \u27a4 Acquista online su Secondastrada.com Cardigan Rue De Clerie Beige \u2714\ufe0f Spedizione veloce entro 24h in tutta Italia \u2714\ufe0f Sconto sul tuo primo acquisto\" \/>\n<meta property=\"og:url\" content=\"https:\/\/www.secondastrada.com\/it\/cardigan-rue-de-clerie-beige\/\" \/>\n<meta property=\"og:site_name\" content=\"Seconda Strada\" \/>\n<meta property=\"article:modified_time\" content=\"2026-01-29T13:36:39+00:00\" \/>\n<meta property=\"og:image\" content=\"https:\/\/www.secondastrada.com\/wp-content\/uploads\/2024\/12\/SLI4ML008973D-OV_BEIGE_AI24_1.jpg\" \/>\n\t<meta property=\"og:image:width\" content=\"1000\" \/>\n\t<meta property=\"og:image:height\" content=\"1300\" \/>\n\t<meta property=\"og:image:type\" content=\"image\/jpeg\" \/>\n<meta name=\"twitter:card\" content=\"summary_large_image\" \/>\n<!-- \/ Yoast SEO plugin. -->","yoast_head_json":{"title":"Cardigan Rue De Clerie Beige - Acquista online! - Seconda Strada","description":"Cardigan Rue De Clerie Beige \u27a4 Acquista online su Secondastrada.com Cardigan Rue De Clerie Beige \u2714\ufe0f Spedizione veloce entro 24h in tutta Italia \u2714\ufe0f Sconto sul tuo primo acquisto","robots":{"index":"index","follow":"follow","max-snippet":"max-snippet:-1","max-image-preview":"max-image-preview:large","max-video-preview":"max-video-preview:-1"},"canonical":"https:\/\/www.secondastrada.com\/it\/cardigan-rue-de-clerie-beige\/","og_locale":"it_IT","og_type":"article","og_title":"Cardigan Rue De Clerie Beige - Acquista online! - Seconda Strada","og_description":"Cardigan Rue De Clerie Beige \u27a4 Acquista online su Secondastrada.com Cardigan Rue De Clerie Beige \u2714\ufe0f Spedizione veloce entro 24h in tutta Italia \u2714\ufe0f Sconto sul tuo primo acquisto","og_url":"https:\/\/www.secondastrada.com\/it\/cardigan-rue-de-clerie-beige\/","og_site_name":"Seconda Strada","article_modified_time":"2026-01-29T13:36:39+00:00","og_image":[{"width":1000,"height":1300,"url":"https:\/\/www.secondastrada.com\/wp-content\/uploads\/2024\/12\/SLI4ML008973D-OV_BEIGE_AI24_1.jpg","type":"image\/jpeg"}],"twitter_card":"summary_large_image","schema":{"@context":"https:\/\/schema.org","@graph":[{"@type":"WebPage","@id":"https:\/\/www.secondastrada.com\/it\/cardigan-rue-de-clerie-beige\/","url":"https:\/\/www.secondastrada.com\/it\/cardigan-rue-de-clerie-beige\/","name":"Cardigan Rue De Clerie Beige - Acquista online! - Seconda Strada","isPartOf":{"@id":"https:\/\/www.secondastrada.com\/it\/#website"},"primaryImageOfPage":{"@id":"https:\/\/www.secondastrada.com\/it\/cardigan-rue-de-clerie-beige\/#primaryimage"},"image":{"@id":"https:\/\/www.secondastrada.com\/it\/cardigan-rue-de-clerie-beige\/#primaryimage"},"thumbnailUrl":"https:\/\/www.secondastrada.com\/wp-content\/uploads\/2024\/12\/SLI4ML008973D-OV_BEIGE_AI24_1.jpg","datePublished":"2024-11-11T00:39:20+00:00","dateModified":"2026-01-29T13:36:39+00:00","description":"Cardigan Rue De Clerie Beige \u27a4 Acquista online su Secondastrada.com Cardigan Rue De Clerie Beige \u2714\ufe0f Spedizione veloce entro 24h in tutta Italia \u2714\ufe0f Sconto sul tuo primo acquisto","breadcrumb":{"@id":"https:\/\/www.secondastrada.com\/it\/cardigan-rue-de-clerie-beige\/#breadcrumb"},"inLanguage":"it-IT","potentialAction":[{"@type":"ReadAction","target":["https:\/\/www.secondastrada.com\/it\/cardigan-rue-de-clerie-beige\/"]}]},{"@type":"ImageObject","inLanguage":"it-IT","@id":"https:\/\/www.secondastrada.com\/it\/cardigan-rue-de-clerie-beige\/#primaryimage","url":"https:\/\/www.secondastrada.com\/wp-content\/uploads\/2024\/12\/SLI4ML008973D-OV_BEIGE_AI24_1.jpg","contentUrl":"https:\/\/www.secondastrada.com\/wp-content\/uploads\/2024\/12\/SLI4ML008973D-OV_BEIGE_AI24_1.jpg","width":1000,"height":1300,"caption":"SLI4ML008973D-OV_BEIGE_AI24"},{"@type":"BreadcrumbList","@id":"https:\/\/www.secondastrada.com\/it\/cardigan-rue-de-clerie-beige\/#breadcrumb","itemListElement":[{"@type":"ListItem","position":1,"name":"Home","item":"https:\/\/www.secondastrada.com\/it\/"},{"@type":"ListItem","position":2,"name":"Shop","item":"https:\/\/www.secondastrada.com\/it\/shop\/"},{"@type":"ListItem","position":3,"name":"Donna","item":"https:\/\/www.secondastrada.com\/it\/collezione-donna\/"},{"@type":"ListItem","position":4,"name":"Abbigliamento","item":"https:\/\/www.secondastrada.com\/it\/collezione-donna\/abbigliamento-donna\/"},{"@type":"ListItem","position":5,"name":"Maglieria","item":"https:\/\/www.secondastrada.com\/it\/collezione-donna\/abbigliamento-donna\/maglie-da-donna\/"},{"@type":"ListItem","position":6,"name":"Cardigan","item":"https:\/\/www.secondastrada.com\/it\/collezione-donna\/abbigliamento-donna\/maglie-da-donna\/cardigan-da-donna\/"},{"@type":"ListItem","position":7,"name":"Cardigan Rue De Clerie Beige"}]},{"@type":"WebSite","@id":"https:\/\/www.secondastrada.com\/it\/#website","url":"https:\/\/www.secondastrada.com\/it\/","name":"Seconda Strada","description":"","publisher":{"@id":"https:\/\/www.secondastrada.com\/it\/#organization"},"potentialAction":[{"@type":"SearchAction","target":{"@type":"EntryPoint","urlTemplate":"https:\/\/www.secondastrada.com\/it\/?s={search_term_string}"},"query-input":"required name=search_term_string"}],"inLanguage":"it-IT"},{"@type":"Organization","@id":"https:\/\/www.secondastrada.com\/it\/#organization","name":"Seconda Strada","url":"https:\/\/www.secondastrada.com\/it\/","logo":{"@type":"ImageObject","inLanguage":"it-IT","@id":"https:\/\/www.secondastrada.com\/it\/#\/schema\/logo\/image\/","url":"https:\/\/www.secondastrada.com\/wp-content\/uploads\/2023\/11\/secondastrada-logo.svg","contentUrl":"https:\/\/www.secondastrada.com\/wp-content\/uploads\/2023\/11\/secondastrada-logo.svg","width":353,"height":47,"caption":"Seconda Strada"},"image":{"@id":"https:\/\/www.secondastrada.com\/it\/#\/schema\/logo\/image\/"}}]}},"df_price":"","df_sale_price":"","df_regular_price":"","df_image_link":"https:\/\/www.secondastrada.com\/wp-content\/uploads\/2024\/12\/SLI4ML008973D-OV_BEIGE_AI24_1-300x300.jpg","_links":{"self":[{"href":"https:\/\/www.secondastrada.com\/it\/wp-json\/wp\/v2\/product\/248633"}],"collection":[{"href":"https:\/\/www.secondastrada.com\/it\/wp-json\/wp\/v2\/product"}],"about":[{"href":"https:\/\/www.secondastrada.com\/it\/wp-json\/wp\/v2\/types\/product"}],"wp:featuredmedia":[{"embeddable":true,"href":"https:\/\/www.secondastrada.com\/it\/wp-json\/wp\/v2\/media\/224256"}],"wp:attachment":[{"href":"https:\/\/www.secondastrada.com\/it\/wp-json\/wp\/v2\/media?parent=248633"}],"wp:term":[{"taxonomy":"ss_brand","embeddable":true,"href":"https:\/\/www.secondastrada.com\/it\/wp-json\/wp\/v2\/ss_brand?post=248633"},{"taxonomy":"ss_promo","embeddable":true,"href":"https:\/\/www.secondastrada.com\/it\/wp-json\/wp\/v2\/ss_promo?post=248633"},{"taxonomy":"ss_season","embeddable":true,"href":"https:\/\/www.secondastrada.com\/it\/wp-json\/wp\/v2\/ss_season?post=248633"},{"taxonomy":"product_cat","embeddable":true,"href":"https:\/\/www.secondastrada.com\/it\/wp-json\/wp\/v2\/product_cat?post=248633"},{"taxonomy":"product_tag","embeddable":true,"href":"https:\/\/www.secondastrada.com\/it\/wp-json\/wp\/v2\/product_tag?post=248633"}],"curies":[{"name":"wp","href":"https:\/\/api.w.org\/{rel}","templated":true}]}}