{"id":25139,"date":"2024-03-27T08:16:16","date_gmt":"2024-03-27T07:16:16","guid":{"rendered":"http:\/\/secondastrada.com\/pantalone-rue-de-clerie-in-maglia-2\/"},"modified":"2026-01-29T11:25:49","modified_gmt":"2026-01-29T10:25:49","slug":"pantalone-rue-de-clerie-in-maglia-2","status":"publish","type":"product","link":"https:\/\/www.secondastrada.com\/it\/pantalone-rue-de-clerie-in-maglia-2\/","title":{"rendered":"Pantalone Rue De Clerie in maglia"},"content":{"rendered":"<p>50% viscosa 27% poliestere 23% poliammide<br \/>La modella indossa la taglia S ed \u00e8 alta 178 cm e la vestibilit\u00e0 \u00e8 regolare<br \/>Per rendere alternativo un comodo outfit da giorno prova subito questo pantalone in maglia firmato Rue De Clerie. Prova a creare fantastici look con abbinamenti semplici: non vorrai pi\u00f9 farne a meno!<br \/>Cod. art. 370248 op <br \/>Vi ricordiamo che tutti i nostri articoli sono originali.<\/p>\n","protected":false},"excerpt":{"rendered":"<p>50% viscosa 27% poliestere 23% poliammideLa modella indossa la taglia S ed \u00e8 alta 178 cm e la vestibilit\u00e0 \u00e8 regolarePer rendere alternativo un comodo outfit da giorno prova subito questo pantalone in maglia firmato Rue De Clerie. Prova a creare fantastici look con abbinamenti semplici: non vorrai pi\u00f9 farne a meno!Cod. art. 370248 op&#8230;<\/p>\n","protected":false},"featured_media":44432,"template":"","meta":{"inline_featured_image":false},"ss_brand":[1206],"ss_promo":[2181],"ss_season":[],"product_cat":[1329,1658,1342,1636],"product_tag":[1782],"class_list":{"0":"post-25139","1":"product","2":"type-product","3":"status-publish","4":"has-post-thumbnail","6":"ss_brand-rue-de-clerie-donna","7":"ss_promo-ultime-occasioni-donna","8":"product_cat-abbigliamento-donna","9":"product_cat-collezione-donna","10":"product_cat-pantaloni-da-donna","11":"product_cat-pantaloni-in-felpa-da-donna","12":"product_tag-pantaloni-rue-de-clerie-donna","14":"first","15":"outofstock","16":"sold-individually","17":"shipping-taxable","18":"product-type-variable","19":"has-default-attributes"},"acf":{"ss_brand":[{"term_id":1206,"name":"RUE DE CLERIE","slug":"rue-de-clerie-donna","term_group":0,"term_taxonomy_id":1206,"taxonomy":"ss_brand","description":"Creazioni essenziali con interventi boh\u00e9mien dal fascino lussuoso per chi ama vestirsi con indiscutibile classe: scopri nel nostro store online gli abiti e i maglioni da donna firmati Rue de Clerie a prezzi favolosi!\u00a0Acquista online su SecondaStrada.com <strong>abbigliamento da donna Rue De Clerie scontatissimo<\/strong>!","parent":1201,"count":608,"filter":"raw"}],"ss_promo":[2181],"ss_season":false,"ss_old_price":"0,00","ss_omnibus_price":"0,00","ss_style_advice":"<p>50% viscosa 27% poliestere 23% poliammide<br \/>La modella indossa la taglia S ed \u00e8 alta 178 cm e la vestibilit\u00e0 \u00e8 regolare<br \/>Per rendere alternativo un comodo outfit da giorno prova subito questo pantalone in maglia firmato Rue De Clerie. Prova a creare fantastici look con abbinamenti semplici: non vorrai pi\u00f9 farne a meno!<br \/>Cod. art. 370248 op <br \/>Vi ricordiamo che tutti i nostri articoli sono originali.<\/p>\n","ss_composition":"<p>50% viscosa 27% poliestere 23% poliammide<\/p>\n","ss_fit":"<p>Pantalone RUE DE CLERIE<\/p>\n"},"yoast_head":"<!-- This site is optimized with the Yoast SEO plugin v22.3 - https:\/\/yoast.com\/wordpress\/plugins\/seo\/ -->\n<title>Pantalone Rue De Clerie in maglia - Acquista online! - Seconda Strada<\/title>\n<meta name=\"description\" content=\"Pantalone Rue De Clerie in maglia \u27a4 Acquista online su Secondastrada.com Pantalone Rue De Clerie in maglia \u2714\ufe0f Spedizione veloce entro 24h in tutta Italia \u2714\ufe0f Sconto sul tuo primo acquisto\" \/>\n<meta name=\"robots\" content=\"index, follow, max-snippet:-1, max-image-preview:large, max-video-preview:-1\" \/>\n<link rel=\"canonical\" href=\"https:\/\/www.secondastrada.com\/it\/pantalone-rue-de-clerie-in-maglia-2\/\" \/>\n<meta property=\"og:locale\" content=\"it_IT\" \/>\n<meta property=\"og:type\" content=\"article\" \/>\n<meta property=\"og:title\" content=\"Pantalone Rue De Clerie in maglia - Acquista online! - Seconda Strada\" \/>\n<meta property=\"og:description\" content=\"Pantalone Rue De Clerie in maglia \u27a4 Acquista online su Secondastrada.com Pantalone Rue De Clerie in maglia \u2714\ufe0f Spedizione veloce entro 24h in tutta Italia \u2714\ufe0f Sconto sul tuo primo acquisto\" \/>\n<meta property=\"og:url\" content=\"https:\/\/www.secondastrada.com\/it\/pantalone-rue-de-clerie-in-maglia-2\/\" \/>\n<meta property=\"og:site_name\" content=\"Seconda Strada\" \/>\n<meta property=\"article:modified_time\" content=\"2026-01-29T10:25:49+00:00\" \/>\n<meta property=\"og:image\" content=\"https:\/\/www.secondastrada.com\/wp-content\/uploads\/2024\/04\/370248-op_SHAKE_AI21_1.jpg\" \/>\n\t<meta property=\"og:image:width\" content=\"1000\" \/>\n\t<meta property=\"og:image:height\" content=\"1300\" \/>\n\t<meta property=\"og:image:type\" content=\"image\/jpeg\" \/>\n<meta name=\"twitter:card\" content=\"summary_large_image\" \/>\n<!-- \/ Yoast SEO plugin. -->","yoast_head_json":{"title":"Pantalone Rue De Clerie in maglia - Acquista online! - Seconda Strada","description":"Pantalone Rue De Clerie in maglia \u27a4 Acquista online su Secondastrada.com Pantalone Rue De Clerie in maglia \u2714\ufe0f Spedizione veloce entro 24h in tutta Italia \u2714\ufe0f Sconto sul tuo primo acquisto","robots":{"index":"index","follow":"follow","max-snippet":"max-snippet:-1","max-image-preview":"max-image-preview:large","max-video-preview":"max-video-preview:-1"},"canonical":"https:\/\/www.secondastrada.com\/it\/pantalone-rue-de-clerie-in-maglia-2\/","og_locale":"it_IT","og_type":"article","og_title":"Pantalone Rue De Clerie in maglia - Acquista online! - Seconda Strada","og_description":"Pantalone Rue De Clerie in maglia \u27a4 Acquista online su Secondastrada.com Pantalone Rue De Clerie in maglia \u2714\ufe0f Spedizione veloce entro 24h in tutta Italia \u2714\ufe0f Sconto sul tuo primo acquisto","og_url":"https:\/\/www.secondastrada.com\/it\/pantalone-rue-de-clerie-in-maglia-2\/","og_site_name":"Seconda Strada","article_modified_time":"2026-01-29T10:25:49+00:00","og_image":[{"width":1000,"height":1300,"url":"https:\/\/www.secondastrada.com\/wp-content\/uploads\/2024\/04\/370248-op_SHAKE_AI21_1.jpg","type":"image\/jpeg"}],"twitter_card":"summary_large_image","schema":{"@context":"https:\/\/schema.org","@graph":[{"@type":"WebPage","@id":"https:\/\/www.secondastrada.com\/it\/pantalone-rue-de-clerie-in-maglia-2\/","url":"https:\/\/www.secondastrada.com\/it\/pantalone-rue-de-clerie-in-maglia-2\/","name":"Pantalone Rue De Clerie in maglia - Acquista online! - Seconda Strada","isPartOf":{"@id":"https:\/\/www.secondastrada.com\/it\/#website"},"primaryImageOfPage":{"@id":"https:\/\/www.secondastrada.com\/it\/pantalone-rue-de-clerie-in-maglia-2\/#primaryimage"},"image":{"@id":"https:\/\/www.secondastrada.com\/it\/pantalone-rue-de-clerie-in-maglia-2\/#primaryimage"},"thumbnailUrl":"https:\/\/www.secondastrada.com\/wp-content\/uploads\/2024\/04\/370248-op_SHAKE_AI21_1.jpg","datePublished":"2024-03-27T07:16:16+00:00","dateModified":"2026-01-29T10:25:49+00:00","description":"Pantalone Rue De Clerie in maglia \u27a4 Acquista online su Secondastrada.com Pantalone Rue De Clerie in maglia \u2714\ufe0f Spedizione veloce entro 24h in tutta Italia \u2714\ufe0f Sconto sul tuo primo acquisto","breadcrumb":{"@id":"https:\/\/www.secondastrada.com\/it\/pantalone-rue-de-clerie-in-maglia-2\/#breadcrumb"},"inLanguage":"it-IT","potentialAction":[{"@type":"ReadAction","target":["https:\/\/www.secondastrada.com\/it\/pantalone-rue-de-clerie-in-maglia-2\/"]}]},{"@type":"ImageObject","inLanguage":"it-IT","@id":"https:\/\/www.secondastrada.com\/it\/pantalone-rue-de-clerie-in-maglia-2\/#primaryimage","url":"https:\/\/www.secondastrada.com\/wp-content\/uploads\/2024\/04\/370248-op_SHAKE_AI21_1.jpg","contentUrl":"https:\/\/www.secondastrada.com\/wp-content\/uploads\/2024\/04\/370248-op_SHAKE_AI21_1.jpg","width":1000,"height":1300,"caption":"370248-op_SHAKE_AI21"},{"@type":"BreadcrumbList","@id":"https:\/\/www.secondastrada.com\/it\/pantalone-rue-de-clerie-in-maglia-2\/#breadcrumb","itemListElement":[{"@type":"ListItem","position":1,"name":"Home","item":"https:\/\/www.secondastrada.com\/it\/"},{"@type":"ListItem","position":2,"name":"Shop","item":"https:\/\/www.secondastrada.com\/it\/shop\/"},{"@type":"ListItem","position":3,"name":"Donna","item":"https:\/\/www.secondastrada.com\/it\/collezione-donna\/"},{"@type":"ListItem","position":4,"name":"Abbigliamento","item":"https:\/\/www.secondastrada.com\/it\/collezione-donna\/abbigliamento-donna\/"},{"@type":"ListItem","position":5,"name":"Pantaloni","item":"https:\/\/www.secondastrada.com\/it\/collezione-donna\/abbigliamento-donna\/pantaloni-da-donna\/"},{"@type":"ListItem","position":6,"name":"Pantaloni tuta","item":"https:\/\/www.secondastrada.com\/it\/collezione-donna\/abbigliamento-donna\/pantaloni-da-donna\/pantaloni-in-felpa-da-donna\/"},{"@type":"ListItem","position":7,"name":"Pantalone Rue De Clerie in maglia"}]},{"@type":"WebSite","@id":"https:\/\/www.secondastrada.com\/it\/#website","url":"https:\/\/www.secondastrada.com\/it\/","name":"Seconda Strada","description":"","publisher":{"@id":"https:\/\/www.secondastrada.com\/it\/#organization"},"potentialAction":[{"@type":"SearchAction","target":{"@type":"EntryPoint","urlTemplate":"https:\/\/www.secondastrada.com\/it\/?s={search_term_string}"},"query-input":"required name=search_term_string"}],"inLanguage":"it-IT"},{"@type":"Organization","@id":"https:\/\/www.secondastrada.com\/it\/#organization","name":"Seconda Strada","url":"https:\/\/www.secondastrada.com\/it\/","logo":{"@type":"ImageObject","inLanguage":"it-IT","@id":"https:\/\/www.secondastrada.com\/it\/#\/schema\/logo\/image\/","url":"https:\/\/www.secondastrada.com\/wp-content\/uploads\/2023\/11\/secondastrada-logo.svg","contentUrl":"https:\/\/www.secondastrada.com\/wp-content\/uploads\/2023\/11\/secondastrada-logo.svg","width":353,"height":47,"caption":"Seconda Strada"},"image":{"@id":"https:\/\/www.secondastrada.com\/it\/#\/schema\/logo\/image\/"}}]}},"df_price":"","df_sale_price":"","df_regular_price":"","df_image_link":"https:\/\/www.secondastrada.com\/wp-content\/uploads\/2024\/04\/370248-op_SHAKE_AI21_1-300x300.jpg","_links":{"self":[{"href":"https:\/\/www.secondastrada.com\/it\/wp-json\/wp\/v2\/product\/25139"}],"collection":[{"href":"https:\/\/www.secondastrada.com\/it\/wp-json\/wp\/v2\/product"}],"about":[{"href":"https:\/\/www.secondastrada.com\/it\/wp-json\/wp\/v2\/types\/product"}],"wp:featuredmedia":[{"embeddable":true,"href":"https:\/\/www.secondastrada.com\/it\/wp-json\/wp\/v2\/media\/44432"}],"wp:attachment":[{"href":"https:\/\/www.secondastrada.com\/it\/wp-json\/wp\/v2\/media?parent=25139"}],"wp:term":[{"taxonomy":"ss_brand","embeddable":true,"href":"https:\/\/www.secondastrada.com\/it\/wp-json\/wp\/v2\/ss_brand?post=25139"},{"taxonomy":"ss_promo","embeddable":true,"href":"https:\/\/www.secondastrada.com\/it\/wp-json\/wp\/v2\/ss_promo?post=25139"},{"taxonomy":"ss_season","embeddable":true,"href":"https:\/\/www.secondastrada.com\/it\/wp-json\/wp\/v2\/ss_season?post=25139"},{"taxonomy":"product_cat","embeddable":true,"href":"https:\/\/www.secondastrada.com\/it\/wp-json\/wp\/v2\/product_cat?post=25139"},{"taxonomy":"product_tag","embeddable":true,"href":"https:\/\/www.secondastrada.com\/it\/wp-json\/wp\/v2\/product_tag?post=25139"}],"curies":[{"name":"wp","href":"https:\/\/api.w.org\/{rel}","templated":true}]}}