{"id":252918,"date":"2025-03-17T11:13:05","date_gmt":"2025-03-17T10:13:05","guid":{"rendered":"https:\/\/www.secondastrada.com\/it\/piumino-leggero-geox-verde-taglia-42\/"},"modified":"2026-01-30T01:11:42","modified_gmt":"2026-01-30T00:11:42","slug":"piumino-leggero-geox-verde-taglia-42","status":"publish","type":"product","link":"https:\/\/www.secondastrada.com\/it\/piumino-leggero-geox-verde-taglia-42\/","title":{"rendered":"Piumino leggero Geox Verde taglia 42"},"content":{"rendered":"<p>L\u2019articolo appartiene al campionario esclusivo di stagione: pezzo unico.<br \/>Cod. art. W5525BT3146 G CZ<br \/>Vi ricordiamo che tutti i nostri articoli sono originali.<\/p>\n","protected":false},"excerpt":{"rendered":"<p>L\u2019articolo appartiene al campionario esclusivo di stagione: pezzo unico.Cod. art. W5525BT3146 G CZVi ricordiamo che tutti i nostri articoli sono originali.<\/p>\n","protected":false},"featured_media":252488,"template":"","meta":{"inline_featured_image":false},"ss_brand":[1894],"ss_promo":[2181],"ss_season":[2375],"product_cat":[1329,1658,1599,1601,1488,1597],"product_tag":[1953],"class_list":{"0":"post-252918","1":"product","2":"type-product","3":"status-publish","4":"has-post-thumbnail","6":"ss_brand-geox-donna","7":"ss_promo-ultime-occasioni-donna","8":"ss_season-pe25","9":"product_cat-abbigliamento-donna","10":"product_cat-collezione-donna","11":"product_cat-piumini-con-cappuccio-da-donna","12":"product_cat-piumini-corti-da-donna","13":"product_cat-piumini-da-donna","14":"product_cat-piumini-leggeri-da-donna","15":"product_tag-campionario","17":"first","18":"outofstock","19":"shipping-taxable","20":"product-type-variable","21":"has-default-attributes"},"acf":{"ss_brand":[{"term_id":1894,"name":"GEOX","slug":"geox-donna","term_group":0,"term_taxonomy_id":1894,"taxonomy":"ss_brand","description":"Dal benessere al comfort, dal design unico alla praticit\u00e0: le scarpe Geox Donna donano stile ai tuoi passi. Le trovi nei nostri outlet online a prezzi da strabuzzare gli occhi. Acquista online su SecondaStrada.com scarpe da donna Geox scontatissime!","parent":1201,"count":53,"filter":"raw"}],"ss_promo":[2181],"ss_season":[{"term_id":2375,"name":"PE25","slug":"pe25","term_group":0,"term_taxonomy_id":2375,"taxonomy":"ss_season","description":"","parent":0,"count":2507,"filter":"raw"}],"ss_old_price":"219,00","ss_omnibus_price":"0,00","ss_style_advice":"<p>L\u2019articolo appartiene al campionario esclusivo di stagione: pezzo unico.<br \/>Cod. art. W5525BT3146 G CZ<br \/>Vi ricordiamo che tutti i nostri articoli sono originali.<\/p>\n","ss_composition":"<p>Esterno: 100% poliammide &#8211; Imbottitura: 90% piumino d&#8217;anatra 10% piuma d&#8217;anatra<\/p>\n","ss_fit":"<p>La modella \u00e8 alta 165 cm e veste la taglia 42. La vestibilit\u00e0 del capo \u00e8 regolare.<\/p>\n"},"yoast_head":"<!-- This site is optimized with the Yoast SEO plugin v22.3 - https:\/\/yoast.com\/wordpress\/plugins\/seo\/ -->\n<title>Piumino leggero Geox Verde taglia 42 - Acquista online! - Seconda Strada<\/title>\n<meta name=\"description\" content=\"Piumino leggero Geox Verde taglia 42 \u27a4 Acquista online su Secondastrada.com Piumino leggero Geox Verde taglia 42 \u2714\ufe0f Spedizione veloce entro 24h in tutta Italia \u2714\ufe0f Sconto sul tuo primo acquisto\" \/>\n<meta name=\"robots\" content=\"index, follow, max-snippet:-1, max-image-preview:large, max-video-preview:-1\" \/>\n<link rel=\"canonical\" href=\"https:\/\/www.secondastrada.com\/it\/piumino-leggero-geox-verde-taglia-42\/\" \/>\n<meta property=\"og:locale\" content=\"it_IT\" \/>\n<meta property=\"og:type\" content=\"article\" \/>\n<meta property=\"og:title\" content=\"Piumino leggero Geox Verde taglia 42 - Acquista online! - Seconda Strada\" \/>\n<meta property=\"og:description\" content=\"Piumino leggero Geox Verde taglia 42 \u27a4 Acquista online su Secondastrada.com Piumino leggero Geox Verde taglia 42 \u2714\ufe0f Spedizione veloce entro 24h in tutta Italia \u2714\ufe0f Sconto sul tuo primo acquisto\" \/>\n<meta property=\"og:url\" content=\"https:\/\/www.secondastrada.com\/it\/piumino-leggero-geox-verde-taglia-42\/\" \/>\n<meta property=\"og:site_name\" content=\"Seconda Strada\" \/>\n<meta property=\"article:modified_time\" content=\"2026-01-30T00:11:42+00:00\" \/>\n<meta property=\"og:image\" content=\"https:\/\/www.secondastrada.com\/wp-content\/uploads\/2025\/03\/W5525BT3146-G-CZ_Verde_PE25_1.jpg\" \/>\n\t<meta property=\"og:image:width\" content=\"1000\" \/>\n\t<meta property=\"og:image:height\" content=\"1300\" \/>\n\t<meta property=\"og:image:type\" content=\"image\/jpeg\" \/>\n<meta name=\"twitter:card\" content=\"summary_large_image\" \/>\n<!-- \/ Yoast SEO plugin. -->","yoast_head_json":{"title":"Piumino leggero Geox Verde taglia 42 - Acquista online! - Seconda Strada","description":"Piumino leggero Geox Verde taglia 42 \u27a4 Acquista online su Secondastrada.com Piumino leggero Geox Verde taglia 42 \u2714\ufe0f Spedizione veloce entro 24h in tutta Italia \u2714\ufe0f Sconto sul tuo primo acquisto","robots":{"index":"index","follow":"follow","max-snippet":"max-snippet:-1","max-image-preview":"max-image-preview:large","max-video-preview":"max-video-preview:-1"},"canonical":"https:\/\/www.secondastrada.com\/it\/piumino-leggero-geox-verde-taglia-42\/","og_locale":"it_IT","og_type":"article","og_title":"Piumino leggero Geox Verde taglia 42 - Acquista online! - Seconda Strada","og_description":"Piumino leggero Geox Verde taglia 42 \u27a4 Acquista online su Secondastrada.com Piumino leggero Geox Verde taglia 42 \u2714\ufe0f Spedizione veloce entro 24h in tutta Italia \u2714\ufe0f Sconto sul tuo primo acquisto","og_url":"https:\/\/www.secondastrada.com\/it\/piumino-leggero-geox-verde-taglia-42\/","og_site_name":"Seconda Strada","article_modified_time":"2026-01-30T00:11:42+00:00","og_image":[{"width":1000,"height":1300,"url":"https:\/\/www.secondastrada.com\/wp-content\/uploads\/2025\/03\/W5525BT3146-G-CZ_Verde_PE25_1.jpg","type":"image\/jpeg"}],"twitter_card":"summary_large_image","schema":{"@context":"https:\/\/schema.org","@graph":[{"@type":"WebPage","@id":"https:\/\/www.secondastrada.com\/it\/piumino-leggero-geox-verde-taglia-42\/","url":"https:\/\/www.secondastrada.com\/it\/piumino-leggero-geox-verde-taglia-42\/","name":"Piumino leggero Geox Verde taglia 42 - Acquista online! - Seconda Strada","isPartOf":{"@id":"https:\/\/www.secondastrada.com\/it\/#website"},"primaryImageOfPage":{"@id":"https:\/\/www.secondastrada.com\/it\/piumino-leggero-geox-verde-taglia-42\/#primaryimage"},"image":{"@id":"https:\/\/www.secondastrada.com\/it\/piumino-leggero-geox-verde-taglia-42\/#primaryimage"},"thumbnailUrl":"https:\/\/www.secondastrada.com\/wp-content\/uploads\/2025\/03\/W5525BT3146-G-CZ_Verde_PE25_1.jpg","datePublished":"2025-03-17T10:13:05+00:00","dateModified":"2026-01-30T00:11:42+00:00","description":"Piumino leggero Geox Verde taglia 42 \u27a4 Acquista online su Secondastrada.com Piumino leggero Geox Verde taglia 42 \u2714\ufe0f Spedizione veloce entro 24h in tutta Italia \u2714\ufe0f Sconto sul tuo primo acquisto","breadcrumb":{"@id":"https:\/\/www.secondastrada.com\/it\/piumino-leggero-geox-verde-taglia-42\/#breadcrumb"},"inLanguage":"it-IT","potentialAction":[{"@type":"ReadAction","target":["https:\/\/www.secondastrada.com\/it\/piumino-leggero-geox-verde-taglia-42\/"]}]},{"@type":"ImageObject","inLanguage":"it-IT","@id":"https:\/\/www.secondastrada.com\/it\/piumino-leggero-geox-verde-taglia-42\/#primaryimage","url":"https:\/\/www.secondastrada.com\/wp-content\/uploads\/2025\/03\/W5525BT3146-G-CZ_Verde_PE25_1.jpg","contentUrl":"https:\/\/www.secondastrada.com\/wp-content\/uploads\/2025\/03\/W5525BT3146-G-CZ_Verde_PE25_1.jpg","width":1000,"height":1300,"caption":"W5525BT3146-G-CZ_Verde_PE25"},{"@type":"BreadcrumbList","@id":"https:\/\/www.secondastrada.com\/it\/piumino-leggero-geox-verde-taglia-42\/#breadcrumb","itemListElement":[{"@type":"ListItem","position":1,"name":"Home","item":"https:\/\/www.secondastrada.com\/it\/"},{"@type":"ListItem","position":2,"name":"Shop","item":"https:\/\/www.secondastrada.com\/it\/shop\/"},{"@type":"ListItem","position":3,"name":"Donna","item":"https:\/\/www.secondastrada.com\/it\/collezione-donna\/"},{"@type":"ListItem","position":4,"name":"Abbigliamento","item":"https:\/\/www.secondastrada.com\/it\/collezione-donna\/abbigliamento-donna\/"},{"@type":"ListItem","position":5,"name":"Piumini e Parka","item":"https:\/\/www.secondastrada.com\/it\/collezione-donna\/abbigliamento-donna\/piumini-da-donna\/"},{"@type":"ListItem","position":6,"name":"Piumini con cappuccio","item":"https:\/\/www.secondastrada.com\/it\/collezione-donna\/abbigliamento-donna\/piumini-da-donna\/piumini-con-cappuccio-da-donna\/"},{"@type":"ListItem","position":7,"name":"Piumino leggero Geox Verde taglia 42"}]},{"@type":"WebSite","@id":"https:\/\/www.secondastrada.com\/it\/#website","url":"https:\/\/www.secondastrada.com\/it\/","name":"Seconda Strada","description":"","publisher":{"@id":"https:\/\/www.secondastrada.com\/it\/#organization"},"potentialAction":[{"@type":"SearchAction","target":{"@type":"EntryPoint","urlTemplate":"https:\/\/www.secondastrada.com\/it\/?s={search_term_string}"},"query-input":"required name=search_term_string"}],"inLanguage":"it-IT"},{"@type":"Organization","@id":"https:\/\/www.secondastrada.com\/it\/#organization","name":"Seconda Strada","url":"https:\/\/www.secondastrada.com\/it\/","logo":{"@type":"ImageObject","inLanguage":"it-IT","@id":"https:\/\/www.secondastrada.com\/it\/#\/schema\/logo\/image\/","url":"https:\/\/www.secondastrada.com\/wp-content\/uploads\/2023\/11\/secondastrada-logo.svg","contentUrl":"https:\/\/www.secondastrada.com\/wp-content\/uploads\/2023\/11\/secondastrada-logo.svg","width":353,"height":47,"caption":"Seconda Strada"},"image":{"@id":"https:\/\/www.secondastrada.com\/it\/#\/schema\/logo\/image\/"}}]}},"df_price":"","df_sale_price":"","df_regular_price":"","df_image_link":"https:\/\/www.secondastrada.com\/wp-content\/uploads\/2025\/03\/W5525BT3146-G-CZ_Verde_PE25_1-300x300.jpg","_links":{"self":[{"href":"https:\/\/www.secondastrada.com\/it\/wp-json\/wp\/v2\/product\/252918"}],"collection":[{"href":"https:\/\/www.secondastrada.com\/it\/wp-json\/wp\/v2\/product"}],"about":[{"href":"https:\/\/www.secondastrada.com\/it\/wp-json\/wp\/v2\/types\/product"}],"wp:featuredmedia":[{"embeddable":true,"href":"https:\/\/www.secondastrada.com\/it\/wp-json\/wp\/v2\/media\/252488"}],"wp:attachment":[{"href":"https:\/\/www.secondastrada.com\/it\/wp-json\/wp\/v2\/media?parent=252918"}],"wp:term":[{"taxonomy":"ss_brand","embeddable":true,"href":"https:\/\/www.secondastrada.com\/it\/wp-json\/wp\/v2\/ss_brand?post=252918"},{"taxonomy":"ss_promo","embeddable":true,"href":"https:\/\/www.secondastrada.com\/it\/wp-json\/wp\/v2\/ss_promo?post=252918"},{"taxonomy":"ss_season","embeddable":true,"href":"https:\/\/www.secondastrada.com\/it\/wp-json\/wp\/v2\/ss_season?post=252918"},{"taxonomy":"product_cat","embeddable":true,"href":"https:\/\/www.secondastrada.com\/it\/wp-json\/wp\/v2\/product_cat?post=252918"},{"taxonomy":"product_tag","embeddable":true,"href":"https:\/\/www.secondastrada.com\/it\/wp-json\/wp\/v2\/product_tag?post=252918"}],"curies":[{"name":"wp","href":"https:\/\/api.w.org\/{rel}","templated":true}]}}