{"id":252934,"date":"2025-03-17T12:05:27","date_gmt":"2025-03-17T11:05:27","guid":{"rendered":"https:\/\/www.secondastrada.com\/it\/t-shirt-la-martina-verde-taglia-l\/"},"modified":"2026-01-29T17:16:34","modified_gmt":"2026-01-29T16:16:34","slug":"t-shirt-la-martina-verde-taglia-l","status":"publish","type":"product","link":"https:\/\/www.secondastrada.com\/it\/t-shirt-la-martina-verde-taglia-l\/","title":{"rendered":"T-shirt La Martina Verde taglia L"},"content":{"rendered":"<p>L\u2019articolo appartiene al campionario esclusivo di stagione: pezzo unico.<br \/>Cod. art. MARG31 JS206 BM2 CZ<br \/>Vi ricordiamo che tutti i nostri articoli sono originali.<\/p>\n","protected":false},"excerpt":{"rendered":"<p>L\u2019articolo appartiene al campionario esclusivo di stagione: pezzo unico.Cod. art. MARG31 JS206 BM2 CZVi ricordiamo che tutti i nostri articoli sono originali.<\/p>\n","protected":false},"featured_media":252423,"template":"","meta":{"inline_featured_image":false},"ss_brand":[2369],"ss_promo":[2182],"ss_season":[2375],"product_cat":[1332,1479,2276,1714],"product_tag":[1953,2383],"class_list":{"0":"post-252934","1":"product","2":"type-product","3":"status-publish","4":"has-post-thumbnail","6":"ss_brand-la-martina-uomo","7":"ss_promo-ultime-occasioni-uomo","8":"ss_season-pe25","9":"product_cat-abbigliamento-uomo","10":"product_cat-t-shirt-da-uomo","11":"product_cat-t-shirt-in-cotone-da-uomo","12":"product_cat-collezione-uomo","13":"product_tag-campionario","14":"product_tag-jungle-vibes-uomo","16":"first","17":"outofstock","18":"shipping-taxable","19":"product-type-variable","20":"has-default-attributes"},"acf":{"ss_brand":[{"term_id":2369,"name":"LA MARTINA","slug":"la-martina-uomo","term_group":0,"term_taxonomy_id":2369,"taxonomy":"ss_brand","description":"Stile classico e spirito sportivo si fondono nell\u2019universo sofisticato di <strong>La Martina<\/strong>, il brand nato nel cuore dell\u2019Argentina e diventato icona di eleganza maschile nel mondo. Su SecondaStrada.com trovi una selezione curata di <strong>abbigliamento da uomo La Martina scontato<\/strong>, pensata per chi ama distinguersi con capi dalla forte identit\u00e0 estetica e dalla qualit\u00e0 impeccabile.","parent":1268,"count":20,"filter":"raw"}],"ss_promo":[2182],"ss_season":[{"term_id":2375,"name":"PE25","slug":"pe25","term_group":0,"term_taxonomy_id":2375,"taxonomy":"ss_season","description":"","parent":0,"count":2507,"filter":"raw"}],"ss_old_price":"89,00","ss_omnibus_price":"0,00","ss_style_advice":"<p>L\u2019articolo appartiene al campionario esclusivo di stagione: pezzo unico.<br \/>Cod. art. MARG31 JS206 BM2 CZ<br \/>Vi ricordiamo che tutti i nostri articoli sono originali.<\/p>\n","ss_composition":"<p>100% cotone<\/p>\n","ss_fit":"<p>Il modello \u00e8 alto 187 cm e veste la taglia L. La vestibilit\u00e0 del capo \u00e8 regolare.<\/p>\n"},"yoast_head":"<!-- This site is optimized with the Yoast SEO plugin v22.3 - https:\/\/yoast.com\/wordpress\/plugins\/seo\/ -->\n<title>T-shirt La Martina Verde taglia L - Acquista online! - Seconda Strada<\/title>\n<meta name=\"description\" content=\"T-shirt La Martina Verde taglia L \u27a4 Acquista online su Secondastrada.com T-shirt La Martina Verde taglia L \u2714\ufe0f Spedizione veloce entro 24h in tutta Italia \u2714\ufe0f Sconto sul tuo primo acquisto\" \/>\n<meta name=\"robots\" content=\"index, follow, max-snippet:-1, max-image-preview:large, max-video-preview:-1\" \/>\n<link rel=\"canonical\" href=\"https:\/\/www.secondastrada.com\/it\/t-shirt-la-martina-verde-taglia-l\/\" \/>\n<meta property=\"og:locale\" content=\"it_IT\" \/>\n<meta property=\"og:type\" content=\"article\" \/>\n<meta property=\"og:title\" content=\"T-shirt La Martina Verde taglia L - Acquista online! - Seconda Strada\" \/>\n<meta property=\"og:description\" content=\"T-shirt La Martina Verde taglia L \u27a4 Acquista online su Secondastrada.com T-shirt La Martina Verde taglia L \u2714\ufe0f Spedizione veloce entro 24h in tutta Italia \u2714\ufe0f Sconto sul tuo primo acquisto\" \/>\n<meta property=\"og:url\" content=\"https:\/\/www.secondastrada.com\/it\/t-shirt-la-martina-verde-taglia-l\/\" \/>\n<meta property=\"og:site_name\" content=\"Seconda Strada\" \/>\n<meta property=\"article:modified_time\" content=\"2026-01-29T16:16:34+00:00\" \/>\n<meta property=\"og:image\" content=\"https:\/\/www.secondastrada.com\/wp-content\/uploads\/2025\/03\/MARG31-JS206-BM2-CZ_Verdone_PE25_1.jpg\" \/>\n\t<meta property=\"og:image:width\" content=\"1000\" \/>\n\t<meta property=\"og:image:height\" content=\"1300\" \/>\n\t<meta property=\"og:image:type\" content=\"image\/jpeg\" \/>\n<meta name=\"twitter:card\" content=\"summary_large_image\" \/>\n<!-- \/ Yoast SEO plugin. -->","yoast_head_json":{"title":"T-shirt La Martina Verde taglia L - Acquista online! - Seconda Strada","description":"T-shirt La Martina Verde taglia L \u27a4 Acquista online su Secondastrada.com T-shirt La Martina Verde taglia L \u2714\ufe0f Spedizione veloce entro 24h in tutta Italia \u2714\ufe0f Sconto sul tuo primo acquisto","robots":{"index":"index","follow":"follow","max-snippet":"max-snippet:-1","max-image-preview":"max-image-preview:large","max-video-preview":"max-video-preview:-1"},"canonical":"https:\/\/www.secondastrada.com\/it\/t-shirt-la-martina-verde-taglia-l\/","og_locale":"it_IT","og_type":"article","og_title":"T-shirt La Martina Verde taglia L - Acquista online! - Seconda Strada","og_description":"T-shirt La Martina Verde taglia L \u27a4 Acquista online su Secondastrada.com T-shirt La Martina Verde taglia L \u2714\ufe0f Spedizione veloce entro 24h in tutta Italia \u2714\ufe0f Sconto sul tuo primo acquisto","og_url":"https:\/\/www.secondastrada.com\/it\/t-shirt-la-martina-verde-taglia-l\/","og_site_name":"Seconda Strada","article_modified_time":"2026-01-29T16:16:34+00:00","og_image":[{"width":1000,"height":1300,"url":"https:\/\/www.secondastrada.com\/wp-content\/uploads\/2025\/03\/MARG31-JS206-BM2-CZ_Verdone_PE25_1.jpg","type":"image\/jpeg"}],"twitter_card":"summary_large_image","schema":{"@context":"https:\/\/schema.org","@graph":[{"@type":"WebPage","@id":"https:\/\/www.secondastrada.com\/it\/t-shirt-la-martina-verde-taglia-l\/","url":"https:\/\/www.secondastrada.com\/it\/t-shirt-la-martina-verde-taglia-l\/","name":"T-shirt La Martina Verde taglia L - Acquista online! - Seconda Strada","isPartOf":{"@id":"https:\/\/www.secondastrada.com\/it\/#website"},"primaryImageOfPage":{"@id":"https:\/\/www.secondastrada.com\/it\/t-shirt-la-martina-verde-taglia-l\/#primaryimage"},"image":{"@id":"https:\/\/www.secondastrada.com\/it\/t-shirt-la-martina-verde-taglia-l\/#primaryimage"},"thumbnailUrl":"https:\/\/www.secondastrada.com\/wp-content\/uploads\/2025\/03\/MARG31-JS206-BM2-CZ_Verdone_PE25_1.jpg","datePublished":"2025-03-17T11:05:27+00:00","dateModified":"2026-01-29T16:16:34+00:00","description":"T-shirt La Martina Verde taglia L \u27a4 Acquista online su Secondastrada.com T-shirt La Martina Verde taglia L \u2714\ufe0f Spedizione veloce entro 24h in tutta Italia \u2714\ufe0f Sconto sul tuo primo acquisto","breadcrumb":{"@id":"https:\/\/www.secondastrada.com\/it\/t-shirt-la-martina-verde-taglia-l\/#breadcrumb"},"inLanguage":"it-IT","potentialAction":[{"@type":"ReadAction","target":["https:\/\/www.secondastrada.com\/it\/t-shirt-la-martina-verde-taglia-l\/"]}]},{"@type":"ImageObject","inLanguage":"it-IT","@id":"https:\/\/www.secondastrada.com\/it\/t-shirt-la-martina-verde-taglia-l\/#primaryimage","url":"https:\/\/www.secondastrada.com\/wp-content\/uploads\/2025\/03\/MARG31-JS206-BM2-CZ_Verdone_PE25_1.jpg","contentUrl":"https:\/\/www.secondastrada.com\/wp-content\/uploads\/2025\/03\/MARG31-JS206-BM2-CZ_Verdone_PE25_1.jpg","width":1000,"height":1300,"caption":"MARG31-JS206-BM2-CZ_Verdone_PE25"},{"@type":"BreadcrumbList","@id":"https:\/\/www.secondastrada.com\/it\/t-shirt-la-martina-verde-taglia-l\/#breadcrumb","itemListElement":[{"@type":"ListItem","position":1,"name":"Home","item":"https:\/\/www.secondastrada.com\/it\/"},{"@type":"ListItem","position":2,"name":"Shop","item":"https:\/\/www.secondastrada.com\/it\/shop\/"},{"@type":"ListItem","position":3,"name":"Uomo","item":"https:\/\/www.secondastrada.com\/it\/collezione-uomo\/"},{"@type":"ListItem","position":4,"name":"Abbigliamento","item":"https:\/\/www.secondastrada.com\/it\/collezione-uomo\/abbigliamento-uomo\/"},{"@type":"ListItem","position":5,"name":"T-shirt","item":"https:\/\/www.secondastrada.com\/it\/collezione-uomo\/abbigliamento-uomo\/t-shirt-da-uomo\/"},{"@type":"ListItem","position":6,"name":"T-shirt in cotone","item":"https:\/\/www.secondastrada.com\/it\/collezione-uomo\/abbigliamento-uomo\/t-shirt-da-uomo\/t-shirt-in-cotone-da-uomo\/"},{"@type":"ListItem","position":7,"name":"T-shirt La Martina Verde taglia L"}]},{"@type":"WebSite","@id":"https:\/\/www.secondastrada.com\/it\/#website","url":"https:\/\/www.secondastrada.com\/it\/","name":"Seconda Strada","description":"","publisher":{"@id":"https:\/\/www.secondastrada.com\/it\/#organization"},"potentialAction":[{"@type":"SearchAction","target":{"@type":"EntryPoint","urlTemplate":"https:\/\/www.secondastrada.com\/it\/?s={search_term_string}"},"query-input":"required name=search_term_string"}],"inLanguage":"it-IT"},{"@type":"Organization","@id":"https:\/\/www.secondastrada.com\/it\/#organization","name":"Seconda Strada","url":"https:\/\/www.secondastrada.com\/it\/","logo":{"@type":"ImageObject","inLanguage":"it-IT","@id":"https:\/\/www.secondastrada.com\/it\/#\/schema\/logo\/image\/","url":"https:\/\/www.secondastrada.com\/wp-content\/uploads\/2023\/11\/secondastrada-logo.svg","contentUrl":"https:\/\/www.secondastrada.com\/wp-content\/uploads\/2023\/11\/secondastrada-logo.svg","width":353,"height":47,"caption":"Seconda Strada"},"image":{"@id":"https:\/\/www.secondastrada.com\/it\/#\/schema\/logo\/image\/"}}]}},"df_price":"","df_sale_price":"","df_regular_price":"","df_image_link":"https:\/\/www.secondastrada.com\/wp-content\/uploads\/2025\/03\/MARG31-JS206-BM2-CZ_Verdone_PE25_1-300x300.jpg","_links":{"self":[{"href":"https:\/\/www.secondastrada.com\/it\/wp-json\/wp\/v2\/product\/252934"}],"collection":[{"href":"https:\/\/www.secondastrada.com\/it\/wp-json\/wp\/v2\/product"}],"about":[{"href":"https:\/\/www.secondastrada.com\/it\/wp-json\/wp\/v2\/types\/product"}],"wp:featuredmedia":[{"embeddable":true,"href":"https:\/\/www.secondastrada.com\/it\/wp-json\/wp\/v2\/media\/252423"}],"wp:attachment":[{"href":"https:\/\/www.secondastrada.com\/it\/wp-json\/wp\/v2\/media?parent=252934"}],"wp:term":[{"taxonomy":"ss_brand","embeddable":true,"href":"https:\/\/www.secondastrada.com\/it\/wp-json\/wp\/v2\/ss_brand?post=252934"},{"taxonomy":"ss_promo","embeddable":true,"href":"https:\/\/www.secondastrada.com\/it\/wp-json\/wp\/v2\/ss_promo?post=252934"},{"taxonomy":"ss_season","embeddable":true,"href":"https:\/\/www.secondastrada.com\/it\/wp-json\/wp\/v2\/ss_season?post=252934"},{"taxonomy":"product_cat","embeddable":true,"href":"https:\/\/www.secondastrada.com\/it\/wp-json\/wp\/v2\/product_cat?post=252934"},{"taxonomy":"product_tag","embeddable":true,"href":"https:\/\/www.secondastrada.com\/it\/wp-json\/wp\/v2\/product_tag?post=252934"}],"curies":[{"name":"wp","href":"https:\/\/api.w.org\/{rel}","templated":true}]}}