{"id":253896,"date":"2025-03-18T10:07:19","date_gmt":"2025-03-18T09:07:19","guid":{"rendered":"https:\/\/www.secondastrada.com\/it\/maglia-yes-zee-oro-3\/"},"modified":"2026-01-30T00:59:06","modified_gmt":"2026-01-29T23:59:06","slug":"maglia-yes-zee-oro-3","status":"publish","type":"product","link":"https:\/\/www.secondastrada.com\/it\/maglia-yes-zee-oro-3\/","title":{"rendered":"Maglia Yes Zee Oro"},"content":{"rendered":"<p>Maglia traforata con ampie maniche corte e scollo classico, in total oro con filo lurex. La vestibilit\u00e0 \u00e8 morbida e regolare. La maglia \u00e8 adatta per occasioni casual\/raffinate. Dona un tocco di stile ai tuoi outfit.<br \/>Cod. art. M228 IG00 OZ<br \/>Vi ricordiamo che tutti i nostri articoli sono originali.<\/p>\n","protected":false},"excerpt":{"rendered":"<p>Maglia traforata con ampie maniche corte e scollo classico, in total oro con filo lurex. La vestibilit\u00e0 \u00e8 morbida e regolare. La maglia \u00e8 adatta per occasioni casual\/raffinate. Dona un tocco di stile ai tuoi outfit.Cod. art. M228 IG00 OZVi ricordiamo che tutti i nostri articoli sono originali.<\/p>\n","protected":false},"featured_media":253891,"template":"","meta":{"inline_featured_image":false},"ss_brand":[1208],"ss_promo":[2181],"ss_season":[2375],"product_cat":[1329,1658,1606,1603,1535],"product_tag":[1798,2432],"class_list":{"0":"post-253896","1":"product","2":"type-product","3":"status-publish","4":"has-post-thumbnail","6":"ss_brand-yes-zee-donna","7":"ss_promo-ultime-occasioni-donna","8":"ss_season-pe25","9":"product_cat-abbigliamento-donna","10":"product_cat-collezione-donna","11":"product_cat-maglie-manica-corta-da-donna","12":"product_cat-maglie-girocollo-da-donna","13":"product_cat-maglie-da-donna","14":"product_tag-maglieria-yes-zee-donna","15":"product_tag-yes-zee-donna","17":"first","18":"outofstock","19":"shipping-taxable","20":"product-type-variable","21":"has-default-attributes"},"acf":{"ss_brand":[{"term_id":1208,"name":"YES ZEE","slug":"yes-zee-donna","term_group":0,"term_taxonomy_id":1208,"taxonomy":"ss_brand","description":"Libera il tuo istinto fashion e lasciati ispirare dalle collezioni da donna <strong>Yes Zee<\/strong> sempre all\u2019avanguardia e non perdere le nostre <strong>offerte imbattibili<\/strong>!\u00a0Acquista online su SecondaStrada.com <strong>abbigliamento da donna Yes Zee scontatissimo<\/strong>!","parent":1201,"count":718,"filter":"raw"}],"ss_promo":[2181],"ss_season":[{"term_id":2375,"name":"PE25","slug":"pe25","term_group":0,"term_taxonomy_id":2375,"taxonomy":"ss_season","description":"","parent":0,"count":2507,"filter":"raw"}],"ss_old_price":"0,00","ss_omnibus_price":"0,00","ss_style_advice":"<p>Maglia traforata con ampie maniche corte e scollo classico, in total oro con filo lurex. La vestibilit\u00e0 \u00e8 morbida e regolare. La maglia \u00e8 adatta per occasioni casual\/raffinate. Dona un tocco di stile ai tuoi outfit.<br \/>Cod. art. M228 IG00 OZ<br \/>Vi ricordiamo che tutti i nostri articoli sono originali.<\/p>\n","ss_composition":"<p>88% viscosa 6% poliamide 6% fibra metallica<\/p>\n","ss_fit":"<p>La modella \u00e8 alta 172 cm e indossa la taglia S. La vestibilit\u00e0 del capo \u00e8 regolare.<\/p>\n"},"yoast_head":"<!-- This site is optimized with the Yoast SEO plugin v22.3 - https:\/\/yoast.com\/wordpress\/plugins\/seo\/ -->\n<title>Maglia Yes Zee Oro - Acquista online! - Seconda Strada<\/title>\n<meta name=\"description\" content=\"Maglia Yes Zee Oro \u27a4 Acquista online su Secondastrada.com Maglia Yes Zee Oro \u2714\ufe0f Spedizione veloce entro 24h in tutta Italia \u2714\ufe0f Sconto sul tuo primo acquisto\" \/>\n<meta name=\"robots\" content=\"index, follow, max-snippet:-1, max-image-preview:large, max-video-preview:-1\" \/>\n<link rel=\"canonical\" href=\"https:\/\/www.secondastrada.com\/it\/maglia-yes-zee-oro-3\/\" \/>\n<meta property=\"og:locale\" content=\"it_IT\" \/>\n<meta property=\"og:type\" content=\"article\" \/>\n<meta property=\"og:title\" content=\"Maglia Yes Zee Oro - Acquista online! - Seconda Strada\" \/>\n<meta property=\"og:description\" content=\"Maglia Yes Zee Oro \u27a4 Acquista online su Secondastrada.com Maglia Yes Zee Oro \u2714\ufe0f Spedizione veloce entro 24h in tutta Italia \u2714\ufe0f Sconto sul tuo primo acquisto\" \/>\n<meta property=\"og:url\" content=\"https:\/\/www.secondastrada.com\/it\/maglia-yes-zee-oro-3\/\" \/>\n<meta property=\"og:site_name\" content=\"Seconda Strada\" \/>\n<meta property=\"article:modified_time\" content=\"2026-01-29T23:59:06+00:00\" \/>\n<meta property=\"og:image\" content=\"https:\/\/www.secondastrada.com\/wp-content\/uploads\/2025\/03\/M228-IG00-OZ_TORTORA_PE25_1.jpg\" \/>\n\t<meta property=\"og:image:width\" content=\"1000\" \/>\n\t<meta property=\"og:image:height\" content=\"1300\" \/>\n\t<meta property=\"og:image:type\" content=\"image\/jpeg\" \/>\n<meta name=\"twitter:card\" content=\"summary_large_image\" \/>\n<!-- \/ Yoast SEO plugin. -->","yoast_head_json":{"title":"Maglia Yes Zee Oro - Acquista online! - Seconda Strada","description":"Maglia Yes Zee Oro \u27a4 Acquista online su Secondastrada.com Maglia Yes Zee Oro \u2714\ufe0f Spedizione veloce entro 24h in tutta Italia \u2714\ufe0f Sconto sul tuo primo acquisto","robots":{"index":"index","follow":"follow","max-snippet":"max-snippet:-1","max-image-preview":"max-image-preview:large","max-video-preview":"max-video-preview:-1"},"canonical":"https:\/\/www.secondastrada.com\/it\/maglia-yes-zee-oro-3\/","og_locale":"it_IT","og_type":"article","og_title":"Maglia Yes Zee Oro - Acquista online! - Seconda Strada","og_description":"Maglia Yes Zee Oro \u27a4 Acquista online su Secondastrada.com Maglia Yes Zee Oro \u2714\ufe0f Spedizione veloce entro 24h in tutta Italia \u2714\ufe0f Sconto sul tuo primo acquisto","og_url":"https:\/\/www.secondastrada.com\/it\/maglia-yes-zee-oro-3\/","og_site_name":"Seconda Strada","article_modified_time":"2026-01-29T23:59:06+00:00","og_image":[{"width":1000,"height":1300,"url":"https:\/\/www.secondastrada.com\/wp-content\/uploads\/2025\/03\/M228-IG00-OZ_TORTORA_PE25_1.jpg","type":"image\/jpeg"}],"twitter_card":"summary_large_image","schema":{"@context":"https:\/\/schema.org","@graph":[{"@type":"WebPage","@id":"https:\/\/www.secondastrada.com\/it\/maglia-yes-zee-oro-3\/","url":"https:\/\/www.secondastrada.com\/it\/maglia-yes-zee-oro-3\/","name":"Maglia Yes Zee Oro - Acquista online! - Seconda Strada","isPartOf":{"@id":"https:\/\/www.secondastrada.com\/it\/#website"},"primaryImageOfPage":{"@id":"https:\/\/www.secondastrada.com\/it\/maglia-yes-zee-oro-3\/#primaryimage"},"image":{"@id":"https:\/\/www.secondastrada.com\/it\/maglia-yes-zee-oro-3\/#primaryimage"},"thumbnailUrl":"https:\/\/www.secondastrada.com\/wp-content\/uploads\/2025\/03\/M228-IG00-OZ_TORTORA_PE25_1.jpg","datePublished":"2025-03-18T09:07:19+00:00","dateModified":"2026-01-29T23:59:06+00:00","description":"Maglia Yes Zee Oro \u27a4 Acquista online su Secondastrada.com Maglia Yes Zee Oro \u2714\ufe0f Spedizione veloce entro 24h in tutta Italia \u2714\ufe0f Sconto sul tuo primo acquisto","breadcrumb":{"@id":"https:\/\/www.secondastrada.com\/it\/maglia-yes-zee-oro-3\/#breadcrumb"},"inLanguage":"it-IT","potentialAction":[{"@type":"ReadAction","target":["https:\/\/www.secondastrada.com\/it\/maglia-yes-zee-oro-3\/"]}]},{"@type":"ImageObject","inLanguage":"it-IT","@id":"https:\/\/www.secondastrada.com\/it\/maglia-yes-zee-oro-3\/#primaryimage","url":"https:\/\/www.secondastrada.com\/wp-content\/uploads\/2025\/03\/M228-IG00-OZ_TORTORA_PE25_1.jpg","contentUrl":"https:\/\/www.secondastrada.com\/wp-content\/uploads\/2025\/03\/M228-IG00-OZ_TORTORA_PE25_1.jpg","width":1000,"height":1300,"caption":"M228-IG00-OZ_TORTORA_PE25"},{"@type":"BreadcrumbList","@id":"https:\/\/www.secondastrada.com\/it\/maglia-yes-zee-oro-3\/#breadcrumb","itemListElement":[{"@type":"ListItem","position":1,"name":"Home","item":"https:\/\/www.secondastrada.com\/it\/"},{"@type":"ListItem","position":2,"name":"Shop","item":"https:\/\/www.secondastrada.com\/it\/shop\/"},{"@type":"ListItem","position":3,"name":"Donna","item":"https:\/\/www.secondastrada.com\/it\/collezione-donna\/"},{"@type":"ListItem","position":4,"name":"Abbigliamento","item":"https:\/\/www.secondastrada.com\/it\/collezione-donna\/abbigliamento-donna\/"},{"@type":"ListItem","position":5,"name":"Maglieria","item":"https:\/\/www.secondastrada.com\/it\/collezione-donna\/abbigliamento-donna\/maglie-da-donna\/"},{"@type":"ListItem","position":6,"name":"Maglie a manica corta","item":"https:\/\/www.secondastrada.com\/it\/collezione-donna\/abbigliamento-donna\/maglie-da-donna\/maglie-manica-corta-da-donna\/"},{"@type":"ListItem","position":7,"name":"Maglia Yes Zee Oro"}]},{"@type":"WebSite","@id":"https:\/\/www.secondastrada.com\/it\/#website","url":"https:\/\/www.secondastrada.com\/it\/","name":"Seconda Strada","description":"","publisher":{"@id":"https:\/\/www.secondastrada.com\/it\/#organization"},"potentialAction":[{"@type":"SearchAction","target":{"@type":"EntryPoint","urlTemplate":"https:\/\/www.secondastrada.com\/it\/?s={search_term_string}"},"query-input":"required name=search_term_string"}],"inLanguage":"it-IT"},{"@type":"Organization","@id":"https:\/\/www.secondastrada.com\/it\/#organization","name":"Seconda Strada","url":"https:\/\/www.secondastrada.com\/it\/","logo":{"@type":"ImageObject","inLanguage":"it-IT","@id":"https:\/\/www.secondastrada.com\/it\/#\/schema\/logo\/image\/","url":"https:\/\/www.secondastrada.com\/wp-content\/uploads\/2023\/11\/secondastrada-logo.svg","contentUrl":"https:\/\/www.secondastrada.com\/wp-content\/uploads\/2023\/11\/secondastrada-logo.svg","width":353,"height":47,"caption":"Seconda Strada"},"image":{"@id":"https:\/\/www.secondastrada.com\/it\/#\/schema\/logo\/image\/"}}]}},"df_price":"","df_sale_price":"","df_regular_price":"","df_image_link":"https:\/\/www.secondastrada.com\/wp-content\/uploads\/2025\/03\/M228-IG00-OZ_TORTORA_PE25_1-300x300.jpg","_links":{"self":[{"href":"https:\/\/www.secondastrada.com\/it\/wp-json\/wp\/v2\/product\/253896"}],"collection":[{"href":"https:\/\/www.secondastrada.com\/it\/wp-json\/wp\/v2\/product"}],"about":[{"href":"https:\/\/www.secondastrada.com\/it\/wp-json\/wp\/v2\/types\/product"}],"wp:featuredmedia":[{"embeddable":true,"href":"https:\/\/www.secondastrada.com\/it\/wp-json\/wp\/v2\/media\/253891"}],"wp:attachment":[{"href":"https:\/\/www.secondastrada.com\/it\/wp-json\/wp\/v2\/media?parent=253896"}],"wp:term":[{"taxonomy":"ss_brand","embeddable":true,"href":"https:\/\/www.secondastrada.com\/it\/wp-json\/wp\/v2\/ss_brand?post=253896"},{"taxonomy":"ss_promo","embeddable":true,"href":"https:\/\/www.secondastrada.com\/it\/wp-json\/wp\/v2\/ss_promo?post=253896"},{"taxonomy":"ss_season","embeddable":true,"href":"https:\/\/www.secondastrada.com\/it\/wp-json\/wp\/v2\/ss_season?post=253896"},{"taxonomy":"product_cat","embeddable":true,"href":"https:\/\/www.secondastrada.com\/it\/wp-json\/wp\/v2\/product_cat?post=253896"},{"taxonomy":"product_tag","embeddable":true,"href":"https:\/\/www.secondastrada.com\/it\/wp-json\/wp\/v2\/product_tag?post=253896"}],"curies":[{"name":"wp","href":"https:\/\/api.w.org\/{rel}","templated":true}]}}