{"id":256216,"date":"2025-03-27T08:51:35","date_gmt":"2025-03-27T07:51:35","guid":{"rendered":"https:\/\/www.secondastrada.com\/it\/blazer-comme-des-fuckdown-nero-taglia-s\/"},"modified":"2026-01-29T23:00:30","modified_gmt":"2026-01-29T22:00:30","slug":"blazer-comme-des-fuckdown-nero-taglia-s","status":"publish","type":"product","link":"https:\/\/www.secondastrada.com\/it\/blazer-comme-des-fuckdown-nero-taglia-s\/","title":{"rendered":"Blazer Comme Des Fuckdown Nero taglia S"},"content":{"rendered":"<p>L\u2019articolo appartiene al campionario esclusivo di stagione: pezzo unico.<br \/>Cod. art. 1289 M CZ<br \/>Vi ricordiamo che tutti i nostri articoli sono originali.<\/p>\n","protected":false},"excerpt":{"rendered":"<p>L\u2019articolo appartiene al campionario esclusivo di stagione: pezzo unico.Cod. art. 1289 M CZVi ricordiamo che tutti i nostri articoli sono originali.<\/p>\n","protected":false},"featured_media":256101,"template":"","meta":{"inline_featured_image":false},"ss_brand":[2360],"ss_promo":[2181],"ss_season":[2375],"product_cat":[1329,1471,1658,1549],"product_tag":[1953,2188],"class_list":{"0":"post-256216","1":"product","2":"type-product","3":"status-publish","4":"has-post-thumbnail","6":"ss_brand-comme-des-fuckdown-donna","7":"ss_promo-ultime-occasioni-donna","8":"ss_season-pe25","9":"product_cat-abbigliamento-donna","10":"product_cat-blazer-da-donna","11":"product_cat-collezione-donna","12":"product_cat-tailleur-da-donna","13":"product_tag-campionario","14":"product_tag-ufficio-da-donna","16":"first","17":"outofstock","18":"shipping-taxable","19":"product-type-variable","20":"has-default-attributes"},"acf":{"ss_brand":[{"term_id":2360,"name":"Comme Des Fuckdown","slug":"comme-des-fuckdown-donna","term_group":0,"term_taxonomy_id":2360,"taxonomy":"ss_brand","description":"Porta il tuo streetwear a un nuovo livello con <strong>Comme des Fuckdown<\/strong>, il brand iconico nato nel cuore della cultura urbana. Le sue collezioni sono perfette per chi ama uno stile deciso, contemporaneo e ricco di personalit\u00e0. Su SecondaStrada.com trovi una selezione esclusiva di felpe, t-shirt, pantaloni e accessori <strong>Comme des Fuckdown<\/strong>, ideali per chi vuole distinguersi con look audaci e di tendenza.","parent":1201,"count":14,"filter":"raw"}],"ss_promo":[2181],"ss_season":[{"term_id":2375,"name":"PE25","slug":"pe25","term_group":0,"term_taxonomy_id":2375,"taxonomy":"ss_season","description":"","parent":0,"count":2507,"filter":"raw"}],"ss_old_price":"291,00","ss_omnibus_price":"0,00","ss_style_advice":"<p>L\u2019articolo appartiene al campionario esclusivo di stagione: pezzo unico.<br \/>Cod. art. 1289 M CZ<br \/>Vi ricordiamo che tutti i nostri articoli sono originali.<\/p>\n","ss_composition":"<p>70% poliestere 28% viscosa 2% elastane<\/p>\n","ss_fit":"<p>La modella \u00e8 alta 165 cm e veste la taglia S. La vestibilit\u00e0 del capo \u00e8 regolare.<\/p>\n"},"yoast_head":"<!-- This site is optimized with the Yoast SEO plugin v22.3 - https:\/\/yoast.com\/wordpress\/plugins\/seo\/ -->\n<title>Blazer Comme Des Fuckdown Nero taglia S - Acquista online! - Seconda Strada<\/title>\n<meta name=\"description\" content=\"Blazer Comme Des Fuckdown Nero taglia S \u27a4 Acquista online su Secondastrada.com Blazer Comme Des Fuckdown Nero taglia S \u2714\ufe0f Spedizione veloce entro 24h in tutta Italia \u2714\ufe0f Sconto sul tuo primo acquisto\" \/>\n<meta name=\"robots\" content=\"index, follow, max-snippet:-1, max-image-preview:large, max-video-preview:-1\" \/>\n<link rel=\"canonical\" href=\"https:\/\/www.secondastrada.com\/it\/blazer-comme-des-fuckdown-nero-taglia-s\/\" \/>\n<meta property=\"og:locale\" content=\"it_IT\" \/>\n<meta property=\"og:type\" content=\"article\" \/>\n<meta property=\"og:title\" content=\"Blazer Comme Des Fuckdown Nero taglia S - Acquista online! - Seconda Strada\" \/>\n<meta property=\"og:description\" content=\"Blazer Comme Des Fuckdown Nero taglia S \u27a4 Acquista online su Secondastrada.com Blazer Comme Des Fuckdown Nero taglia S \u2714\ufe0f Spedizione veloce entro 24h in tutta Italia \u2714\ufe0f Sconto sul tuo primo acquisto\" \/>\n<meta property=\"og:url\" content=\"https:\/\/www.secondastrada.com\/it\/blazer-comme-des-fuckdown-nero-taglia-s\/\" \/>\n<meta property=\"og:site_name\" content=\"Seconda Strada\" \/>\n<meta property=\"article:modified_time\" content=\"2026-01-29T22:00:30+00:00\" \/>\n<meta property=\"og:image\" content=\"https:\/\/www.secondastrada.com\/wp-content\/uploads\/2025\/03\/1289-M-CZ_Gessato_PE25_1.jpg\" \/>\n\t<meta property=\"og:image:width\" content=\"1000\" \/>\n\t<meta property=\"og:image:height\" content=\"1300\" \/>\n\t<meta property=\"og:image:type\" content=\"image\/jpeg\" \/>\n<meta name=\"twitter:card\" content=\"summary_large_image\" \/>\n<!-- \/ Yoast SEO plugin. -->","yoast_head_json":{"title":"Blazer Comme Des Fuckdown Nero taglia S - Acquista online! - Seconda Strada","description":"Blazer Comme Des Fuckdown Nero taglia S \u27a4 Acquista online su Secondastrada.com Blazer Comme Des Fuckdown Nero taglia S \u2714\ufe0f Spedizione veloce entro 24h in tutta Italia \u2714\ufe0f Sconto sul tuo primo acquisto","robots":{"index":"index","follow":"follow","max-snippet":"max-snippet:-1","max-image-preview":"max-image-preview:large","max-video-preview":"max-video-preview:-1"},"canonical":"https:\/\/www.secondastrada.com\/it\/blazer-comme-des-fuckdown-nero-taglia-s\/","og_locale":"it_IT","og_type":"article","og_title":"Blazer Comme Des Fuckdown Nero taglia S - Acquista online! - Seconda Strada","og_description":"Blazer Comme Des Fuckdown Nero taglia S \u27a4 Acquista online su Secondastrada.com Blazer Comme Des Fuckdown Nero taglia S \u2714\ufe0f Spedizione veloce entro 24h in tutta Italia \u2714\ufe0f Sconto sul tuo primo acquisto","og_url":"https:\/\/www.secondastrada.com\/it\/blazer-comme-des-fuckdown-nero-taglia-s\/","og_site_name":"Seconda Strada","article_modified_time":"2026-01-29T22:00:30+00:00","og_image":[{"width":1000,"height":1300,"url":"https:\/\/www.secondastrada.com\/wp-content\/uploads\/2025\/03\/1289-M-CZ_Gessato_PE25_1.jpg","type":"image\/jpeg"}],"twitter_card":"summary_large_image","schema":{"@context":"https:\/\/schema.org","@graph":[{"@type":"WebPage","@id":"https:\/\/www.secondastrada.com\/it\/blazer-comme-des-fuckdown-nero-taglia-s\/","url":"https:\/\/www.secondastrada.com\/it\/blazer-comme-des-fuckdown-nero-taglia-s\/","name":"Blazer Comme Des Fuckdown Nero taglia S - Acquista online! - Seconda Strada","isPartOf":{"@id":"https:\/\/www.secondastrada.com\/it\/#website"},"primaryImageOfPage":{"@id":"https:\/\/www.secondastrada.com\/it\/blazer-comme-des-fuckdown-nero-taglia-s\/#primaryimage"},"image":{"@id":"https:\/\/www.secondastrada.com\/it\/blazer-comme-des-fuckdown-nero-taglia-s\/#primaryimage"},"thumbnailUrl":"https:\/\/www.secondastrada.com\/wp-content\/uploads\/2025\/03\/1289-M-CZ_Gessato_PE25_1.jpg","datePublished":"2025-03-27T07:51:35+00:00","dateModified":"2026-01-29T22:00:30+00:00","description":"Blazer Comme Des Fuckdown Nero taglia S \u27a4 Acquista online su Secondastrada.com Blazer Comme Des Fuckdown Nero taglia S \u2714\ufe0f Spedizione veloce entro 24h in tutta Italia \u2714\ufe0f Sconto sul tuo primo acquisto","breadcrumb":{"@id":"https:\/\/www.secondastrada.com\/it\/blazer-comme-des-fuckdown-nero-taglia-s\/#breadcrumb"},"inLanguage":"it-IT","potentialAction":[{"@type":"ReadAction","target":["https:\/\/www.secondastrada.com\/it\/blazer-comme-des-fuckdown-nero-taglia-s\/"]}]},{"@type":"ImageObject","inLanguage":"it-IT","@id":"https:\/\/www.secondastrada.com\/it\/blazer-comme-des-fuckdown-nero-taglia-s\/#primaryimage","url":"https:\/\/www.secondastrada.com\/wp-content\/uploads\/2025\/03\/1289-M-CZ_Gessato_PE25_1.jpg","contentUrl":"https:\/\/www.secondastrada.com\/wp-content\/uploads\/2025\/03\/1289-M-CZ_Gessato_PE25_1.jpg","width":1000,"height":1300,"caption":"1289-M-CZ_Gessato_PE25"},{"@type":"BreadcrumbList","@id":"https:\/\/www.secondastrada.com\/it\/blazer-comme-des-fuckdown-nero-taglia-s\/#breadcrumb","itemListElement":[{"@type":"ListItem","position":1,"name":"Home","item":"https:\/\/www.secondastrada.com\/it\/"},{"@type":"ListItem","position":2,"name":"Shop","item":"https:\/\/www.secondastrada.com\/it\/shop\/"},{"@type":"ListItem","position":3,"name":"Donna","item":"https:\/\/www.secondastrada.com\/it\/collezione-donna\/"},{"@type":"ListItem","position":4,"name":"Abbigliamento","item":"https:\/\/www.secondastrada.com\/it\/collezione-donna\/abbigliamento-donna\/"},{"@type":"ListItem","position":5,"name":"Blazer","item":"https:\/\/www.secondastrada.com\/it\/collezione-donna\/abbigliamento-donna\/blazer-da-donna\/"},{"@type":"ListItem","position":6,"name":"Blazer Comme Des Fuckdown Nero taglia S"}]},{"@type":"WebSite","@id":"https:\/\/www.secondastrada.com\/it\/#website","url":"https:\/\/www.secondastrada.com\/it\/","name":"Seconda Strada","description":"","publisher":{"@id":"https:\/\/www.secondastrada.com\/it\/#organization"},"potentialAction":[{"@type":"SearchAction","target":{"@type":"EntryPoint","urlTemplate":"https:\/\/www.secondastrada.com\/it\/?s={search_term_string}"},"query-input":"required name=search_term_string"}],"inLanguage":"it-IT"},{"@type":"Organization","@id":"https:\/\/www.secondastrada.com\/it\/#organization","name":"Seconda Strada","url":"https:\/\/www.secondastrada.com\/it\/","logo":{"@type":"ImageObject","inLanguage":"it-IT","@id":"https:\/\/www.secondastrada.com\/it\/#\/schema\/logo\/image\/","url":"https:\/\/www.secondastrada.com\/wp-content\/uploads\/2023\/11\/secondastrada-logo.svg","contentUrl":"https:\/\/www.secondastrada.com\/wp-content\/uploads\/2023\/11\/secondastrada-logo.svg","width":353,"height":47,"caption":"Seconda Strada"},"image":{"@id":"https:\/\/www.secondastrada.com\/it\/#\/schema\/logo\/image\/"}}]}},"df_price":"","df_sale_price":"","df_regular_price":"","df_image_link":"https:\/\/www.secondastrada.com\/wp-content\/uploads\/2025\/03\/1289-M-CZ_Gessato_PE25_1-300x300.jpg","_links":{"self":[{"href":"https:\/\/www.secondastrada.com\/it\/wp-json\/wp\/v2\/product\/256216"}],"collection":[{"href":"https:\/\/www.secondastrada.com\/it\/wp-json\/wp\/v2\/product"}],"about":[{"href":"https:\/\/www.secondastrada.com\/it\/wp-json\/wp\/v2\/types\/product"}],"wp:featuredmedia":[{"embeddable":true,"href":"https:\/\/www.secondastrada.com\/it\/wp-json\/wp\/v2\/media\/256101"}],"wp:attachment":[{"href":"https:\/\/www.secondastrada.com\/it\/wp-json\/wp\/v2\/media?parent=256216"}],"wp:term":[{"taxonomy":"ss_brand","embeddable":true,"href":"https:\/\/www.secondastrada.com\/it\/wp-json\/wp\/v2\/ss_brand?post=256216"},{"taxonomy":"ss_promo","embeddable":true,"href":"https:\/\/www.secondastrada.com\/it\/wp-json\/wp\/v2\/ss_promo?post=256216"},{"taxonomy":"ss_season","embeddable":true,"href":"https:\/\/www.secondastrada.com\/it\/wp-json\/wp\/v2\/ss_season?post=256216"},{"taxonomy":"product_cat","embeddable":true,"href":"https:\/\/www.secondastrada.com\/it\/wp-json\/wp\/v2\/product_cat?post=256216"},{"taxonomy":"product_tag","embeddable":true,"href":"https:\/\/www.secondastrada.com\/it\/wp-json\/wp\/v2\/product_tag?post=256216"}],"curies":[{"name":"wp","href":"https:\/\/api.w.org\/{rel}","templated":true}]}}