{"id":265756,"date":"2025-04-17T11:57:09","date_gmt":"2025-04-17T09:57:09","guid":{"rendered":"https:\/\/www.secondastrada.com\/it\/vestito-rue-de-clerie-verde-2\/"},"modified":"2026-02-18T15:52:43","modified_gmt":"2026-02-18T14:52:43","slug":"vestito-rue-de-clerie-verde-2","status":"publish","type":"product","link":"https:\/\/www.secondastrada.com\/it\/vestito-rue-de-clerie-verde-2\/","title":{"rendered":"Vestito Rue De Clerie Verde"},"content":{"rendered":"<p>Vestito lungo, a spalle scoperte, su fantasia geometrica tendente al verde con piccolo scollo a V. La vestibilit\u00e0 \u00e8 morbida e pratica grazie a laccetti in tinta con allacciatura dietro al collo. Il vestito \u00e8 adatto per occasioni casual. Dona un tocco di colore ai tuoi outfit estivi.<br \/>\nCod. art. LGE5AB051770D OZ<br \/>\nVi ricordiamo che tutti i nostri articoli sono originali.<\/p>\n","protected":false},"excerpt":{"rendered":"<p>Vestito lungo, a spalle scoperte, su fantasia geometrica tendente al verde con piccolo scollo a V. La vestibilit\u00e0 \u00e8 morbida e pratica grazie a laccetti in tinta con allacciatura dietro al collo. Il vestito \u00e8 adatto per occasioni casual. Dona un tocco di colore ai tuoi outfit estivi. Cod. art. LGE5AB051770D OZ Vi ricordiamo che&#8230;<\/p>\n","protected":false},"featured_media":265614,"template":"","meta":{"inline_featured_image":false},"ss_brand":[1206],"ss_promo":[2181],"ss_season":[2375],"product_cat":[1329,1539,1658,2281,1614],"product_tag":[2232,2402,2404,2139],"class_list":{"0":"post-265756","1":"product","2":"type-product","3":"status-publish","4":"has-post-thumbnail","6":"ss_brand-rue-de-clerie-donna","7":"ss_promo-ultime-occasioni-donna","8":"ss_season-pe25","9":"product_cat-abbigliamento-donna","10":"product_cat-abiti-e-vestiti-da-donna","11":"product_cat-collezione-donna","12":"product_cat-vestiti-estivi-da-donna","13":"product_cat-vestiti-lunghi-da-donna","14":"product_tag-outfit-da-cerimonia-da-donna","15":"product_tag-look-da-mare-donna","16":"product_tag-look-da-primo-appuntamento-donna","17":"product_tag-ultime-occasioni-donna","19":"first","20":"instock","21":"sale","22":"shipping-taxable","23":"purchasable","24":"product-type-variable","25":"has-default-attributes"},"acf":{"ss_brand":[{"term_id":1206,"name":"RUE DE CLERIE","slug":"rue-de-clerie-donna","term_group":0,"term_taxonomy_id":1206,"taxonomy":"ss_brand","description":"Creazioni essenziali con interventi boh\u00e9mien dal fascino lussuoso per chi ama vestirsi con indiscutibile classe: scopri nel nostro store online gli abiti e i maglioni da donna firmati Rue de Clerie a prezzi favolosi!\u00a0Acquista online su SecondaStrada.com <strong>abbigliamento da donna Rue De Clerie scontatissimo<\/strong>!","parent":1201,"count":608,"filter":"raw"}],"ss_promo":[2181],"ss_season":[{"term_id":2375,"name":"PE25","slug":"pe25","term_group":0,"term_taxonomy_id":2375,"taxonomy":"ss_season","description":"","parent":0,"count":2508,"filter":"raw"}],"ss_old_price":"0,00","ss_omnibus_price":"0,00","ss_style_advice":"<p>Vestito lungo, a spalle scoperte, su fantasia geometrica tendente al verde con piccolo scollo a V. La vestibilit\u00e0 \u00e8 morbida e pratica grazie a laccetti in tinta con allacciatura dietro al collo. Il vestito \u00e8 adatto per occasioni casual. Dona un tocco di colore ai tuoi outfit estivi. <br \/>Cod. art. LGE5AB051770D OZ<br \/>Vi ricordiamo che tutti i nostri articoli sono originali.<\/p>\n","ss_composition":"<p>100% viscosa<\/p>\n","ss_fit":"<p>La modella \u00e8 alta 165 cm e indossa la taglia S. La vestibilit\u00e0 del capo \u00e8 regolare.<\/p>\n","ss_etichetta":""},"yoast_head":"<!-- This site is optimized with the Yoast SEO plugin v22.3 - https:\/\/yoast.com\/wordpress\/plugins\/seo\/ -->\n<title>Vestito Rue De Clerie Verde - Acquista online! - Seconda Strada<\/title>\n<meta name=\"description\" content=\"Vestito Rue De Clerie Verde \u27a4 Acquista online su Secondastrada.com Vestito Rue De Clerie Verde \u2714\ufe0f Spedizione veloce entro 24h in tutta Italia \u2714\ufe0f Sconto sul tuo primo acquisto\" \/>\n<meta name=\"robots\" content=\"index, follow, max-snippet:-1, max-image-preview:large, max-video-preview:-1\" \/>\n<link rel=\"canonical\" href=\"https:\/\/www.secondastrada.com\/it\/vestito-rue-de-clerie-verde-2\/\" \/>\n<meta property=\"og:locale\" content=\"it_IT\" \/>\n<meta property=\"og:type\" content=\"article\" \/>\n<meta property=\"og:title\" content=\"Vestito Rue De Clerie Verde - Acquista online! - Seconda Strada\" \/>\n<meta property=\"og:description\" content=\"Vestito Rue De Clerie Verde \u27a4 Acquista online su Secondastrada.com Vestito Rue De Clerie Verde \u2714\ufe0f Spedizione veloce entro 24h in tutta Italia \u2714\ufe0f Sconto sul tuo primo acquisto\" \/>\n<meta property=\"og:url\" content=\"https:\/\/www.secondastrada.com\/it\/vestito-rue-de-clerie-verde-2\/\" \/>\n<meta property=\"og:site_name\" content=\"Seconda Strada\" \/>\n<meta property=\"article:modified_time\" content=\"2026-02-18T14:52:43+00:00\" \/>\n<meta property=\"og:image\" content=\"https:\/\/www.secondastrada.com\/wp-content\/uploads\/2025\/04\/LGE5AB051770D-OZ_VERDE_PE25_1.jpg\" \/>\n\t<meta property=\"og:image:width\" content=\"1000\" \/>\n\t<meta property=\"og:image:height\" content=\"1300\" \/>\n\t<meta property=\"og:image:type\" content=\"image\/jpeg\" \/>\n<meta name=\"twitter:card\" content=\"summary_large_image\" \/>\n<meta name=\"twitter:label1\" content=\"Tempo di lettura stimato\" \/>\n\t<meta name=\"twitter:data1\" content=\"1 minuto\" \/>\n<!-- \/ Yoast SEO plugin. -->","yoast_head_json":{"title":"Vestito Rue De Clerie Verde - Acquista online! - Seconda Strada","description":"Vestito Rue De Clerie Verde \u27a4 Acquista online su Secondastrada.com Vestito Rue De Clerie Verde \u2714\ufe0f Spedizione veloce entro 24h in tutta Italia \u2714\ufe0f Sconto sul tuo primo acquisto","robots":{"index":"index","follow":"follow","max-snippet":"max-snippet:-1","max-image-preview":"max-image-preview:large","max-video-preview":"max-video-preview:-1"},"canonical":"https:\/\/www.secondastrada.com\/it\/vestito-rue-de-clerie-verde-2\/","og_locale":"it_IT","og_type":"article","og_title":"Vestito Rue De Clerie Verde - Acquista online! - Seconda Strada","og_description":"Vestito Rue De Clerie Verde \u27a4 Acquista online su Secondastrada.com Vestito Rue De Clerie Verde \u2714\ufe0f Spedizione veloce entro 24h in tutta Italia \u2714\ufe0f Sconto sul tuo primo acquisto","og_url":"https:\/\/www.secondastrada.com\/it\/vestito-rue-de-clerie-verde-2\/","og_site_name":"Seconda Strada","article_modified_time":"2026-02-18T14:52:43+00:00","og_image":[{"width":1000,"height":1300,"url":"https:\/\/www.secondastrada.com\/wp-content\/uploads\/2025\/04\/LGE5AB051770D-OZ_VERDE_PE25_1.jpg","type":"image\/jpeg"}],"twitter_card":"summary_large_image","twitter_misc":{"Tempo di lettura stimato":"1 minuto"},"schema":{"@context":"https:\/\/schema.org","@graph":[{"@type":"WebPage","@id":"https:\/\/www.secondastrada.com\/it\/vestito-rue-de-clerie-verde-2\/","url":"https:\/\/www.secondastrada.com\/it\/vestito-rue-de-clerie-verde-2\/","name":"Vestito Rue De Clerie Verde - Acquista online! - Seconda Strada","isPartOf":{"@id":"https:\/\/www.secondastrada.com\/it\/#website"},"primaryImageOfPage":{"@id":"https:\/\/www.secondastrada.com\/it\/vestito-rue-de-clerie-verde-2\/#primaryimage"},"image":{"@id":"https:\/\/www.secondastrada.com\/it\/vestito-rue-de-clerie-verde-2\/#primaryimage"},"thumbnailUrl":"https:\/\/www.secondastrada.com\/wp-content\/uploads\/2025\/04\/LGE5AB051770D-OZ_VERDE_PE25_1.jpg","datePublished":"2025-04-17T09:57:09+00:00","dateModified":"2026-02-18T14:52:43+00:00","description":"Vestito Rue De Clerie Verde \u27a4 Acquista online su Secondastrada.com Vestito Rue De Clerie Verde \u2714\ufe0f Spedizione veloce entro 24h in tutta Italia \u2714\ufe0f Sconto sul tuo primo acquisto","breadcrumb":{"@id":"https:\/\/www.secondastrada.com\/it\/vestito-rue-de-clerie-verde-2\/#breadcrumb"},"inLanguage":"it-IT","potentialAction":[{"@type":"ReadAction","target":["https:\/\/www.secondastrada.com\/it\/vestito-rue-de-clerie-verde-2\/"]}]},{"@type":"ImageObject","inLanguage":"it-IT","@id":"https:\/\/www.secondastrada.com\/it\/vestito-rue-de-clerie-verde-2\/#primaryimage","url":"https:\/\/www.secondastrada.com\/wp-content\/uploads\/2025\/04\/LGE5AB051770D-OZ_VERDE_PE25_1.jpg","contentUrl":"https:\/\/www.secondastrada.com\/wp-content\/uploads\/2025\/04\/LGE5AB051770D-OZ_VERDE_PE25_1.jpg","width":1000,"height":1300,"caption":"LGE5AB051770D-OZ_VERDE_PE25"},{"@type":"BreadcrumbList","@id":"https:\/\/www.secondastrada.com\/it\/vestito-rue-de-clerie-verde-2\/#breadcrumb","itemListElement":[{"@type":"ListItem","position":1,"name":"Home","item":"https:\/\/www.secondastrada.com\/it\/"},{"@type":"ListItem","position":2,"name":"Shop","item":"https:\/\/www.secondastrada.com\/it\/shop\/"},{"@type":"ListItem","position":3,"name":"Donna","item":"https:\/\/www.secondastrada.com\/it\/collezione-donna\/"},{"@type":"ListItem","position":4,"name":"Abbigliamento","item":"https:\/\/www.secondastrada.com\/it\/collezione-donna\/abbigliamento-donna\/"},{"@type":"ListItem","position":5,"name":"Abiti e Vestiti","item":"https:\/\/www.secondastrada.com\/it\/collezione-donna\/abbigliamento-donna\/abiti-e-vestiti-da-donna\/"},{"@type":"ListItem","position":6,"name":"Vestiti estivi","item":"https:\/\/www.secondastrada.com\/it\/collezione-donna\/abbigliamento-donna\/abiti-e-vestiti-da-donna\/vestiti-estivi-da-donna\/"},{"@type":"ListItem","position":7,"name":"Vestito Rue De Clerie Verde"}]},{"@type":"WebSite","@id":"https:\/\/www.secondastrada.com\/it\/#website","url":"https:\/\/www.secondastrada.com\/it\/","name":"Seconda Strada","description":"","publisher":{"@id":"https:\/\/www.secondastrada.com\/it\/#organization"},"potentialAction":[{"@type":"SearchAction","target":{"@type":"EntryPoint","urlTemplate":"https:\/\/www.secondastrada.com\/it\/?s={search_term_string}"},"query-input":"required name=search_term_string"}],"inLanguage":"it-IT"},{"@type":"Organization","@id":"https:\/\/www.secondastrada.com\/it\/#organization","name":"Seconda Strada","url":"https:\/\/www.secondastrada.com\/it\/","logo":{"@type":"ImageObject","inLanguage":"it-IT","@id":"https:\/\/www.secondastrada.com\/it\/#\/schema\/logo\/image\/","url":"https:\/\/www.secondastrada.com\/wp-content\/uploads\/2023\/11\/secondastrada-logo.svg","contentUrl":"https:\/\/www.secondastrada.com\/wp-content\/uploads\/2023\/11\/secondastrada-logo.svg","width":353,"height":47,"caption":"Seconda Strada"},"image":{"@id":"https:\/\/www.secondastrada.com\/it\/#\/schema\/logo\/image\/"}}]}},"df_price":23.996,"df_sale_price":"","df_regular_price":23.996,"df_image_link":"https:\/\/www.secondastrada.com\/wp-content\/uploads\/2025\/04\/LGE5AB051770D-OZ_VERDE_PE25_1-300x300.jpg","_links":{"self":[{"href":"https:\/\/www.secondastrada.com\/it\/wp-json\/wp\/v2\/product\/265756"}],"collection":[{"href":"https:\/\/www.secondastrada.com\/it\/wp-json\/wp\/v2\/product"}],"about":[{"href":"https:\/\/www.secondastrada.com\/it\/wp-json\/wp\/v2\/types\/product"}],"wp:featuredmedia":[{"embeddable":true,"href":"https:\/\/www.secondastrada.com\/it\/wp-json\/wp\/v2\/media\/265614"}],"wp:attachment":[{"href":"https:\/\/www.secondastrada.com\/it\/wp-json\/wp\/v2\/media?parent=265756"}],"wp:term":[{"taxonomy":"ss_brand","embeddable":true,"href":"https:\/\/www.secondastrada.com\/it\/wp-json\/wp\/v2\/ss_brand?post=265756"},{"taxonomy":"ss_promo","embeddable":true,"href":"https:\/\/www.secondastrada.com\/it\/wp-json\/wp\/v2\/ss_promo?post=265756"},{"taxonomy":"ss_season","embeddable":true,"href":"https:\/\/www.secondastrada.com\/it\/wp-json\/wp\/v2\/ss_season?post=265756"},{"taxonomy":"product_cat","embeddable":true,"href":"https:\/\/www.secondastrada.com\/it\/wp-json\/wp\/v2\/product_cat?post=265756"},{"taxonomy":"product_tag","embeddable":true,"href":"https:\/\/www.secondastrada.com\/it\/wp-json\/wp\/v2\/product_tag?post=265756"}],"curies":[{"name":"wp","href":"https:\/\/api.w.org\/{rel}","templated":true}]}}