{"id":271985,"date":"2025-05-08T13:20:50","date_gmt":"2025-05-08T11:20:50","guid":{"rendered":"https:\/\/www.secondastrada.com\/it\/felpa-calvin-klein-bianco-5\/"},"modified":"2026-01-29T22:54:27","modified_gmt":"2026-01-29T21:54:27","slug":"felpa-calvin-klein-bianco-5","status":"publish","type":"product","link":"https:\/\/www.secondastrada.com\/it\/felpa-calvin-klein-bianco-5\/","title":{"rendered":"Felpa Calvin Klein Bianco"},"content":{"rendered":"<p>Felpa garzata con cappuccio in total bianco con patch logo brand. Presente tascone a canguro in tinta. La vestibilit\u00e0 \u00e8 morbida e regolare. La felpa \u00e8 adatta per occasioni casual\/sportive. Praticit\u00e0 e stile in un solo capo.<br \/>\nCod. art. J30J327113 OZ<br \/>\nVi ricordiamo che tutti i nostri articoli sono originali.<\/p>\n","protected":false},"excerpt":{"rendered":"<p>Felpa garzata con cappuccio in total bianco con patch logo brand. Presente tascone a canguro in tinta. La vestibilit\u00e0 \u00e8 morbida e regolare. La felpa \u00e8 adatta per occasioni casual\/sportive. Praticit\u00e0 e stile in un solo capo. Cod. art. J30J327113 OZ Vi ricordiamo che tutti i nostri articoli sono originali.<\/p>\n","protected":false},"featured_media":271625,"template":"","meta":{"inline_featured_image":false},"ss_brand":[1305],"ss_promo":[2182],"ss_season":[2375],"product_cat":[1332,1480,1714],"product_tag":[2413],"class_list":{"0":"post-271985","1":"product","2":"type-product","3":"status-publish","4":"has-post-thumbnail","6":"ss_brand-calvin-klein-uomo","7":"ss_promo-ultime-occasioni-uomo","8":"ss_season-pe25","9":"product_cat-abbigliamento-uomo","10":"product_cat-felpe-da-uomo","11":"product_cat-collezione-uomo","12":"product_tag-look-sportivo-uomo","14":"first","15":"outofstock","16":"shipping-taxable","17":"product-type-variable","18":"has-default-attributes"},"acf":{"ss_brand":[{"term_id":1305,"name":"CALVIN KLEIN","slug":"calvin-klein-uomo","term_group":0,"term_taxonomy_id":1305,"taxonomy":"ss_brand","description":"Calvin Klein si afferma nell\u2019universo casual con un design privo di orpelli e funzionale. Vestiti di semplicit\u00e0 con le offerte che abbiamo preparato per te!\u00a0Acquista online su SecondaStrada.com <strong>abbigliamento da uomo CALVIN KLEIN scontatissimo<\/strong>!","parent":1268,"count":327,"filter":"raw"}],"ss_promo":[2182],"ss_season":[{"term_id":2375,"name":"PE25","slug":"pe25","term_group":0,"term_taxonomy_id":2375,"taxonomy":"ss_season","description":"","parent":0,"count":2507,"filter":"raw"}],"ss_old_price":"99,90","ss_omnibus_price":"0,00","ss_style_advice":"<p>Felpa garzata con cappuccio in total bianco con patch logo brand. Presente tascone a canguro in tinta. La vestibilit\u00e0 \u00e8 morbida e regolare. La felpa \u00e8 adatta per occasioni casual\/sportive. Praticit\u00e0 e stile in un solo capo.<br \/>Cod. art. J30J327113 OZ<br \/>Vi ricordiamo che tutti i nostri articoli sono originali.<\/p>\n","ss_composition":"<p>100% cotone<\/p>\n","ss_fit":"<p>Il modello \u00e8 alto 187 cm e indossa la taglia L. La vestibilit\u00e0 del capo \u00e8 regolare.<\/p>\n","ss_etichetta":""},"yoast_head":"<!-- This site is optimized with the Yoast SEO plugin v22.3 - https:\/\/yoast.com\/wordpress\/plugins\/seo\/ -->\n<title>Felpa Calvin Klein Bianco - Acquista online! - Seconda Strada<\/title>\n<meta name=\"description\" content=\"Felpa Calvin Klein Bianco \u27a4 Acquista online su Secondastrada.com Felpa Calvin Klein Bianco \u2714\ufe0f Spedizione veloce entro 24h in tutta Italia \u2714\ufe0f Sconto sul tuo primo acquisto\" \/>\n<meta name=\"robots\" content=\"index, follow, max-snippet:-1, max-image-preview:large, max-video-preview:-1\" \/>\n<link rel=\"canonical\" href=\"https:\/\/www.secondastrada.com\/it\/felpa-calvin-klein-bianco-5\/\" \/>\n<meta property=\"og:locale\" content=\"it_IT\" \/>\n<meta property=\"og:type\" content=\"article\" \/>\n<meta property=\"og:title\" content=\"Felpa Calvin Klein Bianco - Acquista online! - Seconda Strada\" \/>\n<meta property=\"og:description\" content=\"Felpa Calvin Klein Bianco \u27a4 Acquista online su Secondastrada.com Felpa Calvin Klein Bianco \u2714\ufe0f Spedizione veloce entro 24h in tutta Italia \u2714\ufe0f Sconto sul tuo primo acquisto\" \/>\n<meta property=\"og:url\" content=\"https:\/\/www.secondastrada.com\/it\/felpa-calvin-klein-bianco-5\/\" \/>\n<meta property=\"og:site_name\" content=\"Seconda Strada\" \/>\n<meta property=\"article:modified_time\" content=\"2026-01-29T21:54:27+00:00\" \/>\n<meta property=\"og:image\" content=\"https:\/\/www.secondastrada.com\/wp-content\/uploads\/2025\/05\/J30J327113-OZ_YAF_PE25_1.jpg\" \/>\n\t<meta property=\"og:image:width\" content=\"1000\" \/>\n\t<meta property=\"og:image:height\" content=\"1300\" \/>\n\t<meta property=\"og:image:type\" content=\"image\/jpeg\" \/>\n<meta name=\"twitter:card\" content=\"summary_large_image\" \/>\n<meta name=\"twitter:label1\" content=\"Tempo di lettura stimato\" \/>\n\t<meta name=\"twitter:data1\" content=\"1 minuto\" \/>\n<!-- \/ Yoast SEO plugin. -->","yoast_head_json":{"title":"Felpa Calvin Klein Bianco - Acquista online! - Seconda Strada","description":"Felpa Calvin Klein Bianco \u27a4 Acquista online su Secondastrada.com Felpa Calvin Klein Bianco \u2714\ufe0f Spedizione veloce entro 24h in tutta Italia \u2714\ufe0f Sconto sul tuo primo acquisto","robots":{"index":"index","follow":"follow","max-snippet":"max-snippet:-1","max-image-preview":"max-image-preview:large","max-video-preview":"max-video-preview:-1"},"canonical":"https:\/\/www.secondastrada.com\/it\/felpa-calvin-klein-bianco-5\/","og_locale":"it_IT","og_type":"article","og_title":"Felpa Calvin Klein Bianco - Acquista online! - Seconda Strada","og_description":"Felpa Calvin Klein Bianco \u27a4 Acquista online su Secondastrada.com Felpa Calvin Klein Bianco \u2714\ufe0f Spedizione veloce entro 24h in tutta Italia \u2714\ufe0f Sconto sul tuo primo acquisto","og_url":"https:\/\/www.secondastrada.com\/it\/felpa-calvin-klein-bianco-5\/","og_site_name":"Seconda Strada","article_modified_time":"2026-01-29T21:54:27+00:00","og_image":[{"width":1000,"height":1300,"url":"https:\/\/www.secondastrada.com\/wp-content\/uploads\/2025\/05\/J30J327113-OZ_YAF_PE25_1.jpg","type":"image\/jpeg"}],"twitter_card":"summary_large_image","twitter_misc":{"Tempo di lettura stimato":"1 minuto"},"schema":{"@context":"https:\/\/schema.org","@graph":[{"@type":"WebPage","@id":"https:\/\/www.secondastrada.com\/it\/felpa-calvin-klein-bianco-5\/","url":"https:\/\/www.secondastrada.com\/it\/felpa-calvin-klein-bianco-5\/","name":"Felpa Calvin Klein Bianco - Acquista online! - Seconda Strada","isPartOf":{"@id":"https:\/\/www.secondastrada.com\/it\/#website"},"primaryImageOfPage":{"@id":"https:\/\/www.secondastrada.com\/it\/felpa-calvin-klein-bianco-5\/#primaryimage"},"image":{"@id":"https:\/\/www.secondastrada.com\/it\/felpa-calvin-klein-bianco-5\/#primaryimage"},"thumbnailUrl":"https:\/\/www.secondastrada.com\/wp-content\/uploads\/2025\/05\/J30J327113-OZ_YAF_PE25_1.jpg","datePublished":"2025-05-08T11:20:50+00:00","dateModified":"2026-01-29T21:54:27+00:00","description":"Felpa Calvin Klein Bianco \u27a4 Acquista online su Secondastrada.com Felpa Calvin Klein Bianco \u2714\ufe0f Spedizione veloce entro 24h in tutta Italia \u2714\ufe0f Sconto sul tuo primo acquisto","breadcrumb":{"@id":"https:\/\/www.secondastrada.com\/it\/felpa-calvin-klein-bianco-5\/#breadcrumb"},"inLanguage":"it-IT","potentialAction":[{"@type":"ReadAction","target":["https:\/\/www.secondastrada.com\/it\/felpa-calvin-klein-bianco-5\/"]}]},{"@type":"ImageObject","inLanguage":"it-IT","@id":"https:\/\/www.secondastrada.com\/it\/felpa-calvin-klein-bianco-5\/#primaryimage","url":"https:\/\/www.secondastrada.com\/wp-content\/uploads\/2025\/05\/J30J327113-OZ_YAF_PE25_1.jpg","contentUrl":"https:\/\/www.secondastrada.com\/wp-content\/uploads\/2025\/05\/J30J327113-OZ_YAF_PE25_1.jpg","width":1000,"height":1300,"caption":"J30J327113-OZ_YAF_PE25"},{"@type":"BreadcrumbList","@id":"https:\/\/www.secondastrada.com\/it\/felpa-calvin-klein-bianco-5\/#breadcrumb","itemListElement":[{"@type":"ListItem","position":1,"name":"Home","item":"https:\/\/www.secondastrada.com\/it\/"},{"@type":"ListItem","position":2,"name":"Shop","item":"https:\/\/www.secondastrada.com\/it\/shop\/"},{"@type":"ListItem","position":3,"name":"Uomo","item":"https:\/\/www.secondastrada.com\/it\/collezione-uomo\/"},{"@type":"ListItem","position":4,"name":"Abbigliamento","item":"https:\/\/www.secondastrada.com\/it\/collezione-uomo\/abbigliamento-uomo\/"},{"@type":"ListItem","position":5,"name":"Felpe","item":"https:\/\/www.secondastrada.com\/it\/collezione-uomo\/abbigliamento-uomo\/felpe-da-uomo\/"},{"@type":"ListItem","position":6,"name":"Felpa Calvin Klein Bianco"}]},{"@type":"WebSite","@id":"https:\/\/www.secondastrada.com\/it\/#website","url":"https:\/\/www.secondastrada.com\/it\/","name":"Seconda Strada","description":"","publisher":{"@id":"https:\/\/www.secondastrada.com\/it\/#organization"},"potentialAction":[{"@type":"SearchAction","target":{"@type":"EntryPoint","urlTemplate":"https:\/\/www.secondastrada.com\/it\/?s={search_term_string}"},"query-input":"required name=search_term_string"}],"inLanguage":"it-IT"},{"@type":"Organization","@id":"https:\/\/www.secondastrada.com\/it\/#organization","name":"Seconda Strada","url":"https:\/\/www.secondastrada.com\/it\/","logo":{"@type":"ImageObject","inLanguage":"it-IT","@id":"https:\/\/www.secondastrada.com\/it\/#\/schema\/logo\/image\/","url":"https:\/\/www.secondastrada.com\/wp-content\/uploads\/2023\/11\/secondastrada-logo.svg","contentUrl":"https:\/\/www.secondastrada.com\/wp-content\/uploads\/2023\/11\/secondastrada-logo.svg","width":353,"height":47,"caption":"Seconda Strada"},"image":{"@id":"https:\/\/www.secondastrada.com\/it\/#\/schema\/logo\/image\/"}}]}},"df_price":"","df_sale_price":"","df_regular_price":"","df_image_link":"https:\/\/www.secondastrada.com\/wp-content\/uploads\/2025\/05\/J30J327113-OZ_YAF_PE25_1-300x300.jpg","_links":{"self":[{"href":"https:\/\/www.secondastrada.com\/it\/wp-json\/wp\/v2\/product\/271985"}],"collection":[{"href":"https:\/\/www.secondastrada.com\/it\/wp-json\/wp\/v2\/product"}],"about":[{"href":"https:\/\/www.secondastrada.com\/it\/wp-json\/wp\/v2\/types\/product"}],"wp:featuredmedia":[{"embeddable":true,"href":"https:\/\/www.secondastrada.com\/it\/wp-json\/wp\/v2\/media\/271625"}],"wp:attachment":[{"href":"https:\/\/www.secondastrada.com\/it\/wp-json\/wp\/v2\/media?parent=271985"}],"wp:term":[{"taxonomy":"ss_brand","embeddable":true,"href":"https:\/\/www.secondastrada.com\/it\/wp-json\/wp\/v2\/ss_brand?post=271985"},{"taxonomy":"ss_promo","embeddable":true,"href":"https:\/\/www.secondastrada.com\/it\/wp-json\/wp\/v2\/ss_promo?post=271985"},{"taxonomy":"ss_season","embeddable":true,"href":"https:\/\/www.secondastrada.com\/it\/wp-json\/wp\/v2\/ss_season?post=271985"},{"taxonomy":"product_cat","embeddable":true,"href":"https:\/\/www.secondastrada.com\/it\/wp-json\/wp\/v2\/product_cat?post=271985"},{"taxonomy":"product_tag","embeddable":true,"href":"https:\/\/www.secondastrada.com\/it\/wp-json\/wp\/v2\/product_tag?post=271985"}],"curies":[{"name":"wp","href":"https:\/\/api.w.org\/{rel}","templated":true}]}}