{"id":273587,"date":"2025-05-12T10:01:31","date_gmt":"2025-05-12T08:01:31","guid":{"rendered":"https:\/\/www.secondastrada.com\/it\/trench-materica-beige\/"},"modified":"2026-01-29T21:58:55","modified_gmt":"2026-01-29T20:58:55","slug":"trench-materica-beige","status":"publish","type":"product","link":"https:\/\/www.secondastrada.com\/it\/trench-materica-beige\/","title":{"rendered":"Trench Materica Beige"},"content":{"rendered":"<p>Trench lungo in total beige, con tasche a taglio trasversale e chiusura a zip pi\u00f9 cappuccio. La vestibilit\u00e0 \u00e8 morbida e pratica grazie a bottoni ad asola in chiusura doppiopetto. Il trench \u00e8 adatto per occasioni casual\/raffinate. Dona un tocco di stile ai tuoi outfit.<br \/>Cod. art. LGE5GB025287D OZ<br \/>Vi ricordiamo che tutti i nostri articoli sono originali.<\/p>\n","protected":false},"excerpt":{"rendered":"<p>Trench lungo in total beige, con tasche a taglio trasversale e chiusura a zip pi\u00f9 cappuccio. La vestibilit\u00e0 \u00e8 morbida e pratica grazie a bottoni ad asola in chiusura doppiopetto. Il trench \u00e8 adatto per occasioni casual\/raffinate. Dona un tocco di stile ai tuoi outfit.Cod. art. LGE5GB025287D OZVi ricordiamo che tutti i nostri articoli sono&#8230;<\/p>\n","protected":false},"featured_media":273339,"template":"","meta":{"inline_featured_image":false},"ss_brand":[2221],"ss_promo":[2181],"ss_season":[2375],"product_cat":[1329,1658,1472],"product_tag":[2188,2429],"class_list":{"0":"post-273587","1":"product","2":"type-product","3":"status-publish","4":"has-post-thumbnail","6":"ss_brand-materica-donna","7":"ss_promo-ultime-occasioni-donna","8":"ss_season-pe25","9":"product_cat-abbigliamento-donna","10":"product_cat-collezione-donna","11":"product_cat-giacche-da-donna","12":"product_tag-ufficio-da-donna","13":"product_tag-private-label-donna","15":"first","16":"outofstock","17":"shipping-taxable","18":"product-type-variable","19":"has-default-attributes"},"acf":{"ss_brand":[{"term_id":2221,"name":"MATERICA","slug":"materica-donna","term_group":0,"term_taxonomy_id":2221,"taxonomy":"ss_brand","description":"","parent":1201,"count":431,"filter":"raw"}],"ss_promo":[2181],"ss_season":[{"term_id":2375,"name":"PE25","slug":"pe25","term_group":0,"term_taxonomy_id":2375,"taxonomy":"ss_season","description":"","parent":0,"count":2507,"filter":"raw"}],"ss_old_price":"0,00","ss_omnibus_price":"0,00","ss_style_advice":"<p>Trench lungo in total beige, con tasche a taglio trasversale e chiusura a zip pi\u00f9 cappuccio. La vestibilit\u00e0 \u00e8 morbida e pratica grazie a bottoni ad asola in chiusura doppiopetto. Il trench \u00e8 adatto per occasioni casual\/raffinate. Dona un tocco di stile ai tuoi outfit.<br \/>Cod. art. LGE5GB025287D OZ<br \/>Vi ricordiamo che tutti i nostri articoli sono originali.<\/p>\n","ss_composition":"<p>82% poliestere 18% poliuretano<\/p>\n","ss_fit":"<p>La modella \u00e8 alta 165 cm e indossa la taglia S. La vestibilit\u00e0 del capo \u00e8 regolare.<\/p>\n"},"yoast_head":"<!-- This site is optimized with the Yoast SEO plugin v22.3 - https:\/\/yoast.com\/wordpress\/plugins\/seo\/ -->\n<title>Trench Materica Beige - Acquista online! - Seconda Strada<\/title>\n<meta name=\"description\" content=\"Trench Materica Beige \u27a4 Acquista online su Secondastrada.com Trench Materica Beige \u2714\ufe0f Spedizione veloce entro 24h in tutta Italia \u2714\ufe0f Sconto sul tuo primo acquisto\" \/>\n<meta name=\"robots\" content=\"index, follow, max-snippet:-1, max-image-preview:large, max-video-preview:-1\" \/>\n<link rel=\"canonical\" href=\"https:\/\/www.secondastrada.com\/it\/trench-materica-beige\/\" \/>\n<meta property=\"og:locale\" content=\"it_IT\" \/>\n<meta property=\"og:type\" content=\"article\" \/>\n<meta property=\"og:title\" content=\"Trench Materica Beige - Acquista online! - Seconda Strada\" \/>\n<meta property=\"og:description\" content=\"Trench Materica Beige \u27a4 Acquista online su Secondastrada.com Trench Materica Beige \u2714\ufe0f Spedizione veloce entro 24h in tutta Italia \u2714\ufe0f Sconto sul tuo primo acquisto\" \/>\n<meta property=\"og:url\" content=\"https:\/\/www.secondastrada.com\/it\/trench-materica-beige\/\" \/>\n<meta property=\"og:site_name\" content=\"Seconda Strada\" \/>\n<meta property=\"article:modified_time\" content=\"2026-01-29T20:58:55+00:00\" \/>\n<meta property=\"og:image\" content=\"https:\/\/www.secondastrada.com\/wp-content\/uploads\/2025\/05\/LGE5GB025287D-OZ_BEIGE_PE25_1.jpg\" \/>\n\t<meta property=\"og:image:width\" content=\"1000\" \/>\n\t<meta property=\"og:image:height\" content=\"1300\" \/>\n\t<meta property=\"og:image:type\" content=\"image\/jpeg\" \/>\n<meta name=\"twitter:card\" content=\"summary_large_image\" \/>\n<!-- \/ Yoast SEO plugin. -->","yoast_head_json":{"title":"Trench Materica Beige - Acquista online! - Seconda Strada","description":"Trench Materica Beige \u27a4 Acquista online su Secondastrada.com Trench Materica Beige \u2714\ufe0f Spedizione veloce entro 24h in tutta Italia \u2714\ufe0f Sconto sul tuo primo acquisto","robots":{"index":"index","follow":"follow","max-snippet":"max-snippet:-1","max-image-preview":"max-image-preview:large","max-video-preview":"max-video-preview:-1"},"canonical":"https:\/\/www.secondastrada.com\/it\/trench-materica-beige\/","og_locale":"it_IT","og_type":"article","og_title":"Trench Materica Beige - Acquista online! - Seconda Strada","og_description":"Trench Materica Beige \u27a4 Acquista online su Secondastrada.com Trench Materica Beige \u2714\ufe0f Spedizione veloce entro 24h in tutta Italia \u2714\ufe0f Sconto sul tuo primo acquisto","og_url":"https:\/\/www.secondastrada.com\/it\/trench-materica-beige\/","og_site_name":"Seconda Strada","article_modified_time":"2026-01-29T20:58:55+00:00","og_image":[{"width":1000,"height":1300,"url":"https:\/\/www.secondastrada.com\/wp-content\/uploads\/2025\/05\/LGE5GB025287D-OZ_BEIGE_PE25_1.jpg","type":"image\/jpeg"}],"twitter_card":"summary_large_image","schema":{"@context":"https:\/\/schema.org","@graph":[{"@type":"WebPage","@id":"https:\/\/www.secondastrada.com\/it\/trench-materica-beige\/","url":"https:\/\/www.secondastrada.com\/it\/trench-materica-beige\/","name":"Trench Materica Beige - Acquista online! - Seconda Strada","isPartOf":{"@id":"https:\/\/www.secondastrada.com\/it\/#website"},"primaryImageOfPage":{"@id":"https:\/\/www.secondastrada.com\/it\/trench-materica-beige\/#primaryimage"},"image":{"@id":"https:\/\/www.secondastrada.com\/it\/trench-materica-beige\/#primaryimage"},"thumbnailUrl":"https:\/\/www.secondastrada.com\/wp-content\/uploads\/2025\/05\/LGE5GB025287D-OZ_BEIGE_PE25_1.jpg","datePublished":"2025-05-12T08:01:31+00:00","dateModified":"2026-01-29T20:58:55+00:00","description":"Trench Materica Beige \u27a4 Acquista online su Secondastrada.com Trench Materica Beige \u2714\ufe0f Spedizione veloce entro 24h in tutta Italia \u2714\ufe0f Sconto sul tuo primo acquisto","breadcrumb":{"@id":"https:\/\/www.secondastrada.com\/it\/trench-materica-beige\/#breadcrumb"},"inLanguage":"it-IT","potentialAction":[{"@type":"ReadAction","target":["https:\/\/www.secondastrada.com\/it\/trench-materica-beige\/"]}]},{"@type":"ImageObject","inLanguage":"it-IT","@id":"https:\/\/www.secondastrada.com\/it\/trench-materica-beige\/#primaryimage","url":"https:\/\/www.secondastrada.com\/wp-content\/uploads\/2025\/05\/LGE5GB025287D-OZ_BEIGE_PE25_1.jpg","contentUrl":"https:\/\/www.secondastrada.com\/wp-content\/uploads\/2025\/05\/LGE5GB025287D-OZ_BEIGE_PE25_1.jpg","width":1000,"height":1300,"caption":"LGE5GB025287D-OZ_BEIGE_PE25"},{"@type":"BreadcrumbList","@id":"https:\/\/www.secondastrada.com\/it\/trench-materica-beige\/#breadcrumb","itemListElement":[{"@type":"ListItem","position":1,"name":"Home","item":"https:\/\/www.secondastrada.com\/it\/"},{"@type":"ListItem","position":2,"name":"Shop","item":"https:\/\/www.secondastrada.com\/it\/shop\/"},{"@type":"ListItem","position":3,"name":"Donna","item":"https:\/\/www.secondastrada.com\/it\/collezione-donna\/"},{"@type":"ListItem","position":4,"name":"Abbigliamento","item":"https:\/\/www.secondastrada.com\/it\/collezione-donna\/abbigliamento-donna\/"},{"@type":"ListItem","position":5,"name":"Giacche","item":"https:\/\/www.secondastrada.com\/it\/collezione-donna\/abbigliamento-donna\/giacche-da-donna\/"},{"@type":"ListItem","position":6,"name":"Trench Materica Beige"}]},{"@type":"WebSite","@id":"https:\/\/www.secondastrada.com\/it\/#website","url":"https:\/\/www.secondastrada.com\/it\/","name":"Seconda Strada","description":"","publisher":{"@id":"https:\/\/www.secondastrada.com\/it\/#organization"},"potentialAction":[{"@type":"SearchAction","target":{"@type":"EntryPoint","urlTemplate":"https:\/\/www.secondastrada.com\/it\/?s={search_term_string}"},"query-input":"required name=search_term_string"}],"inLanguage":"it-IT"},{"@type":"Organization","@id":"https:\/\/www.secondastrada.com\/it\/#organization","name":"Seconda Strada","url":"https:\/\/www.secondastrada.com\/it\/","logo":{"@type":"ImageObject","inLanguage":"it-IT","@id":"https:\/\/www.secondastrada.com\/it\/#\/schema\/logo\/image\/","url":"https:\/\/www.secondastrada.com\/wp-content\/uploads\/2023\/11\/secondastrada-logo.svg","contentUrl":"https:\/\/www.secondastrada.com\/wp-content\/uploads\/2023\/11\/secondastrada-logo.svg","width":353,"height":47,"caption":"Seconda Strada"},"image":{"@id":"https:\/\/www.secondastrada.com\/it\/#\/schema\/logo\/image\/"}}]}},"df_price":"","df_sale_price":"","df_regular_price":"","df_image_link":"https:\/\/www.secondastrada.com\/wp-content\/uploads\/2025\/05\/LGE5GB025287D-OZ_BEIGE_PE25_1-300x300.jpg","_links":{"self":[{"href":"https:\/\/www.secondastrada.com\/it\/wp-json\/wp\/v2\/product\/273587"}],"collection":[{"href":"https:\/\/www.secondastrada.com\/it\/wp-json\/wp\/v2\/product"}],"about":[{"href":"https:\/\/www.secondastrada.com\/it\/wp-json\/wp\/v2\/types\/product"}],"wp:featuredmedia":[{"embeddable":true,"href":"https:\/\/www.secondastrada.com\/it\/wp-json\/wp\/v2\/media\/273339"}],"wp:attachment":[{"href":"https:\/\/www.secondastrada.com\/it\/wp-json\/wp\/v2\/media?parent=273587"}],"wp:term":[{"taxonomy":"ss_brand","embeddable":true,"href":"https:\/\/www.secondastrada.com\/it\/wp-json\/wp\/v2\/ss_brand?post=273587"},{"taxonomy":"ss_promo","embeddable":true,"href":"https:\/\/www.secondastrada.com\/it\/wp-json\/wp\/v2\/ss_promo?post=273587"},{"taxonomy":"ss_season","embeddable":true,"href":"https:\/\/www.secondastrada.com\/it\/wp-json\/wp\/v2\/ss_season?post=273587"},{"taxonomy":"product_cat","embeddable":true,"href":"https:\/\/www.secondastrada.com\/it\/wp-json\/wp\/v2\/product_cat?post=273587"},{"taxonomy":"product_tag","embeddable":true,"href":"https:\/\/www.secondastrada.com\/it\/wp-json\/wp\/v2\/product_tag?post=273587"}],"curies":[{"name":"wp","href":"https:\/\/api.w.org\/{rel}","templated":true}]}}